{"id":10151,"date":"2026-01-13T11:25:12","date_gmt":"2026-01-13T10:25:12","guid":{"rendered":"https:\/\/www.ebma-europe.com\/unser-schulungsprogrammangebot\/"},"modified":"2026-03-20T15:51:27","modified_gmt":"2026-03-20T14:51:27","slug":"unser-schulungsprogrammangebot","status":"publish","type":"page","link":"https:\/\/www.ebma-europe.com\/de\/unser-schulungsprogrammangebot\/","title":{"rendered":"Unser Schulungsprogrammangebot"},"content":{"rendered":"\n<div class=\"wp-block-group alignfull is-style-default has-global-padding is-layout-constrained wp-block-group-is-layout-constrained\" style=\"padding-top:0;padding-bottom:0\">\n<div class=\"wp-block-cover alignfull is-light is-style-default\" style=\"margin-top:0;margin-bottom:0;padding-top:var(--wp--preset--spacing--xl);padding-bottom:var(--wp--preset--spacing--xl);min-height:50px;aspect-ratio:unset;\"><span aria-hidden=\"true\" class=\"wp-block-cover__background has-neutral-100-background-color has-background-dim-100 has-background-dim\"><\/span><div class=\"wp-block-cover__inner-container has-global-padding is-layout-constrained wp-container-core-cover-is-layout-f26b76e4 wp-block-cover-is-layout-constrained\">\n\t<div class=\"has-text-align-center skp-block-breadcrumb wp-block-skp-breadcrumb has-sm-font-size\" id=\"skp-block-breadcrumb-69e34ebe164df2.47466185\">\n\t\t\n<nav\tclass=\"breadcrumb\"\n\taria-label=\"Breadcrumbs\">\n\t<ol class=\"breadcrumb__list\">\n\t\t\t\t\t<li class=\"breadcrumb__item\">\n\t\t\t\t\t\t\t\t\t<a href=\"https:\/\/www.ebma-europe.com\/de\/accueil\/\" class=\"breadcrumb__link\">\n\t\t\t\t\t\tStartseite\t\t\t\t\t<\/a>\n\t\t\t\t\t\t\t\t\t\t\t\t<\/li>\n\t\t\t<\/ol>\n\n\t<\/nav>\t<\/div>\n\n\n<h1 style=\"text-align: center;\" class=\"has-text-align-center skp-block-primary-title wp-block-skp-primary-title\" id=\"skp-block-primary-title-69e34ebe180155.89451576\">\n\tUnser Schulungsprogrammangebot<\/h1>\n\n\n\n<p class=\"has-text-align-center\">EBMA bietet einen umfassenden Ausbildungsweg, der eine schrittweise Beherrschung der Bio-Immuno(G)enetischen Medizin erm\u00f6glicht.<\/p>\n<\/div><\/div>\n<\/div>\n\n\n\n<div class=\"wp-block-group alignfull has-accent-background-color has-background has-global-padding is-layout-constrained wp-block-group-is-layout-constrained\" style=\"margin-top:var(--wp--preset--spacing--2-xl);margin-bottom:var(--wp--preset--spacing--2-xl);padding-top:var(--wp--preset--spacing--lg);padding-bottom:var(--wp--preset--spacing--lg)\">\n<div class=\"wp-block-columns alignwide is-layout-flex wp-container-core-columns-is-layout-28f84493 wp-block-columns-is-layout-flex\">\n<div class=\"wp-block-column is-layout-flow wp-container-core-column-is-layout-86b72393 wp-block-column-is-layout-flow\">\n<h2 class=\"wp-block-heading\">Warum eine Ausbildung in BI(G)MED absolvieren?<\/h2>\n\n\n\n<p>Die BI(G)MED umfasst heute \u00fcber 170 regulierende Formeln, die regelm\u00e4\u00dfig aktualisiert und kontinuierlich durch neue Entwicklungen erweitert werden.<\/p>\n\n\n\n<p>Zu wissen, welche Formel(n) einem Patienten zu verschreiben ist\/sind, erfordert ein feines Verst\u00e4ndnis ihrer Wirkmechanismen.<\/p>\n\n\n\n<p>Basierend auf den neuesten wissenschaftlichen Erkenntnissen bietet die von EBMA angebotene Ausbildung eine hochrangige Lehre, die es erm\u00f6glicht, dieses Wissen rigoros und relevant in die klinische Praxis zu integrieren.<\/p>\n<\/div>\n\n\n\n<div class=\"wp-block-column is-layout-flow wp-container-core-column-is-layout-86b72393 wp-block-column-is-layout-flow\">\n<h2 class=\"wp-block-heading\">Wer kann sich in BI(G)MED ausbilden lassen?<\/h2>\n\n\n\n<p>Die von EBMA angebotenen Schulungen richten sich haupts\u00e4chlich an <strong>\u00c4rzte (Allgemeinmediziner und\/oder Fach\u00e4rzte), Zahn\u00e4rzte, Apotheker und Tier\u00e4rzte<\/strong>.<\/p>\n\n\n\n<p><\/p>\n<\/div>\n<\/div>\n<\/div>\n\n\n\n<div class=\"wp-block-group alignfull site-main__content has-global-padding is-layout-constrained wp-block-group-is-layout-constrained\" style=\"margin-top:var(--wp--preset--spacing--2-xl);margin-bottom:var(--wp--preset--spacing--2-xl);padding-top:0;padding-bottom:0\">\n<div class=\"wp-block-columns alignwide are-vertically-aligned-center is-layout-flex wp-container-core-columns-is-layout-70048779 wp-block-columns-is-layout-flex\" style=\"margin-top:var(--wp--preset--spacing--2-xl);margin-bottom:var(--wp--preset--spacing--2-xl)\">\n<div class=\"wp-block-column is-vertically-aligned-center is-layout-flow wp-block-column-is-layout-flow\">\n<figure class=\"wp-block-image size-large is-style-rounded\"><img decoding=\"async\" width=\"1024\" height=\"683\" src=\"https:\/\/www.ebma-europe.com\/wp-inside\/uploads\/2026\/01\/visuel-formation-new-1024x683.png\" alt=\"\" class=\"wp-image-9416\" srcset=\"https:\/\/www.ebma-europe.com\/wp-inside\/uploads\/2026\/01\/visuel-formation-new-1024x683.png 1024w, https:\/\/www.ebma-europe.com\/wp-inside\/uploads\/2026\/01\/visuel-formation-new-300x200.png 300w, https:\/\/www.ebma-europe.com\/wp-inside\/uploads\/2026\/01\/visuel-formation-new-768x512.png 768w, https:\/\/www.ebma-europe.com\/wp-inside\/uploads\/2026\/01\/visuel-formation-new-600x400.png 600w, https:\/\/www.ebma-europe.com\/wp-inside\/uploads\/2026\/01\/visuel-formation-new.png 1536w\" sizes=\"(max-width: 1024px) 100vw, 1024px\" \/><\/figure>\n<\/div>\n\n\n\n<div class=\"wp-block-column is-vertically-aligned-center is-layout-flow wp-container-core-column-is-layout-b4b6c8b9 wp-block-column-is-layout-flow\">\n<h2 class=\"wp-block-heading\">Organisation unserer Ausbildungen<\/h2>\n\n\n\n<ul class=\"wp-block-list\">\n<li>Der <strong>Einf\u00fchrungszyklus<\/strong> legt die unverzichtbaren wissenschaftlichen, diagnostischen und praktischen Grundlagen. Eine Anpassung dieser Erstausbildung f\u00fcr Naturheilkundler ist ebenfalls verf\u00fcgbar. <\/li>\n<\/ul>\n\n\n\n<ul class=\"wp-block-list\">\n<li>Der <strong>Vertiefungszyklus<\/strong> erforscht detailliert die zellul\u00e4ren und immunogenetischen Mechanismen, die an gro\u00dfen chronischen Pathologien beteiligt sind.<\/li>\n<\/ul>\n\n\n\n<ul class=\"wp-block-list\">\n<li>Die <strong>Perfektionierungsmodule<\/strong> festigen fortgeschrittenes Fachwissen durch fortgeschrittene Themen und die Analyse komplexer F\u00e4lle.<\/li>\n<\/ul>\n\n\n\n<ul class=\"wp-block-list\">\n<li>Hinzu kommen die <strong>Stammtische<\/strong>, Austauschplattformen f\u00fcr Praktiker, und die spezielle Ausbildung f\u00fcr Naturheilkundler.<\/li>\n<\/ul>\n\n\n\n<ul class=\"wp-block-list\">\n<li>Die <strong>BI(G)MED Talks<\/strong> und die Sitzungen <strong>\u201eWas tun bei\u2026\u201c<\/strong> erg\u00e4nzen dieses Angebot durch kurze thematische Schwerpunkte, die sich auf konkrete klinische Situationen und deren Regulationslogiken durch die BI(G)MED konzentrieren.<\/li>\n<\/ul>\n\n\n\n<ul class=\"wp-block-list\">\n<li>Zusammen bieten diese Ausbildungen ein koh\u00e4rentes Kontinuum, um <strong>BI(G)MED-Therapeut zu werden und die Zellregulation<\/strong> in den Mittelpunkt der eigenen Praxis zu stellen.<\/li>\n<\/ul>\n<\/div>\n<\/div>\n\n\n\n<div class=\"wp-block-group alignfull has-global-padding is-layout-constrained wp-block-group-is-layout-constrained\" style=\"margin-top:var(--wp--preset--spacing--2-xl);margin-bottom:var(--wp--preset--spacing--2-xl)\">\n<figure class=\"wp-block-image alignwide size-large\"><img loading=\"lazy\" decoding=\"async\" width=\"1024\" height=\"578\" src=\"https:\/\/www.ebma-europe.com\/wp-inside\/uploads\/2026\/02\/de-cycle-de-formation1-1024x578.png\" alt=\"\" class=\"wp-image-12263\" srcset=\"https:\/\/www.ebma-europe.com\/wp-inside\/uploads\/2026\/02\/de-cycle-de-formation1-1024x578.png 1024w, https:\/\/www.ebma-europe.com\/wp-inside\/uploads\/2026\/02\/de-cycle-de-formation1-300x169.png 300w, https:\/\/www.ebma-europe.com\/wp-inside\/uploads\/2026\/02\/de-cycle-de-formation1-768x434.png 768w, https:\/\/www.ebma-europe.com\/wp-inside\/uploads\/2026\/02\/de-cycle-de-formation1-1536x867.png 1536w, https:\/\/www.ebma-europe.com\/wp-inside\/uploads\/2026\/02\/de-cycle-de-formation1-2048x1157.png 2048w, https:\/\/www.ebma-europe.com\/wp-inside\/uploads\/2026\/02\/de-cycle-de-formation1-2000x1129.png 2000w, https:\/\/www.ebma-europe.com\/wp-inside\/uploads\/2026\/02\/de-cycle-de-formation1-600x339.png 600w\" sizes=\"auto, (max-width: 1024px) 100vw, 1024px\" \/><\/figure>\n<\/div>\n\n\n\n<div class=\"wp-block-group alignfull has-transparent-background-color has-background has-global-padding is-layout-constrained wp-block-group-is-layout-constrained\" style=\"margin-top:var(--wp--preset--spacing--2-xl);margin-bottom:var(--wp--preset--spacing--2-xl);padding-top:var(--wp--preset--spacing--lg);padding-bottom:var(--wp--preset--spacing--lg)\">\n<div class=\"wp-block-columns alignwide is-layout-flex wp-container-core-columns-is-layout-28f84493 wp-block-columns-is-layout-flex\">\n<div class=\"wp-block-column is-layout-flow wp-container-core-column-is-layout-86b72393 wp-block-column-is-layout-flow\">\n<h2 class=\"wp-block-heading\">Ausbildungsmodalit\u00e4ten<\/h2>\n\n\n\n<p>Die EBMA-Ausbildungen werden <strong>in Pr\u00e4senz oder als Fernunterricht<\/strong> angeboten, um den Bed\u00fcrfnissen und Einschr\u00e4nkungen der Praktiker gerecht zu werden.<\/p>\n\n\n\n<p>Pr\u00e4senzschulungen werden auf Anfrage einer Gruppe von \u00c4rzten oder Therapeuten organisiert, die eine kompakte, interaktive und personalisierte Ausbildung w\u00fcnschen. Sobald eine Gruppe von mindestens 12 Teilnehmern zusammenkommt, k\u00f6nnen wir eine spezielle Session in Ihrer N\u00e4he organisieren, auch au\u00dferhalb des franz\u00f6sischen Mutterlandes. <\/p>\n\n\n\n<p>F\u00fcr Organisationsanfragen oder zur Bildung einer Gruppe laden wir Sie ein, sich direkt mit unserem Verband in Verbindung zu setzen. Wir werden gemeinsam mit Ihnen die am besten geeignete Formel pr\u00fcfen. <\/p>\n<\/div>\n\n\n\n<div class=\"wp-block-column is-layout-flow wp-container-core-column-is-layout-86b72393 wp-block-column-is-layout-flow\">\n<h2 class=\"wp-block-heading\">Gibt es andere Organisationen, die in BI(G)MED ausbilden?<\/h2>\n\n\n\n<p>Der Verband EBMA Europe und seine Partnerverb\u00e4nde in <a href=\"https:\/\/www.ebma-europe.com\/es\/\" target=\"_blank\" rel=\"noreferrer noopener\">Spanien<\/a>, Deutschland und <a href=\"https:\/\/www.ebma-europe.com\/de\/\" target=\"_blank\" rel=\"noreferrer noopener\">\u00d6sterreich<\/a> sind die einzigen, die berechtigt sind, eine Ausbildung in Bio-Immuno(G)enetischer Medizin, wie sie von Dr. Gilbert Galdy vermittelt wird, anzubieten.<\/p>\n\n\n\n<p>Sollten BI(G)MED-Ausbildungen von anderen Organisationen angeboten werden, k\u00f6nnen wir deren Qualit\u00e4t nicht garantieren.<\/p>\n<\/div>\n<\/div>\n<\/div>\n\n\n\n<div class=\"wp-block-woocommerce-memberships-non-member-content\">\n<div class=\"skp-block-woo-paywall-message wp-block-skp-woo-paywall-message\" id=\"skp-block-woo-paywall-message-69e34ebe1fe463.30880206\">\n\t\n<div class=\"wp-block-woocommerce-memberships-non-member-content alignfull paywall-memberships\">\n\n\n<div class=\"wp-block-group has-global-padding is-layout-constrained wp-block-group-is-layout-constrained\">\n\n\n<div class=\"wp-block-group paywall-box has-border-color has-secondary-200-border-color is-vertical is-content-justification-center is-layout-flex wp-container-core-group-is-layout-9b7129a1 wp-block-group-is-layout-flex\" style=\"border-width:10px;margin-top:var(--wp--preset--spacing--sm);margin-bottom:var(--wp--preset--spacing--xl);padding-top:var(--wp--preset--spacing--md);padding-right:var(--wp--preset--spacing--md);padding-bottom:var(--wp--preset--spacing--md);padding-left:var(--wp--preset--spacing--md)\">\n\n\n<div class=\"wp-block-group is-vertical is-content-justification-center is-layout-flex wp-container-core-group-is-layout-4659c924 wp-block-group-is-layout-flex\">\n\n\n<p class=\"has-text-align-center is-style-h3\">Der Zugriff auf den vollst\u00e4ndigen Inhalt ist Abonnenten vorbehalten<\/p>\n\n\n\n<div class=\"wp-block-group is-content-justification-center is-layout-flex wp-container-core-group-is-layout-6c772a61 wp-block-group-is-layout-flex\">\n\n\n<p>Bereits abonniert?<\/p>\n\n\n<div data-block-name=\"woocommerce\/customer-account\" data-display-style=\"text_only\" data-icon-class=\"wc-block-customer-account__account-icon\" class='wp-block-woocommerce-customer-account is-style-btn-link-text' style=''>\n\t\t\t<a  href='https:\/\/www.ebma-europe.com\/de\/mein-konto\/'>\n\t\t\t\t<span class=\"label\">Anmelden<\/span>\n\t\t\t<\/a>\n\t\t<\/div>\n\n<\/div>\n\n\n<\/div>\n\n\n\n<h2 class=\"wp-block-heading has-text-align-center\">Entdecken Sie die Vorteile einer Mitgliedschaft<\/h2>\n\n\n\n<ul class=\"wp-block-list\">\n\n\n<li>Unbegrenzter Zugriff auf alle Artikel<\/li>\n\n\n\n<li>Exklusive Inhalte, die Abonnenten vorbehalten sind<\/li>\n\n\n\n<li>Werbungsfreies Leseerlebnis<\/li>\n\n\n\n<li>Fr\u00fchzeitiger Zugang zu neuen Publikationen<\/li>\n\n\n\n<li>Unterst\u00fctzen Sie hochwertigen Journalismus<\/li>\n\n\n<\/ul>\n\n\n\n<div class=\"wp-block-buttons is-content-justification-center is-layout-flex wp-container-core-buttons-is-layout-0ab60f8a wp-block-buttons-is-layout-flex\">\n\n\n<div class=\"wp-block-button is-style-btn-primary skp-button-size-large\">\n\t<a class=\"wp-block-button__link wp-element-button\" href=\"https:\/\/www.ebma-europe.com\/de\/schulungskatalog\/\">\n\t\tJetzt abonnieren\n\t<\/a>\n<\/div>\n\n\n<\/div>\n\n\n<\/div>\n\n\n<\/div>\n\n\n<\/div>\n<\/div><\/div>\n\n\n<\/div>\n","protected":false},"excerpt":{"rendered":"<p>Warum eine Ausbildung in BI(G)MED absolvieren? Die BI(G)MED umfasst heute \u00fcber 170 regulierende Formeln, die regelm\u00e4\u00dfig aktualisiert und kontinuierlich durch neue Entwicklungen erweitert werden. Zu wissen, welche Formel(n) einem Patienten zu verschreiben ist\/sind, erfordert ein feines Verst\u00e4ndnis ihrer Wirkmechanismen. Basierend auf den neuesten wissenschaftlichen Erkenntnissen bietet die von EBMA angebotene Ausbildung eine hochrangige Lehre, die [&hellip;]<\/p>\n","protected":false},"author":778,"featured_media":0,"parent":0,"menu_order":9,"comment_status":"closed","ping_status":"closed","template":"","meta":{"_acf_changed":false,"footnotes":""},"class_list":["post-10151","page","type-page","status-publish","hentry"],"acf":[],"yoast_head":"<!-- This site is optimized with the Yoast SEO plugin v27.4 - https:\/\/yoast.com\/product\/yoast-seo-wordpress\/ -->\n<title>Formation continue m\u00e9decin g\u00e9n\u00e9raliste, M\u00e9decine holistique | EBMA Europe<\/title>\n<meta name=\"description\" content=\"EBMA bietet einen umfassenden Ausbildungsweg, der eine schrittweise Beherrschung der Bio-Immuno(G)enetischen Medizin erm\u00f6glicht.\" \/>\n<meta name=\"robots\" content=\"index, follow, max-snippet:-1, max-image-preview:large, max-video-preview:-1\" \/>\n<link rel=\"canonical\" href=\"https:\/\/www.ebma-europe.com\/de\/unser-schulungsprogrammangebot\/\" \/>\n<meta property=\"og:locale\" content=\"de_DE\" \/>\n<meta property=\"og:type\" content=\"article\" \/>\n<meta property=\"og:title\" content=\"Formation continue m\u00e9decin g\u00e9n\u00e9raliste, M\u00e9decine holistique | EBMA Europe\" \/>\n<meta property=\"og:description\" content=\"EBMA bietet einen umfassenden Ausbildungsweg, der eine schrittweise Beherrschung der Bio-Immuno(G)enetischen Medizin erm\u00f6glicht.\" \/>\n<meta property=\"og:url\" content=\"https:\/\/www.ebma-europe.com\/de\/unser-schulungsprogrammangebot\/\" \/>\n<meta property=\"og:site_name\" content=\"EBMA Europe\" \/>\n<meta property=\"article:modified_time\" content=\"2026-03-20T14:51:27+00:00\" \/>\n<meta property=\"og:image\" content=\"https:\/\/www.ebma-europe.com\/wp-inside\/uploads\/2026\/01\/visuel-formation-new.png\" \/>\n\t<meta property=\"og:image:width\" content=\"1536\" \/>\n\t<meta property=\"og:image:height\" content=\"1024\" \/>\n\t<meta property=\"og:image:type\" content=\"image\/png\" \/>\n<meta name=\"twitter:card\" content=\"summary_large_image\" \/>\n<meta name=\"twitter:label1\" content=\"Gesch\u00e4tzte Lesezeit\" \/>\n\t<meta name=\"twitter:data1\" content=\"4\u00a0Minuten\" \/>\n<script type=\"application\/ld+json\" class=\"yoast-schema-graph\">{\"@context\":\"https:\\\/\\\/schema.org\",\"@graph\":[{\"@type\":\"WebPage\",\"@id\":\"https:\\\/\\\/www.ebma-europe.com\\\/de\\\/unser-schulungsprogrammangebot\\\/\",\"url\":\"https:\\\/\\\/www.ebma-europe.com\\\/de\\\/unser-schulungsprogrammangebot\\\/\",\"name\":\"Formation continue m\u00e9decin g\u00e9n\u00e9raliste, M\u00e9decine holistique | EBMA Europe\",\"isPartOf\":{\"@id\":\"https:\\\/\\\/www.ebma-europe.com\\\/de\\\/#website\"},\"primaryImageOfPage\":{\"@id\":\"https:\\\/\\\/www.ebma-europe.com\\\/de\\\/unser-schulungsprogrammangebot\\\/#primaryimage\"},\"image\":{\"@id\":\"https:\\\/\\\/www.ebma-europe.com\\\/de\\\/unser-schulungsprogrammangebot\\\/#primaryimage\"},\"thumbnailUrl\":\"https:\\\/\\\/www.ebma-europe.com\\\/wp-inside\\\/uploads\\\/2026\\\/01\\\/visuel-formation-new-1024x683.png\",\"datePublished\":\"2026-01-13T10:25:12+00:00\",\"dateModified\":\"2026-03-20T14:51:27+00:00\",\"description\":\"EBMA bietet einen umfassenden Ausbildungsweg, der eine schrittweise Beherrschung der Bio-Immuno(G)enetischen Medizin erm\u00f6glicht.\",\"breadcrumb\":{\"@id\":\"https:\\\/\\\/www.ebma-europe.com\\\/de\\\/unser-schulungsprogrammangebot\\\/#breadcrumb\"},\"inLanguage\":\"de\",\"potentialAction\":[{\"@type\":\"ReadAction\",\"target\":[\"https:\\\/\\\/www.ebma-europe.com\\\/de\\\/unser-schulungsprogrammangebot\\\/\"]}]},{\"@type\":\"ImageObject\",\"inLanguage\":\"de\",\"@id\":\"https:\\\/\\\/www.ebma-europe.com\\\/de\\\/unser-schulungsprogrammangebot\\\/#primaryimage\",\"url\":\"https:\\\/\\\/www.ebma-europe.com\\\/wp-inside\\\/uploads\\\/2026\\\/01\\\/visuel-formation-new-1024x683.png\",\"contentUrl\":\"https:\\\/\\\/www.ebma-europe.com\\\/wp-inside\\\/uploads\\\/2026\\\/01\\\/visuel-formation-new-1024x683.png\"},{\"@type\":\"BreadcrumbList\",\"@id\":\"https:\\\/\\\/www.ebma-europe.com\\\/de\\\/unser-schulungsprogrammangebot\\\/#breadcrumb\",\"itemListElement\":[{\"@type\":\"ListItem\",\"position\":1,\"name\":\"Startseite\",\"item\":\"https:\\\/\\\/www.ebma-europe.com\\\/de\\\/accueil\\\/\"},{\"@type\":\"ListItem\",\"position\":2,\"name\":\"Unser Schulungsprogrammangebot\"}]},{\"@type\":\"WebSite\",\"@id\":\"https:\\\/\\\/www.ebma-europe.com\\\/de\\\/#website\",\"url\":\"https:\\\/\\\/www.ebma-europe.com\\\/de\\\/\",\"name\":\"EBMA Europe\",\"description\":\"European Bio Immune(G)ene Medicine Association\",\"publisher\":{\"@id\":\"https:\\\/\\\/www.ebma-europe.com\\\/de\\\/#organization\"},\"alternateName\":\"EBMA\",\"potentialAction\":[{\"@type\":\"SearchAction\",\"target\":{\"@type\":\"EntryPoint\",\"urlTemplate\":\"https:\\\/\\\/www.ebma-europe.com\\\/de\\\/?s={search_term_string}\"},\"query-input\":{\"@type\":\"PropertyValueSpecification\",\"valueRequired\":true,\"valueName\":\"search_term_string\"}}],\"inLanguage\":\"de\"},{\"@type\":\"Organization\",\"@id\":\"https:\\\/\\\/www.ebma-europe.com\\\/de\\\/#organization\",\"name\":\"EBMA Europe\",\"alternateName\":\"EBMA\",\"url\":\"https:\\\/\\\/www.ebma-europe.com\\\/de\\\/\",\"logo\":{\"@type\":\"ImageObject\",\"inLanguage\":\"de\",\"@id\":\"https:\\\/\\\/www.ebma-europe.com\\\/de\\\/#\\\/schema\\\/logo\\\/image\\\/\",\"url\":\"https:\\\/\\\/www.ebma-europe.com\\\/wp-inside\\\/uploads\\\/2026\\\/03\\\/enity-logo-ebma.png\",\"contentUrl\":\"https:\\\/\\\/www.ebma-europe.com\\\/wp-inside\\\/uploads\\\/2026\\\/03\\\/enity-logo-ebma.png\",\"width\":696,\"height\":696,\"caption\":\"EBMA Europe\"},\"image\":{\"@id\":\"https:\\\/\\\/www.ebma-europe.com\\\/de\\\/#\\\/schema\\\/logo\\\/image\\\/\"},\"sameAs\":[\"https:\\\/\\\/fr.linkedin.com\\\/company\\\/ebma-europe\"]}]}<\/script>\n<!-- \/ Yoast SEO plugin. -->","yoast_head_json":{"title":"Formation continue m\u00e9decin g\u00e9n\u00e9raliste, M\u00e9decine holistique | EBMA Europe","description":"EBMA bietet einen umfassenden Ausbildungsweg, der eine schrittweise Beherrschung der Bio-Immuno(G)enetischen Medizin erm\u00f6glicht.","robots":{"index":"index","follow":"follow","max-snippet":"max-snippet:-1","max-image-preview":"max-image-preview:large","max-video-preview":"max-video-preview:-1"},"canonical":"https:\/\/www.ebma-europe.com\/de\/unser-schulungsprogrammangebot\/","og_locale":"de_DE","og_type":"article","og_title":"Formation continue m\u00e9decin g\u00e9n\u00e9raliste, M\u00e9decine holistique | EBMA Europe","og_description":"EBMA bietet einen umfassenden Ausbildungsweg, der eine schrittweise Beherrschung der Bio-Immuno(G)enetischen Medizin erm\u00f6glicht.","og_url":"https:\/\/www.ebma-europe.com\/de\/unser-schulungsprogrammangebot\/","og_site_name":"EBMA Europe","article_modified_time":"2026-03-20T14:51:27+00:00","og_image":[{"width":1536,"height":1024,"url":"https:\/\/www.ebma-europe.com\/wp-inside\/uploads\/2026\/01\/visuel-formation-new.png","type":"image\/png"}],"twitter_card":"summary_large_image","twitter_misc":{"Gesch\u00e4tzte Lesezeit":"4\u00a0Minuten"},"schema":{"@context":"https:\/\/schema.org","@graph":[{"@type":"WebPage","@id":"https:\/\/www.ebma-europe.com\/de\/unser-schulungsprogrammangebot\/","url":"https:\/\/www.ebma-europe.com\/de\/unser-schulungsprogrammangebot\/","name":"Formation continue m\u00e9decin g\u00e9n\u00e9raliste, M\u00e9decine holistique | EBMA Europe","isPartOf":{"@id":"https:\/\/www.ebma-europe.com\/de\/#website"},"primaryImageOfPage":{"@id":"https:\/\/www.ebma-europe.com\/de\/unser-schulungsprogrammangebot\/#primaryimage"},"image":{"@id":"https:\/\/www.ebma-europe.com\/de\/unser-schulungsprogrammangebot\/#primaryimage"},"thumbnailUrl":"https:\/\/www.ebma-europe.com\/wp-inside\/uploads\/2026\/01\/visuel-formation-new-1024x683.png","datePublished":"2026-01-13T10:25:12+00:00","dateModified":"2026-03-20T14:51:27+00:00","description":"EBMA bietet einen umfassenden Ausbildungsweg, der eine schrittweise Beherrschung der Bio-Immuno(G)enetischen Medizin erm\u00f6glicht.","breadcrumb":{"@id":"https:\/\/www.ebma-europe.com\/de\/unser-schulungsprogrammangebot\/#breadcrumb"},"inLanguage":"de","potentialAction":[{"@type":"ReadAction","target":["https:\/\/www.ebma-europe.com\/de\/unser-schulungsprogrammangebot\/"]}]},{"@type":"ImageObject","inLanguage":"de","@id":"https:\/\/www.ebma-europe.com\/de\/unser-schulungsprogrammangebot\/#primaryimage","url":"https:\/\/www.ebma-europe.com\/wp-inside\/uploads\/2026\/01\/visuel-formation-new-1024x683.png","contentUrl":"https:\/\/www.ebma-europe.com\/wp-inside\/uploads\/2026\/01\/visuel-formation-new-1024x683.png"},{"@type":"BreadcrumbList","@id":"https:\/\/www.ebma-europe.com\/de\/unser-schulungsprogrammangebot\/#breadcrumb","itemListElement":[{"@type":"ListItem","position":1,"name":"Startseite","item":"https:\/\/www.ebma-europe.com\/de\/accueil\/"},{"@type":"ListItem","position":2,"name":"Unser Schulungsprogrammangebot"}]},{"@type":"WebSite","@id":"https:\/\/www.ebma-europe.com\/de\/#website","url":"https:\/\/www.ebma-europe.com\/de\/","name":"EBMA Europe","description":"European Bio Immune(G)ene Medicine Association","publisher":{"@id":"https:\/\/www.ebma-europe.com\/de\/#organization"},"alternateName":"EBMA","potentialAction":[{"@type":"SearchAction","target":{"@type":"EntryPoint","urlTemplate":"https:\/\/www.ebma-europe.com\/de\/?s={search_term_string}"},"query-input":{"@type":"PropertyValueSpecification","valueRequired":true,"valueName":"search_term_string"}}],"inLanguage":"de"},{"@type":"Organization","@id":"https:\/\/www.ebma-europe.com\/de\/#organization","name":"EBMA Europe","alternateName":"EBMA","url":"https:\/\/www.ebma-europe.com\/de\/","logo":{"@type":"ImageObject","inLanguage":"de","@id":"https:\/\/www.ebma-europe.com\/de\/#\/schema\/logo\/image\/","url":"https:\/\/www.ebma-europe.com\/wp-inside\/uploads\/2026\/03\/enity-logo-ebma.png","contentUrl":"https:\/\/www.ebma-europe.com\/wp-inside\/uploads\/2026\/03\/enity-logo-ebma.png","width":696,"height":696,"caption":"EBMA Europe"},"image":{"@id":"https:\/\/www.ebma-europe.com\/de\/#\/schema\/logo\/image\/"},"sameAs":["https:\/\/fr.linkedin.com\/company\/ebma-europe"]}]}},"_links":{"self":[{"href":"https:\/\/www.ebma-europe.com\/de\/wp-json\/wp\/v2\/pages\/10151","targetHints":{"allow":["GET"]}}],"collection":[{"href":"https:\/\/www.ebma-europe.com\/de\/wp-json\/wp\/v2\/pages"}],"about":[{"href":"https:\/\/www.ebma-europe.com\/de\/wp-json\/wp\/v2\/types\/page"}],"author":[{"embeddable":true,"href":"https:\/\/www.ebma-europe.com\/de\/wp-json\/wp\/v2\/users\/778"}],"replies":[{"embeddable":true,"href":"https:\/\/www.ebma-europe.com\/de\/wp-json\/wp\/v2\/comments?post=10151"}],"version-history":[{"count":6,"href":"https:\/\/www.ebma-europe.com\/de\/wp-json\/wp\/v2\/pages\/10151\/revisions"}],"predecessor-version":[{"id":13637,"href":"https:\/\/www.ebma-europe.com\/de\/wp-json\/wp\/v2\/pages\/10151\/revisions\/13637"}],"wp:attachment":[{"href":"https:\/\/www.ebma-europe.com\/de\/wp-json\/wp\/v2\/media?parent=10151"}],"curies":[{"name":"wp","href":"https:\/\/api.w.org\/{rel}","templated":true}]}}