{"id":1581,"date":"2025-05-27T09:26:54","date_gmt":"2025-05-27T07:26:54","guid":{"rendered":"https:\/\/www.ebma-europe.com\/mentions-legales\/"},"modified":"2026-02-24T14:06:40","modified_gmt":"2026-02-24T13:06:40","slug":"rechtliche-hinweise","status":"publish","type":"page","link":"https:\/\/www.ebma-europe.com\/de\/rechtliche-hinweise\/","title":{"rendered":"Rechtliche Hinweise"},"content":{"rendered":"\n<div class=\"wp-block-group alignfull is-style-default has-global-padding is-layout-constrained wp-block-group-is-layout-constrained\" style=\"padding-top:0;padding-bottom:0\">\n<div class=\"wp-block-cover alignfull is-light is-style-default\" style=\"margin-top:0;margin-bottom:0;padding-top:var(--wp--preset--spacing--xl);padding-bottom:var(--wp--preset--spacing--xl);min-height:50px;aspect-ratio:unset;\"><span aria-hidden=\"true\" class=\"wp-block-cover__background has-neutral-100-background-color has-background-dim-100 has-background-dim\"><\/span><div class=\"wp-block-cover__inner-container has-global-padding is-layout-constrained wp-container-core-cover-is-layout-f26b76e4 wp-block-cover-is-layout-constrained\">\n\t<div class=\"has-text-align-center skp-block-breadcrumb wp-block-skp-breadcrumb has-sm-font-size\" id=\"skp-block-breadcrumb-69f1e67a92e473.85311586\">\n\t\t\n<nav\tclass=\"breadcrumb\"\n\taria-label=\"Breadcrumbs\">\n\t<ol class=\"breadcrumb__list\">\n\t\t\t\t\t<li class=\"breadcrumb__item\">\n\t\t\t\t\t\t\t\t\t<a href=\"https:\/\/www.ebma-europe.com\/de\/accueil\/\" class=\"breadcrumb__link\">\n\t\t\t\t\t\tStartseite\t\t\t\t\t<\/a>\n\t\t\t\t\t\t\t\t\t\t\t\t<\/li>\n\t\t\t<\/ol>\n\n\t<\/nav>\t<\/div>\n\n\n<h1 style=\"text-align: center;\" class=\"has-text-align-center skp-block-primary-title wp-block-skp-primary-title\" id=\"skp-block-primary-title-69f1e67a94a117.06814114\">\n\tRechtliche Hinweise<\/h1>\n\n\n\n<p class=\"has-text-align-center\">G\u00fcltig am 18.11.2021<\/p>\n<\/div><\/div>\n<\/div>\n\n\n\n<div class=\"wp-block-group is-layout-flow wp-container-core-group-is-layout-b5f8871a wp-block-group-is-layout-flow\">\n<p>Gem\u00e4\u00df den Bestimmungen der Artikel 6-III und 19 des Gesetzes Nr. 2004-575 vom 21. Juni 2004 \u00fcber das Vertrauen in die digitale Wirtschaft (L.C.E.N.) werden den Nutzern und Besuchern der Website http:\/\/www.ebma-europe.com\/ , im Folgenden \u201c<strong>Nutzer<\/strong>\u201d genannt, die vorliegenden rechtlichen Hinweise zur Kenntnis gebracht.<\/p>\n\n\n\n<p>Die Verbindung und Navigation auf der Website durch den Nutzer bedeutet, dass er die vorliegenden rechtlichen Hinweise vollst\u00e4ndig und vorbehaltlos akzeptiert.<\/p>\n\n\n\n<p>Diese sind auf der Website unter der Rubrik \u201c<strong>Rechtliche Hinweise<\/strong>\u201d zug\u00e4nglich.<\/p>\n\n\n\n<h2 class=\"wp-block-heading\">ARTIKEL 1 \u2013 DER HERAUSGEBER<\/h2>\n\n\n\n<p>Die Herausgabe der Website erfolgt durch EBMA, eine Vereinigung nach lokalem Recht, die im Handels- und Gesellschaftsregister von COLMAR unter der Nummer 752078139 eingetragen ist und ihren Sitz in 29 Rue Charles Sandherr 68000 COLMAR hat,<\/p>\n\n\n\n<p>Telefonnummer 0635562148,<\/p>\n\n\n\n<p>E-Mail-Adresse: info@ebma-europe.com.<\/p>\n\n\n\n<p>Umsatzsteuer-Identifikationsnummer: FR73 752 078 139.<\/p>\n\n\n\n<p>Der Leiter der Ver\u00f6ffentlichung ist Dr. Gilbert GLADY.<\/p>\n\n\n\n<p>im Folgenden der \u201c<strong>Herausgeber<\/strong>\u201d.<\/p>\n\n\n\n<h2 class=\"wp-block-heading\">ARTIKEL 2 \u2013 DER HOSTINGANBIETER<\/h2>\n\n\n\n<p>Der Host der Website ist die Firma OVH mit Sitz in 2 rue Kellermann \u2013 59100 Roubaix, www.ovh.com.<\/p>\n\n\n\n<h2 class=\"wp-block-heading\">ARTIKEL 3 \u2013 ZUGANG ZUR WEBSITE<\/h2>\n\n\n\n<p>Die Website ist an jedem Ort, 7 Tage die Woche, 24 Stunden am Tag zug\u00e4nglich, au\u00dfer im Falle h\u00f6herer Gewalt, einer geplanten oder ungeplanten Unterbrechung, die sich aus der Notwendigkeit von Wartungsarbeiten ergeben kann.<\/p>\n\n\n\n<p>Im Falle von \u00c4nderungen, Unterbrechungen oder Aussetzungen der Website kann der Herausgeber nicht haftbar gemacht werden.<\/p>\n\n\n\n<h2 class=\"wp-block-heading\">ARTIKEL 4 \u2013 DATENERHEBUNG<\/h2>\n\n\n\n<p>Die Website sichert dem Nutzer eine Sammlung und Verarbeitung pers\u00f6nlicher Informationen unter Wahrung des Privatlebens gem\u00e4\u00df dem Gesetz Nr. 78-17 vom 6. Januar 1978 \u00fcber Informatik, Dateien und Freiheiten zu.<\/p>\n\n\n\n<p>Gem\u00e4\u00df dem Gesetz \u00fcber Informatik und Freiheiten vom 6. Januar 1978 hat der Nutzer das Recht, auf seine pers\u00f6nlichen Daten zuzugreifen, sie zu berichtigen, zu l\u00f6schen und ihnen zu widersprechen. Der Nutzer \u00fcbt dieses Recht aus:<\/p>\n\n\n\n<ul class=\"wp-block-list\">\n<li>per E-Mail an die E-Mail-Adresse info@ebma-europe.com<\/li>\n\n\n\n<li>per Post an EBMA \u2013 29 Rue Charles Sandherr 68000 COLMAR ;<\/li>\n\n\n\n<li>\u00fcber seinen pers\u00f6nlichen Bereich ;<\/li>\n<\/ul>\n\n\n\n<p>Toute utilisation, reproduction, diffusion, commercialisation, modification de toute ou partie du Site, sans autorisation de l\u2019Editeur est prohib\u00e9e et pourra entra\u00een\u00e9e des actions et poursuites judiciaires telles que notamment pr\u00e9vues par le Code de la propri\u00e9t\u00e9 intellectuelle et le Code civil.<\/p>\n\n\n\n<p>Jede Nutzung, Vervielf\u00e4ltigung, Verbreitung, Vermarktung, \u00c4nderung der gesamten oder eines Teils der Website ohne Genehmigung des Herausgebers ist verboten und kann zu gerichtlichen Ma\u00dfnahmen und Verfolgungen f\u00fchren, wie sie insbesondere im Gesetzbuch \u00fcber geistiges Eigentum und im Zivilgesetzbuch vorgesehen sind.<\/p>\n\n\n\n<p>Weitere Informationen finden Sie in den <a href=\"https:\/\/www.ebma-europe.com\/de\/allgemeine-geschaeftsbedingungen\/\">Allgemeinen Gesch\u00e4ftsbedingungen<\/a> und den <a href=\"https:\/\/www.ebma-europe.com\/de\/allgemeine-nutzungsbedingungen\/\">Allgemeine Nutzungsbedingungen<\/a>.<\/p>\n\n\n\n<p>Weitere Informationen zum Schutz personenbezogener Daten finden Sie in der <a href=\"https:\/\/www.ebma-europe.com\/de\/datenschutzbestimmungen\/\">Datenschutzbestimmungen<\/a>.<\/p>\n<\/div>\n\n\n\n<div style=\"height:48px\" aria-hidden=\"true\" class=\"wp-block-spacer\"><\/div>\n","protected":false},"excerpt":{"rendered":"<p>Gem\u00e4\u00df den Bestimmungen der Artikel 6-III und 19 des Gesetzes Nr. 2004-575 vom 21. Juni 2004 \u00fcber das Vertrauen in die digitale Wirtschaft (L.C.E.N.) werden den Nutzern und Besuchern der Website http:\/\/www.ebma-europe.com\/ , im Folgenden \u201cNutzer\u201d genannt, die vorliegenden rechtlichen Hinweise zur Kenntnis gebracht. Die Verbindung und Navigation auf der Website durch den Nutzer bedeutet, [&hellip;]<\/p>\n","protected":false},"author":778,"featured_media":0,"parent":0,"menu_order":515,"comment_status":"closed","ping_status":"closed","template":"","meta":{"_acf_changed":false,"footnotes":""},"class_list":["post-1581","page","type-page","status-publish","hentry"],"acf":[],"yoast_head":"<!-- This site is optimized with the Yoast SEO plugin v27.5 - https:\/\/yoast.com\/product\/yoast-seo-wordpress\/ -->\n<title>Rechtliche Hinweise | EBMA Europe<\/title>\n<meta name=\"robots\" content=\"index, follow, max-snippet:-1, max-image-preview:large, max-video-preview:-1\" \/>\n<link rel=\"canonical\" href=\"https:\/\/www.ebma-europe.com\/de\/rechtliche-hinweise\/\" \/>\n<meta property=\"og:locale\" content=\"de_DE\" \/>\n<meta property=\"og:type\" content=\"article\" \/>\n<meta property=\"og:title\" content=\"Rechtliche Hinweise\" \/>\n<meta property=\"og:description\" content=\"Gem\u00e4\u00df den Bestimmungen der Artikel 6-III und 19 des Gesetzes Nr. 2004-575 vom 21. Juni 2004 \u00fcber das Vertrauen in die digitale Wirtschaft (L.C.E.N.) werden den Nutzern und Besuchern der Website http:\/\/www.ebma-europe.com\/ , im Folgenden \u201cNutzer\u201d genannt, die vorliegenden rechtlichen Hinweise zur Kenntnis gebracht. Die Verbindung und Navigation auf der Website durch den Nutzer bedeutet, [&hellip;]\" \/>\n<meta property=\"og:url\" content=\"https:\/\/www.ebma-europe.com\/de\/rechtliche-hinweise\/\" \/>\n<meta property=\"og:site_name\" content=\"EBMA Europe\" \/>\n<meta property=\"article:modified_time\" content=\"2026-02-24T13:06:40+00:00\" \/>\n<meta property=\"og:image\" content=\"https:\/\/www.ebma-europe.com\/wp-inside\/uploads\/2026\/03\/og-ebma.jpg\" \/>\n\t<meta property=\"og:image:width\" content=\"1200\" \/>\n\t<meta property=\"og:image:height\" content=\"675\" \/>\n\t<meta property=\"og:image:type\" content=\"image\/jpeg\" \/>\n<meta name=\"twitter:card\" content=\"summary_large_image\" \/>\n<meta name=\"twitter:label1\" content=\"Gesch\u00e4tzte Lesezeit\" \/>\n\t<meta name=\"twitter:data1\" content=\"3\u00a0Minuten\" \/>\n<script type=\"application\/ld+json\" class=\"yoast-schema-graph\">{\"@context\":\"https:\\\/\\\/schema.org\",\"@graph\":[{\"@type\":\"WebPage\",\"@id\":\"https:\\\/\\\/www.ebma-europe.com\\\/de\\\/rechtliche-hinweise\\\/\",\"url\":\"https:\\\/\\\/www.ebma-europe.com\\\/de\\\/rechtliche-hinweise\\\/\",\"name\":\"Rechtliche Hinweise\",\"isPartOf\":{\"@id\":\"https:\\\/\\\/www.ebma-europe.com\\\/de\\\/#website\"},\"datePublished\":\"2025-05-27T07:26:54+00:00\",\"dateModified\":\"2026-02-24T13:06:40+00:00\",\"breadcrumb\":{\"@id\":\"https:\\\/\\\/www.ebma-europe.com\\\/de\\\/rechtliche-hinweise\\\/#breadcrumb\"},\"inLanguage\":\"de\",\"potentialAction\":[{\"@type\":\"ReadAction\",\"target\":[\"https:\\\/\\\/www.ebma-europe.com\\\/de\\\/rechtliche-hinweise\\\/\"]}]},{\"@type\":\"BreadcrumbList\",\"@id\":\"https:\\\/\\\/www.ebma-europe.com\\\/de\\\/rechtliche-hinweise\\\/#breadcrumb\",\"itemListElement\":[{\"@type\":\"ListItem\",\"position\":1,\"name\":\"Startseite\",\"item\":\"https:\\\/\\\/www.ebma-europe.com\\\/de\\\/accueil\\\/\"},{\"@type\":\"ListItem\",\"position\":2,\"name\":\"Rechtliche Hinweise\"}]},{\"@type\":\"WebSite\",\"@id\":\"https:\\\/\\\/www.ebma-europe.com\\\/de\\\/#website\",\"url\":\"https:\\\/\\\/www.ebma-europe.com\\\/de\\\/\",\"name\":\"EBMA Europe\",\"description\":\"European Bio Immune(G)ene Medicine Association\",\"publisher\":{\"@id\":\"https:\\\/\\\/www.ebma-europe.com\\\/de\\\/#organization\"},\"alternateName\":\"EBMA\",\"potentialAction\":[{\"@type\":\"SearchAction\",\"target\":{\"@type\":\"EntryPoint\",\"urlTemplate\":\"https:\\\/\\\/www.ebma-europe.com\\\/de\\\/?s={search_term_string}\"},\"query-input\":{\"@type\":\"PropertyValueSpecification\",\"valueRequired\":true,\"valueName\":\"search_term_string\"}}],\"inLanguage\":\"de\"},{\"@type\":\"Organization\",\"@id\":\"https:\\\/\\\/www.ebma-europe.com\\\/de\\\/#organization\",\"name\":\"EBMA Europe\",\"alternateName\":\"EBMA\",\"url\":\"https:\\\/\\\/www.ebma-europe.com\\\/de\\\/\",\"logo\":{\"@type\":\"ImageObject\",\"inLanguage\":\"de\",\"@id\":\"https:\\\/\\\/www.ebma-europe.com\\\/de\\\/#\\\/schema\\\/logo\\\/image\\\/\",\"url\":\"https:\\\/\\\/www.ebma-europe.com\\\/wp-inside\\\/uploads\\\/2026\\\/03\\\/enity-logo-ebma.png\",\"contentUrl\":\"https:\\\/\\\/www.ebma-europe.com\\\/wp-inside\\\/uploads\\\/2026\\\/03\\\/enity-logo-ebma.png\",\"width\":696,\"height\":696,\"caption\":\"EBMA Europe\"},\"image\":{\"@id\":\"https:\\\/\\\/www.ebma-europe.com\\\/de\\\/#\\\/schema\\\/logo\\\/image\\\/\"},\"sameAs\":[\"https:\\\/\\\/fr.linkedin.com\\\/company\\\/ebma-europe\"]}]}<\/script>\n<!-- \/ Yoast SEO plugin. -->","yoast_head_json":{"title":"Rechtliche Hinweise | EBMA Europe","robots":{"index":"index","follow":"follow","max-snippet":"max-snippet:-1","max-image-preview":"max-image-preview:large","max-video-preview":"max-video-preview:-1"},"canonical":"https:\/\/www.ebma-europe.com\/de\/rechtliche-hinweise\/","og_locale":"de_DE","og_type":"article","og_title":"Rechtliche Hinweise","og_description":"Gem\u00e4\u00df den Bestimmungen der Artikel 6-III und 19 des Gesetzes Nr. 2004-575 vom 21. Juni 2004 \u00fcber das Vertrauen in die digitale Wirtschaft (L.C.E.N.) werden den Nutzern und Besuchern der Website http:\/\/www.ebma-europe.com\/ , im Folgenden \u201cNutzer\u201d genannt, die vorliegenden rechtlichen Hinweise zur Kenntnis gebracht. Die Verbindung und Navigation auf der Website durch den Nutzer bedeutet, [&hellip;]","og_url":"https:\/\/www.ebma-europe.com\/de\/rechtliche-hinweise\/","og_site_name":"EBMA Europe","article_modified_time":"2026-02-24T13:06:40+00:00","og_image":[{"width":1200,"height":675,"url":"https:\/\/www.ebma-europe.com\/wp-inside\/uploads\/2026\/03\/og-ebma.jpg","type":"image\/jpeg"}],"twitter_card":"summary_large_image","twitter_misc":{"Gesch\u00e4tzte Lesezeit":"3\u00a0Minuten"},"schema":{"@context":"https:\/\/schema.org","@graph":[{"@type":"WebPage","@id":"https:\/\/www.ebma-europe.com\/de\/rechtliche-hinweise\/","url":"https:\/\/www.ebma-europe.com\/de\/rechtliche-hinweise\/","name":"Rechtliche Hinweise","isPartOf":{"@id":"https:\/\/www.ebma-europe.com\/de\/#website"},"datePublished":"2025-05-27T07:26:54+00:00","dateModified":"2026-02-24T13:06:40+00:00","breadcrumb":{"@id":"https:\/\/www.ebma-europe.com\/de\/rechtliche-hinweise\/#breadcrumb"},"inLanguage":"de","potentialAction":[{"@type":"ReadAction","target":["https:\/\/www.ebma-europe.com\/de\/rechtliche-hinweise\/"]}]},{"@type":"BreadcrumbList","@id":"https:\/\/www.ebma-europe.com\/de\/rechtliche-hinweise\/#breadcrumb","itemListElement":[{"@type":"ListItem","position":1,"name":"Startseite","item":"https:\/\/www.ebma-europe.com\/de\/accueil\/"},{"@type":"ListItem","position":2,"name":"Rechtliche Hinweise"}]},{"@type":"WebSite","@id":"https:\/\/www.ebma-europe.com\/de\/#website","url":"https:\/\/www.ebma-europe.com\/de\/","name":"EBMA Europe","description":"European Bio Immune(G)ene Medicine Association","publisher":{"@id":"https:\/\/www.ebma-europe.com\/de\/#organization"},"alternateName":"EBMA","potentialAction":[{"@type":"SearchAction","target":{"@type":"EntryPoint","urlTemplate":"https:\/\/www.ebma-europe.com\/de\/?s={search_term_string}"},"query-input":{"@type":"PropertyValueSpecification","valueRequired":true,"valueName":"search_term_string"}}],"inLanguage":"de"},{"@type":"Organization","@id":"https:\/\/www.ebma-europe.com\/de\/#organization","name":"EBMA Europe","alternateName":"EBMA","url":"https:\/\/www.ebma-europe.com\/de\/","logo":{"@type":"ImageObject","inLanguage":"de","@id":"https:\/\/www.ebma-europe.com\/de\/#\/schema\/logo\/image\/","url":"https:\/\/www.ebma-europe.com\/wp-inside\/uploads\/2026\/03\/enity-logo-ebma.png","contentUrl":"https:\/\/www.ebma-europe.com\/wp-inside\/uploads\/2026\/03\/enity-logo-ebma.png","width":696,"height":696,"caption":"EBMA Europe"},"image":{"@id":"https:\/\/www.ebma-europe.com\/de\/#\/schema\/logo\/image\/"},"sameAs":["https:\/\/fr.linkedin.com\/company\/ebma-europe"]}]}},"_links":{"self":[{"href":"https:\/\/www.ebma-europe.com\/de\/wp-json\/wp\/v2\/pages\/1581","targetHints":{"allow":["GET"]}}],"collection":[{"href":"https:\/\/www.ebma-europe.com\/de\/wp-json\/wp\/v2\/pages"}],"about":[{"href":"https:\/\/www.ebma-europe.com\/de\/wp-json\/wp\/v2\/types\/page"}],"author":[{"embeddable":true,"href":"https:\/\/www.ebma-europe.com\/de\/wp-json\/wp\/v2\/users\/778"}],"replies":[{"embeddable":true,"href":"https:\/\/www.ebma-europe.com\/de\/wp-json\/wp\/v2\/comments?post=1581"}],"version-history":[{"count":2,"href":"https:\/\/www.ebma-europe.com\/de\/wp-json\/wp\/v2\/pages\/1581\/revisions"}],"predecessor-version":[{"id":1639,"href":"https:\/\/www.ebma-europe.com\/de\/wp-json\/wp\/v2\/pages\/1581\/revisions\/1639"}],"wp:attachment":[{"href":"https:\/\/www.ebma-europe.com\/de\/wp-json\/wp\/v2\/media?parent=1581"}],"curies":[{"name":"wp","href":"https:\/\/api.w.org\/{rel}","templated":true}]}}