{"id":1593,"date":"2025-09-17T12:07:59","date_gmt":"2025-09-17T10:07:59","guid":{"rendered":"https:\/\/www.ebma-europe.com\/cgu\/"},"modified":"2026-01-12T10:08:28","modified_gmt":"2026-01-12T09:08:28","slug":"allgemeine-nutzungsbedingungen","status":"publish","type":"page","link":"https:\/\/www.ebma-europe.com\/de\/allgemeine-nutzungsbedingungen\/","title":{"rendered":"Allgemeine Nutzungsbedingungen"},"content":{"rendered":"\n<div class=\"wp-block-group alignfull is-style-default has-global-padding is-layout-constrained wp-block-group-is-layout-constrained\" style=\"padding-top:0;padding-bottom:0\">\n<div class=\"wp-block-cover alignfull is-light is-style-default\" style=\"margin-top:0;margin-bottom:0;padding-top:var(--wp--preset--spacing--xl);padding-bottom:var(--wp--preset--spacing--xl);min-height:50px;aspect-ratio:unset;\"><span aria-hidden=\"true\" class=\"wp-block-cover__background has-neutral-100-background-color has-background-dim-100 has-background-dim\"><\/span><div class=\"wp-block-cover__inner-container has-global-padding is-layout-constrained wp-container-core-cover-is-layout-f26b76e4 wp-block-cover-is-layout-constrained\">\n\t<div class=\"has-text-align-center skp-block-breadcrumb wp-block-skp-breadcrumb has-sm-font-size\" id=\"skp-block-breadcrumb-6a05f0aa2a81e7.03159771\">\n\t\t\n<nav\tclass=\"breadcrumb\"\n\taria-label=\"Breadcrumbs\">\n\t<ol class=\"breadcrumb__list\">\n\t\t\t\t\t<li class=\"breadcrumb__item\">\n\t\t\t\t\t\t\t\t\t<a href=\"https:\/\/www.ebma-europe.com\/de\/accueil\/\" class=\"breadcrumb__link\">\n\t\t\t\t\t\tStartseite\t\t\t\t\t<\/a>\n\t\t\t\t\t\t\t\t\t\t\t\t<\/li>\n\t\t\t<\/ol>\n\n\t<\/nav>\t<\/div>\n\n\n<h1 style=\"text-align: center;\" class=\"has-text-align-center skp-block-primary-title wp-block-skp-primary-title\" id=\"skp-block-primary-title-6a05f0aa2dc253.46117507\">\n\tAllgemeine Nutzungsbedingungen<\/h1>\n\n\n\n<p class=\"has-text-align-center\">Letzte Aktualisierung: 18. November 2021<\/p>\n<\/div><\/div>\n<\/div>\n\n\n\n<div class=\"wp-block-group is-layout-flow wp-container-core-group-is-layout-b5f8871a wp-block-group-is-layout-flow\">\n<h2 class=\"wp-block-heading\">Begriffsbestimmungen<\/h2>\n\n\n\n<p>Die nachstehenden Begriffe haben die in diesem Artikel festgelegte Bedeutung, wenn sie in den vorliegenden ANB kursiv gedruckt sind.<\/p>\n\n\n\n<p>\u201e<strong>Website<\/strong>\u201c bezeichnet die Internetseite, die \u00fcber die Adresse http:\/\/www.ebma-europe.com\/ zug\u00e4nglich ist.<\/p>\n\n\n\n<p>\u201e<strong>Vereinigung<\/strong>\u201c bezeichnet die EBMA (European Bio Immune(G)ene Medicine Association), eine Vereinigung nach lokalem Recht mit Sitz in 29, rue Charles Sandherr, 68000 Colmar.<\/p>\n\n\n\n<p>\u201e<strong>ANB<\/strong>\u201c bezeichnet die vorliegenden Allgemeinen Nutzungsbedingungen.<\/p>\n\n\n\n<p>\u201e<strong>Nutzer<\/strong>\u201c bezeichnet jede Person, die die Website nutzt.<\/p>\n\n\n\n<p>\u201e<strong>Partner<\/strong>\u201c bezeichnet Drittunternehmen, deren Dienste auf der Website pr\u00e4sentiert werden k\u00f6nnen.<\/p>\n\n\n\n<h2 class=\"wp-block-heading\">Beschreibung<\/h2>\n\n\n\n<p>Die ANB werden von der Vereinigung erstellt.<\/p>\n\n\n\n<p>Die ANB sollen die Modalit\u00e4ten f\u00fcr den Zugang zu der Website und deren Nutzung regeln.<\/p>\n\n\n\n<p>Der Verantwortliche f\u00fcr die Ver\u00f6ffentlichung der Website ist Dr. Gilbert GLADY.<\/p>\n\n\n\n<p>Das Hosting der Website erfolgt durch OVH \u2013 2 rue Kellermann \u2013 F-59100 Roubaix, www.ovh.com.<\/p>\n\n\n\n<p>Jeder Nutzer der Website muss die ANB zur Kenntnis nehmen und diesen zustimmen, insofern als diese f\u00fcr jedwede Nutzung der Website Anwendung finden. In jedem Fall wird jegliche Nutzung der Website durch die vorliegenden ANB geregelt.<\/p>\n\n\n\n<p>Die vorliegenden ANB k\u00f6nnen von der Vereinigung jederzeit nach freiem Ermessen ge\u00e4ndert werden.<\/p>\n\n\n\n<p>Den Nutzern wird empfohlen, die Internetseite http:\/\/www.ebma-europe.com\/ regelm\u00e4\u00dfig aufzurufen, um Kenntnis von eventuellen \u00c4nderungen zu erhalten.<\/p>\n\n\n\n<h2 class=\"wp-block-heading\">Gegenstand der ANB<\/h2>\n\n\n\n<p>Durch diese ANB sollen die Bedingungen und Modalit\u00e4ten festgelegt werden, unter denen der Zugang zu der Website und deren Nutzung f\u00fcr die Nutzer m\u00f6glich ist.<\/p>\n\n\n\n<p>Jede Person, die auf die Website zugreift, verpflichtet sich, die vorliegenden ANB zur Kenntnis zu nehmen und diese bei ihrer Websitenutzung vorbehaltslos einzuhalten.<\/p>\n\n\n\n<p>Der Vereinigung steht es frei, diese ANB jederzeit und ohne Vorank\u00fcndigung zu \u00e4ndern, um insbesondere gesetzlichen, rechtlichen, redaktionellen und\/oder technischen Entwicklungen Rechnung zu tragen. Die ma\u00dfgebende Fassung ist diejenige, die jeweils online verf\u00fcgbar ist.<\/p>\n\n\n\n<p>Die anwendbaren ANB sind diejenigen, die am Datum der Verbindung und Websitenutzung durch die Nutzer gelten.<\/p>\n\n\n\n<h2 class=\"wp-block-heading\">Beschreibung der Website<\/h2>\n\n\n\n<p>Die Vereinigung stellt auf der Website die Dienstleistungen vor, die sie ihren Kunden anbieten kann.<\/p>\n\n\n\n<p>Die Website dient f\u00fcr die Vereinigung somit als \u201eSchaufenster\u201c sowie, gegebenenfalls, als Raum f\u00fcr den Austausch zwischen Vereinigung und Nutzer.<\/p>\n\n\n\n<p>Die Vereinigung erhebt nicht den Anspruch, eine vollst\u00e4ndige Darstellung ihrer Produkte und Dienstleistungen zu bieten. Sie beh\u00e4lt sich das Recht vor, die Website zu \u00e4ndern oder ihren Kunden abweichende Dienstleistungen anzubieten, ohne dass sie dazu verpflichtet ist, diese auf ihrer Website zu pr\u00e4sentieren.<\/p>\n\n\n\n<h2 class=\"wp-block-heading\">Zug\u00e4nglichkeit der Website<\/h2>\n\n\n\n<p>Die Vereinigung ist bestrebt, den Zugriff auf die Website 24 Stunden am Tag und 7 Tage in der Woche zu erm\u00f6glichen, au\u00dfer im Falle von h\u00f6herer Gewalt gem\u00e4\u00df Artikel 1218 des franz\u00f6sischen Zivilgesetzbuchs und der geltenden Rechtsprechung oder im Falle eines Ereignisses, das au\u00dferhalb ihrer Kontrolle liegt, sowie unter dem Vorbehalt m\u00f6glicher Ausf\u00e4lle sowie eventueller Wartungsarbeiten, die f\u00fcr den ordnungsgem\u00e4\u00dfen Betrieb der Website erforderlich sind.<\/p>\n\n\n\n<p>Die Nutzer anerkennen und akzeptieren, dass die Zug\u00e4nglichkeit der Website zudem von der Internetverbindung abh\u00e4ngt, auf die die Vereinigung keinen Einfluss hat.<\/p>\n\n\n\n<p>Die Vereinigung kann keine Verf\u00fcgbarkeit der Website und\/oder der Dienstleistungen und keine Zuverl\u00e4ssigkeit der \u00dcbertragungen und Leistungen im Hinblick auf Reaktionszeit oder Qualit\u00e4t garantieren. Es gibt keine technische Unterst\u00fctzung f\u00fcr die Nutzer, und zwar weder in elektronischer noch in telefonischer oder physischer Form.<\/p>\n\n\n\n<p>Falls der Zugang zu der Website nicht m\u00f6glich ist, kann die Vereinigung hierf\u00fcr nicht haftbar gemacht werden.<\/p>\n\n\n\n<p>Dar\u00fcber hinaus kann die Vereinigung jederzeit und ohne Vorank\u00fcndigung den Betrieb der Website oder einen Teil der Dienstleistungen unterbrechen oder einstellen, ohne dass hierf\u00fcr ein Anspruch auf Entsch\u00e4digung besteht. Der Nutzer anerkennt und akzeptiert, dass die Vereinigung nicht f\u00fcr die Einstellung oder Unterbrechung sowie f\u00fcr die Folgen, die dadurch f\u00fcr den Nutzer oder f\u00fcr Drittpersonen entstehen k\u00f6nnen, haftbar gemacht werden kann.<\/p>\n\n\n\n<p>Der Zugang zu der Website ist kostenlos, vorbehaltlich eventueller Betr\u00e4ge, die von Internetdienstanbietern oder Mobilfunkbetreibern erhoben werden.<\/p>\n\n\n\n<h2 class=\"wp-block-heading\">Aussetzung oder Sperrung des Zugangs zu der Website<\/h2>\n\n\n\n<p>Die Vereinigung kann beschlie\u00dfen, den Zugang zu der Website nach freiem Ermessen und insbesondere bei Nichteinhaltung dieser ANB durch einen Nutzer auszusetzen oder zu sperren.<\/p>\n\n\n\n<p>Diese Aussetzung oder Sperrung erfolgt ohne Entsch\u00e4digung oder Vorank\u00fcndigung und ohne dass der Nutzer diesbez\u00fcglich irgendeinen Schadenersatz geltend machen kann.<\/p>\n\n\n\n<h2 class=\"wp-block-heading\">Pflichten der Nutzer<\/h2>\n\n\n\n<p>Die Nutzer verpflichten sich dazu, die Website unter Einhaltung der Bedingungen dieser ANB sowie gegebenenfalls der Bedingungen in Bezug auf die Ger\u00e4te, welche die Nutzung dieser Website erm\u00f6glichen, zu nutzen.<\/p>\n\n\n\n<p>Den Nutzern ist es generell untersagt, den ordnungsgem\u00e4\u00dfen Betrieb der Website \u2013 durch welches Mittel und unter welchem Vorwand auch immer \u2013 zu st\u00f6ren. Au\u00dferdem ist ihnen jedwede im Widerspruch zu den geltenden Rechtsvorschriften stehende Nutzung der Website untersagt. Den Nutzern ist es des Weiteren untersagt, die Website in irgendeiner Weise zu sch\u00e4digen, insbesondere durch teilweises oder vollst\u00e4ndiges Kopieren der Website und ihrer Dateien sowie der zugeh\u00f6rigen Daten, oder indem sie sich f\u00fcr Reverse-Engineering-Aktionen zur Verf\u00fcgung stellen. Zudem sind ihnen alle sonstigen T\u00e4tigkeiten untersagt, die eine Auswirkung auf das Ansehen und den Ruf der Vereinigung und ihrer Produkte und Dienstleistungen, einschlie\u00dflich der Website, haben k\u00f6nnten.<\/p>\n\n\n\n<p>In diesem Zusammenhang ist es den Nutzern \u2013 unter dem Vorbehalt der M\u00f6glichkeit, die ihnen die Vereinigung gegebenenfalls zum Posten von Inhalten bietet \u2013 untersagt, Inhalte mit diffamierendem, diskriminierendem, anst\u00f6\u00dfigem, obsz\u00f6nem, pornografischem oder gewaltt\u00e4tigem Charakter bzw. ganz allgemein Inhalte, welche die Rechte von Drittpersonen verletzen k\u00f6nnen oder f\u00fcr Drittpersonen nachteilig sein k\u00f6nnen, in irgendeiner Form oder auf irgendeine Art zu ver\u00f6ffentlichen.<\/p>\n\n\n\n<p>Die Vereinigung kann in Zusammenhang mit diesen Verpflichtungen nicht haftbar gemacht werden.<\/p>\n\n\n\n<h2 class=\"wp-block-heading\">Garantie und Haftung der Nutzer<\/h2>\n\n\n\n<p>Die Nutzer anerkennen und akzeptieren, dass sie an jedem Ort und zu jeder Zeit f\u00fcr die Nutzung der Website und die Folgen, die diese Nutzung nach sich ziehen kann, allein verantwortlich sind.<\/p>\n\n\n\n<p>Die Nutzer anerkennen und akzeptieren au\u00dferdem, dass sie die volle Haftung f\u00fcr alle Ver\u00f6ffentlichungen von Inhalten (insbesondere Bild-, Text- und Toninhalte) \u00fcbernehmen, sofern diese auf der Website m\u00f6glich sind.<\/p>\n\n\n\n<p>Die Nutzer stellen dar\u00fcber hinaus die Vereinigung im Falle von Klagen von Drittpersonen oder anderen Nutzern, die eine Verletzung ihrer Rechte geltend machen, von der Haftung frei.<\/p>\n\n\n\n<h2 class=\"wp-block-heading\">Haftungsbeschr\u00e4nkung der Vereinigung<\/h2>\n\n\n\n<p>Die Nutzer nutzen die Website auf eigene Gefahr. Die Vereinigung kann in diesem Zusammenhang nicht haftbar gemacht werden.<\/p>\n\n\n\n<p>Zudem ist die Vereinigung nicht dazu verpflichtet, die Identit\u00e4t der Nutzer, die auf die Website zugreifen, zu \u00fcberpr\u00fcfen, die Aktivit\u00e4ten der Nutzer zu kontrollieren oder, gegebenenfalls, die von den Nutzern ver\u00f6ffentlichten Inhalte zu moderieren.<\/p>\n\n\n\n<p>Im \u00dcbrigen werden die Nutzer darauf hingewiesen, dass die Vereinigung lediglich Produkte und Dienstleistungen vorstellt, die sie anbieten kann. Diese Pr\u00e4sentation hat keinen vertraglich bindenden Charakter. Die Vereinigung lehnt jedwede Haftung in Zusammenhang mit der Pr\u00e4sentation von Produkten und Dienstleistungen, sowie f\u00fcr die auf der Website ver\u00f6ffentlichten Inhalte im Allgemeinen, ab.<\/p>\n\n\n\n<p>Die Vereinigung kann nicht f\u00fcr auf ihrer Website ver\u00f6ffentlichte Informationen \u00fcber Produkte und Dienstleistungen, die von Partnern geliefert bzw. erbracht werden, haftbar gemacht werden (Bilder, Beschreibungen, Eigenschaften usw.), insbesondere wenn diese von den auf der Internetseite eines Partners verf\u00fcgbaren Informationen abweichen.<\/p>\n\n\n\n<h2 class=\"wp-block-heading\">Personenbezogene Daten<\/h2>\n\n\n\n<p>Die Verarbeitung der Daten, die gegebenenfalls von der Vereinigung bei der Nutzung der Website erhoben werden, erfolgt unter Einhaltung der geltenden Rechtsvorschriften und insbesondere der DSGVO. Den Nutzern wird empfohlen, die Datenschutzbestimmungen der Vereinigung zu lesen, die auf der Website einzusehen sind.<\/p>\n\n\n\n<p>Au\u00dferdem werden die Nutzer dazu aufgefordert, die von den aufgerufenen Seiten gesetzten Cookies ganz oder teilweise zu akzeptieren oder abzulehnen.<\/p>\n\n\n\n<p>In jedem Fall hat der Nutzer ein Recht auf Auskunft, Berichtigung, Widerspruch und L\u00f6schung, das er aus\u00fcben kann, in dem er seinen diesbez\u00fcglichen Antrag an die Vereinigung richtet, und zwar entweder an: 29 Rue Charles Sandherr,68000 COLMAR, oder per E-Mail an <a href=\"mailto:info@ebma-europe.com\">info@ebma-europe.com<\/a>.<\/p>\n\n\n\n<h2 class=\"wp-block-heading\">Geistiges Eigentum<\/h2>\n\n\n\n<p>Die Vereinigung ist Inhaberin aller Rechte des geistigen Eigentums in Zusammenhang mit der Website sowie der Rechte an den Datenbanken.<\/p>\n\n\n\n<p>Dies umfasst insbesondere die Marken und Logos <strong>EBMA <\/strong>und <strong>BI(G)MED<\/strong> sowie die Architektur der Website.<\/p>\n\n\n\n<p>Jede Wiedergabe oder Vervielf\u00e4ltigung dieser Elemente ohne vorherige Genehmigung der Vereinigung stellt eine Handlung der F\u00e4lschung dar und kann als solche geahndet werden und die zivil- und strafrechtliche Haftung des T\u00e4ters ausl\u00f6sen.<\/p>\n\n\n\n<p>Ungeachtet der vorstehenden Bestimmungen erteilt die Vereinigung den Nutzern eine einfache Lizenz zur Nutzung dieser Rechte f\u00fcr die Zwecke des Zugangs zu der Website und deren Nutzung. Diese Lizenz gilt weltweit und endet im Falle der Aussetzung oder Sperrung eines Nutzer-Kontos oder bei Beendigung der Nutzung der Website.<\/p>\n\n\n\n<p>Sofern die Nutzer auf der Website irgendwelche Inhalte ver\u00f6ffentlichen, r\u00e4umen sie der Vereinigung unentgeltlich eine Lizenz f\u00fcr die Nutzung und weltweite Vervielf\u00e4ltigung dieses Inhalts auf jedwedem Medium, f\u00fcr alle Zwecke und f\u00fcr die gesetzliche Schutzdauer der Rechte des betroffenen geistigen Eigentums ein.<\/p>\n\n\n\n<h2 class=\"wp-block-heading\">Links von Drittparteien<\/h2>\n\n\n\n<p>Die Vereinigung ver\u00f6ffentlicht Hyperlinks zu Internetseiten von Drittparteien.<\/p>\n\n\n\n<p>Die Vereinigung kann in keinem Fall f\u00fcr die Informationen und Inhalte auf den \u00fcber diese Links verbundenen Internetseiten von Drittparteien haftbar gemacht werden.<\/p>\n\n\n\n<h2 class=\"wp-block-heading\">Anwendbares Recht und zust\u00e4ndiges Gericht<\/h2>\n\n\n\n<p>Die vorliegenden ANB sind nach dem franz\u00f6sischen Recht abgefasst und auszulegen.<\/p>\n\n\n\n<p>Im Streitfall werden die Parteien dazu angehalten, sich an einen Ombudsmann f\u00fcr Verbraucher zu wenden.<\/p>\n\n\n\n<p>Scheitert die Schlichtung, finden f\u00fcr die Vereinigung und die Nutzer die Vorschriften des allgemeinen Rechts Anwendung, um das zust\u00e4ndige Gericht zu bestimmen.<\/p>\n<\/div>\n\n\n\n<div style=\"height:48px\" aria-hidden=\"true\" class=\"wp-block-spacer\"><\/div>\n","protected":false},"excerpt":{"rendered":"<p>Begriffsbestimmungen Die nachstehenden Begriffe haben die in diesem Artikel festgelegte Bedeutung, wenn sie in den vorliegenden ANB kursiv gedruckt sind. \u201eWebsite\u201c bezeichnet die Internetseite, die \u00fcber die Adresse http:\/\/www.ebma-europe.com\/ zug\u00e4nglich ist. \u201eVereinigung\u201c bezeichnet die EBMA (European Bio Immune(G)ene Medicine Association), eine Vereinigung nach lokalem Recht mit Sitz in 29, rue Charles Sandherr, 68000 Colmar. \u201eANB\u201c [&hellip;]<\/p>\n","protected":false},"author":778,"featured_media":0,"parent":0,"menu_order":520,"comment_status":"closed","ping_status":"closed","template":"","meta":{"_acf_changed":false,"footnotes":""},"class_list":["post-1593","page","type-page","status-publish","hentry"],"acf":[],"yoast_head":"<!-- This site is optimized with the Yoast SEO plugin v27.6 - https:\/\/yoast.com\/product\/yoast-seo-wordpress\/ -->\n<title>Allgemeine Nutzungsbedingungen | EBMA Europe<\/title>\n<meta name=\"robots\" content=\"index, follow, max-snippet:-1, max-image-preview:large, max-video-preview:-1\" \/>\n<link rel=\"canonical\" href=\"https:\/\/www.ebma-europe.com\/de\/allgemeine-nutzungsbedingungen\/\" \/>\n<meta property=\"og:locale\" content=\"de_DE\" \/>\n<meta property=\"og:type\" content=\"article\" \/>\n<meta property=\"og:title\" content=\"Allgemeine Nutzungsbedingungen\" \/>\n<meta property=\"og:description\" content=\"Begriffsbestimmungen Die nachstehenden Begriffe haben die in diesem Artikel festgelegte Bedeutung, wenn sie in den vorliegenden ANB kursiv gedruckt sind. \u201eWebsite\u201c bezeichnet die Internetseite, die \u00fcber die Adresse http:\/\/www.ebma-europe.com\/ zug\u00e4nglich ist. \u201eVereinigung\u201c bezeichnet die EBMA (European Bio Immune(G)ene Medicine Association), eine Vereinigung nach lokalem Recht mit Sitz in 29, rue Charles Sandherr, 68000 Colmar. \u201eANB\u201c [&hellip;]\" \/>\n<meta property=\"og:url\" content=\"https:\/\/www.ebma-europe.com\/de\/allgemeine-nutzungsbedingungen\/\" \/>\n<meta property=\"og:site_name\" content=\"EBMA Europe\" \/>\n<meta property=\"article:modified_time\" content=\"2026-01-12T09:08:28+00:00\" \/>\n<meta property=\"og:image\" content=\"https:\/\/www.ebma-europe.com\/wp-inside\/uploads\/2026\/03\/og-ebma.jpg\" \/>\n\t<meta property=\"og:image:width\" content=\"1200\" \/>\n\t<meta property=\"og:image:height\" content=\"675\" \/>\n\t<meta property=\"og:image:type\" content=\"image\/jpeg\" \/>\n<meta name=\"twitter:card\" content=\"summary_large_image\" \/>\n<meta name=\"twitter:label1\" content=\"Gesch\u00e4tzte Lesezeit\" \/>\n\t<meta name=\"twitter:data1\" content=\"8\u00a0Minuten\" \/>\n<script type=\"application\/ld+json\" class=\"yoast-schema-graph\">{\"@context\":\"https:\\\/\\\/schema.org\",\"@graph\":[{\"@type\":\"WebPage\",\"@id\":\"https:\\\/\\\/www.ebma-europe.com\\\/de\\\/allgemeine-nutzungsbedingungen\\\/\",\"url\":\"https:\\\/\\\/www.ebma-europe.com\\\/de\\\/allgemeine-nutzungsbedingungen\\\/\",\"name\":\"Allgemeine Nutzungsbedingungen\",\"isPartOf\":{\"@id\":\"https:\\\/\\\/www.ebma-europe.com\\\/de\\\/#website\"},\"datePublished\":\"2025-09-17T10:07:59+00:00\",\"dateModified\":\"2026-01-12T09:08:28+00:00\",\"breadcrumb\":{\"@id\":\"https:\\\/\\\/www.ebma-europe.com\\\/de\\\/allgemeine-nutzungsbedingungen\\\/#breadcrumb\"},\"inLanguage\":\"de\",\"potentialAction\":[{\"@type\":\"ReadAction\",\"target\":[\"https:\\\/\\\/www.ebma-europe.com\\\/de\\\/allgemeine-nutzungsbedingungen\\\/\"]}]},{\"@type\":\"BreadcrumbList\",\"@id\":\"https:\\\/\\\/www.ebma-europe.com\\\/de\\\/allgemeine-nutzungsbedingungen\\\/#breadcrumb\",\"itemListElement\":[{\"@type\":\"ListItem\",\"position\":1,\"name\":\"Startseite\",\"item\":\"https:\\\/\\\/www.ebma-europe.com\\\/de\\\/accueil\\\/\"},{\"@type\":\"ListItem\",\"position\":2,\"name\":\"Allgemeine Nutzungsbedingungen\"}]},{\"@type\":\"WebSite\",\"@id\":\"https:\\\/\\\/www.ebma-europe.com\\\/de\\\/#website\",\"url\":\"https:\\\/\\\/www.ebma-europe.com\\\/de\\\/\",\"name\":\"EBMA Europe\",\"description\":\"European Bio Immune(G)ene Medicine Association\",\"publisher\":{\"@id\":\"https:\\\/\\\/www.ebma-europe.com\\\/de\\\/#organization\"},\"alternateName\":\"EBMA\",\"potentialAction\":[{\"@type\":\"SearchAction\",\"target\":{\"@type\":\"EntryPoint\",\"urlTemplate\":\"https:\\\/\\\/www.ebma-europe.com\\\/de\\\/?s={search_term_string}\"},\"query-input\":{\"@type\":\"PropertyValueSpecification\",\"valueRequired\":true,\"valueName\":\"search_term_string\"}}],\"inLanguage\":\"de\"},{\"@type\":\"Organization\",\"@id\":\"https:\\\/\\\/www.ebma-europe.com\\\/de\\\/#organization\",\"name\":\"EBMA Europe\",\"alternateName\":\"EBMA\",\"url\":\"https:\\\/\\\/www.ebma-europe.com\\\/de\\\/\",\"logo\":{\"@type\":\"ImageObject\",\"inLanguage\":\"de\",\"@id\":\"https:\\\/\\\/www.ebma-europe.com\\\/de\\\/#\\\/schema\\\/logo\\\/image\\\/\",\"url\":\"https:\\\/\\\/www.ebma-europe.com\\\/wp-inside\\\/uploads\\\/2026\\\/03\\\/enity-logo-ebma.png\",\"contentUrl\":\"https:\\\/\\\/www.ebma-europe.com\\\/wp-inside\\\/uploads\\\/2026\\\/03\\\/enity-logo-ebma.png\",\"width\":696,\"height\":696,\"caption\":\"EBMA Europe\"},\"image\":{\"@id\":\"https:\\\/\\\/www.ebma-europe.com\\\/de\\\/#\\\/schema\\\/logo\\\/image\\\/\"},\"sameAs\":[\"https:\\\/\\\/fr.linkedin.com\\\/company\\\/ebma-europe\"]}]}<\/script>\n<!-- \/ Yoast SEO plugin. -->","yoast_head_json":{"title":"Allgemeine Nutzungsbedingungen | EBMA Europe","robots":{"index":"index","follow":"follow","max-snippet":"max-snippet:-1","max-image-preview":"max-image-preview:large","max-video-preview":"max-video-preview:-1"},"canonical":"https:\/\/www.ebma-europe.com\/de\/allgemeine-nutzungsbedingungen\/","og_locale":"de_DE","og_type":"article","og_title":"Allgemeine Nutzungsbedingungen","og_description":"Begriffsbestimmungen Die nachstehenden Begriffe haben die in diesem Artikel festgelegte Bedeutung, wenn sie in den vorliegenden ANB kursiv gedruckt sind. \u201eWebsite\u201c bezeichnet die Internetseite, die \u00fcber die Adresse http:\/\/www.ebma-europe.com\/ zug\u00e4nglich ist. \u201eVereinigung\u201c bezeichnet die EBMA (European Bio Immune(G)ene Medicine Association), eine Vereinigung nach lokalem Recht mit Sitz in 29, rue Charles Sandherr, 68000 Colmar. \u201eANB\u201c [&hellip;]","og_url":"https:\/\/www.ebma-europe.com\/de\/allgemeine-nutzungsbedingungen\/","og_site_name":"EBMA Europe","article_modified_time":"2026-01-12T09:08:28+00:00","og_image":[{"width":1200,"height":675,"url":"https:\/\/www.ebma-europe.com\/wp-inside\/uploads\/2026\/03\/og-ebma.jpg","type":"image\/jpeg"}],"twitter_card":"summary_large_image","twitter_misc":{"Gesch\u00e4tzte Lesezeit":"8\u00a0Minuten"},"schema":{"@context":"https:\/\/schema.org","@graph":[{"@type":"WebPage","@id":"https:\/\/www.ebma-europe.com\/de\/allgemeine-nutzungsbedingungen\/","url":"https:\/\/www.ebma-europe.com\/de\/allgemeine-nutzungsbedingungen\/","name":"Allgemeine Nutzungsbedingungen","isPartOf":{"@id":"https:\/\/www.ebma-europe.com\/de\/#website"},"datePublished":"2025-09-17T10:07:59+00:00","dateModified":"2026-01-12T09:08:28+00:00","breadcrumb":{"@id":"https:\/\/www.ebma-europe.com\/de\/allgemeine-nutzungsbedingungen\/#breadcrumb"},"inLanguage":"de","potentialAction":[{"@type":"ReadAction","target":["https:\/\/www.ebma-europe.com\/de\/allgemeine-nutzungsbedingungen\/"]}]},{"@type":"BreadcrumbList","@id":"https:\/\/www.ebma-europe.com\/de\/allgemeine-nutzungsbedingungen\/#breadcrumb","itemListElement":[{"@type":"ListItem","position":1,"name":"Startseite","item":"https:\/\/www.ebma-europe.com\/de\/accueil\/"},{"@type":"ListItem","position":2,"name":"Allgemeine Nutzungsbedingungen"}]},{"@type":"WebSite","@id":"https:\/\/www.ebma-europe.com\/de\/#website","url":"https:\/\/www.ebma-europe.com\/de\/","name":"EBMA Europe","description":"European Bio Immune(G)ene Medicine Association","publisher":{"@id":"https:\/\/www.ebma-europe.com\/de\/#organization"},"alternateName":"EBMA","potentialAction":[{"@type":"SearchAction","target":{"@type":"EntryPoint","urlTemplate":"https:\/\/www.ebma-europe.com\/de\/?s={search_term_string}"},"query-input":{"@type":"PropertyValueSpecification","valueRequired":true,"valueName":"search_term_string"}}],"inLanguage":"de"},{"@type":"Organization","@id":"https:\/\/www.ebma-europe.com\/de\/#organization","name":"EBMA Europe","alternateName":"EBMA","url":"https:\/\/www.ebma-europe.com\/de\/","logo":{"@type":"ImageObject","inLanguage":"de","@id":"https:\/\/www.ebma-europe.com\/de\/#\/schema\/logo\/image\/","url":"https:\/\/www.ebma-europe.com\/wp-inside\/uploads\/2026\/03\/enity-logo-ebma.png","contentUrl":"https:\/\/www.ebma-europe.com\/wp-inside\/uploads\/2026\/03\/enity-logo-ebma.png","width":696,"height":696,"caption":"EBMA Europe"},"image":{"@id":"https:\/\/www.ebma-europe.com\/de\/#\/schema\/logo\/image\/"},"sameAs":["https:\/\/fr.linkedin.com\/company\/ebma-europe"]}]}},"_links":{"self":[{"href":"https:\/\/www.ebma-europe.com\/de\/wp-json\/wp\/v2\/pages\/1593","targetHints":{"allow":["GET"]}}],"collection":[{"href":"https:\/\/www.ebma-europe.com\/de\/wp-json\/wp\/v2\/pages"}],"about":[{"href":"https:\/\/www.ebma-europe.com\/de\/wp-json\/wp\/v2\/types\/page"}],"author":[{"embeddable":true,"href":"https:\/\/www.ebma-europe.com\/de\/wp-json\/wp\/v2\/users\/778"}],"replies":[{"embeddable":true,"href":"https:\/\/www.ebma-europe.com\/de\/wp-json\/wp\/v2\/comments?post=1593"}],"version-history":[{"count":1,"href":"https:\/\/www.ebma-europe.com\/de\/wp-json\/wp\/v2\/pages\/1593\/revisions"}],"predecessor-version":[{"id":1595,"href":"https:\/\/www.ebma-europe.com\/de\/wp-json\/wp\/v2\/pages\/1593\/revisions\/1595"}],"wp:attachment":[{"href":"https:\/\/www.ebma-europe.com\/de\/wp-json\/wp\/v2\/media?parent=1593"}],"curies":[{"name":"wp","href":"https:\/\/api.w.org\/{rel}","templated":true}]}}