{"id":1627,"date":"2025-09-17T12:09:15","date_gmt":"2025-09-17T10:09:15","guid":{"rendered":"https:\/\/www.ebma-europe.com\/politique-confidentialite\/"},"modified":"2026-01-12T11:05:49","modified_gmt":"2026-01-12T10:05:49","slug":"datenschutzbestimmungen","status":"publish","type":"page","link":"https:\/\/www.ebma-europe.com\/de\/datenschutzbestimmungen\/","title":{"rendered":"Datenschutzbestimmungen"},"content":{"rendered":"\n<div class=\"wp-block-group alignfull is-style-default has-global-padding is-layout-constrained wp-block-group-is-layout-constrained\" style=\"padding-top:0;padding-bottom:0\">\n<div class=\"wp-block-cover alignfull is-light is-style-default\" style=\"margin-top:0;margin-bottom:0;padding-top:var(--wp--preset--spacing--xl);padding-bottom:var(--wp--preset--spacing--xl);min-height:50px;aspect-ratio:unset;\"><span aria-hidden=\"true\" class=\"wp-block-cover__background has-neutral-100-background-color has-background-dim-100 has-background-dim\"><\/span><div class=\"wp-block-cover__inner-container has-global-padding is-layout-constrained wp-container-core-cover-is-layout-f26b76e4 wp-block-cover-is-layout-constrained\">\n\t<div class=\"has-text-align-center skp-block-breadcrumb wp-block-skp-breadcrumb has-sm-font-size\" id=\"skp-block-breadcrumb-69d286615e30a3.48614834\">\n\t\t\n<nav\tclass=\"breadcrumb\"\n\taria-label=\"Breadcrumbs\">\n\t<ol class=\"breadcrumb__list\">\n\t\t\t\t\t<li class=\"breadcrumb__item\">\n\t\t\t\t\t\t\t\t\t<a href=\"https:\/\/www.ebma-europe.com\/de\/accueil\/\" class=\"breadcrumb__link\">\n\t\t\t\t\t\tStartseite\t\t\t\t\t<\/a>\n\t\t\t\t\t\t\t\t\t\t\t\t<\/li>\n\t\t\t<\/ol>\n\n\t<\/nav>\t<\/div>\n\n\n<h1 style=\"text-align: center;\" class=\"has-text-align-center skp-block-primary-title wp-block-skp-primary-title\" id=\"skp-block-primary-title-69d286615fff19.70153602\">\n\tDatenschutzbestimmungen<\/h1>\n\n\n\n<p class=\"has-text-align-center\"><em>Aktualisierung vom 18. November 2021<\/em><\/p>\n<\/div><\/div>\n<\/div>\n\n\n\n<div class=\"wp-block-group is-layout-flow wp-container-core-group-is-layout-b5f8871a wp-block-group-is-layout-flow\">\n<p>F\u00fcr die <strong>EBMA (European Bio Immune(G)ene Medicine Association), eine Vereinigung nach lokalem Recht mit Sitz in 29, rue Charles Sandherr, 68000 Colmar<\/strong> (im Folgenden die \u201e<strong>Vereinigung<\/strong>\u201c), hat der Schutz der personenbezogenen Daten, die sie im Rahmen ihrer T\u00e4tigkeit von den Nutzern ihrer Dienstleistungen und der von ihr betriebenen Plattform erhebt und verarbeitet, einen gro\u00dfen Stellenwert.<\/p>\n\n\n\n<p>Die Erhebung und die Verarbeitung von personenbezogenen Daten, welche die Vereinigung im Rahmen der Aus\u00fcbung ihrer T\u00e4tigkeit sowie im Rahmen der Nutzung der Produkte und Dienstleistungen \u2013 einschlie\u00dflich der von der Vereinigung unter der Adresse http:\/\/www.ebma-europe.com\/ betriebenen Website (im Folgenden die \u201e<strong>Website<\/strong>\u201c) \u2013 durchf\u00fchrt, werden durch diese Datenschutzbestimmungen (im Folgenden die \u201e<strong>Bestimmungen<\/strong>\u201c geregelt.<\/p>\n\n\n\n<p>Diese Bestimmungen sollen die betroffenen Personen \u00fcber Folgendes informieren:<\/p>\n\n\n\n<ul class=\"wp-block-list\">\n<li>die Art, in der die Vereinigung die von ihr erhobenen und nachstehend definierten personenbezogenen Daten verarbeitet, die von den nachstehend definierten betroffenen Personen mit deren Einwilligung \u00fcbermittelt werden, um insbesondere die Lieferung von Produkten und die Erbringung von Dienstleistungen durch die Vereinigung zu erm\u00f6glichen<\/li>\n\n\n\n<li>die Rechte der nachstehend definierten betroffenen Personen<\/li>\n\n\n\n<li>den Namen des nachstehend definierten Verantwortlichen<\/li>\n\n\n\n<li>die m\u00f6glichen Empf\u00e4nger einer Daten\u00fcbermittlung<\/li>\n<\/ul>\n\n\n\n<p>Betroffene Personen werden daher gebeten, dieses Dokument aufmerksam zu lesen, um die von der Vereinigung angewandten Praktiken in Zusammenhang mit der Verarbeitung von personenbezogenen Daten kennenzulernen und zu verstehen.<\/p>\n\n\n\n<h2 class=\"wp-block-heading\">1. Begriffsbestimmungen<\/h2>\n\n\n\n<p>Kursiv gedruckte Begriffe haben die im Folgenden definierte Bedeutung. Die Begriffe haben dieselbe Bedeutung, unabh\u00e4ngig davon, ob sie im Singular oder im Plural verwendet werden.<\/p>\n\n\n\n<ul class=\"wp-block-list\">\n<li>\u201e<strong>Personenbezogene Daten<\/strong>\u201c bezeichnen alle Informationen, die sich auf eine identifizierte oder identifizierbare nat\u00fcrliche Person (im Folgenden \u201e<strong>betroffene Person<\/strong>\u201c) beziehen.<\/li>\n\n\n\n<li>\u201e<strong>Verantwortlicher<\/strong>\u201c bezeichnet die nat\u00fcrliche oder juristische Person, Beh\u00f6rde, Einrichtung oder andere Stelle, die allein oder gemeinsam mit anderen \u00fcber die Zwecke und Mittel der Verarbeitung von personenbezogenen Daten entscheidet; sind die Zwecke und Mittel dieser Verarbeitung durch das Unionsrecht oder das Recht der Mitgliedstaaten vorgegeben, so kann der Verantwortliche beziehungsweise k\u00f6nnen die bestimmten Kriterien seiner Benennung nach dem Unionsrecht oder dem Recht der Mitgliedstaaten vorgesehen werden. Im vorliegenden Fall ist die Vereinigung der Verantwortliche.<\/li>\n\n\n\n<li>\u201e<strong>Verarbeitung<\/strong>\u201c bezeichnet jeden mit oder ohne Hilfe automatisierter Verfahren ausgef\u00fchrten Vorgang oder jede solche Vorgangsreihe im Zusammenhang mit personenbezogenen Daten wie das Erheben, das Erfassen, die Organisation, das Ordnen, die Speicherung, die Anpassung oder Ver\u00e4nderung, das Auslesen, das Abfragen, die Verwendung, die Offenlegung durch \u00dcbermittlung, Verbreitung oder eine andere Form der Bereitstellung, den Abgleich oder die Verkn\u00fcpfung, die Einschr\u00e4nkung, das L\u00f6schen oder die Vernichtung.<\/li>\n<\/ul>\n\n\n\n<h2 class=\"wp-block-heading\">2. Allgemeine Vorschriften f\u00fcr die Erhebung und Verarbeitung von personenbezogenen Daten<\/h2>\n\n\n\n<p>Gem\u00e4\u00df Artikel 5 der Datenschutz-Grundverordnung Nr. 2016\/679 (DSGVO) m\u00fcssen bzw. d\u00fcrfen personenbezogene Daten<\/p>\n\n\n\n<ul class=\"wp-block-list\">\n<li>auf rechtm\u00e4\u00dfige Weise, nach Treu und Glauben und in einer f\u00fcr die betroffene Person nachvollziehbaren Weise verarbeitet werden,<\/li>\n\n\n\n<li>f\u00fcr festgelegte, eindeutige und legitime Zwecke erhoben werden,<\/li>\n\n\n\n<li>dem Zweck angemessen und erheblich sowie auf das notwendige Ma\u00df beschr\u00e4nkt sein,<\/li>\n\n\n\n<li>nur so lange gespeichert werden, wie es f\u00fcr die Zwecke, f\u00fcr die sie verarbeitet werden, erforderlich ist,<\/li>\n\n\n\n<li>in ihrer Integrit\u00e4t gesch\u00fctzt und vertraulich behandelt werden.<\/li>\n<\/ul>\n\n\n\n<p>Gem\u00e4\u00df Artikel 6 der DSGVO ist die Verarbeitung personenbezogener Daten nur rechtm\u00e4\u00dfig, wenn bei dieser Verarbeitung mindestens eines der nachstehenden Merkmale erf\u00fcllt ist:<\/p>\n\n\n\n<ul class=\"wp-block-list\">\n<li>Die betroffene Person hat ihre Einwilligung gegeben,<\/li>\n\n\n\n<li>die Verarbeitung ist f\u00fcr die Erf\u00fcllung eines Vertrags erforderlich,<\/li>\n\n\n\n<li>die Verarbeitung ist zur Erf\u00fcllung einer rechtlichen Verpflichtung erforderlich,<\/li>\n\n\n\n<li>die Verarbeitung ist erforderlich, um lebenswichtige Interessen der betroffenen Person zu sch\u00fctzen,<\/li>\n\n\n\n<li>die Verarbeitung ist f\u00fcr die Wahrnehmung einer Aufgabe erforderlich, die im \u00f6ffentlichen Interesse liegt,<\/li>\n\n\n\n<li>die Verarbeitung erfolgt zur Verfolgung der berechtigten Interessen des Verantwortlichen.<\/li>\n<\/ul>\n\n\n\n<h2 class=\"wp-block-heading\">3. Art der Erhebung von personenbezogenen Daten<\/h2>\n\n\n\n<p>Die betroffenen Personen k\u00f6nnen aufgefordert werden, an die Vereinigung in ihrer Funktion als Verantwortlicher im Sinne der DSGVO Informationen und sie betreffende personenbezogene Daten zu \u00fcbermitteln, und zwar:<\/p>\n\n\n\n<ul class=\"wp-block-list\">\n<li>Daten zur Identifizierung: Name, Vornamen, Geburtsdatum und Geburtsort, Kopie ihrer Ausweisdokumente<\/li>\n\n\n\n<li>Angaben zu ihren Kontaktdaten: Postanschrift, E-Mail-Adresse, Mobiltelefonnummer<\/li>\n\n\n\n<li>Angaben \u00fcber ihre wirtschaftliche und beruflich-soziale Situation<\/li>\n\n\n\n<li>Verbindungsdaten<\/li>\n\n\n\n<li>Details \u00fcber ihre Korrespondenz mit uns, insbesondere im Falle der Unterst\u00fctzung<\/li>\n\n\n\n<li>Cookies<\/li>\n\n\n\n<li>Bank- und Finanzdaten<\/li>\n\n\n\n<li>Transaktionsdaten<\/li>\n\n\n\n<li>Authentifizierungsdaten<\/li>\n<\/ul>\n\n\n\n<p>In allen F\u00e4llen wird darauf hingewiesen, dass der Verantwortliche gem\u00e4\u00df den geltenden Rechtsvorschriften diejenige Stelle ist, welche die zu erhebenden Daten sowie die Zwecke der Verarbeitung festlegt und einschr\u00e4nkt.<\/p>\n\n\n\n<p>Die Angabe einiger personenbezogener Daten ist f\u00fcr den Zugang zu bzw. die Nutzung von Produkten und Dienstleistungen der Vereinigung zwingend vorgeschrieben, andere Angaben sind freiwillig.<\/p>\n\n\n\n<p>In jedem Fall erfolgen die Erhebung und die Verarbeitung dieser Daten auf der Grundlage einer rechtlichen Verpflichtung, eines berechtigten Interesses der Vereinigung und\/oder der Einwilligung der betroffenen Person.<\/p>\n\n\n\n<p>Bei Nicht\u00fcbermittlung der zwingend erforderlichen personenbezogenen Daten kann die Vereinigung gegebenenfalls nicht auf Ihre Anfragen antworten.<\/p>\n\n\n\n<h2 class=\"wp-block-heading\">4. Zweck der Erhebung von personenbezogenen Daten<\/h2>\n\n\n\n<p>Von der Vereinigung in ihrer Funktion des Verantwortlichen werden personenbezogene Daten der betroffenen Person angefordert und erhoben, wenn diese die von der Vereinigung angebotenen Produkte und\/oder Dienstleistungen erwerben m\u00f6chte.<\/p>\n\n\n\n<p>Diese Angaben sind f\u00fcr die Vereinigung f\u00fcr die ordnungsgem\u00e4\u00dfe Erbringung ihrer Leistungen und, um es ihr zu erm\u00f6glichen, ihren rechtlichen Verpflichtungen nachzukommen, erforderlich.<\/p>\n\n\n\n<p>Ohne diese Angaben ist die Vereinigung m\u00f6glicherweise nicht in der Lage, alle von der betroffenen Person angeforderten und bestellten Produkte und\/oder Dienstleistungen zu liefern bzw. zu erbringen.<\/p>\n\n\n\n<p>Die Erhebung, die Speicherung und die Verarbeitung dieser Angaben und personenbezogenen Daten dienen haupts\u00e4chlich dem Zweck,<\/p>\n\n\n\n<ul class=\"wp-block-list\">\n<li>die von der betroffenen Person bestellten Produkte zu liefern,<\/li>\n\n\n\n<li>den\/die von Ihnen beauftragten Dienst(e) bereitzustellen (Durchf\u00fchrung von Transaktionen, Zugang und Verwaltung Ihres Kontos),<\/li>\n\n\n\n<li>der Vereinigung die Beantwortung Ihrer Anfragen zu erm\u00f6glichen,<\/li>\n\n\n\n<li>die Unterst\u00fctzungsleistungen unseres Kundenservices zu erleichtern,<\/li>\n\n\n\n<li>es zu erm\u00f6glichen, den Nutzern auf deren Anforderung Ver\u00f6ffentlichungen, Mitteilungen und Informationen der Vereinigung zu \u00fcbermitteln,<\/li>\n\n\n\n<li>an zuk\u00fcnftige potenzielle K\u00e4ufer\/Fusionspartner gegebenenfalls im Rahmen des Outsourcings, des Verkaufs oder der Zusammenlegung Informationen zu \u00fcbermitteln,<\/li>\n\n\n\n<li>der Vereinigung die Verwaltung ihrer Gesch\u00e4ftsbeziehungen zu erm\u00f6glichen,<\/li>\n\n\n\n<li>die Produkte und Dienstleistungen der Vereinigung zu verbessern,<\/li>\n\n\n\n<li>der Vereinigung die Durchf\u00fchrung statistischer Analysen zu erm\u00f6glichen.<\/li>\n<\/ul>\n\n\n\n<h2 class=\"wp-block-heading\">5. Empf\u00e4nger der erhobenen personenbezogenen Daten<\/h2>\n\n\n\n<p>Die von der Vereinigung erhobenen personenbezogenen Daten k\u00f6nnen entgeltlich oder unentgeltlich an Dritte, die durch einen Vertrag \u00fcber die Ausf\u00fchrung von untervergebenen Aufgaben, welche f\u00fcr die Lieferung der Produkte oder Erbringung der Dienstleistungen erforderlich sind, an die Vereinigung gebunden sind, weitergegeben und\/oder \u00fcbermittelt werden, ohne dass die Nutzer hierzu ihre Einwilligung zu erteilen haben.<\/p>\n\n\n\n<p>Im Falle eines erwiesenen Versto\u00dfes gegen die gesetzlichen oder rechtlichen Vorschriften k\u00f6nnen diese Angaben auf ausdr\u00fcckliche und begr\u00fcndete Anfrage der Gerichtsbeh\u00f6rden an diese \u00fcbermittelt werden.<\/p>\n\n\n\n<h2 class=\"wp-block-heading\">6. Dauer der Speicherung von personenbezogenen Daten<\/h2>\n\n\n\n<p>Die Speicherung von personenbezogenen Daten und\/oder Informationen erfolgt nur, um die Durchf\u00fchrung der zwischen den betroffenen Personen und der Vereinigung geschlossenen Liefervertr\u00e4ge zu erm\u00f6glichen.<\/p>\n\n\n\n<h2 class=\"wp-block-heading\">7. Aus\u00fcbung der Rechte der betroffenen Personen<\/h2>\n\n\n\n<p>Gem\u00e4\u00df den Vorschriften \u00fcber den Schutz personenbezogener Daten und insbesondere gem\u00e4\u00df der Datenschutz-Grundverordnung Nr. 2016\/679 (DSGVO) verf\u00fcgt jede Person \u00fcber ein Recht auf Auskunft, Berichtigung, Einschr\u00e4nkung, L\u00f6schung und gegebenenfalls \u00dcbertragbarkeit der sie betreffenden Daten sowie \u00fcber ein Widerspruchsrecht \u2013 gegebenenfalls unter dem Vorbehalt zwingender und berechtigter Gr\u00fcnde \u2013 gegen die Verarbeitung der sie betreffenden personenbezogener Daten. Diese Rechte k\u00f6nnen jederzeit \u00fcber das Antragsformular f\u00fcr Daten\u00e4nderungen unter<a href=\" https:\/\/www.ebma-europe.com\/modifier-mon-profil\/\"> https:\/\/www.ebma-europe.com\/modifier-mon-profil\/<\/a> ausge\u00fcbt werden.<\/p>\n\n\n\n<p>Des Weiteren hat jede betroffene Person das Recht, eine Beschwerde bei der zust\u00e4ndigen Aufsichtsbeh\u00f6rde vorzubringen.<\/p>\n\n\n\n<h2 class=\"wp-block-heading\">8. \u00dcbertragung personenbezogener Daten au\u00dferhalb der Europ\u00e4ischen Union<\/h2>\n\n\n\n<p>Die Vereinigung speichert die personenbezogenen Daten der betroffenen Personen im Allgemeinen innerhalb des Gebiets der Europ\u00e4ischen Union.<\/p>\n\n\n\n<h2 class=\"wp-block-heading\">9. Verlinkung zu anderen Internetseiten und sozialen Netzwerken<\/h2>\n\n\n\n<p>Die Website kann gelegentlich Links zu Internetseiten unserer Partner oder von Drittunternehmen enthalten.<\/p>\n\n\n\n<p>Wir weisen darauf hin, dass f\u00fcr diese Internetseiten deren eigene Datenschutzbestimmungen gelten und die Vereinigung jedwede Haftung in Zusammenhang mit der durch diese Internetseiten erfolgenden Nutzung von Daten, die beim Anklicken dieser Links erhoben werden, ablehnt. Die Vereinigung empfiehlt, die Datenschutzbestimmungen dieser Internetseiten vor der \u00dcbermittlung von personenbezogenen Daten zu lesen.<\/p>\n\n\n\n<h2 class=\"wp-block-heading\">10. \u00c4nderung der Datenschutzbestimmungen<\/h2>\n\n\n\n<p>Die Vereinigung beh\u00e4lt sich vor, im Einklang mit dieser Klausel, jederzeit \u00c4nderungen an den vorliegenden Datenschutzbestimmungen vorzunehmen.<\/p>\n\n\n\n<p>Wenn die Vereinigung die Bestimmungen zum Schutz personenbezogener Daten \u00e4ndert, ver\u00f6ffentlicht sie die neue Fassung auf ihrer Website und aktualisiert das oben in diesen Datenschutzbestimmungen angegebene Datum der \u201eletzten Aktualisierung\u201c.<\/p>\n\n\n\n<p>Die Vereinigung empfiehlt Ihnen daher, diese Seite regelm\u00e4\u00dfig aufzurufen.<\/p>\n<\/div>\n\n\n\n<div style=\"height:48px\" aria-hidden=\"true\" class=\"wp-block-spacer\"><\/div>\n","protected":false},"excerpt":{"rendered":"<p>F\u00fcr die EBMA (European Bio Immune(G)ene Medicine Association), eine Vereinigung nach lokalem Recht mit Sitz in 29, rue Charles Sandherr, 68000 Colmar (im Folgenden die \u201eVereinigung\u201c), hat der Schutz der personenbezogenen Daten, die sie im Rahmen ihrer T\u00e4tigkeit von den Nutzern ihrer Dienstleistungen und der von ihr betriebenen Plattform erhebt und verarbeitet, einen gro\u00dfen Stellenwert. [&hellip;]<\/p>\n","protected":false},"author":778,"featured_media":0,"parent":0,"menu_order":530,"comment_status":"closed","ping_status":"closed","template":"","meta":{"_acf_changed":false,"footnotes":""},"class_list":["post-1627","page","type-page","status-publish","hentry"],"acf":[],"yoast_head":"<!-- This site is optimized with the Yoast SEO plugin v27.3 - https:\/\/yoast.com\/product\/yoast-seo-wordpress\/ -->\n<title>Datenschutzbestimmungen | EBMA Europe<\/title>\n<meta name=\"robots\" content=\"index, follow, max-snippet:-1, max-image-preview:large, max-video-preview:-1\" \/>\n<link rel=\"canonical\" href=\"https:\/\/www.ebma-europe.com\/de\/datenschutzbestimmungen\/\" \/>\n<meta property=\"og:locale\" content=\"de_DE\" \/>\n<meta property=\"og:type\" content=\"article\" \/>\n<meta property=\"og:title\" content=\"Datenschutzbestimmungen\" \/>\n<meta property=\"og:description\" content=\"F\u00fcr die EBMA (European Bio Immune(G)ene Medicine Association), eine Vereinigung nach lokalem Recht mit Sitz in 29, rue Charles Sandherr, 68000 Colmar (im Folgenden die \u201eVereinigung\u201c), hat der Schutz der personenbezogenen Daten, die sie im Rahmen ihrer T\u00e4tigkeit von den Nutzern ihrer Dienstleistungen und der von ihr betriebenen Plattform erhebt und verarbeitet, einen gro\u00dfen Stellenwert. [&hellip;]\" \/>\n<meta property=\"og:url\" content=\"https:\/\/www.ebma-europe.com\/de\/datenschutzbestimmungen\/\" \/>\n<meta property=\"og:site_name\" content=\"EBMA Europe\" \/>\n<meta property=\"article:modified_time\" content=\"2026-01-12T10:05:49+00:00\" \/>\n<meta property=\"og:image\" content=\"https:\/\/www.ebma-europe.com\/wp-inside\/uploads\/2026\/03\/og-ebma.jpg\" \/>\n\t<meta property=\"og:image:width\" content=\"1200\" \/>\n\t<meta property=\"og:image:height\" content=\"675\" \/>\n\t<meta property=\"og:image:type\" content=\"image\/jpeg\" \/>\n<meta name=\"twitter:card\" content=\"summary_large_image\" \/>\n<meta name=\"twitter:label1\" content=\"Gesch\u00e4tzte Lesezeit\" \/>\n\t<meta name=\"twitter:data1\" content=\"7\u00a0Minuten\" \/>\n<script type=\"application\/ld+json\" class=\"yoast-schema-graph\">{\"@context\":\"https:\\\/\\\/schema.org\",\"@graph\":[{\"@type\":\"WebPage\",\"@id\":\"https:\\\/\\\/www.ebma-europe.com\\\/de\\\/datenschutzbestimmungen\\\/\",\"url\":\"https:\\\/\\\/www.ebma-europe.com\\\/de\\\/datenschutzbestimmungen\\\/\",\"name\":\"Datenschutzbestimmungen\",\"isPartOf\":{\"@id\":\"https:\\\/\\\/www.ebma-europe.com\\\/de\\\/#website\"},\"datePublished\":\"2025-09-17T10:09:15+00:00\",\"dateModified\":\"2026-01-12T10:05:49+00:00\",\"breadcrumb\":{\"@id\":\"https:\\\/\\\/www.ebma-europe.com\\\/de\\\/datenschutzbestimmungen\\\/#breadcrumb\"},\"inLanguage\":\"de\",\"potentialAction\":[{\"@type\":\"ReadAction\",\"target\":[\"https:\\\/\\\/www.ebma-europe.com\\\/de\\\/datenschutzbestimmungen\\\/\"]}]},{\"@type\":\"BreadcrumbList\",\"@id\":\"https:\\\/\\\/www.ebma-europe.com\\\/de\\\/datenschutzbestimmungen\\\/#breadcrumb\",\"itemListElement\":[{\"@type\":\"ListItem\",\"position\":1,\"name\":\"Startseite\",\"item\":\"https:\\\/\\\/www.ebma-europe.com\\\/de\\\/accueil\\\/\"},{\"@type\":\"ListItem\",\"position\":2,\"name\":\"Datenschutzbestimmungen\"}]},{\"@type\":\"WebSite\",\"@id\":\"https:\\\/\\\/www.ebma-europe.com\\\/de\\\/#website\",\"url\":\"https:\\\/\\\/www.ebma-europe.com\\\/de\\\/\",\"name\":\"EBMA Europe\",\"description\":\"European Bio Immune(G)ene Medicine Association\",\"publisher\":{\"@id\":\"https:\\\/\\\/www.ebma-europe.com\\\/de\\\/#organization\"},\"alternateName\":\"EBMA\",\"potentialAction\":[{\"@type\":\"SearchAction\",\"target\":{\"@type\":\"EntryPoint\",\"urlTemplate\":\"https:\\\/\\\/www.ebma-europe.com\\\/de\\\/?s={search_term_string}\"},\"query-input\":{\"@type\":\"PropertyValueSpecification\",\"valueRequired\":true,\"valueName\":\"search_term_string\"}}],\"inLanguage\":\"de\"},{\"@type\":\"Organization\",\"@id\":\"https:\\\/\\\/www.ebma-europe.com\\\/de\\\/#organization\",\"name\":\"EBMA Europe\",\"alternateName\":\"EBMA\",\"url\":\"https:\\\/\\\/www.ebma-europe.com\\\/de\\\/\",\"logo\":{\"@type\":\"ImageObject\",\"inLanguage\":\"de\",\"@id\":\"https:\\\/\\\/www.ebma-europe.com\\\/de\\\/#\\\/schema\\\/logo\\\/image\\\/\",\"url\":\"https:\\\/\\\/www.ebma-europe.com\\\/wp-inside\\\/uploads\\\/2026\\\/03\\\/enity-logo-ebma.png\",\"contentUrl\":\"https:\\\/\\\/www.ebma-europe.com\\\/wp-inside\\\/uploads\\\/2026\\\/03\\\/enity-logo-ebma.png\",\"width\":696,\"height\":696,\"caption\":\"EBMA Europe\"},\"image\":{\"@id\":\"https:\\\/\\\/www.ebma-europe.com\\\/de\\\/#\\\/schema\\\/logo\\\/image\\\/\"},\"sameAs\":[\"https:\\\/\\\/fr.linkedin.com\\\/company\\\/ebma-europe\"]}]}<\/script>\n<!-- \/ Yoast SEO plugin. -->","yoast_head_json":{"title":"Datenschutzbestimmungen | EBMA Europe","robots":{"index":"index","follow":"follow","max-snippet":"max-snippet:-1","max-image-preview":"max-image-preview:large","max-video-preview":"max-video-preview:-1"},"canonical":"https:\/\/www.ebma-europe.com\/de\/datenschutzbestimmungen\/","og_locale":"de_DE","og_type":"article","og_title":"Datenschutzbestimmungen","og_description":"F\u00fcr die EBMA (European Bio Immune(G)ene Medicine Association), eine Vereinigung nach lokalem Recht mit Sitz in 29, rue Charles Sandherr, 68000 Colmar (im Folgenden die \u201eVereinigung\u201c), hat der Schutz der personenbezogenen Daten, die sie im Rahmen ihrer T\u00e4tigkeit von den Nutzern ihrer Dienstleistungen und der von ihr betriebenen Plattform erhebt und verarbeitet, einen gro\u00dfen Stellenwert. [&hellip;]","og_url":"https:\/\/www.ebma-europe.com\/de\/datenschutzbestimmungen\/","og_site_name":"EBMA Europe","article_modified_time":"2026-01-12T10:05:49+00:00","og_image":[{"width":1200,"height":675,"url":"https:\/\/www.ebma-europe.com\/wp-inside\/uploads\/2026\/03\/og-ebma.jpg","type":"image\/jpeg"}],"twitter_card":"summary_large_image","twitter_misc":{"Gesch\u00e4tzte Lesezeit":"7\u00a0Minuten"},"schema":{"@context":"https:\/\/schema.org","@graph":[{"@type":"WebPage","@id":"https:\/\/www.ebma-europe.com\/de\/datenschutzbestimmungen\/","url":"https:\/\/www.ebma-europe.com\/de\/datenschutzbestimmungen\/","name":"Datenschutzbestimmungen","isPartOf":{"@id":"https:\/\/www.ebma-europe.com\/de\/#website"},"datePublished":"2025-09-17T10:09:15+00:00","dateModified":"2026-01-12T10:05:49+00:00","breadcrumb":{"@id":"https:\/\/www.ebma-europe.com\/de\/datenschutzbestimmungen\/#breadcrumb"},"inLanguage":"de","potentialAction":[{"@type":"ReadAction","target":["https:\/\/www.ebma-europe.com\/de\/datenschutzbestimmungen\/"]}]},{"@type":"BreadcrumbList","@id":"https:\/\/www.ebma-europe.com\/de\/datenschutzbestimmungen\/#breadcrumb","itemListElement":[{"@type":"ListItem","position":1,"name":"Startseite","item":"https:\/\/www.ebma-europe.com\/de\/accueil\/"},{"@type":"ListItem","position":2,"name":"Datenschutzbestimmungen"}]},{"@type":"WebSite","@id":"https:\/\/www.ebma-europe.com\/de\/#website","url":"https:\/\/www.ebma-europe.com\/de\/","name":"EBMA Europe","description":"European Bio Immune(G)ene Medicine Association","publisher":{"@id":"https:\/\/www.ebma-europe.com\/de\/#organization"},"alternateName":"EBMA","potentialAction":[{"@type":"SearchAction","target":{"@type":"EntryPoint","urlTemplate":"https:\/\/www.ebma-europe.com\/de\/?s={search_term_string}"},"query-input":{"@type":"PropertyValueSpecification","valueRequired":true,"valueName":"search_term_string"}}],"inLanguage":"de"},{"@type":"Organization","@id":"https:\/\/www.ebma-europe.com\/de\/#organization","name":"EBMA Europe","alternateName":"EBMA","url":"https:\/\/www.ebma-europe.com\/de\/","logo":{"@type":"ImageObject","inLanguage":"de","@id":"https:\/\/www.ebma-europe.com\/de\/#\/schema\/logo\/image\/","url":"https:\/\/www.ebma-europe.com\/wp-inside\/uploads\/2026\/03\/enity-logo-ebma.png","contentUrl":"https:\/\/www.ebma-europe.com\/wp-inside\/uploads\/2026\/03\/enity-logo-ebma.png","width":696,"height":696,"caption":"EBMA Europe"},"image":{"@id":"https:\/\/www.ebma-europe.com\/de\/#\/schema\/logo\/image\/"},"sameAs":["https:\/\/fr.linkedin.com\/company\/ebma-europe"]}]}},"_links":{"self":[{"href":"https:\/\/www.ebma-europe.com\/de\/wp-json\/wp\/v2\/pages\/1627","targetHints":{"allow":["GET"]}}],"collection":[{"href":"https:\/\/www.ebma-europe.com\/de\/wp-json\/wp\/v2\/pages"}],"about":[{"href":"https:\/\/www.ebma-europe.com\/de\/wp-json\/wp\/v2\/types\/page"}],"author":[{"embeddable":true,"href":"https:\/\/www.ebma-europe.com\/de\/wp-json\/wp\/v2\/users\/778"}],"replies":[{"embeddable":true,"href":"https:\/\/www.ebma-europe.com\/de\/wp-json\/wp\/v2\/comments?post=1627"}],"version-history":[{"count":1,"href":"https:\/\/www.ebma-europe.com\/de\/wp-json\/wp\/v2\/pages\/1627\/revisions"}],"predecessor-version":[{"id":1630,"href":"https:\/\/www.ebma-europe.com\/de\/wp-json\/wp\/v2\/pages\/1627\/revisions\/1630"}],"wp:attachment":[{"href":"https:\/\/www.ebma-europe.com\/de\/wp-json\/wp\/v2\/media?parent=1627"}],"curies":[{"name":"wp","href":"https:\/\/api.w.org\/{rel}","templated":true}]}}