{"id":1788,"date":"2025-09-24T11:11:19","date_gmt":"2025-09-24T09:11:19","guid":{"rendered":"https:\/\/www.ebma-europe.com\/zellulaere-selbstregulation-und-homoeostase\/"},"modified":"2026-04-08T14:24:10","modified_gmt":"2026-04-08T12:24:10","slug":"zellulaere-selbstregulation-und-homoeostase","status":"publish","type":"page","link":"https:\/\/www.ebma-europe.com\/de\/bigmed\/was-ist-die-bio-immungen-medizin\/zellulaere-selbstregulation-und-homoeostase\/","title":{"rendered":"Zellul\u00e4re Selbstregulation und Hom\u00f6ostase"},"content":{"rendered":"\n<div class=\"wp-block-group alignfull is-style-default has-global-padding is-layout-constrained wp-block-group-is-layout-constrained\" style=\"padding-top:0;padding-bottom:0\">\n<div class=\"wp-block-cover alignfull is-light is-style-default\" style=\"margin-top:0;margin-bottom:0;padding-top:var(--wp--preset--spacing--xl);padding-bottom:var(--wp--preset--spacing--xl);min-height:50px;aspect-ratio:unset;\"><span aria-hidden=\"true\" class=\"wp-block-cover__background has-neutral-100-background-color has-background-dim-100 has-background-dim\"><\/span><div class=\"wp-block-cover__inner-container has-global-padding is-layout-constrained wp-container-core-cover-is-layout-f26b76e4 wp-block-cover-is-layout-constrained\">\n\t<div class=\"has-text-align-center skp-block-breadcrumb wp-block-skp-breadcrumb has-sm-font-size\" id=\"skp-block-breadcrumb-69e36cab475cb0.29699628\">\n\t\t\n<nav\tclass=\"breadcrumb\"\n\taria-label=\"Breadcrumbs\">\n\t<ol class=\"breadcrumb__list\">\n\t\t\t\t\t<li class=\"breadcrumb__item\">\n\t\t\t\t\t\t\t\t\t<a href=\"https:\/\/www.ebma-europe.com\/de\/accueil\/\" class=\"breadcrumb__link\">\n\t\t\t\t\t\tStartseite\t\t\t\t\t<\/a>\n\t\t\t\t\t\t\t\t\t\t\t\t<\/li>\n\t\t\t<\/ol>\n\n\t<\/nav>\t<\/div>\n\n\n<h1 style=\"text-align: center;\" class=\"has-text-align-center skp-block-primary-title wp-block-skp-primary-title\" id=\"skp-block-primary-title-69e36cab491300.75681355\">\n\tZellul\u00e4re Selbstregulation und Hom\u00f6ostase<\/h1>\n\n\n\n<p class=\"has-text-align-center\">Unser Organismus ist st\u00e4ndig gezwungen, sich an unsere <strong>Aktivit\u00e4t <\/strong>(Wach- und Ruhephasen, Verdauung, Stress) und an <strong>Umweltfaktoren<\/strong> (Klima, Umweltverschmutzung, Mikroben) anzupassen. <br><strong>Hom\u00f6ostase<\/strong> ist die F\u00e4higkeit des Organismus, sich an Umweltver\u00e4nderungen anzupassen, um sein inneres Gleichgewicht aufrechtzuerhalten.<\/p>\n<\/div><\/div>\n<\/div>\n\n\n\n<div class=\"wp-block-group alignfull has-global-padding is-layout-constrained wp-block-group-is-layout-constrained\" style=\"margin-top:var(--wp--preset--spacing--2-xl);margin-bottom:var(--wp--preset--spacing--2-xl);padding-top:0;padding-bottom:0\">\n<div class=\"wp-block-columns alignwide is-layout-flex wp-container-core-columns-is-layout-28f84493 wp-block-columns-is-layout-flex\">\n<div class=\"wp-block-column is-layout-flow wp-container-core-column-is-layout-86b72393 wp-block-column-is-layout-flow\">\n<h2 class=\"wp-block-heading\">Die sanfte zellul\u00e4re Harmonie <\/h2>\n\n\n\n<p>Zellul\u00e4re Selbstregulation ist ein Schl\u00fcsselelement der Hom\u00f6ostase. Sie bezeichnet die <strong>internen Mechanismen, durch die eine Zelle ihre eigenen Funktionen anpasst<\/strong>, wie die Proteinsynthese oder den Stoffwechsel, um auf \u00e4u\u00dfere oder innere Reize zu reagieren. Diese Form der \u201ezellul\u00e4ren Intelligenz\u201c gew\u00e4hrleistet eine feine und reversible Anpassung, die f\u00fcr die Erhaltung der Gesundheit des Organismus und die Unterst\u00fctzung von Reparaturprozessen bei externen Angriffen unerl\u00e4sslich ist.  <\/p>\n\n\n\n<p>Die <strong>epigenetischen Mechanismen<\/strong> (wie DNA-Methylierung, Histonmodifikationen oder regulatorische RNAs) greifen direkt in diesen Prozess ein, indem sie die Genexpression modulieren, ohne die DNA-Sequenz zu ver\u00e4ndern.<\/p>\n<\/div>\n\n\n\n<div class=\"wp-block-column is-layout-flow wp-container-core-column-is-layout-86b72393 wp-block-column-is-layout-flow\">\n<h3 class=\"wp-block-heading\">Und wenn die Harmonie verloren geht?<\/h3>\n\n\n\n<p>Es kommt jedoch vor, dass diese Selbstregulationsmechanismen defekt sind und dem Organismus nicht mehr erm\u00f6glichen, ad\u00e4quat auf Reize zu reagieren, was zu einer <strong>zellul\u00e4ren Dysfunktion<\/strong> f\u00fchrt und den Weg f\u00fcr Krankheiten ebnet.<\/p>\n\n\n\n<p>Ziel von BI(G)MED ist es, die Selbstheilungskr\u00e4fte des Organismus wiederherzustellen, indem den Zellen <strong>die notwendige Information zur Stimulierung adaptiver Selbstregulationsmechanismen<\/strong> zugef\u00fchrt wird.<\/p>\n\n\n\n<div class=\"wp-block-buttons is-layout-flex wp-block-buttons-is-layout-flex\">\n<div class=\"wp-block-button is-style-btn-outline-secondary\"><a class=\"wp-block-button__link wp-element-button\">En savoir plus sur la m\u00e9decine \u00e9pig\u00e9n\u00e9tique<\/a><\/div>\n<\/div>\n<\/div>\n<\/div>\n<\/div>\n\n\n\n<div class=\"wp-block-columns alignwide are-vertically-aligned-center is-layout-flex wp-container-core-columns-is-layout-70048779 wp-block-columns-is-layout-flex\" style=\"margin-top:var(--wp--preset--spacing--2-xl);margin-bottom:var(--wp--preset--spacing--2-xl)\">\n<div class=\"wp-block-column is-vertically-aligned-center is-layout-flow wp-block-column-is-layout-flow\">\n<figure class=\"wp-block-gallery has-nested-images columns-default is-cropped wp-block-gallery-1 is-layout-flex wp-block-gallery-is-layout-flex\">\n<figure class=\"wp-block-image size-large\"><img decoding=\"async\" width=\"1024\" height=\"850\" data-id=\"14169\" src=\"https:\/\/www.ebma-europe.com\/wp-inside\/uploads\/2026\/04\/zellulaere-homoeostase-1024x850.png\" alt=\"\" class=\"wp-image-14169\" srcset=\"https:\/\/www.ebma-europe.com\/wp-inside\/uploads\/2026\/04\/zellulaere-homoeostase-1024x850.png 1024w, https:\/\/www.ebma-europe.com\/wp-inside\/uploads\/2026\/04\/zellulaere-homoeostase-300x249.png 300w, https:\/\/www.ebma-europe.com\/wp-inside\/uploads\/2026\/04\/zellulaere-homoeostase-768x637.png 768w, https:\/\/www.ebma-europe.com\/wp-inside\/uploads\/2026\/04\/zellulaere-homoeostase-1536x1275.png 1536w, https:\/\/www.ebma-europe.com\/wp-inside\/uploads\/2026\/04\/zellulaere-homoeostase-600x498.png 600w, https:\/\/www.ebma-europe.com\/wp-inside\/uploads\/2026\/04\/zellulaere-homoeostase.png 1900w\" sizes=\"(max-width: 1024px) 100vw, 1024px\" \/><\/figure>\n<\/figure>\n<\/div>\n\n\n\n<div class=\"wp-block-column is-vertically-aligned-center is-layout-flow wp-container-core-column-is-layout-b4b6c8b9 wp-block-column-is-layout-flow\">\n<h2 class=\"wp-block-heading\">Die zellul\u00e4re Selbstregulation<\/h2>\n\n\n\n<p>Die <strong>zellul\u00e4re Selbstregulation<\/strong> bezieht sich auf die F\u00e4higkeit von Zellen, ein stabiles inneres Gleichgewicht trotz Schwankungen in ihrer Umgebung aufrechtzuerhalten. <\/p>\n\n\n\n<p>Sie basiert auf:<\/p>\n\n\n\n<ul class=\"wp-block-list\">\n<li><strong>Detektionssysteme<\/strong>: Molekulare Sensoren identifizieren Variationen (Temperatur, pH-Wert, N\u00e4hrstoffverf\u00fcgbarkeit usw.) oder Angriffe (Mikroben, Allergene usw.).<\/li>\n\n\n\n<li><strong>Signalwege<\/strong>: Intrazellul\u00e4re Signalkaskaden erm\u00f6glichen die schnelle \u00dcbertragung von Informationen, um die zellul\u00e4re Reaktion anzupassen.<\/li>\n\n\n\n<li><strong>Korrekturmechanismen<\/strong>: Sobald die St\u00f6rung identifiziert ist, aktiviert die Zelle korrigierende Reaktionen, wie die Produktion spezifischer Proteine, die Eliminierung \u00fcbersch\u00fcssiger Molek\u00fcle oder die Anpassung ihres Stoffwechsels.<\/li>\n<\/ul>\n<\/div>\n<\/div>\n\n\n\n<div class=\"wp-block-group alignfull has-global-padding is-content-justification-center is-layout-constrained wp-container-core-group-is-layout-f4d2103b wp-block-group-is-layout-constrained\" style=\"margin-top:var(--wp--preset--spacing--2-xl);margin-bottom:var(--wp--preset--spacing--2-xl);padding-top:0;padding-bottom:0\">\n<h2 class=\"wp-block-heading\">Beispiel: Wie passen sich unsere Zellen an eine kohlenhydratreiche Mahlzeit an? <\/h2>\n\n\n\n<p>Nach der Aufnahme einer kohlenhydratreichen Mahlzeit wird der Anstieg des Blutzuckerspiegels von den Betazellen der Bauchspeicheldr\u00fcse \u00fcber die GLUT2-Glukoserezeptoren detektiert. Dies f\u00fchrt zur Insulinsynthese.  <\/p>\n\n\n\n<p>Dieses Insulin wird wiederum von den Insulinrezeptoren der glatten Muskelzellen und des Fettgewebes detektiert, was zur Synthese von GLUT4-Glukoserezeptoren und von Enzymen f\u00fchrt, die an der Glykolyse und Lipogenese beteiligt sind. <\/p>\n\n\n\n<figure class=\"wp-block-gallery has-nested-images columns-default is-cropped wp-block-gallery-2 is-layout-flex wp-block-gallery-is-layout-flex\">\n<figure class=\"wp-block-image size-large\"><img loading=\"lazy\" decoding=\"async\" width=\"630\" height=\"1024\" data-id=\"14190\" src=\"https:\/\/www.ebma-europe.com\/wp-inside\/uploads\/2026\/04\/beispiel-der-selbstregulation-630x1024.png\" alt=\"selbsregulation\" class=\"wp-image-14190\" srcset=\"https:\/\/www.ebma-europe.com\/wp-inside\/uploads\/2026\/04\/beispiel-der-selbstregulation-630x1024.png 630w, https:\/\/www.ebma-europe.com\/wp-inside\/uploads\/2026\/04\/beispiel-der-selbstregulation-184x300.png 184w, https:\/\/www.ebma-europe.com\/wp-inside\/uploads\/2026\/04\/beispiel-der-selbstregulation-768x1249.png 768w, https:\/\/www.ebma-europe.com\/wp-inside\/uploads\/2026\/04\/beispiel-der-selbstregulation-944x1536.png 944w, https:\/\/www.ebma-europe.com\/wp-inside\/uploads\/2026\/04\/beispiel-der-selbstregulation-600x976.png 600w, https:\/\/www.ebma-europe.com\/wp-inside\/uploads\/2026\/04\/beispiel-der-selbstregulation.png 1200w\" sizes=\"auto, (max-width: 630px) 100vw, 630px\" \/><\/figure>\n<\/figure>\n<\/div>\n\n\n\n<div class=\"wp-block-group alignfull has-global-padding is-layout-constrained wp-block-group-is-layout-constrained\" style=\"margin-top:var(--wp--preset--spacing--2-xl);margin-bottom:var(--wp--preset--spacing--2-xl);padding-top:0;padding-bottom:0\">\n<div style=\"--wp--style--block-gap: var(--wp--preset--spacing--md); padding-top: 0; padding-bottom: 0; margin-top: 0; margin-bottom: 0; padding-top:0;padding-bottom:0;margin-top:0;margin-bottom:0;\" class=\"alignwide skp-feed-page wp-block-query wp-block-skp-acf-feed-page is-layout-flex wp-container-skp-acf-feed-page-is-layout-a59d8411 wp-block-skp-acf-feed-page-is-layout-flex\" id=\"skp-feed-page-block_31074c5046047033a306c5e316f6295e\">\n\t\t\t<ul class=\"skp-feed-page-list wp-block-post-template\">\n\t\t\t\t\t\t\t\t\t\t\t\t<li class=\"skp-feed-page-item wp-block-post page type-page\">\n\t\t\t\t\t\t\n<article\n\tclass=\"post-card page-card wp-block-group has-no-image\">\n\t\n\t<div class=\"page-card__content wp-block-group\">\n\n\t\t<div class=\"page-card__main wp-block-group\">\n\t\t\t<h3 class=\"page-card__title wp-block-post-title\">\n\t\t\t\t<a href=\"https:\/\/www.ebma-europe.com\/de\/bigmed\/was-ist-die-bio-immungen-medizin\/biomimetik-und-ultraniedrige-dosen\/\">Biomimetik und ultraniedrige Dosen<\/a>\n\t\t\t<\/h3>\n\n\t\t\t\t\t\t\t<div class=\"page-card__excerpt wp-block-paragraph\">\n\t\t\t\t\tDie Bio-Immuno(G)en Medizin l\u00e4sst sich von grundlegenden biologischen Prozessen inspirieren, um das Immungleichgewicht wiederherzustellen.\t\t\t\t<\/div>\n\t\t\t\t\t<\/div>\n\n\t\t<div class=\"wp-block-button is-style-btn-outline-secondary\">\n\t\t\t<a href=\"https:\/\/www.ebma-europe.com\/de\/bigmed\/was-ist-die-bio-immungen-medizin\/biomimetik-und-ultraniedrige-dosen\/\" class=\"wp-block-button__link wp-element-button\">\n\t\t\t\tMehr erfahren\t\t\t<\/a>\n\t\t<\/div>\n\n\t<\/div>\n<\/article>\t\t\t\t\t<\/li>\n\t\t\t\t\t\t\t\t\t\t\t\t\t\t\t\t<li class=\"skp-feed-page-item wp-block-post page type-page\">\n\t\t\t\t\t\t\n<article\n\tclass=\"post-card page-card wp-block-group has-no-image\">\n\t\n\t<div class=\"page-card__content wp-block-group\">\n\n\t\t<div class=\"page-card__main wp-block-group\">\n\t\t\t<h3 class=\"page-card__title wp-block-post-title\">\n\t\t\t\t<a href=\"https:\/\/www.ebma-europe.com\/de\/bigmed\/was-ist-die-bio-immungen-medizin\/epigenetik-und-nicht-kodierende-rna\/\">Epigenetik und nicht-kodierende RNA<\/a>\n\t\t\t<\/h3>\n\n\t\t\t\t\t\t\t<div class=\"page-card__excerpt wp-block-paragraph\">\n\t\t\t\t\tDie Epigenetik umfasst alle Prozesse, die die Genaktivit\u00e4t ver\u00e4ndern, ohne die DNA-Sequenz zu beeinflussen.\t\t\t\t<\/div>\n\t\t\t\t\t<\/div>\n\n\t\t<div class=\"wp-block-button is-style-btn-outline-secondary\">\n\t\t\t<a href=\"https:\/\/www.ebma-europe.com\/de\/bigmed\/was-ist-die-bio-immungen-medizin\/epigenetik-und-nicht-kodierende-rna\/\" class=\"wp-block-button__link wp-element-button\">\n\t\t\t\tMehr erfahren\t\t\t<\/a>\n\t\t<\/div>\n\n\t<\/div>\n<\/article>\t\t\t\t\t<\/li>\n\t\t\t\t\t\t\t\t\t\t\t\t\t\t\t\t<li class=\"skp-feed-page-item wp-block-post page type-page\">\n\t\t\t\t\t\t\n<article\n\tclass=\"post-card page-card wp-block-group has-no-image\">\n\t\n\t<div class=\"page-card__content wp-block-group\">\n\n\t\t<div class=\"page-card__main wp-block-group\">\n\t\t\t<h3 class=\"page-card__title wp-block-post-title\">\n\t\t\t\t<a href=\"https:\/\/www.ebma-europe.com\/de\/bigmed\/was-ist-die-bio-immungen-medizin\/\">Was ist die Bio-Immun(G)en Medizin?<\/a>\n\t\t\t<\/h3>\n\n\t\t\t\t\t\t\t<div class=\"page-card__excerpt wp-block-paragraph\">\n\t\t\t\t\tBI(G)MED steht f\u00fcr Bio-Immun(G)en Medizin. Dieser innovative medizinische Ansatz zielt darauf ab, die nat\u00fcrliche Selbstregulation der Zellen wiederherzustellen.\t\t\t\t<\/div>\n\t\t\t\t\t<\/div>\n\n\t\t<div class=\"wp-block-button is-style-btn-outline-secondary\">\n\t\t\t<a href=\"https:\/\/www.ebma-europe.com\/de\/bigmed\/was-ist-die-bio-immungen-medizin\/\" class=\"wp-block-button__link wp-element-button\">\n\t\t\t\tMehr erfahren\t\t\t<\/a>\n\t\t<\/div>\n\n\t<\/div>\n<\/article>\t\t\t\t\t<\/li>\n\t\t\t\t\t\t\t\t\t<\/ul>\n\t<\/div>\n<\/div>\n","protected":false},"excerpt":{"rendered":"<p>Hom\u00f6ostase ist die F\u00e4higkeit des Organismus, sich an Umweltver\u00e4nderungen anzupassen, um sein inneres Gleichgewicht aufrechtzuerhalten.<\/p>\n","protected":false},"author":778,"featured_media":0,"parent":9720,"menu_order":0,"comment_status":"closed","ping_status":"closed","template":"","meta":{"_acf_changed":false,"footnotes":""},"class_list":["post-1788","page","type-page","status-publish","hentry"],"acf":[],"yoast_head":"<!-- This site is optimized with the Yoast SEO plugin v27.4 - https:\/\/yoast.com\/product\/yoast-seo-wordpress\/ -->\n<title>Hom\u00f6ostase und zellul\u00e4re Selbstregulation | EBMA Europe<\/title>\n<meta name=\"description\" content=\"Ziel von BI(G)MED ist es, die Selbstheilungskr\u00e4fte des Organismus wiederherzustellen, indem die adaptiven Selbstregulationsmechanismen der Zellen stimuliert werden.\" \/>\n<meta name=\"robots\" content=\"index, follow, max-snippet:-1, max-image-preview:large, max-video-preview:-1\" \/>\n<link rel=\"canonical\" href=\"https:\/\/www.ebma-europe.com\/de\/bigmed\/was-ist-die-bio-immungen-medizin\/zellulaere-selbstregulation-und-homoeostase\/\" \/>\n<meta property=\"og:locale\" content=\"de_DE\" \/>\n<meta property=\"og:type\" content=\"article\" \/>\n<meta property=\"og:title\" content=\"Hom\u00f6ostase und zellul\u00e4re Selbstregulation | EBMA Europe\" \/>\n<meta property=\"og:description\" content=\"Ziel von BI(G)MED ist es, die Selbstheilungskr\u00e4fte des Organismus wiederherzustellen, indem die adaptiven Selbstregulationsmechanismen der Zellen stimuliert werden.\" \/>\n<meta property=\"og:url\" content=\"https:\/\/www.ebma-europe.com\/de\/bigmed\/was-ist-die-bio-immungen-medizin\/zellulaere-selbstregulation-und-homoeostase\/\" \/>\n<meta property=\"og:site_name\" content=\"EBMA Europe\" \/>\n<meta property=\"article:modified_time\" content=\"2026-04-08T12:24:10+00:00\" \/>\n<meta property=\"og:image\" content=\"https:\/\/www.ebma-europe.com\/wp-inside\/uploads\/2026\/04\/zellulaere-homoeostase.png\" \/>\n\t<meta property=\"og:image:width\" content=\"1900\" \/>\n\t<meta property=\"og:image:height\" content=\"1577\" \/>\n\t<meta property=\"og:image:type\" content=\"image\/png\" \/>\n<meta name=\"twitter:card\" content=\"summary_large_image\" \/>\n<meta name=\"twitter:label1\" content=\"Gesch\u00e4tzte Lesezeit\" \/>\n\t<meta name=\"twitter:data1\" content=\"2\u00a0Minuten\" \/>\n<script type=\"application\/ld+json\" class=\"yoast-schema-graph\">{\"@context\":\"https:\\\/\\\/schema.org\",\"@graph\":[{\"@type\":\"WebPage\",\"@id\":\"https:\\\/\\\/www.ebma-europe.com\\\/de\\\/bigmed\\\/was-ist-die-bio-immungen-medizin\\\/zellulaere-selbstregulation-und-homoeostase\\\/\",\"url\":\"https:\\\/\\\/www.ebma-europe.com\\\/de\\\/bigmed\\\/was-ist-die-bio-immungen-medizin\\\/zellulaere-selbstregulation-und-homoeostase\\\/\",\"name\":\"Hom\u00f6ostase und zellul\u00e4re Selbstregulation | EBMA Europe\",\"isPartOf\":{\"@id\":\"https:\\\/\\\/www.ebma-europe.com\\\/de\\\/#website\"},\"primaryImageOfPage\":{\"@id\":\"https:\\\/\\\/www.ebma-europe.com\\\/de\\\/bigmed\\\/was-ist-die-bio-immungen-medizin\\\/zellulaere-selbstregulation-und-homoeostase\\\/#primaryimage\"},\"image\":{\"@id\":\"https:\\\/\\\/www.ebma-europe.com\\\/de\\\/bigmed\\\/was-ist-die-bio-immungen-medizin\\\/zellulaere-selbstregulation-und-homoeostase\\\/#primaryimage\"},\"thumbnailUrl\":\"https:\\\/\\\/www.ebma-europe.com\\\/wp-inside\\\/uploads\\\/2026\\\/04\\\/zellulaere-homoeostase-1024x850.png\",\"datePublished\":\"2025-09-24T09:11:19+00:00\",\"dateModified\":\"2026-04-08T12:24:10+00:00\",\"description\":\"Ziel von BI(G)MED ist es, die Selbstheilungskr\u00e4fte des Organismus wiederherzustellen, indem die adaptiven Selbstregulationsmechanismen der Zellen stimuliert werden.\",\"breadcrumb\":{\"@id\":\"https:\\\/\\\/www.ebma-europe.com\\\/de\\\/bigmed\\\/was-ist-die-bio-immungen-medizin\\\/zellulaere-selbstregulation-und-homoeostase\\\/#breadcrumb\"},\"inLanguage\":\"de\",\"potentialAction\":[{\"@type\":\"ReadAction\",\"target\":[\"https:\\\/\\\/www.ebma-europe.com\\\/de\\\/bigmed\\\/was-ist-die-bio-immungen-medizin\\\/zellulaere-selbstregulation-und-homoeostase\\\/\"]}]},{\"@type\":\"ImageObject\",\"inLanguage\":\"de\",\"@id\":\"https:\\\/\\\/www.ebma-europe.com\\\/de\\\/bigmed\\\/was-ist-die-bio-immungen-medizin\\\/zellulaere-selbstregulation-und-homoeostase\\\/#primaryimage\",\"url\":\"https:\\\/\\\/www.ebma-europe.com\\\/wp-inside\\\/uploads\\\/2026\\\/04\\\/zellulaere-homoeostase-1024x850.png\",\"contentUrl\":\"https:\\\/\\\/www.ebma-europe.com\\\/wp-inside\\\/uploads\\\/2026\\\/04\\\/zellulaere-homoeostase-1024x850.png\"},{\"@type\":\"BreadcrumbList\",\"@id\":\"https:\\\/\\\/www.ebma-europe.com\\\/de\\\/bigmed\\\/was-ist-die-bio-immungen-medizin\\\/zellulaere-selbstregulation-und-homoeostase\\\/#breadcrumb\",\"itemListElement\":[{\"@type\":\"ListItem\",\"position\":1,\"name\":\"Startseite\",\"item\":\"https:\\\/\\\/www.ebma-europe.com\\\/de\\\/accueil\\\/\"},{\"@type\":\"ListItem\",\"position\":2,\"name\":\"BIGMED\",\"item\":\"https:\\\/\\\/www.ebma-europe.com\\\/de\\\/bigmed\\\/\"},{\"@type\":\"ListItem\",\"position\":3,\"name\":\"Was ist die Bio-Immun(G)en Medizin?\",\"item\":\"https:\\\/\\\/www.ebma-europe.com\\\/de\\\/bigmed\\\/was-ist-die-bio-immungen-medizin\\\/\"},{\"@type\":\"ListItem\",\"position\":4,\"name\":\"Zellul\u00e4re Selbstregulation und Hom\u00f6ostase\"}]},{\"@type\":\"WebSite\",\"@id\":\"https:\\\/\\\/www.ebma-europe.com\\\/de\\\/#website\",\"url\":\"https:\\\/\\\/www.ebma-europe.com\\\/de\\\/\",\"name\":\"EBMA Europe\",\"description\":\"European Bio Immune(G)ene Medicine Association\",\"publisher\":{\"@id\":\"https:\\\/\\\/www.ebma-europe.com\\\/de\\\/#organization\"},\"alternateName\":\"EBMA\",\"potentialAction\":[{\"@type\":\"SearchAction\",\"target\":{\"@type\":\"EntryPoint\",\"urlTemplate\":\"https:\\\/\\\/www.ebma-europe.com\\\/de\\\/?s={search_term_string}\"},\"query-input\":{\"@type\":\"PropertyValueSpecification\",\"valueRequired\":true,\"valueName\":\"search_term_string\"}}],\"inLanguage\":\"de\"},{\"@type\":\"Organization\",\"@id\":\"https:\\\/\\\/www.ebma-europe.com\\\/de\\\/#organization\",\"name\":\"EBMA Europe\",\"alternateName\":\"EBMA\",\"url\":\"https:\\\/\\\/www.ebma-europe.com\\\/de\\\/\",\"logo\":{\"@type\":\"ImageObject\",\"inLanguage\":\"de\",\"@id\":\"https:\\\/\\\/www.ebma-europe.com\\\/de\\\/#\\\/schema\\\/logo\\\/image\\\/\",\"url\":\"https:\\\/\\\/www.ebma-europe.com\\\/wp-inside\\\/uploads\\\/2026\\\/03\\\/enity-logo-ebma.png\",\"contentUrl\":\"https:\\\/\\\/www.ebma-europe.com\\\/wp-inside\\\/uploads\\\/2026\\\/03\\\/enity-logo-ebma.png\",\"width\":696,\"height\":696,\"caption\":\"EBMA Europe\"},\"image\":{\"@id\":\"https:\\\/\\\/www.ebma-europe.com\\\/de\\\/#\\\/schema\\\/logo\\\/image\\\/\"},\"sameAs\":[\"https:\\\/\\\/fr.linkedin.com\\\/company\\\/ebma-europe\"]}]}<\/script>\n<!-- \/ Yoast SEO plugin. -->","yoast_head_json":{"title":"Hom\u00f6ostase und zellul\u00e4re Selbstregulation | EBMA Europe","description":"Ziel von BI(G)MED ist es, die Selbstheilungskr\u00e4fte des Organismus wiederherzustellen, indem die adaptiven Selbstregulationsmechanismen der Zellen stimuliert werden.","robots":{"index":"index","follow":"follow","max-snippet":"max-snippet:-1","max-image-preview":"max-image-preview:large","max-video-preview":"max-video-preview:-1"},"canonical":"https:\/\/www.ebma-europe.com\/de\/bigmed\/was-ist-die-bio-immungen-medizin\/zellulaere-selbstregulation-und-homoeostase\/","og_locale":"de_DE","og_type":"article","og_title":"Hom\u00f6ostase und zellul\u00e4re Selbstregulation | EBMA Europe","og_description":"Ziel von BI(G)MED ist es, die Selbstheilungskr\u00e4fte des Organismus wiederherzustellen, indem die adaptiven Selbstregulationsmechanismen der Zellen stimuliert werden.","og_url":"https:\/\/www.ebma-europe.com\/de\/bigmed\/was-ist-die-bio-immungen-medizin\/zellulaere-selbstregulation-und-homoeostase\/","og_site_name":"EBMA Europe","article_modified_time":"2026-04-08T12:24:10+00:00","og_image":[{"width":1900,"height":1577,"url":"https:\/\/www.ebma-europe.com\/wp-inside\/uploads\/2026\/04\/zellulaere-homoeostase.png","type":"image\/png"}],"twitter_card":"summary_large_image","twitter_misc":{"Gesch\u00e4tzte Lesezeit":"2\u00a0Minuten"},"schema":{"@context":"https:\/\/schema.org","@graph":[{"@type":"WebPage","@id":"https:\/\/www.ebma-europe.com\/de\/bigmed\/was-ist-die-bio-immungen-medizin\/zellulaere-selbstregulation-und-homoeostase\/","url":"https:\/\/www.ebma-europe.com\/de\/bigmed\/was-ist-die-bio-immungen-medizin\/zellulaere-selbstregulation-und-homoeostase\/","name":"Hom\u00f6ostase und zellul\u00e4re Selbstregulation | EBMA Europe","isPartOf":{"@id":"https:\/\/www.ebma-europe.com\/de\/#website"},"primaryImageOfPage":{"@id":"https:\/\/www.ebma-europe.com\/de\/bigmed\/was-ist-die-bio-immungen-medizin\/zellulaere-selbstregulation-und-homoeostase\/#primaryimage"},"image":{"@id":"https:\/\/www.ebma-europe.com\/de\/bigmed\/was-ist-die-bio-immungen-medizin\/zellulaere-selbstregulation-und-homoeostase\/#primaryimage"},"thumbnailUrl":"https:\/\/www.ebma-europe.com\/wp-inside\/uploads\/2026\/04\/zellulaere-homoeostase-1024x850.png","datePublished":"2025-09-24T09:11:19+00:00","dateModified":"2026-04-08T12:24:10+00:00","description":"Ziel von BI(G)MED ist es, die Selbstheilungskr\u00e4fte des Organismus wiederherzustellen, indem die adaptiven Selbstregulationsmechanismen der Zellen stimuliert werden.","breadcrumb":{"@id":"https:\/\/www.ebma-europe.com\/de\/bigmed\/was-ist-die-bio-immungen-medizin\/zellulaere-selbstregulation-und-homoeostase\/#breadcrumb"},"inLanguage":"de","potentialAction":[{"@type":"ReadAction","target":["https:\/\/www.ebma-europe.com\/de\/bigmed\/was-ist-die-bio-immungen-medizin\/zellulaere-selbstregulation-und-homoeostase\/"]}]},{"@type":"ImageObject","inLanguage":"de","@id":"https:\/\/www.ebma-europe.com\/de\/bigmed\/was-ist-die-bio-immungen-medizin\/zellulaere-selbstregulation-und-homoeostase\/#primaryimage","url":"https:\/\/www.ebma-europe.com\/wp-inside\/uploads\/2026\/04\/zellulaere-homoeostase-1024x850.png","contentUrl":"https:\/\/www.ebma-europe.com\/wp-inside\/uploads\/2026\/04\/zellulaere-homoeostase-1024x850.png"},{"@type":"BreadcrumbList","@id":"https:\/\/www.ebma-europe.com\/de\/bigmed\/was-ist-die-bio-immungen-medizin\/zellulaere-selbstregulation-und-homoeostase\/#breadcrumb","itemListElement":[{"@type":"ListItem","position":1,"name":"Startseite","item":"https:\/\/www.ebma-europe.com\/de\/accueil\/"},{"@type":"ListItem","position":2,"name":"BIGMED","item":"https:\/\/www.ebma-europe.com\/de\/bigmed\/"},{"@type":"ListItem","position":3,"name":"Was ist die Bio-Immun(G)en Medizin?","item":"https:\/\/www.ebma-europe.com\/de\/bigmed\/was-ist-die-bio-immungen-medizin\/"},{"@type":"ListItem","position":4,"name":"Zellul\u00e4re Selbstregulation und Hom\u00f6ostase"}]},{"@type":"WebSite","@id":"https:\/\/www.ebma-europe.com\/de\/#website","url":"https:\/\/www.ebma-europe.com\/de\/","name":"EBMA Europe","description":"European Bio Immune(G)ene Medicine Association","publisher":{"@id":"https:\/\/www.ebma-europe.com\/de\/#organization"},"alternateName":"EBMA","potentialAction":[{"@type":"SearchAction","target":{"@type":"EntryPoint","urlTemplate":"https:\/\/www.ebma-europe.com\/de\/?s={search_term_string}"},"query-input":{"@type":"PropertyValueSpecification","valueRequired":true,"valueName":"search_term_string"}}],"inLanguage":"de"},{"@type":"Organization","@id":"https:\/\/www.ebma-europe.com\/de\/#organization","name":"EBMA Europe","alternateName":"EBMA","url":"https:\/\/www.ebma-europe.com\/de\/","logo":{"@type":"ImageObject","inLanguage":"de","@id":"https:\/\/www.ebma-europe.com\/de\/#\/schema\/logo\/image\/","url":"https:\/\/www.ebma-europe.com\/wp-inside\/uploads\/2026\/03\/enity-logo-ebma.png","contentUrl":"https:\/\/www.ebma-europe.com\/wp-inside\/uploads\/2026\/03\/enity-logo-ebma.png","width":696,"height":696,"caption":"EBMA Europe"},"image":{"@id":"https:\/\/www.ebma-europe.com\/de\/#\/schema\/logo\/image\/"},"sameAs":["https:\/\/fr.linkedin.com\/company\/ebma-europe"]}]}},"_links":{"self":[{"href":"https:\/\/www.ebma-europe.com\/de\/wp-json\/wp\/v2\/pages\/1788","targetHints":{"allow":["GET"]}}],"collection":[{"href":"https:\/\/www.ebma-europe.com\/de\/wp-json\/wp\/v2\/pages"}],"about":[{"href":"https:\/\/www.ebma-europe.com\/de\/wp-json\/wp\/v2\/types\/page"}],"author":[{"embeddable":true,"href":"https:\/\/www.ebma-europe.com\/de\/wp-json\/wp\/v2\/users\/778"}],"replies":[{"embeddable":true,"href":"https:\/\/www.ebma-europe.com\/de\/wp-json\/wp\/v2\/comments?post=1788"}],"version-history":[{"count":7,"href":"https:\/\/www.ebma-europe.com\/de\/wp-json\/wp\/v2\/pages\/1788\/revisions"}],"predecessor-version":[{"id":14191,"href":"https:\/\/www.ebma-europe.com\/de\/wp-json\/wp\/v2\/pages\/1788\/revisions\/14191"}],"up":[{"embeddable":true,"href":"https:\/\/www.ebma-europe.com\/de\/wp-json\/wp\/v2\/pages\/9720"}],"wp:attachment":[{"href":"https:\/\/www.ebma-europe.com\/de\/wp-json\/wp\/v2\/media?parent=1788"}],"curies":[{"name":"wp","href":"https:\/\/api.w.org\/{rel}","templated":true}]}}