{"id":9718,"date":"2025-09-17T11:38:34","date_gmt":"2025-09-17T09:38:34","guid":{"rendered":"https:\/\/www.ebma-europe.com\/bigmed\/"},"modified":"2026-03-11T10:08:06","modified_gmt":"2026-03-11T09:08:06","slug":"bigmed","status":"publish","type":"page","link":"https:\/\/www.ebma-europe.com\/de\/bigmed\/","title":{"rendered":"BIGMED"},"content":{"rendered":"\n<div class=\"wp-block-group alignfull is-style-default has-global-padding is-layout-constrained wp-block-group-is-layout-constrained\" style=\"padding-top:0;padding-bottom:0\">\n<div class=\"wp-block-cover alignfull is-light is-style-default\" style=\"margin-top:0;margin-bottom:0;padding-top:var(--wp--preset--spacing--xl);padding-bottom:var(--wp--preset--spacing--xl);min-height:50px;aspect-ratio:unset;\"><span aria-hidden=\"true\" class=\"wp-block-cover__background has-neutral-100-background-color has-background-dim-100 has-background-dim\"><\/span><div class=\"wp-block-cover__inner-container has-global-padding is-layout-constrained wp-container-core-cover-is-layout-f26b76e4 wp-block-cover-is-layout-constrained\">\n\t<div class=\"has-text-align-center skp-block-breadcrumb wp-block-skp-breadcrumb has-sm-font-size\" id=\"skp-block-breadcrumb-69e3073e1a4f89.01915976\">\n\t\t\n<nav\tclass=\"breadcrumb\"\n\taria-label=\"Breadcrumbs\">\n\t<ol class=\"breadcrumb__list\">\n\t\t\t\t\t<li class=\"breadcrumb__item\">\n\t\t\t\t\t\t\t\t\t<a href=\"https:\/\/www.ebma-europe.com\/de\/accueil\/\" class=\"breadcrumb__link\">\n\t\t\t\t\t\tStartseite\t\t\t\t\t<\/a>\n\t\t\t\t\t\t\t\t\t\t\t\t<\/li>\n\t\t\t<\/ol>\n\n\t<\/nav>\t<\/div>\n\n\n<h1 style=\"text-align: center;\" class=\"has-text-align-center skp-block-primary-title wp-block-skp-primary-title\" id=\"skp-block-primary-title-69e3073e1c0cb9.49447448\">\n\tBIGMED<\/h1>\n\n\n\n<p class=\"has-text-align-center\"><\/p>\n<\/div><\/div>\n<\/div>\n\n<div class=\"wp-block-group alignwide has-global-padding is-layout-constrained wp-block-group-is-layout-constrained\" style=\"margin-top:var(--wp--preset--spacing--md);margin-bottom:var(--wp--preset--spacing--md)\">\n<div data-wp-context=\"{}\" data-wp-interactive=\"core\/query\" data-wp-key=\"3\" data-wp-router-region=\"query-3\" class=\"wp-block-query alignwide has-global-padding is-layout-constrained wp-block-query-is-layout-constrained\"><ul class=\"alignwide wp-block-post-template is-layout-grid wp-container-core-post-template-is-layout-db4bfc87 wp-block-post-template-is-layout-grid is-content-justification-center post-template-1\"><li data-wp-key=\"post-template-item-9744\" class=\"wp-block-post post-9744 page type-page status-publish hentry\">\n<div class=\"skp-block-post-card wp-block-skp-post-card skp-no-results\" id=\"skp-block-post-card-69e3073e1ffd61.04996411\">\n<article\n\tclass=\"post-card page-card wp-block-group has-no-image\">\n\t\n\t<div class=\"page-card__content wp-block-group\">\n\n\t\t<div class=\"page-card__main wp-block-group\">\n\t\t\t<h3 class=\"page-card__title wp-block-post-title\">\n\t\t\t\t<a href=\"https:\/\/www.ebma-europe.com\/de\/bigmed\/der-bigmed-ansatz\/\">Der BI(G)MED-Ansatz<\/a>\n\t\t\t<\/h3>\n\n\t\t\t\t\t\t\t<div class=\"page-card__excerpt wp-block-paragraph\">\n\t\t\t\t\tBI(G)MED ist ein umfassender medizinischer Ansatz, der eine Pr\u00e4zisionsdiagnose und eine personalisierte Therapie koh\u00e4rent miteinander verbindet.\t\t\t\t<\/div>\n\t\t\t\t\t<\/div>\n\n\t\t<div class=\"wp-block-button is-style-btn-outline-secondary\">\n\t\t\t<a href=\"https:\/\/www.ebma-europe.com\/de\/bigmed\/der-bigmed-ansatz\/\" class=\"wp-block-button__link wp-element-button\">\n\t\t\t\tMehr erfahren\t\t\t<\/a>\n\t\t<\/div>\n\n\t<\/div>\n<\/article><\/div>\n<\/li><li data-wp-key=\"post-template-item-9730\" class=\"wp-block-post post-9730 page type-page status-publish hentry\">\n<div class=\"skp-block-post-card wp-block-skp-post-card\" id=\"skp-block-post-card-69e3073e22cee0.54040718\">\n<article\n\tclass=\"post-card page-card wp-block-group has-no-image\">\n\t\n\t<div class=\"page-card__content wp-block-group\">\n\n\t\t<div class=\"page-card__main wp-block-group\">\n\t\t\t<h3 class=\"page-card__title wp-block-post-title\">\n\t\t\t\t<a href=\"https:\/\/www.ebma-europe.com\/de\/bigmed\/die-urspruenge-der-bigmed\/\">Die Urspr\u00fcnge der BI(G)MED<\/a>\n\t\t\t<\/h3>\n\n\t\t\t\t\t\t\t<div class=\"page-card__excerpt wp-block-paragraph\">\n\t\t\t\t\tIm Jahr 2010 gr\u00fcndete Dr. Glady die Bio-Immuno(G)en Medizin (BI(G)MED), indem er diese Entdeckungen in der Mikroimmuntherapie integrierte, um die Genexpression mithilfe von microRNAs besser zu modulieren.\t\t\t\t<\/div>\n\t\t\t\t\t<\/div>\n\n\t\t<div class=\"wp-block-button is-style-btn-outline-secondary\">\n\t\t\t<a href=\"https:\/\/www.ebma-europe.com\/de\/bigmed\/die-urspruenge-der-bigmed\/\" class=\"wp-block-button__link wp-element-button\">\n\t\t\t\tMehr erfahren\t\t\t<\/a>\n\t\t<\/div>\n\n\t<\/div>\n<\/article><\/div>\n<\/li><li data-wp-key=\"post-template-item-9737\" class=\"wp-block-post post-9737 page type-page status-publish hentry\">\n<div class=\"skp-block-post-card wp-block-skp-post-card\" id=\"skp-block-post-card-69e3073e2541c9.81594438\">\n<article\n\tclass=\"post-card page-card wp-block-group has-no-image\">\n\t\n\t<div class=\"page-card__content wp-block-group\">\n\n\t\t<div class=\"page-card__main wp-block-group\">\n\t\t\t<h3 class=\"page-card__title wp-block-post-title\">\n\t\t\t\t<a href=\"https:\/\/www.ebma-europe.com\/de\/bigmed\/dr-gilbert-glady\/\">Dr. Gilbert Glady<\/a>\n\t\t\t<\/h3>\n\n\t\t\t\t\t\t\t<div class=\"page-card__excerpt wp-block-paragraph\">\n\t\t\t\t\tDr. Gilbert Glady ist der Begr\u00fcnder der Bio-Immun(G)en Medizin, Gr\u00fcnder und Pr\u00e4sident der Europ\u00e4ischen Gesellschaft f\u00fcr Bio-Immuno(G)enetische Medizin.\t\t\t\t<\/div>\n\t\t\t\t\t<\/div>\n\n\t\t<div class=\"wp-block-button is-style-btn-outline-secondary\">\n\t\t\t<a href=\"https:\/\/www.ebma-europe.com\/de\/bigmed\/dr-gilbert-glady\/\" class=\"wp-block-button__link wp-element-button\">\n\t\t\t\tMehr erfahren\t\t\t<\/a>\n\t\t<\/div>\n\n\t<\/div>\n<\/article><\/div>\n<\/li><li data-wp-key=\"post-template-item-9789\" class=\"wp-block-post post-9789 page type-page status-publish hentry\">\n<div class=\"skp-block-post-card wp-block-skp-post-card\" id=\"skp-block-post-card-69e3073e2797e9.20584861\">\n<article\n\tclass=\"post-card page-card wp-block-group has-no-image\">\n\t\n\t<div class=\"page-card__content wp-block-group\">\n\n\t\t<div class=\"page-card__main wp-block-group\">\n\t\t\t<h3 class=\"page-card__title wp-block-post-title\">\n\t\t\t\t<a href=\"https:\/\/www.ebma-europe.com\/de\/bigmed\/referenzen\/\">Referenzen<\/a>\n\t\t\t<\/h3>\n\n\t\t\t\t\t\t\t<div class=\"page-card__excerpt wp-block-paragraph\">\n\t\t\t\t\tLesen Sie die Erfahrungsberichte von \u00c4rzten und Patienten, die die BI(G)MED-Methode angewendet haben. Die BIGMED ist eine realistische und wissenschaftliche M\u00f6glichkeit, den Patienten ganzheitlich und mit Aussicht auf Besserung oder sogar Heilung von chronischen oder durch konventionelle Behandlungen chronisch gewordenen Krankheiten zu behandeln.Beruflich bin ich von BI(G)MED begeistert und voll involviert. Dr. Bego\u00f1a S. Doktor&#8230;\t\t\t\t<\/div>\n\t\t\t\t\t<\/div>\n\n\t\t<div class=\"wp-block-button is-style-btn-outline-secondary\">\n\t\t\t<a href=\"https:\/\/www.ebma-europe.com\/de\/bigmed\/referenzen\/\" class=\"wp-block-button__link wp-element-button\">\n\t\t\t\tMehr erfahren\t\t\t<\/a>\n\t\t<\/div>\n\n\t<\/div>\n<\/article><\/div>\n<\/li><li data-wp-key=\"post-template-item-10141\" class=\"wp-block-post post-10141 page type-page status-publish hentry\">\n<div class=\"skp-block-post-card wp-block-skp-post-card\" id=\"skp-block-post-card-69e3073e294981.22524016\">\n<article\n\tclass=\"post-card page-card wp-block-group has-no-image\">\n\t\n\t<div class=\"page-card__content wp-block-group\">\n\n\t\t<div class=\"page-card__main wp-block-group\">\n\t\t\t<h3 class=\"page-card__title wp-block-post-title\">\n\t\t\t\t<a href=\"https:\/\/www.ebma-europe.com\/de\/bigmed\/therapeutenverzeichnis\/\">Therapeutenverzeichnis<\/a>\n\t\t\t<\/h3>\n\n\t\t\t\t\t<\/div>\n\n\t\t<div class=\"wp-block-button is-style-btn-outline-secondary\">\n\t\t\t<a href=\"https:\/\/www.ebma-europe.com\/de\/bigmed\/therapeutenverzeichnis\/\" class=\"wp-block-button__link wp-element-button\">\n\t\t\t\tMehr erfahren\t\t\t<\/a>\n\t\t<\/div>\n\n\t<\/div>\n<\/article><\/div>\n<\/li><li data-wp-key=\"post-template-item-9783\" class=\"wp-block-post post-9783 page type-page status-publish hentry\">\n<div class=\"skp-block-post-card wp-block-skp-post-card\" id=\"skp-block-post-card-69e3073e2ae8c4.34483471\">\n<article\n\tclass=\"post-card page-card wp-block-group has-no-image\">\n\t\n\t<div class=\"page-card__content wp-block-group\">\n\n\t\t<div class=\"page-card__main wp-block-group\">\n\t\t\t<h3 class=\"page-card__title wp-block-post-title\">\n\t\t\t\t<a href=\"https:\/\/www.ebma-europe.com\/de\/bigmed\/therapiebereiche\/\">Therapiebereiche<\/a>\n\t\t\t<\/h3>\n\n\t\t\t\t\t\t\t<div class=\"page-card__excerpt wp-block-paragraph\">\n\t\t\t\t\tEs ist m\u00f6glich, auf zellul\u00e4rer Ebene einzuwirken, um die gest\u00f6rte Hom\u00f6ostase bei jeder Art von Pathologie wiederherzustellen: Infektionskrankheiten, Autoimmunerkrankungen, Herz-Kreislauf-Erkrankungen, Stoffwechselerkrankungen, neurodegenerativen Erkrankungen, Krebs\u2026\t\t\t\t<\/div>\n\t\t\t\t\t<\/div>\n\n\t\t<div class=\"wp-block-button is-style-btn-outline-secondary\">\n\t\t\t<a href=\"https:\/\/www.ebma-europe.com\/de\/bigmed\/therapiebereiche\/\" class=\"wp-block-button__link wp-element-button\">\n\t\t\t\tMehr erfahren\t\t\t<\/a>\n\t\t<\/div>\n\n\t<\/div>\n<\/article><\/div>\n<\/li><li data-wp-key=\"post-template-item-9720\" class=\"wp-block-post post-9720 page type-page status-publish hentry\">\n<div class=\"skp-block-post-card wp-block-skp-post-card\" id=\"skp-block-post-card-69e3073e2c9ce7.43077176\">\n<article\n\tclass=\"post-card page-card wp-block-group has-no-image\">\n\t\n\t<div class=\"page-card__content wp-block-group\">\n\n\t\t<div class=\"page-card__main wp-block-group\">\n\t\t\t<h3 class=\"page-card__title wp-block-post-title\">\n\t\t\t\t<a href=\"https:\/\/www.ebma-europe.com\/de\/bigmed\/was-ist-die-bio-immungen-medizin\/\">Was ist die Bio-Immun(G)en Medizin?<\/a>\n\t\t\t<\/h3>\n\n\t\t\t\t\t\t\t<div class=\"page-card__excerpt wp-block-paragraph\">\n\t\t\t\t\tBI(G)MED steht f\u00fcr Bio-Immun(G)en Medizin. Dieser innovative medizinische Ansatz zielt darauf ab, die nat\u00fcrliche Selbstregulation der Zellen wiederherzustellen.\t\t\t\t<\/div>\n\t\t\t\t\t<\/div>\n\n\t\t<div class=\"wp-block-button is-style-btn-outline-secondary\">\n\t\t\t<a href=\"https:\/\/www.ebma-europe.com\/de\/bigmed\/was-ist-die-bio-immungen-medizin\/\" class=\"wp-block-button__link wp-element-button\">\n\t\t\t\tMehr erfahren\t\t\t<\/a>\n\t\t<\/div>\n\n\t<\/div>\n<\/article><\/div>\n<\/li><\/ul><\/div>\n<\/div>\n","protected":false},"excerpt":{"rendered":"","protected":false},"author":778,"featured_media":0,"parent":0,"menu_order":5,"comment_status":"closed","ping_status":"closed","template":"","meta":{"_acf_changed":false,"footnotes":""},"class_list":["post-9718","page","type-page","status-publish","hentry"],"acf":[],"yoast_head":"<!-- This site is optimized with the Yoast SEO plugin v27.4 - https:\/\/yoast.com\/product\/yoast-seo-wordpress\/ -->\n<title>BIGMED | EBMA Europe<\/title>\n<meta name=\"robots\" content=\"index, follow, max-snippet:-1, max-image-preview:large, max-video-preview:-1\" \/>\n<link rel=\"canonical\" href=\"https:\/\/www.ebma-europe.com\/de\/bigmed\/\" \/>\n<meta property=\"og:locale\" content=\"de_DE\" \/>\n<meta property=\"og:type\" content=\"article\" \/>\n<meta property=\"og:title\" content=\"BIGMED\" \/>\n<meta property=\"og:url\" content=\"https:\/\/www.ebma-europe.com\/de\/bigmed\/\" \/>\n<meta property=\"og:site_name\" content=\"EBMA Europe\" \/>\n<meta property=\"article:modified_time\" content=\"2026-03-11T09:08:06+00:00\" \/>\n<meta property=\"og:image\" content=\"https:\/\/www.ebma-europe.com\/wp-inside\/uploads\/2026\/03\/og-ebma.jpg\" \/>\n\t<meta property=\"og:image:width\" content=\"1200\" \/>\n\t<meta property=\"og:image:height\" content=\"675\" \/>\n\t<meta property=\"og:image:type\" content=\"image\/jpeg\" \/>\n<meta name=\"twitter:card\" content=\"summary_large_image\" \/>\n<script type=\"application\/ld+json\" class=\"yoast-schema-graph\">{\"@context\":\"https:\\\/\\\/schema.org\",\"@graph\":[{\"@type\":\"WebPage\",\"@id\":\"https:\\\/\\\/www.ebma-europe.com\\\/de\\\/bigmed\\\/\",\"url\":\"https:\\\/\\\/www.ebma-europe.com\\\/de\\\/bigmed\\\/\",\"name\":\"BIGMED\",\"isPartOf\":{\"@id\":\"https:\\\/\\\/www.ebma-europe.com\\\/de\\\/#website\"},\"datePublished\":\"2025-09-17T09:38:34+00:00\",\"dateModified\":\"2026-03-11T09:08:06+00:00\",\"breadcrumb\":{\"@id\":\"https:\\\/\\\/www.ebma-europe.com\\\/de\\\/bigmed\\\/#breadcrumb\"},\"inLanguage\":\"de\",\"potentialAction\":[{\"@type\":\"ReadAction\",\"target\":[\"https:\\\/\\\/www.ebma-europe.com\\\/de\\\/bigmed\\\/\"]}]},{\"@type\":\"BreadcrumbList\",\"@id\":\"https:\\\/\\\/www.ebma-europe.com\\\/de\\\/bigmed\\\/#breadcrumb\",\"itemListElement\":[{\"@type\":\"ListItem\",\"position\":1,\"name\":\"Startseite\",\"item\":\"https:\\\/\\\/www.ebma-europe.com\\\/de\\\/accueil\\\/\"},{\"@type\":\"ListItem\",\"position\":2,\"name\":\"BIGMED\"}]},{\"@type\":\"WebSite\",\"@id\":\"https:\\\/\\\/www.ebma-europe.com\\\/de\\\/#website\",\"url\":\"https:\\\/\\\/www.ebma-europe.com\\\/de\\\/\",\"name\":\"EBMA Europe\",\"description\":\"European Bio Immune(G)ene Medicine Association\",\"publisher\":{\"@id\":\"https:\\\/\\\/www.ebma-europe.com\\\/de\\\/#organization\"},\"alternateName\":\"EBMA\",\"potentialAction\":[{\"@type\":\"SearchAction\",\"target\":{\"@type\":\"EntryPoint\",\"urlTemplate\":\"https:\\\/\\\/www.ebma-europe.com\\\/de\\\/?s={search_term_string}\"},\"query-input\":{\"@type\":\"PropertyValueSpecification\",\"valueRequired\":true,\"valueName\":\"search_term_string\"}}],\"inLanguage\":\"de\"},{\"@type\":\"Organization\",\"@id\":\"https:\\\/\\\/www.ebma-europe.com\\\/de\\\/#organization\",\"name\":\"EBMA Europe\",\"alternateName\":\"EBMA\",\"url\":\"https:\\\/\\\/www.ebma-europe.com\\\/de\\\/\",\"logo\":{\"@type\":\"ImageObject\",\"inLanguage\":\"de\",\"@id\":\"https:\\\/\\\/www.ebma-europe.com\\\/de\\\/#\\\/schema\\\/logo\\\/image\\\/\",\"url\":\"https:\\\/\\\/www.ebma-europe.com\\\/wp-inside\\\/uploads\\\/2026\\\/03\\\/enity-logo-ebma.png\",\"contentUrl\":\"https:\\\/\\\/www.ebma-europe.com\\\/wp-inside\\\/uploads\\\/2026\\\/03\\\/enity-logo-ebma.png\",\"width\":696,\"height\":696,\"caption\":\"EBMA Europe\"},\"image\":{\"@id\":\"https:\\\/\\\/www.ebma-europe.com\\\/de\\\/#\\\/schema\\\/logo\\\/image\\\/\"},\"sameAs\":[\"https:\\\/\\\/fr.linkedin.com\\\/company\\\/ebma-europe\"]}]}<\/script>\n<!-- \/ Yoast SEO plugin. -->","yoast_head_json":{"title":"BIGMED | EBMA Europe","robots":{"index":"index","follow":"follow","max-snippet":"max-snippet:-1","max-image-preview":"max-image-preview:large","max-video-preview":"max-video-preview:-1"},"canonical":"https:\/\/www.ebma-europe.com\/de\/bigmed\/","og_locale":"de_DE","og_type":"article","og_title":"BIGMED","og_url":"https:\/\/www.ebma-europe.com\/de\/bigmed\/","og_site_name":"EBMA Europe","article_modified_time":"2026-03-11T09:08:06+00:00","og_image":[{"width":1200,"height":675,"url":"https:\/\/www.ebma-europe.com\/wp-inside\/uploads\/2026\/03\/og-ebma.jpg","type":"image\/jpeg"}],"twitter_card":"summary_large_image","schema":{"@context":"https:\/\/schema.org","@graph":[{"@type":"WebPage","@id":"https:\/\/www.ebma-europe.com\/de\/bigmed\/","url":"https:\/\/www.ebma-europe.com\/de\/bigmed\/","name":"BIGMED","isPartOf":{"@id":"https:\/\/www.ebma-europe.com\/de\/#website"},"datePublished":"2025-09-17T09:38:34+00:00","dateModified":"2026-03-11T09:08:06+00:00","breadcrumb":{"@id":"https:\/\/www.ebma-europe.com\/de\/bigmed\/#breadcrumb"},"inLanguage":"de","potentialAction":[{"@type":"ReadAction","target":["https:\/\/www.ebma-europe.com\/de\/bigmed\/"]}]},{"@type":"BreadcrumbList","@id":"https:\/\/www.ebma-europe.com\/de\/bigmed\/#breadcrumb","itemListElement":[{"@type":"ListItem","position":1,"name":"Startseite","item":"https:\/\/www.ebma-europe.com\/de\/accueil\/"},{"@type":"ListItem","position":2,"name":"BIGMED"}]},{"@type":"WebSite","@id":"https:\/\/www.ebma-europe.com\/de\/#website","url":"https:\/\/www.ebma-europe.com\/de\/","name":"EBMA Europe","description":"European Bio Immune(G)ene Medicine Association","publisher":{"@id":"https:\/\/www.ebma-europe.com\/de\/#organization"},"alternateName":"EBMA","potentialAction":[{"@type":"SearchAction","target":{"@type":"EntryPoint","urlTemplate":"https:\/\/www.ebma-europe.com\/de\/?s={search_term_string}"},"query-input":{"@type":"PropertyValueSpecification","valueRequired":true,"valueName":"search_term_string"}}],"inLanguage":"de"},{"@type":"Organization","@id":"https:\/\/www.ebma-europe.com\/de\/#organization","name":"EBMA Europe","alternateName":"EBMA","url":"https:\/\/www.ebma-europe.com\/de\/","logo":{"@type":"ImageObject","inLanguage":"de","@id":"https:\/\/www.ebma-europe.com\/de\/#\/schema\/logo\/image\/","url":"https:\/\/www.ebma-europe.com\/wp-inside\/uploads\/2026\/03\/enity-logo-ebma.png","contentUrl":"https:\/\/www.ebma-europe.com\/wp-inside\/uploads\/2026\/03\/enity-logo-ebma.png","width":696,"height":696,"caption":"EBMA Europe"},"image":{"@id":"https:\/\/www.ebma-europe.com\/de\/#\/schema\/logo\/image\/"},"sameAs":["https:\/\/fr.linkedin.com\/company\/ebma-europe"]}]}},"_links":{"self":[{"href":"https:\/\/www.ebma-europe.com\/de\/wp-json\/wp\/v2\/pages\/9718","targetHints":{"allow":["GET"]}}],"collection":[{"href":"https:\/\/www.ebma-europe.com\/de\/wp-json\/wp\/v2\/pages"}],"about":[{"href":"https:\/\/www.ebma-europe.com\/de\/wp-json\/wp\/v2\/types\/page"}],"author":[{"embeddable":true,"href":"https:\/\/www.ebma-europe.com\/de\/wp-json\/wp\/v2\/users\/778"}],"replies":[{"embeddable":true,"href":"https:\/\/www.ebma-europe.com\/de\/wp-json\/wp\/v2\/comments?post=9718"}],"version-history":[{"count":4,"href":"https:\/\/www.ebma-europe.com\/de\/wp-json\/wp\/v2\/pages\/9718\/revisions"}],"predecessor-version":[{"id":13178,"href":"https:\/\/www.ebma-europe.com\/de\/wp-json\/wp\/v2\/pages\/9718\/revisions\/13178"}],"wp:attachment":[{"href":"https:\/\/www.ebma-europe.com\/de\/wp-json\/wp\/v2\/media?parent=9718"}],"curies":[{"name":"wp","href":"https:\/\/api.w.org\/{rel}","templated":true}]}}