{"id":9725,"date":"2025-09-24T11:26:09","date_gmt":"2025-09-24T09:26:09","guid":{"rendered":"https:\/\/www.ebma-europe.com\/bigmed\/was-ist-die-bio-immungen-medizin\/epigenetik-und-nicht-kodierende-rna\/"},"modified":"2026-04-09T16:36:09","modified_gmt":"2026-04-09T14:36:09","slug":"epigenetik-und-nicht-kodierende-rna","status":"publish","type":"page","link":"https:\/\/www.ebma-europe.com\/de\/bigmed\/was-ist-die-bio-immungen-medizin\/epigenetik-und-nicht-kodierende-rna\/","title":{"rendered":"Epigenetik und nicht-kodierende RNA"},"content":{"rendered":"\n<div class=\"wp-block-group alignfull is-style-default has-global-padding is-layout-constrained wp-block-group-is-layout-constrained\" style=\"padding-top:0;padding-bottom:0\">\n<div class=\"wp-block-cover alignfull is-light is-style-default\" style=\"margin-top:0;margin-bottom:0;padding-top:var(--wp--preset--spacing--xl);padding-bottom:var(--wp--preset--spacing--xl);min-height:50px;aspect-ratio:unset;\"><span aria-hidden=\"true\" class=\"wp-block-cover__background has-neutral-100-background-color has-background-dim-100 has-background-dim\"><\/span><div class=\"wp-block-cover__inner-container has-global-padding is-layout-constrained wp-container-core-cover-is-layout-f26b76e4 wp-block-cover-is-layout-constrained\">\n\t<div class=\"has-text-align-center skp-block-breadcrumb wp-block-skp-breadcrumb has-sm-font-size\" id=\"skp-block-breadcrumb-69e36d1181d352.86078065\">\n\t\t\n<nav\tclass=\"breadcrumb\"\n\taria-label=\"Breadcrumbs\">\n\t<ol class=\"breadcrumb__list\">\n\t\t\t\t\t<li class=\"breadcrumb__item\">\n\t\t\t\t\t\t\t\t\t<a href=\"https:\/\/www.ebma-europe.com\/de\/accueil\/\" class=\"breadcrumb__link\">\n\t\t\t\t\t\tStartseite\t\t\t\t\t<\/a>\n\t\t\t\t\t\t\t\t\t\t\t\t<\/li>\n\t\t\t<\/ol>\n\n\t<\/nav>\t<\/div>\n\n\n<h1 style=\"text-align: center;\" class=\"has-text-align-center skp-block-primary-title wp-block-skp-primary-title\" id=\"skp-block-primary-title-69e36d11837fd4.37209831\">\n\tEpigenetik und nicht-kodierende RNA<\/h1>\n\n\n\n<p class=\"has-text-align-center\">Die Epigenetik umfasst alle Prozesse, die die Genaktivit\u00e4t ver\u00e4ndern, ohne die DNA-Sequenz zu beeinflussen.<\/p>\n<\/div><\/div>\n<\/div>\n\n\n\n<div class=\"wp-block-columns alignwide are-vertically-aligned-center is-layout-flex wp-container-core-columns-is-layout-70048779 wp-block-columns-is-layout-flex\" style=\"margin-top:var(--wp--preset--spacing--2-xl);margin-bottom:var(--wp--preset--spacing--2-xl)\">\n<div class=\"wp-block-column is-vertically-aligned-center is-layout-flow wp-container-core-column-is-layout-b4b6c8b9 wp-block-column-is-layout-flow\">\n<h2 class=\"wp-block-heading\">Die Epigenetik<\/h2>\n\n\n\n<p>Um in Echtzeit auf Ver\u00e4nderungen unserer Aktivit\u00e4t oder unserer Umwelt zu reagieren, modulieren unsere Zellen die Expression ihrer Gene, d. h. sie passen st\u00e4ndig den Typ und die Intensit\u00e4t der Proteinsynthese an. Da diese Modulation ohne DNA-Mutation erfolgt, sind es die epigenetischen Ver\u00e4nderungen, die diese st\u00e4ndige Anpassung gew\u00e4hrleisten. <\/p>\n\n\n\n<p>Zu diesen Mechanismen geh\u00f6ren:<\/p>\n\n\n\n<ul class=\"wp-block-list\">\n<li><strong>Die DNA-Methylierung<\/strong>: Die Anlagerung von Methylgruppen an bestimmte DNA-Basen, die die Genablesung beeinflusst.<\/li>\n\n\n\n<li><strong>Histonmodifikationen<\/strong>: Die Acetylierung, Methylierung oder Phosphorylierung dieser Strukturproteine, die den Zugang zur DNA modulieren.<\/li>\n\n\n\n<li><strong>Regulatorische RNAs<\/strong>: Nicht-kodierende RNA-Molek\u00fcle (Mikro-RNAs, lange nicht-kodierende RNAs), die die Genexpression unterdr\u00fccken oder aktivieren k\u00f6nnen.<\/li>\n<\/ul>\n\n\n\n<p>Dank dieser Mechanismen kann der Organismus die Expression seiner Gene kontinuierlich an die empfangenen Signale (Ern\u00e4hrung, Stress, Umwelteinfl\u00fcsse usw.) anpassen.<\/p>\n<\/div>\n\n\n\n<div class=\"wp-block-column is-vertically-aligned-center is-layout-flow wp-block-column-is-layout-flow\">\n<figure class=\"wp-block-image size-large\"><img decoding=\"async\" width=\"1024\" height=\"854\" src=\"https:\/\/www.ebma-europe.com\/wp-inside\/uploads\/2026\/04\/epigenetik-1024x854.png\" alt=\"\" class=\"wp-image-14289\" srcset=\"https:\/\/www.ebma-europe.com\/wp-inside\/uploads\/2026\/04\/epigenetik-1024x854.png 1024w, https:\/\/www.ebma-europe.com\/wp-inside\/uploads\/2026\/04\/epigenetik-300x250.png 300w, https:\/\/www.ebma-europe.com\/wp-inside\/uploads\/2026\/04\/epigenetik-768x641.png 768w, https:\/\/www.ebma-europe.com\/wp-inside\/uploads\/2026\/04\/epigenetik-1536x1281.png 1536w, https:\/\/www.ebma-europe.com\/wp-inside\/uploads\/2026\/04\/epigenetik-600x500.png 600w, https:\/\/www.ebma-europe.com\/wp-inside\/uploads\/2026\/04\/epigenetik.png 1856w\" sizes=\"(max-width: 1024px) 100vw, 1024px\" \/><\/figure>\n<\/div>\n<\/div>\n\n\n\n<div class=\"wp-block-columns alignwide are-vertically-aligned-center is-layout-flex wp-container-core-columns-is-layout-70048779 wp-block-columns-is-layout-flex\" style=\"margin-top:var(--wp--preset--spacing--2-xl);margin-bottom:var(--wp--preset--spacing--2-xl)\">\n<div class=\"wp-block-column is-vertically-aligned-center is-layout-flow wp-block-column-is-layout-flow\">\n<figure class=\"wp-block-image size-full\"><img loading=\"lazy\" decoding=\"async\" width=\"960\" height=\"672\" src=\"https:\/\/www.ebma-europe.com\/wp-inside\/uploads\/2026\/04\/si-mirna.png\" alt=\"\" class=\"wp-image-14291\" srcset=\"https:\/\/www.ebma-europe.com\/wp-inside\/uploads\/2026\/04\/si-mirna.png 960w, https:\/\/www.ebma-europe.com\/wp-inside\/uploads\/2026\/04\/si-mirna-300x210.png 300w, https:\/\/www.ebma-europe.com\/wp-inside\/uploads\/2026\/04\/si-mirna-768x538.png 768w, https:\/\/www.ebma-europe.com\/wp-inside\/uploads\/2026\/04\/si-mirna-600x420.png 600w\" sizes=\"auto, (max-width: 960px) 100vw, 960px\" \/><\/figure>\n<\/div>\n\n\n\n<div class=\"wp-block-column is-vertically-aligned-center is-layout-flow wp-container-core-column-is-layout-b4b6c8b9 wp-block-column-is-layout-flow\">\n<h2 class=\"wp-block-heading\">Die Rolle des Immunsystems bei der Reaktion auf \u00e4u\u00dfere Aggressionen<\/h2>\n\n\n\n<p>Das Immunsystem ist an vorderster Front, um die <strong>Anpassung des Organismus an Umweltver\u00e4nderungen<\/strong> zu erm\u00f6glichen. Die \u00dcberexpression von Membranrezeptoren, Proliferation, Differenzierung und Polarisation von Immunzellen sind alles wesentliche Mechanismen f\u00fcr eine angepasste Immunantwort, die von einer Vielzahl epigenetischer Faktoren gesteuert werden. <\/p>\n<\/div>\n<\/div>\n\n\n\n<div class=\"wp-block-columns alignwide are-vertically-aligned-center is-layout-flex wp-container-core-columns-is-layout-70048779 wp-block-columns-is-layout-flex\" style=\"margin-top:var(--wp--preset--spacing--2-xl);margin-bottom:var(--wp--preset--spacing--2-xl)\">\n<div class=\"wp-block-column is-vertically-aligned-center is-layout-flow wp-container-core-column-is-layout-b4b6c8b9 wp-block-column-is-layout-flow\">\n<h2 class=\"wp-block-heading\">Nicht-kodierende RNAs<\/h2>\n\n\n\n<p>Lange Zeit glaubte man, dass die DNA die einzige Rolle habe, die f\u00fcr die Proteinsynthese notwendige genetische Information zu tragen. Die Entschl\u00fcsselung des menschlichen Genoms zu Beginn dieses Jahrhunderts war reich an \u00dcberraschungen, insbesondere: <\/p>\n\n\n\n<ul class=\"wp-block-list\">\n<li>W\u00e4hrend man erwartete, so viele Gene wie Proteine zu finden (etwa 100.000 verschiedene Proteine beim Menschen), betr\u00e4gt die Anzahl der Proteine kodierenden Gene nur 25.000.<\/li>\n\n\n\n<li>Im gesamten menschlichen Genom enthalten nur 3 % Gene, die f\u00fcr Proteine kodieren.<\/li>\n<\/ul>\n\n\n\n<p>Viele Jahre lang konnte die Rolle der verbleibenden 97 % nicht identifiziert werden, so dass man sie als \u201eJunk-DNA\u201c bezeichnete.<\/p>\n\n\n\n<p>Heute wei\u00df man jedoch, dass diese nicht-kodierende DNA, weit davon entfernt, nutzlos zu sein, den Code f\u00fcr die Synthese nicht-kodierender RNA tr\u00e4gt.<\/p>\n<\/div>\n\n\n\n<div class=\"wp-block-column is-vertically-aligned-center is-layout-flow wp-block-column-is-layout-flow\">\n<figure class=\"wp-block-image size-full\"><img loading=\"lazy\" decoding=\"async\" width=\"1000\" height=\"759\" src=\"https:\/\/www.ebma-europe.com\/wp-inside\/uploads\/2026\/04\/rna-typen.png\" alt=\"\" class=\"wp-image-14293\" srcset=\"https:\/\/www.ebma-europe.com\/wp-inside\/uploads\/2026\/04\/rna-typen.png 1000w, https:\/\/www.ebma-europe.com\/wp-inside\/uploads\/2026\/04\/rna-typen-300x228.png 300w, https:\/\/www.ebma-europe.com\/wp-inside\/uploads\/2026\/04\/rna-typen-768x583.png 768w, https:\/\/www.ebma-europe.com\/wp-inside\/uploads\/2026\/04\/rna-typen-600x455.png 600w\" sizes=\"auto, (max-width: 1000px) 100vw, 1000px\" \/><\/figure>\n<\/div>\n<\/div>\n\n\n\n<div class=\"wp-block-columns alignwide are-vertically-aligned-center is-layout-flex wp-container-core-columns-is-layout-70048779 wp-block-columns-is-layout-flex\" style=\"margin-top:var(--wp--preset--spacing--2-xl);margin-bottom:var(--wp--preset--spacing--2-xl)\">\n<div class=\"wp-block-column is-vertically-aligned-center is-layout-flow wp-block-column-is-layout-flow\">\n<figure class=\"wp-block-image size-full\"><img loading=\"lazy\" decoding=\"async\" width=\"960\" height=\"672\" src=\"https:\/\/www.ebma-europe.com\/wp-inside\/uploads\/2026\/04\/mirna-synthese.png\" alt=\"\" class=\"wp-image-14295\" srcset=\"https:\/\/www.ebma-europe.com\/wp-inside\/uploads\/2026\/04\/mirna-synthese.png 960w, https:\/\/www.ebma-europe.com\/wp-inside\/uploads\/2026\/04\/mirna-synthese-300x210.png 300w, https:\/\/www.ebma-europe.com\/wp-inside\/uploads\/2026\/04\/mirna-synthese-768x538.png 768w, https:\/\/www.ebma-europe.com\/wp-inside\/uploads\/2026\/04\/mirna-synthese-600x420.png 600w\" sizes=\"auto, (max-width: 960px) 100vw, 960px\" \/><\/figure>\n<\/div>\n\n\n\n<div class=\"wp-block-column is-vertically-aligned-center is-layout-flow wp-container-core-column-is-layout-b4b6c8b9 wp-block-column-is-layout-flow\">\n<h2 class=\"wp-block-heading\">Mikro-RNAs<\/h2>\n\n\n\n<p>Unter den regulatorischen nicht-kodierenden RNAs sind Mikro-RNAs zweifellos diejenigen, die bisher am intensivsten erforscht wurden.<\/p>\n\n\n\n<p>Sie brachten ihren Entdeckern, den Professoren Victor Ambros und Gary Ruvkun, den <a href=\"https:\/\/www.nobelprize.org\/prizes\/medicine\/2024\/press-release\/\" target=\"_blank\" rel=\"noreferrer noopener\">Nobelpreis f\u00fcr Medizin und Physiologie im Jahr 2024<\/a> ein.<\/p>\n\n\n\n<p>Diese kleinen RNA-Str\u00e4nge von etwa zwanzig Nukleotiden haben die <strong>F\u00e4higkeit, sich an eine Ziel-Boten-RNA zu paaren<\/strong> und deren \u00dcbersetzung in Proteine zu blockieren.<\/p>\n<\/div>\n<\/div>\n\n\n\n<div class=\"wp-block-group alignfull has-global-padding is-layout-constrained wp-block-group-is-layout-constrained\" style=\"margin-top:var(--wp--preset--spacing--2-xl);margin-bottom:var(--wp--preset--spacing--2-xl);padding-top:0;padding-bottom:0\">\n<div style=\"--wp--style--block-gap: var(--wp--preset--spacing--md); padding-top: 0; padding-bottom: 0; margin-top: 0; margin-bottom: 0; padding-top:0;padding-bottom:0;margin-top:0;margin-bottom:0;\" class=\"alignwide skp-feed-page wp-block-query wp-block-skp-acf-feed-page is-layout-flex wp-container-skp-acf-feed-page-is-layout-a59d8411 wp-block-skp-acf-feed-page-is-layout-flex\" id=\"skp-feed-page-block_e5fe1d9b7082b979c25d6d62d87f8d09\">\n\t\t\t<ul class=\"skp-feed-page-list wp-block-post-template\">\n\t\t\t\t\t\t\t\t\t\t\t\t<li class=\"skp-feed-page-item wp-block-post page type-page\">\n\t\t\t\t\t\t\n<article\n\tclass=\"post-card page-card wp-block-group has-no-image\">\n\t\n\t<div class=\"page-card__content wp-block-group\">\n\n\t\t<div class=\"page-card__main wp-block-group\">\n\t\t\t<h3 class=\"page-card__title wp-block-post-title\">\n\t\t\t\t<a href=\"https:\/\/www.ebma-europe.com\/de\/bigmed\/was-ist-die-bio-immungen-medizin\/zellulaere-selbstregulation-und-homoeostase\/\">Zellul\u00e4re Selbstregulation und Hom\u00f6ostase<\/a>\n\t\t\t<\/h3>\n\n\t\t\t\t\t\t\t<div class=\"page-card__excerpt wp-block-paragraph\">\n\t\t\t\t\tHom\u00f6ostase ist die F\u00e4higkeit des Organismus, sich an Umweltver\u00e4nderungen anzupassen, um sein inneres Gleichgewicht aufrechtzuerhalten.\t\t\t\t<\/div>\n\t\t\t\t\t<\/div>\n\n\t\t<div class=\"wp-block-button is-style-btn-outline-secondary\">\n\t\t\t<a href=\"https:\/\/www.ebma-europe.com\/de\/bigmed\/was-ist-die-bio-immungen-medizin\/zellulaere-selbstregulation-und-homoeostase\/\" class=\"wp-block-button__link wp-element-button\">\n\t\t\t\tMehr erfahren\t\t\t<\/a>\n\t\t<\/div>\n\n\t<\/div>\n<\/article>\t\t\t\t\t<\/li>\n\t\t\t\t\t\t\t\t\t\t\t\t\t\t\t\t<li class=\"skp-feed-page-item wp-block-post page type-page\">\n\t\t\t\t\t\t\n<article\n\tclass=\"post-card page-card wp-block-group has-no-image\">\n\t\n\t<div class=\"page-card__content wp-block-group\">\n\n\t\t<div class=\"page-card__main wp-block-group\">\n\t\t\t<h3 class=\"page-card__title wp-block-post-title\">\n\t\t\t\t<a href=\"https:\/\/www.ebma-europe.com\/de\/bigmed\/was-ist-die-bio-immungen-medizin\/biomimetik-und-ultraniedrige-dosen\/\">Biomimetik und ultraniedrige Dosen<\/a>\n\t\t\t<\/h3>\n\n\t\t\t\t\t\t\t<div class=\"page-card__excerpt wp-block-paragraph\">\n\t\t\t\t\tDie Bio-Immuno(G)en Medizin l\u00e4sst sich von grundlegenden biologischen Prozessen inspirieren, um das Immungleichgewicht wiederherzustellen.\t\t\t\t<\/div>\n\t\t\t\t\t<\/div>\n\n\t\t<div class=\"wp-block-button is-style-btn-outline-secondary\">\n\t\t\t<a href=\"https:\/\/www.ebma-europe.com\/de\/bigmed\/was-ist-die-bio-immungen-medizin\/biomimetik-und-ultraniedrige-dosen\/\" class=\"wp-block-button__link wp-element-button\">\n\t\t\t\tMehr erfahren\t\t\t<\/a>\n\t\t<\/div>\n\n\t<\/div>\n<\/article>\t\t\t\t\t<\/li>\n\t\t\t\t\t\t\t\t\t\t\t\t\t\t\t\t<li class=\"skp-feed-page-item wp-block-post page type-page\">\n\t\t\t\t\t\t\n<article\n\tclass=\"post-card page-card wp-block-group has-no-image\">\n\t\n\t<div class=\"page-card__content wp-block-group\">\n\n\t\t<div class=\"page-card__main wp-block-group\">\n\t\t\t<h3 class=\"page-card__title wp-block-post-title\">\n\t\t\t\t<a href=\"https:\/\/www.ebma-europe.com\/de\/bigmed\/was-ist-die-bio-immungen-medizin\/\">Was ist die Bio-Immun(G)en Medizin?<\/a>\n\t\t\t<\/h3>\n\n\t\t\t\t\t\t\t<div class=\"page-card__excerpt wp-block-paragraph\">\n\t\t\t\t\tBI(G)MED steht f\u00fcr Bio-Immun(G)en Medizin. Dieser innovative medizinische Ansatz zielt darauf ab, die nat\u00fcrliche Selbstregulation der Zellen wiederherzustellen.\t\t\t\t<\/div>\n\t\t\t\t\t<\/div>\n\n\t\t<div class=\"wp-block-button is-style-btn-outline-secondary\">\n\t\t\t<a href=\"https:\/\/www.ebma-europe.com\/de\/bigmed\/was-ist-die-bio-immungen-medizin\/\" class=\"wp-block-button__link wp-element-button\">\n\t\t\t\tMehr erfahren\t\t\t<\/a>\n\t\t<\/div>\n\n\t<\/div>\n<\/article>\t\t\t\t\t<\/li>\n\t\t\t\t\t\t\t\t\t<\/ul>\n\t<\/div>\n<\/div>\n","protected":false},"excerpt":{"rendered":"<p>Die Epigenetik umfasst alle Prozesse, die die Genaktivit\u00e4t ver\u00e4ndern, ohne die DNA-Sequenz zu beeinflussen.<\/p>\n","protected":false},"author":778,"featured_media":0,"parent":9720,"menu_order":0,"comment_status":"closed","ping_status":"closed","template":"","meta":{"_acf_changed":false,"footnotes":""},"class_list":["post-9725","page","type-page","status-publish","hentry"],"acf":[],"yoast_head":"<!-- This site is optimized with the Yoast SEO plugin v27.4 - https:\/\/yoast.com\/product\/yoast-seo-wordpress\/ -->\n<title>Nicht-kodierende RNA &amp; Mikro-RNA, Epigenetische Medizin | EBMA Europe<\/title>\n<meta name=\"description\" content=\"Die Epigenetik umfasst alle Prozesse, die die Genaktivit\u00e4t ver\u00e4ndern, ohne die DNA-Sequenz zu beeinflussen.\" \/>\n<meta name=\"robots\" content=\"index, follow, max-snippet:-1, max-image-preview:large, max-video-preview:-1\" \/>\n<link rel=\"canonical\" href=\"https:\/\/www.ebma-europe.com\/de\/bigmed\/was-ist-die-bio-immungen-medizin\/epigenetik-und-nicht-kodierende-rna\/\" \/>\n<meta property=\"og:locale\" content=\"de_DE\" \/>\n<meta property=\"og:type\" content=\"article\" \/>\n<meta property=\"og:title\" content=\"Nicht-kodierende RNA &amp; Mikro-RNA, Epigenetische Medizin | EBMA Europe\" \/>\n<meta property=\"og:description\" content=\"Die Epigenetik umfasst alle Prozesse, die die Genaktivit\u00e4t ver\u00e4ndern, ohne die DNA-Sequenz zu beeinflussen.\" \/>\n<meta property=\"og:url\" content=\"https:\/\/www.ebma-europe.com\/de\/bigmed\/was-ist-die-bio-immungen-medizin\/epigenetik-und-nicht-kodierende-rna\/\" \/>\n<meta property=\"og:site_name\" content=\"EBMA Europe\" \/>\n<meta property=\"article:modified_time\" content=\"2026-04-09T14:36:09+00:00\" \/>\n<meta property=\"og:image\" content=\"https:\/\/www.ebma-europe.com\/wp-inside\/uploads\/2026\/04\/epigenetik.png\" \/>\n\t<meta property=\"og:image:width\" content=\"1856\" \/>\n\t<meta property=\"og:image:height\" content=\"1548\" \/>\n\t<meta property=\"og:image:type\" content=\"image\/png\" \/>\n<meta name=\"twitter:card\" content=\"summary_large_image\" \/>\n<meta name=\"twitter:label1\" content=\"Gesch\u00e4tzte Lesezeit\" \/>\n\t<meta name=\"twitter:data1\" content=\"2\u00a0Minuten\" \/>\n<script type=\"application\/ld+json\" class=\"yoast-schema-graph\">{\"@context\":\"https:\\\/\\\/schema.org\",\"@graph\":[{\"@type\":\"WebPage\",\"@id\":\"https:\\\/\\\/www.ebma-europe.com\\\/de\\\/bigmed\\\/was-ist-die-bio-immungen-medizin\\\/epigenetik-und-nicht-kodierende-rna\\\/\",\"url\":\"https:\\\/\\\/www.ebma-europe.com\\\/de\\\/bigmed\\\/was-ist-die-bio-immungen-medizin\\\/epigenetik-und-nicht-kodierende-rna\\\/\",\"name\":\"Nicht-kodierende RNA & Mikro-RNA, Epigenetische Medizin | EBMA Europe\",\"isPartOf\":{\"@id\":\"https:\\\/\\\/www.ebma-europe.com\\\/de\\\/#website\"},\"primaryImageOfPage\":{\"@id\":\"https:\\\/\\\/www.ebma-europe.com\\\/de\\\/bigmed\\\/was-ist-die-bio-immungen-medizin\\\/epigenetik-und-nicht-kodierende-rna\\\/#primaryimage\"},\"image\":{\"@id\":\"https:\\\/\\\/www.ebma-europe.com\\\/de\\\/bigmed\\\/was-ist-die-bio-immungen-medizin\\\/epigenetik-und-nicht-kodierende-rna\\\/#primaryimage\"},\"thumbnailUrl\":\"https:\\\/\\\/www.ebma-europe.com\\\/wp-inside\\\/uploads\\\/2026\\\/04\\\/epigenetik-1024x854.png\",\"datePublished\":\"2025-09-24T09:26:09+00:00\",\"dateModified\":\"2026-04-09T14:36:09+00:00\",\"description\":\"Die Epigenetik umfasst alle Prozesse, die die Genaktivit\u00e4t ver\u00e4ndern, ohne die DNA-Sequenz zu beeinflussen.\",\"breadcrumb\":{\"@id\":\"https:\\\/\\\/www.ebma-europe.com\\\/de\\\/bigmed\\\/was-ist-die-bio-immungen-medizin\\\/epigenetik-und-nicht-kodierende-rna\\\/#breadcrumb\"},\"inLanguage\":\"de\",\"potentialAction\":[{\"@type\":\"ReadAction\",\"target\":[\"https:\\\/\\\/www.ebma-europe.com\\\/de\\\/bigmed\\\/was-ist-die-bio-immungen-medizin\\\/epigenetik-und-nicht-kodierende-rna\\\/\"]}]},{\"@type\":\"ImageObject\",\"inLanguage\":\"de\",\"@id\":\"https:\\\/\\\/www.ebma-europe.com\\\/de\\\/bigmed\\\/was-ist-die-bio-immungen-medizin\\\/epigenetik-und-nicht-kodierende-rna\\\/#primaryimage\",\"url\":\"https:\\\/\\\/www.ebma-europe.com\\\/wp-inside\\\/uploads\\\/2026\\\/04\\\/epigenetik-1024x854.png\",\"contentUrl\":\"https:\\\/\\\/www.ebma-europe.com\\\/wp-inside\\\/uploads\\\/2026\\\/04\\\/epigenetik-1024x854.png\"},{\"@type\":\"BreadcrumbList\",\"@id\":\"https:\\\/\\\/www.ebma-europe.com\\\/de\\\/bigmed\\\/was-ist-die-bio-immungen-medizin\\\/epigenetik-und-nicht-kodierende-rna\\\/#breadcrumb\",\"itemListElement\":[{\"@type\":\"ListItem\",\"position\":1,\"name\":\"Startseite\",\"item\":\"https:\\\/\\\/www.ebma-europe.com\\\/de\\\/accueil\\\/\"},{\"@type\":\"ListItem\",\"position\":2,\"name\":\"BIGMED\",\"item\":\"https:\\\/\\\/www.ebma-europe.com\\\/de\\\/bigmed\\\/\"},{\"@type\":\"ListItem\",\"position\":3,\"name\":\"Was ist die Bio-Immun(G)en Medizin?\",\"item\":\"https:\\\/\\\/www.ebma-europe.com\\\/de\\\/bigmed\\\/was-ist-die-bio-immungen-medizin\\\/\"},{\"@type\":\"ListItem\",\"position\":4,\"name\":\"Epigenetik und nicht-kodierende RNA\"}]},{\"@type\":\"WebSite\",\"@id\":\"https:\\\/\\\/www.ebma-europe.com\\\/de\\\/#website\",\"url\":\"https:\\\/\\\/www.ebma-europe.com\\\/de\\\/\",\"name\":\"EBMA Europe\",\"description\":\"European Bio Immune(G)ene Medicine Association\",\"publisher\":{\"@id\":\"https:\\\/\\\/www.ebma-europe.com\\\/de\\\/#organization\"},\"alternateName\":\"EBMA\",\"potentialAction\":[{\"@type\":\"SearchAction\",\"target\":{\"@type\":\"EntryPoint\",\"urlTemplate\":\"https:\\\/\\\/www.ebma-europe.com\\\/de\\\/?s={search_term_string}\"},\"query-input\":{\"@type\":\"PropertyValueSpecification\",\"valueRequired\":true,\"valueName\":\"search_term_string\"}}],\"inLanguage\":\"de\"},{\"@type\":\"Organization\",\"@id\":\"https:\\\/\\\/www.ebma-europe.com\\\/de\\\/#organization\",\"name\":\"EBMA Europe\",\"alternateName\":\"EBMA\",\"url\":\"https:\\\/\\\/www.ebma-europe.com\\\/de\\\/\",\"logo\":{\"@type\":\"ImageObject\",\"inLanguage\":\"de\",\"@id\":\"https:\\\/\\\/www.ebma-europe.com\\\/de\\\/#\\\/schema\\\/logo\\\/image\\\/\",\"url\":\"https:\\\/\\\/www.ebma-europe.com\\\/wp-inside\\\/uploads\\\/2026\\\/03\\\/enity-logo-ebma.png\",\"contentUrl\":\"https:\\\/\\\/www.ebma-europe.com\\\/wp-inside\\\/uploads\\\/2026\\\/03\\\/enity-logo-ebma.png\",\"width\":696,\"height\":696,\"caption\":\"EBMA Europe\"},\"image\":{\"@id\":\"https:\\\/\\\/www.ebma-europe.com\\\/de\\\/#\\\/schema\\\/logo\\\/image\\\/\"},\"sameAs\":[\"https:\\\/\\\/fr.linkedin.com\\\/company\\\/ebma-europe\"]}]}<\/script>\n<!-- \/ Yoast SEO plugin. -->","yoast_head_json":{"title":"Nicht-kodierende RNA & Mikro-RNA, Epigenetische Medizin | EBMA Europe","description":"Die Epigenetik umfasst alle Prozesse, die die Genaktivit\u00e4t ver\u00e4ndern, ohne die DNA-Sequenz zu beeinflussen.","robots":{"index":"index","follow":"follow","max-snippet":"max-snippet:-1","max-image-preview":"max-image-preview:large","max-video-preview":"max-video-preview:-1"},"canonical":"https:\/\/www.ebma-europe.com\/de\/bigmed\/was-ist-die-bio-immungen-medizin\/epigenetik-und-nicht-kodierende-rna\/","og_locale":"de_DE","og_type":"article","og_title":"Nicht-kodierende RNA & Mikro-RNA, Epigenetische Medizin | EBMA Europe","og_description":"Die Epigenetik umfasst alle Prozesse, die die Genaktivit\u00e4t ver\u00e4ndern, ohne die DNA-Sequenz zu beeinflussen.","og_url":"https:\/\/www.ebma-europe.com\/de\/bigmed\/was-ist-die-bio-immungen-medizin\/epigenetik-und-nicht-kodierende-rna\/","og_site_name":"EBMA Europe","article_modified_time":"2026-04-09T14:36:09+00:00","og_image":[{"width":1856,"height":1548,"url":"https:\/\/www.ebma-europe.com\/wp-inside\/uploads\/2026\/04\/epigenetik.png","type":"image\/png"}],"twitter_card":"summary_large_image","twitter_misc":{"Gesch\u00e4tzte Lesezeit":"2\u00a0Minuten"},"schema":{"@context":"https:\/\/schema.org","@graph":[{"@type":"WebPage","@id":"https:\/\/www.ebma-europe.com\/de\/bigmed\/was-ist-die-bio-immungen-medizin\/epigenetik-und-nicht-kodierende-rna\/","url":"https:\/\/www.ebma-europe.com\/de\/bigmed\/was-ist-die-bio-immungen-medizin\/epigenetik-und-nicht-kodierende-rna\/","name":"Nicht-kodierende RNA & Mikro-RNA, Epigenetische Medizin | EBMA Europe","isPartOf":{"@id":"https:\/\/www.ebma-europe.com\/de\/#website"},"primaryImageOfPage":{"@id":"https:\/\/www.ebma-europe.com\/de\/bigmed\/was-ist-die-bio-immungen-medizin\/epigenetik-und-nicht-kodierende-rna\/#primaryimage"},"image":{"@id":"https:\/\/www.ebma-europe.com\/de\/bigmed\/was-ist-die-bio-immungen-medizin\/epigenetik-und-nicht-kodierende-rna\/#primaryimage"},"thumbnailUrl":"https:\/\/www.ebma-europe.com\/wp-inside\/uploads\/2026\/04\/epigenetik-1024x854.png","datePublished":"2025-09-24T09:26:09+00:00","dateModified":"2026-04-09T14:36:09+00:00","description":"Die Epigenetik umfasst alle Prozesse, die die Genaktivit\u00e4t ver\u00e4ndern, ohne die DNA-Sequenz zu beeinflussen.","breadcrumb":{"@id":"https:\/\/www.ebma-europe.com\/de\/bigmed\/was-ist-die-bio-immungen-medizin\/epigenetik-und-nicht-kodierende-rna\/#breadcrumb"},"inLanguage":"de","potentialAction":[{"@type":"ReadAction","target":["https:\/\/www.ebma-europe.com\/de\/bigmed\/was-ist-die-bio-immungen-medizin\/epigenetik-und-nicht-kodierende-rna\/"]}]},{"@type":"ImageObject","inLanguage":"de","@id":"https:\/\/www.ebma-europe.com\/de\/bigmed\/was-ist-die-bio-immungen-medizin\/epigenetik-und-nicht-kodierende-rna\/#primaryimage","url":"https:\/\/www.ebma-europe.com\/wp-inside\/uploads\/2026\/04\/epigenetik-1024x854.png","contentUrl":"https:\/\/www.ebma-europe.com\/wp-inside\/uploads\/2026\/04\/epigenetik-1024x854.png"},{"@type":"BreadcrumbList","@id":"https:\/\/www.ebma-europe.com\/de\/bigmed\/was-ist-die-bio-immungen-medizin\/epigenetik-und-nicht-kodierende-rna\/#breadcrumb","itemListElement":[{"@type":"ListItem","position":1,"name":"Startseite","item":"https:\/\/www.ebma-europe.com\/de\/accueil\/"},{"@type":"ListItem","position":2,"name":"BIGMED","item":"https:\/\/www.ebma-europe.com\/de\/bigmed\/"},{"@type":"ListItem","position":3,"name":"Was ist die Bio-Immun(G)en Medizin?","item":"https:\/\/www.ebma-europe.com\/de\/bigmed\/was-ist-die-bio-immungen-medizin\/"},{"@type":"ListItem","position":4,"name":"Epigenetik und nicht-kodierende RNA"}]},{"@type":"WebSite","@id":"https:\/\/www.ebma-europe.com\/de\/#website","url":"https:\/\/www.ebma-europe.com\/de\/","name":"EBMA Europe","description":"European Bio Immune(G)ene Medicine Association","publisher":{"@id":"https:\/\/www.ebma-europe.com\/de\/#organization"},"alternateName":"EBMA","potentialAction":[{"@type":"SearchAction","target":{"@type":"EntryPoint","urlTemplate":"https:\/\/www.ebma-europe.com\/de\/?s={search_term_string}"},"query-input":{"@type":"PropertyValueSpecification","valueRequired":true,"valueName":"search_term_string"}}],"inLanguage":"de"},{"@type":"Organization","@id":"https:\/\/www.ebma-europe.com\/de\/#organization","name":"EBMA Europe","alternateName":"EBMA","url":"https:\/\/www.ebma-europe.com\/de\/","logo":{"@type":"ImageObject","inLanguage":"de","@id":"https:\/\/www.ebma-europe.com\/de\/#\/schema\/logo\/image\/","url":"https:\/\/www.ebma-europe.com\/wp-inside\/uploads\/2026\/03\/enity-logo-ebma.png","contentUrl":"https:\/\/www.ebma-europe.com\/wp-inside\/uploads\/2026\/03\/enity-logo-ebma.png","width":696,"height":696,"caption":"EBMA Europe"},"image":{"@id":"https:\/\/www.ebma-europe.com\/de\/#\/schema\/logo\/image\/"},"sameAs":["https:\/\/fr.linkedin.com\/company\/ebma-europe"]}]}},"_links":{"self":[{"href":"https:\/\/www.ebma-europe.com\/de\/wp-json\/wp\/v2\/pages\/9725","targetHints":{"allow":["GET"]}}],"collection":[{"href":"https:\/\/www.ebma-europe.com\/de\/wp-json\/wp\/v2\/pages"}],"about":[{"href":"https:\/\/www.ebma-europe.com\/de\/wp-json\/wp\/v2\/types\/page"}],"author":[{"embeddable":true,"href":"https:\/\/www.ebma-europe.com\/de\/wp-json\/wp\/v2\/users\/778"}],"replies":[{"embeddable":true,"href":"https:\/\/www.ebma-europe.com\/de\/wp-json\/wp\/v2\/comments?post=9725"}],"version-history":[{"count":5,"href":"https:\/\/www.ebma-europe.com\/de\/wp-json\/wp\/v2\/pages\/9725\/revisions"}],"predecessor-version":[{"id":14296,"href":"https:\/\/www.ebma-europe.com\/de\/wp-json\/wp\/v2\/pages\/9725\/revisions\/14296"}],"up":[{"embeddable":true,"href":"https:\/\/www.ebma-europe.com\/de\/wp-json\/wp\/v2\/pages\/9720"}],"wp:attachment":[{"href":"https:\/\/www.ebma-europe.com\/de\/wp-json\/wp\/v2\/media?parent=9725"}],"curies":[{"name":"wp","href":"https:\/\/api.w.org\/{rel}","templated":true}]}}