{"id":9737,"date":"2025-09-17T11:40:48","date_gmt":"2025-09-17T09:40:48","guid":{"rendered":"https:\/\/www.ebma-europe.com\/bigmed\/dr-gilbert-glady\/"},"modified":"2026-03-02T11:21:42","modified_gmt":"2026-03-02T10:21:42","slug":"dr-gilbert-glady","status":"publish","type":"page","link":"https:\/\/www.ebma-europe.com\/de\/bigmed\/dr-gilbert-glady\/","title":{"rendered":"Dr. Gilbert Glady"},"content":{"rendered":"\n<div class=\"wp-block-group alignfull is-style-default has-global-padding is-layout-constrained wp-block-group-is-layout-constrained\" style=\"padding-top:0;padding-bottom:0\">\n<div class=\"wp-block-cover alignfull is-light is-style-default\" style=\"margin-top:0;margin-bottom:0;padding-top:var(--wp--preset--spacing--xl);padding-bottom:var(--wp--preset--spacing--xl);min-height:50px;aspect-ratio:unset;\"><span aria-hidden=\"true\" class=\"wp-block-cover__background has-neutral-100-background-color has-background-dim-100 has-background-dim\"><\/span><div class=\"wp-block-cover__inner-container has-global-padding is-layout-constrained wp-container-core-cover-is-layout-f26b76e4 wp-block-cover-is-layout-constrained\">\n\t<div class=\"has-text-align-center skp-block-breadcrumb wp-block-skp-breadcrumb has-sm-font-size\" id=\"skp-block-breadcrumb-69e34f05a33436.71679969\">\n\t\t\n<nav\tclass=\"breadcrumb\"\n\taria-label=\"Breadcrumbs\">\n\t<ol class=\"breadcrumb__list\">\n\t\t\t\t\t<li class=\"breadcrumb__item\">\n\t\t\t\t\t\t\t\t\t<a href=\"https:\/\/www.ebma-europe.com\/de\/accueil\/\" class=\"breadcrumb__link\">\n\t\t\t\t\t\tStartseite\t\t\t\t\t<\/a>\n\t\t\t\t\t\t\t\t\t\t\t\t<\/li>\n\t\t\t<\/ol>\n\n\t<\/nav>\t<\/div>\n\n\n<h1 style=\"text-align: center;\" class=\"has-text-align-center skp-block-primary-title wp-block-skp-primary-title\" id=\"skp-block-primary-title-69e34f05a53244.00882979\">\n\tDocteur Gilbert Glady<\/h1>\n\n\n\n<p class=\"has-text-align-center\">Dr. Gilbert Glady ist der Begr\u00fcnder der Bio-Immun(G)en Medizin, Gr\u00fcnder und Pr\u00e4sident der Europ\u00e4ischen Gesellschaft f\u00fcr Bio-Immun(G)en Medizin.<\/p>\n<\/div><\/div>\n<\/div>\n\n\n\n<div class=\"wp-block-columns alignwide are-vertically-aligned-center has-neutral-200-background-color has-background is-layout-flex wp-container-core-columns-is-layout-70048779 wp-block-columns-is-layout-flex\" style=\"margin-top:var(--wp--preset--spacing--2-xl);margin-bottom:var(--wp--preset--spacing--2-xl)\">\n<div class=\"wp-block-column is-vertically-aligned-center is-layout-flow wp-container-core-column-is-layout-b4b6c8b9 wp-block-column-is-layout-flow\">\n<p>Dr. Gilbert Glady widmet sich sowohl der klinischen Praxis in seiner Praxis als auch der wissenschaftlichen Forschung, insbesondere der <strong>Formulierung neuer regulierender Heilmittel<\/strong>.<\/p>\n\n\n\n<p>In Zusammenarbeit mit einem Team von Ausbildungs\u00e4rzten betreut er die <a href=\"https:\/\/www.ebma-europe.com\/de\/schulungskatalog\/\">Lehre der BI(G)MED<\/a> in mehreren europ\u00e4ischen L\u00e4ndern: Belgien, Frankreich, Deutschland, \u00d6sterreich, Spanien und Portugal.<\/p>\n\n\n\n<p>Dr. Glady ist Autor mehrerer <a href=\"https:\/\/www.ebma-europe.com\/de\/ebma\/publikationen\/\">wissenschaftlicher Publikationen<\/a> zum Thema <strong>Nanobiotherapie<\/strong>. Mehrere Fachzeitschriften bitten ihn auch regelm\u00e4\u00dfig, die Qualit\u00e4t der zur Ver\u00f6ffentlichung eingereichten Artikel als \u201eReviewer\u201c zu bewerten, insbesondere jene, die sich mit Epigenetik befassen. <\/p>\n\n\n\n<p>Mit seinem Team nimmt er an zahlreichen internationalen wissenschaftlichen und medizinischen Kongressen teil.<\/p>\n<\/div>\n\n\n\n<div class=\"wp-block-column is-vertically-aligned-center is-layout-flow wp-block-column-is-layout-flow\">\n<figure class=\"wp-block-image aligncenter size-full has-custom-border is-style-rounded\"><img decoding=\"async\" width=\"242\" height=\"348\" src=\"https:\/\/www.ebma-europe.com\/wp-inside\/uploads\/2025\/09\/docteur-gilber-glady.jpg\" alt=\"\" class=\"wp-image-394\" style=\"border-radius:100px\" srcset=\"https:\/\/www.ebma-europe.com\/wp-inside\/uploads\/2025\/09\/docteur-gilber-glady.jpg 242w, https:\/\/www.ebma-europe.com\/wp-inside\/uploads\/2025\/09\/docteur-gilber-glady-209x300.jpg 209w\" sizes=\"(max-width: 242px) 100vw, 242px\" \/><\/figure>\n<\/div>\n<\/div>\n\n\n\n<div class=\"wp-block-group alignfull has-global-padding is-layout-constrained wp-block-group-is-layout-constrained\" style=\"margin-top:var(--wp--preset--spacing--2-xl);margin-bottom:var(--wp--preset--spacing--2-xl);padding-top:0;padding-bottom:0\">\n<div class=\"wp-block-columns alignwide is-layout-flex wp-container-core-columns-is-layout-28f84493 wp-block-columns-is-layout-flex\">\n<div class=\"wp-block-column is-layout-flow wp-container-core-column-is-layout-86b72393 wp-block-column-is-layout-flow\">\n<h2 class=\"wp-block-heading\">Der Werdegang von Dr. Gilbert Glady: von der Onkoh\u00e4matologie zur BI(G)MED<\/h2>\n\n\n\n<h3 class=\"wp-block-heading\">Medizinische Ausbildung und erste Schritte<\/h3>\n\n\n\n<p>Nach seinem Abschluss an der Medizinischen Fakult\u00e4t der Universit\u00e4t Stra\u00dfburg im Jahr 1977 absolvierte Dr. Gilbert Glady seine Facharztausbildung in Onkoh\u00e4matologie an der Universit\u00e4tsklinik Stra\u00dfburg. Dort sammelte er fundierte Erfahrungen in der Behandlung von Blutkrankheiten und entwickelte bereits ein Interesse an innovativen Therapieans\u00e4tzen. <\/p>\n\n\n\n<h3 class=\"wp-block-heading\">Auf dem Weg zur integrativen Medizin<\/h3>\n\n\n\n<p>Nach einer Spezialisierung in <strong>Naturheilkunde in Paris<\/strong> kehrte er in seine Heimatregion zur\u00fcck, um als niedergelassener Arzt Innere Medizin zu praktizieren. Seine Praxis entwickelte sich schrittweise hin zur integrativen Medizin und Hom\u00f6opathie, die konventionelle Behandlungen mit komplement\u00e4ren Ans\u00e4tzen verbindet. In diesem Kontext vertiefte er sein Fachwissen in Immunologie und Immungenetik, zwei Bereiche, die ihn zur <strong>Nanomedizin und Molekularmedizin<\/strong> f\u00fchrten.  <\/p>\n<\/div>\n\n\n\n<div class=\"wp-block-column is-layout-flow wp-container-core-column-is-layout-86b72393 wp-block-column-is-layout-flow\">\n<h3 class=\"wp-block-heading\">Die Begegnung mit microRNAs<\/h3>\n\n\n\n<p>Die Entdeckung der microRNAs (miRNAs) und sp\u00e4ter anderer nicht-kodierender RNAs stellte einen <strong>wichtigen Wendepunkt in seinem Werdegang<\/strong> dar. Diese regulatorischen RNAs, die als \u201eHighlight\u201c der modernen Biologie gelten, er\u00f6ffnen neue therapeutische Perspektiven, insbesondere in der Immungenetik und Epigenetik. <\/p>\n\n\n\n<h3 class=\"wp-block-heading\">Gr\u00fcndung der BI(G)MED und Leitung von EBMA Europe<\/h3>\n\n\n\n<p>Fasziniert vom Potenzial nicht-kodierender RNAs entwickelte Dr. Glady bereits 2010 die <a href=\"https:\/\/www.ebma-europe.com\/de\/bigmed\/was-ist-die-bio-immungen-medizin\/\">Bio-Immun(G)en Medizin (BI(G)MED)<\/a>, eine innovative Methode zur Regulation der Genexpression und Epigenetik. Er \u00fcbernahm auch die Leitung von EBMA Europe, der Vereinigung, die f\u00fcr Ausbildung und Kommunikation in diesem Bereich zust\u00e4ndig ist.<\/p>\n\n\n\n<h3 class=\"wp-block-heading\">Ein internationaler Akteur<\/h3>\n\n\n\n<p>Dr. Glady nimmt regelm\u00e4\u00dfig an <strong>internationalen Kongressen<\/strong> (Immunallergologie, Genetik, Epigenetik, Infektiologie, Onkologie) teil, wo er seine Arbeiten in Form von Postern und m\u00fcndlichen Vortr\u00e4gen pr\u00e4sentiert. Er ist auch Autor zahlreicher Artikel, die in medizinischen und wissenschaftlichen Fachzeitschriften ver\u00f6ffentlicht wurden, und tr\u00e4gt dazu bei, die BI(G)MED und ihre klinischen Anwendungen bekannt zu machen. <\/p>\n<\/div>\n<\/div>\n<\/div>\n\n\n\n<div class=\"wp-block-group alignfull is-style-default has-neutral-200-background-color has-background is-layout-flow wp-block-group-is-layout-flow\" style=\"padding-top:0;padding-right:0;padding-bottom:0;padding-left:0\">\n<div class=\"wp-block-cover\" style=\"margin-top:var(--wp--preset--spacing--md);margin-bottom:var(--wp--preset--spacing--md);padding-top:var(--wp--preset--spacing--2-xl);padding-right:var(--wp--preset--spacing--2-xl);padding-bottom:var(--wp--preset--spacing--2-xl);padding-left:var(--wp--preset--spacing--2-xl);min-height:50px;aspect-ratio:unset;\"><img decoding=\"async\" width=\"1024\" height=\"683\" fetchpriority=\"high\" loading=\"eager\" class=\"wp-block-cover__image-background wp-image-1623 size-large\" alt=\"bigmed m\u00e9decine\" src=\"https:\/\/www.ebma-europe.com\/wp-inside\/uploads\/2026\/01\/bandeau-decouvrez-bigmed-1024x683.jpg\" style=\"object-position:48% 18%\" data-object-fit=\"cover\" data-object-position=\"48% 18%\" srcset=\"https:\/\/www.ebma-europe.com\/wp-inside\/uploads\/2026\/01\/bandeau-decouvrez-bigmed-1024x683.jpg 1024w, https:\/\/www.ebma-europe.com\/wp-inside\/uploads\/2026\/01\/bandeau-decouvrez-bigmed-300x200.jpg 300w, https:\/\/www.ebma-europe.com\/wp-inside\/uploads\/2026\/01\/bandeau-decouvrez-bigmed-768x512.jpg 768w, https:\/\/www.ebma-europe.com\/wp-inside\/uploads\/2026\/01\/bandeau-decouvrez-bigmed-600x400.jpg 600w, https:\/\/www.ebma-europe.com\/wp-inside\/uploads\/2026\/01\/bandeau-decouvrez-bigmed.jpg 1536w\" sizes=\"(max-width: 1024px) 100vw, 1024px\" \/><span aria-hidden=\"true\" class=\"wp-block-cover__background has-neutral-950-background-color has-background-dim-0 has-background-dim\"><\/span><div class=\"wp-block-cover__inner-container has-global-padding is-layout-constrained wp-container-core-cover-is-layout-8d95ab9a wp-block-cover-is-layout-constrained\">\n<h2 class=\"wp-block-heading has-text-align-center has-neutral-00-color has-text-color has-link-color wp-elements-3ef335ba9ef6e9a7998d5b2a9ebf4849\">Entdecken Sie den BI(G)MED-Ansatz<\/h2>\n\n\n\n<div class=\"wp-block-buttons is-content-justification-center is-layout-flex wp-container-core-buttons-is-layout-a89b3969 wp-block-buttons-is-layout-flex\">\n<div class=\"wp-block-button is-style-btn-white is-style-btn-primary has-dynamic-link has-Seite-link\"><a href=\"https:\/\/www.ebma-europe.com\/bigmed\/approche-bigmed\/\" class=\"wp-block-button__link wp-element-button skp-post-link-page-approche-bigmed\">La d\u00e9marche BI(G)MED<\/a><\/div>\n<\/div>\n<\/div><\/div>\n<\/div>\n","protected":false},"excerpt":{"rendered":"<p>Dr. Gilbert Glady ist der Begr\u00fcnder der Bio-Immun(G)en Medizin, Gr\u00fcnder und Pr\u00e4sident der Europ\u00e4ischen Gesellschaft f\u00fcr Bio-Immuno(G)enetische Medizin.<\/p>\n","protected":false},"author":778,"featured_media":0,"parent":9718,"menu_order":15,"comment_status":"closed","ping_status":"closed","template":"","meta":{"_acf_changed":false,"footnotes":""},"class_list":["post-9737","page","type-page","status-publish","hentry"],"acf":[],"yoast_head":"<!-- This site is optimized with the Yoast SEO plugin v27.4 - https:\/\/yoast.com\/product\/yoast-seo-wordpress\/ -->\n<title>Dr. Gilbert Glady, BI(G)MED-Methode, ganzheitliche und regenerative Medizin | EBMA Europe<\/title>\n<meta name=\"description\" content=\"Dr. Glady entwickelt die Methode der Bio-Immun(G)en Medizin und \u00fcbernimmt die Leitung von EBMA Europe, zust\u00e4ndig f\u00fcr Forschung und Ausbildung.\" \/>\n<meta name=\"robots\" content=\"index, follow, max-snippet:-1, max-image-preview:large, max-video-preview:-1\" \/>\n<link rel=\"canonical\" href=\"https:\/\/www.ebma-europe.com\/de\/bigmed\/dr-gilbert-glady\/\" \/>\n<meta property=\"og:locale\" content=\"de_DE\" \/>\n<meta property=\"og:type\" content=\"article\" \/>\n<meta property=\"og:title\" content=\"Dr. Gilbert Glady, BI(G)MED-Methode, ganzheitliche und regenerative Medizin | EBMA Europe\" \/>\n<meta property=\"og:description\" content=\"Dr. Glady entwickelt die Methode der Bio-Immun(G)en Medizin und \u00fcbernimmt die Leitung von EBMA Europe, zust\u00e4ndig f\u00fcr Forschung und Ausbildung.\" \/>\n<meta property=\"og:url\" content=\"https:\/\/www.ebma-europe.com\/de\/bigmed\/dr-gilbert-glady\/\" \/>\n<meta property=\"og:site_name\" content=\"EBMA Europe\" \/>\n<meta property=\"article:modified_time\" content=\"2026-03-02T10:21:42+00:00\" \/>\n<meta property=\"og:image\" content=\"https:\/\/www.ebma-europe.com\/wp-inside\/uploads\/2025\/09\/docteur-gilber-glady.jpg\" \/>\n\t<meta property=\"og:image:width\" content=\"242\" \/>\n\t<meta property=\"og:image:height\" content=\"348\" \/>\n\t<meta property=\"og:image:type\" content=\"image\/jpeg\" \/>\n<meta name=\"twitter:card\" content=\"summary_large_image\" \/>\n<meta name=\"twitter:label1\" content=\"Gesch\u00e4tzte Lesezeit\" \/>\n\t<meta name=\"twitter:data1\" content=\"3\u00a0Minuten\" \/>\n<script type=\"application\/ld+json\" class=\"yoast-schema-graph\">{\"@context\":\"https:\\\/\\\/schema.org\",\"@graph\":[{\"@type\":\"WebPage\",\"@id\":\"https:\\\/\\\/www.ebma-europe.com\\\/de\\\/bigmed\\\/dr-gilbert-glady\\\/\",\"url\":\"https:\\\/\\\/www.ebma-europe.com\\\/de\\\/bigmed\\\/dr-gilbert-glady\\\/\",\"name\":\"Dr. Gilbert Glady, BI(G)MED-Methode, ganzheitliche und regenerative Medizin | EBMA Europe\",\"isPartOf\":{\"@id\":\"https:\\\/\\\/www.ebma-europe.com\\\/de\\\/#website\"},\"primaryImageOfPage\":{\"@id\":\"https:\\\/\\\/www.ebma-europe.com\\\/de\\\/bigmed\\\/dr-gilbert-glady\\\/#primaryimage\"},\"image\":{\"@id\":\"https:\\\/\\\/www.ebma-europe.com\\\/de\\\/bigmed\\\/dr-gilbert-glady\\\/#primaryimage\"},\"thumbnailUrl\":\"https:\\\/\\\/www.ebma-europe.com\\\/wp-inside\\\/uploads\\\/2025\\\/09\\\/docteur-gilber-glady.jpg\",\"datePublished\":\"2025-09-17T09:40:48+00:00\",\"dateModified\":\"2026-03-02T10:21:42+00:00\",\"description\":\"Dr. Glady entwickelt die Methode der Bio-Immun(G)en Medizin und \u00fcbernimmt die Leitung von EBMA Europe, zust\u00e4ndig f\u00fcr Forschung und Ausbildung.\",\"breadcrumb\":{\"@id\":\"https:\\\/\\\/www.ebma-europe.com\\\/de\\\/bigmed\\\/dr-gilbert-glady\\\/#breadcrumb\"},\"inLanguage\":\"de\",\"potentialAction\":[{\"@type\":\"ReadAction\",\"target\":[\"https:\\\/\\\/www.ebma-europe.com\\\/de\\\/bigmed\\\/dr-gilbert-glady\\\/\"]}]},{\"@type\":\"ImageObject\",\"inLanguage\":\"de\",\"@id\":\"https:\\\/\\\/www.ebma-europe.com\\\/de\\\/bigmed\\\/dr-gilbert-glady\\\/#primaryimage\",\"url\":\"https:\\\/\\\/www.ebma-europe.com\\\/wp-inside\\\/uploads\\\/2025\\\/09\\\/docteur-gilber-glady.jpg\",\"contentUrl\":\"https:\\\/\\\/www.ebma-europe.com\\\/wp-inside\\\/uploads\\\/2025\\\/09\\\/docteur-gilber-glady.jpg\"},{\"@type\":\"BreadcrumbList\",\"@id\":\"https:\\\/\\\/www.ebma-europe.com\\\/de\\\/bigmed\\\/dr-gilbert-glady\\\/#breadcrumb\",\"itemListElement\":[{\"@type\":\"ListItem\",\"position\":1,\"name\":\"Startseite\",\"item\":\"https:\\\/\\\/www.ebma-europe.com\\\/de\\\/accueil\\\/\"},{\"@type\":\"ListItem\",\"position\":2,\"name\":\"BIGMED\",\"item\":\"https:\\\/\\\/www.ebma-europe.com\\\/de\\\/bigmed\\\/\"},{\"@type\":\"ListItem\",\"position\":3,\"name\":\"Dr. Gilbert Glady\"}]},{\"@type\":\"WebSite\",\"@id\":\"https:\\\/\\\/www.ebma-europe.com\\\/de\\\/#website\",\"url\":\"https:\\\/\\\/www.ebma-europe.com\\\/de\\\/\",\"name\":\"EBMA Europe\",\"description\":\"European Bio Immune(G)ene Medicine Association\",\"publisher\":{\"@id\":\"https:\\\/\\\/www.ebma-europe.com\\\/de\\\/#organization\"},\"alternateName\":\"EBMA\",\"potentialAction\":[{\"@type\":\"SearchAction\",\"target\":{\"@type\":\"EntryPoint\",\"urlTemplate\":\"https:\\\/\\\/www.ebma-europe.com\\\/de\\\/?s={search_term_string}\"},\"query-input\":{\"@type\":\"PropertyValueSpecification\",\"valueRequired\":true,\"valueName\":\"search_term_string\"}}],\"inLanguage\":\"de\"},{\"@type\":\"Organization\",\"@id\":\"https:\\\/\\\/www.ebma-europe.com\\\/de\\\/#organization\",\"name\":\"EBMA Europe\",\"alternateName\":\"EBMA\",\"url\":\"https:\\\/\\\/www.ebma-europe.com\\\/de\\\/\",\"logo\":{\"@type\":\"ImageObject\",\"inLanguage\":\"de\",\"@id\":\"https:\\\/\\\/www.ebma-europe.com\\\/de\\\/#\\\/schema\\\/logo\\\/image\\\/\",\"url\":\"https:\\\/\\\/www.ebma-europe.com\\\/wp-inside\\\/uploads\\\/2026\\\/03\\\/enity-logo-ebma.png\",\"contentUrl\":\"https:\\\/\\\/www.ebma-europe.com\\\/wp-inside\\\/uploads\\\/2026\\\/03\\\/enity-logo-ebma.png\",\"width\":696,\"height\":696,\"caption\":\"EBMA Europe\"},\"image\":{\"@id\":\"https:\\\/\\\/www.ebma-europe.com\\\/de\\\/#\\\/schema\\\/logo\\\/image\\\/\"},\"sameAs\":[\"https:\\\/\\\/fr.linkedin.com\\\/company\\\/ebma-europe\"]}]}<\/script>\n<!-- \/ Yoast SEO plugin. -->","yoast_head_json":{"title":"Dr. Gilbert Glady, BI(G)MED-Methode, ganzheitliche und regenerative Medizin | EBMA Europe","description":"Dr. Glady entwickelt die Methode der Bio-Immun(G)en Medizin und \u00fcbernimmt die Leitung von EBMA Europe, zust\u00e4ndig f\u00fcr Forschung und Ausbildung.","robots":{"index":"index","follow":"follow","max-snippet":"max-snippet:-1","max-image-preview":"max-image-preview:large","max-video-preview":"max-video-preview:-1"},"canonical":"https:\/\/www.ebma-europe.com\/de\/bigmed\/dr-gilbert-glady\/","og_locale":"de_DE","og_type":"article","og_title":"Dr. Gilbert Glady, BI(G)MED-Methode, ganzheitliche und regenerative Medizin | EBMA Europe","og_description":"Dr. Glady entwickelt die Methode der Bio-Immun(G)en Medizin und \u00fcbernimmt die Leitung von EBMA Europe, zust\u00e4ndig f\u00fcr Forschung und Ausbildung.","og_url":"https:\/\/www.ebma-europe.com\/de\/bigmed\/dr-gilbert-glady\/","og_site_name":"EBMA Europe","article_modified_time":"2026-03-02T10:21:42+00:00","og_image":[{"width":242,"height":348,"url":"https:\/\/www.ebma-europe.com\/wp-inside\/uploads\/2025\/09\/docteur-gilber-glady.jpg","type":"image\/jpeg"}],"twitter_card":"summary_large_image","twitter_misc":{"Gesch\u00e4tzte Lesezeit":"3\u00a0Minuten"},"schema":{"@context":"https:\/\/schema.org","@graph":[{"@type":"WebPage","@id":"https:\/\/www.ebma-europe.com\/de\/bigmed\/dr-gilbert-glady\/","url":"https:\/\/www.ebma-europe.com\/de\/bigmed\/dr-gilbert-glady\/","name":"Dr. Gilbert Glady, BI(G)MED-Methode, ganzheitliche und regenerative Medizin | EBMA Europe","isPartOf":{"@id":"https:\/\/www.ebma-europe.com\/de\/#website"},"primaryImageOfPage":{"@id":"https:\/\/www.ebma-europe.com\/de\/bigmed\/dr-gilbert-glady\/#primaryimage"},"image":{"@id":"https:\/\/www.ebma-europe.com\/de\/bigmed\/dr-gilbert-glady\/#primaryimage"},"thumbnailUrl":"https:\/\/www.ebma-europe.com\/wp-inside\/uploads\/2025\/09\/docteur-gilber-glady.jpg","datePublished":"2025-09-17T09:40:48+00:00","dateModified":"2026-03-02T10:21:42+00:00","description":"Dr. Glady entwickelt die Methode der Bio-Immun(G)en Medizin und \u00fcbernimmt die Leitung von EBMA Europe, zust\u00e4ndig f\u00fcr Forschung und Ausbildung.","breadcrumb":{"@id":"https:\/\/www.ebma-europe.com\/de\/bigmed\/dr-gilbert-glady\/#breadcrumb"},"inLanguage":"de","potentialAction":[{"@type":"ReadAction","target":["https:\/\/www.ebma-europe.com\/de\/bigmed\/dr-gilbert-glady\/"]}]},{"@type":"ImageObject","inLanguage":"de","@id":"https:\/\/www.ebma-europe.com\/de\/bigmed\/dr-gilbert-glady\/#primaryimage","url":"https:\/\/www.ebma-europe.com\/wp-inside\/uploads\/2025\/09\/docteur-gilber-glady.jpg","contentUrl":"https:\/\/www.ebma-europe.com\/wp-inside\/uploads\/2025\/09\/docteur-gilber-glady.jpg"},{"@type":"BreadcrumbList","@id":"https:\/\/www.ebma-europe.com\/de\/bigmed\/dr-gilbert-glady\/#breadcrumb","itemListElement":[{"@type":"ListItem","position":1,"name":"Startseite","item":"https:\/\/www.ebma-europe.com\/de\/accueil\/"},{"@type":"ListItem","position":2,"name":"BIGMED","item":"https:\/\/www.ebma-europe.com\/de\/bigmed\/"},{"@type":"ListItem","position":3,"name":"Dr. Gilbert Glady"}]},{"@type":"WebSite","@id":"https:\/\/www.ebma-europe.com\/de\/#website","url":"https:\/\/www.ebma-europe.com\/de\/","name":"EBMA Europe","description":"European Bio Immune(G)ene Medicine Association","publisher":{"@id":"https:\/\/www.ebma-europe.com\/de\/#organization"},"alternateName":"EBMA","potentialAction":[{"@type":"SearchAction","target":{"@type":"EntryPoint","urlTemplate":"https:\/\/www.ebma-europe.com\/de\/?s={search_term_string}"},"query-input":{"@type":"PropertyValueSpecification","valueRequired":true,"valueName":"search_term_string"}}],"inLanguage":"de"},{"@type":"Organization","@id":"https:\/\/www.ebma-europe.com\/de\/#organization","name":"EBMA Europe","alternateName":"EBMA","url":"https:\/\/www.ebma-europe.com\/de\/","logo":{"@type":"ImageObject","inLanguage":"de","@id":"https:\/\/www.ebma-europe.com\/de\/#\/schema\/logo\/image\/","url":"https:\/\/www.ebma-europe.com\/wp-inside\/uploads\/2026\/03\/enity-logo-ebma.png","contentUrl":"https:\/\/www.ebma-europe.com\/wp-inside\/uploads\/2026\/03\/enity-logo-ebma.png","width":696,"height":696,"caption":"EBMA Europe"},"image":{"@id":"https:\/\/www.ebma-europe.com\/de\/#\/schema\/logo\/image\/"},"sameAs":["https:\/\/fr.linkedin.com\/company\/ebma-europe"]}]}},"_links":{"self":[{"href":"https:\/\/www.ebma-europe.com\/de\/wp-json\/wp\/v2\/pages\/9737","targetHints":{"allow":["GET"]}}],"collection":[{"href":"https:\/\/www.ebma-europe.com\/de\/wp-json\/wp\/v2\/pages"}],"about":[{"href":"https:\/\/www.ebma-europe.com\/de\/wp-json\/wp\/v2\/types\/page"}],"author":[{"embeddable":true,"href":"https:\/\/www.ebma-europe.com\/de\/wp-json\/wp\/v2\/users\/778"}],"replies":[{"embeddable":true,"href":"https:\/\/www.ebma-europe.com\/de\/wp-json\/wp\/v2\/comments?post=9737"}],"version-history":[{"count":5,"href":"https:\/\/www.ebma-europe.com\/de\/wp-json\/wp\/v2\/pages\/9737\/revisions"}],"predecessor-version":[{"id":12468,"href":"https:\/\/www.ebma-europe.com\/de\/wp-json\/wp\/v2\/pages\/9737\/revisions\/12468"}],"up":[{"embeddable":true,"href":"https:\/\/www.ebma-europe.com\/de\/wp-json\/wp\/v2\/pages\/9718"}],"wp:attachment":[{"href":"https:\/\/www.ebma-europe.com\/de\/wp-json\/wp\/v2\/media?parent=9737"}],"curies":[{"name":"wp","href":"https:\/\/api.w.org\/{rel}","templated":true}]}}