{"id":9799,"date":"2025-09-17T11:52:47","date_gmt":"2025-09-17T09:52:47","guid":{"rendered":"https:\/\/www.ebma-europe.com\/ebma\/forschung\/"},"modified":"2026-03-02T11:56:38","modified_gmt":"2026-03-02T10:56:38","slug":"forschung","status":"publish","type":"page","link":"https:\/\/www.ebma-europe.com\/de\/ebma\/forschung\/","title":{"rendered":"Forschung"},"content":{"rendered":"\n<div class=\"wp-block-group alignfull is-style-default has-global-padding is-layout-constrained wp-block-group-is-layout-constrained\" style=\"padding-top:0;padding-bottom:0\">\n<div class=\"wp-block-cover alignfull is-light is-style-default\" style=\"margin-top:0;margin-bottom:0;padding-top:var(--wp--preset--spacing--xl);padding-bottom:var(--wp--preset--spacing--xl);min-height:50px;aspect-ratio:unset;\"><span aria-hidden=\"true\" class=\"wp-block-cover__background has-neutral-100-background-color has-background-dim-100 has-background-dim\"><\/span><div class=\"wp-block-cover__inner-container has-global-padding is-layout-constrained wp-container-core-cover-is-layout-f26b76e4 wp-block-cover-is-layout-constrained\">\n\t<div class=\"has-text-align-center skp-block-breadcrumb wp-block-skp-breadcrumb has-sm-font-size\" id=\"skp-block-breadcrumb-69e366dc096da3.03740292\">\n\t\t\n<nav\tclass=\"breadcrumb\"\n\taria-label=\"Breadcrumbs\">\n\t<ol class=\"breadcrumb__list\">\n\t\t\t\t\t<li class=\"breadcrumb__item\">\n\t\t\t\t\t\t\t\t\t<a href=\"https:\/\/www.ebma-europe.com\/de\/accueil\/\" class=\"breadcrumb__link\">\n\t\t\t\t\t\tStartseite\t\t\t\t\t<\/a>\n\t\t\t\t\t\t\t\t\t\t\t\t<\/li>\n\t\t\t<\/ol>\n\n\t<\/nav>\t<\/div>\n\n\n<h1 style=\"text-align: center;\" class=\"has-text-align-center skp-block-primary-title wp-block-skp-primary-title\" id=\"skp-block-primary-title-69e366dc0b3bf5.71296227\">\n\tForschung<\/h1>\n\n\n\n<p class=\"has-text-align-center\">Die Forschungsabteilung der EBMA f\u00fchrt unter der Leitung von Dr. Narges BAHI Programme zur wissenschaftlichen Evaluierung der BI(G)MED durch. Hierf\u00fcr entwickelt sie drei Schwerpunkte. <\/p>\n<\/div><\/div>\n<\/div>\n\n\n\n<div class=\"wp-block-columns alignwide are-vertically-aligned-center is-layout-flex wp-container-core-columns-is-layout-70048779 wp-block-columns-is-layout-flex\" style=\"margin-top:var(--wp--preset--spacing--2-xl);margin-bottom:var(--wp--preset--spacing--2-xl)\">\n<div class=\"wp-block-column is-vertically-aligned-center is-layout-flow wp-container-core-column-is-layout-b4b6c8b9 wp-block-column-is-layout-flow\">\n<h2 class=\"wp-block-heading\">1. Die Charakterisierung von L\u00f6sungen in extrem niedrigen Dosierungen<\/h2>\n\n\n\n<p>Eines unserer BI(G)MED-Produkte wurde einem unabh\u00e4ngigen Test durch das <a href=\"https:\/\/bion.si\/\" target=\"_blank\" rel=\"noreferrer noopener\">BION-Forschungslabor<\/a> unterzogen, das auf die Analyse subtiler Einfl\u00fcsse auf Wasser spezialisiert ist.<\/p>\n\n\n\n<p>Der Test, bei dem objektive Parameter wie pH-Wert, Leitf\u00e4higkeit und Redoxpotential gemessen werden, zeigte eine <strong>signifikante Wirkung der Formel auf die Strukturierung des Wassers<\/strong>.<\/p>\n\n\n\n<p>Dieses Ergebnis ist wichtig: Es best\u00e4tigt, dass unsere Pr\u00e4parate, die auf eine Wirkung durch feine und biomimetische Modulation ausgelegt sind, ein <strong>messbares und reproduzierbares Signal<\/strong> erzeugen, was im Einklang mit unserem wissenschaftlichen Ansatz steht.<\/p>\n\n\n\n<p>Mit anderen Worten stellt dieser Test eine externe Validierung der F\u00e4higkeit von BI(G)MED-Produkten dar, regulatorische Informationen zu \u00fcbertragen, und unterst\u00fctzt so die Relevanz unseres innovativen Ansatzes in der bio-immunogenetischen Medizin.<\/p>\n<\/div>\n\n\n\n<div class=\"wp-block-column is-vertically-aligned-center is-layout-flow wp-block-column-is-layout-flow\">\n<figure class=\"wp-block-image aligncenter size-medium\" style=\"margin-top:var(--wp--preset--spacing--lg);margin-right:var(--wp--preset--spacing--lg);margin-bottom:var(--wp--preset--spacing--lg);margin-left:var(--wp--preset--spacing--lg)\"><img decoding=\"async\" width=\"300\" height=\"300\" src=\"https:\/\/www.ebma-europe.com\/wp-inside\/uploads\/2025\/12\/bion-institut-influence-sur-leau-300x300.jpg\" alt=\"\" class=\"wp-image-773\" srcset=\"https:\/\/www.ebma-europe.com\/wp-inside\/uploads\/2025\/12\/bion-institut-influence-sur-leau-300x300.jpg 300w, https:\/\/www.ebma-europe.com\/wp-inside\/uploads\/2025\/12\/bion-institut-influence-sur-leau-1024x1024.jpg 1024w, https:\/\/www.ebma-europe.com\/wp-inside\/uploads\/2025\/12\/bion-institut-influence-sur-leau-150x150.jpg 150w, https:\/\/www.ebma-europe.com\/wp-inside\/uploads\/2025\/12\/bion-institut-influence-sur-leau-768x768.jpg 768w, https:\/\/www.ebma-europe.com\/wp-inside\/uploads\/2025\/12\/bion-institut-influence-sur-leau-1536x1536.jpg 1536w, https:\/\/www.ebma-europe.com\/wp-inside\/uploads\/2025\/12\/bion-institut-influence-sur-leau-2048x2048.jpg 2048w, https:\/\/www.ebma-europe.com\/wp-inside\/uploads\/2025\/12\/bion-institut-influence-sur-leau-2000x2000.jpg 2000w, https:\/\/www.ebma-europe.com\/wp-inside\/uploads\/2025\/12\/bion-institut-influence-sur-leau-600x600.jpg 600w, https:\/\/www.ebma-europe.com\/wp-inside\/uploads\/2025\/12\/bion-institut-influence-sur-leau-100x100.jpg 100w\" sizes=\"(max-width: 300px) 100vw, 300px\" \/><\/figure>\n<\/div>\n<\/div>\n\n\n\n<div class=\"wp-block-group alignfull has-neutral-200-background-color has-background has-global-padding is-content-justification-center is-layout-constrained wp-container-core-group-is-layout-9fea6163 wp-block-group-is-layout-constrained\" style=\"margin-top:var(--wp--preset--spacing--2-xl);margin-bottom:var(--wp--preset--spacing--2-xl);padding-top:var(--wp--preset--spacing--lg);padding-bottom:var(--wp--preset--spacing--lg)\">\n<h2 class=\"wp-block-heading has-text-align-left\">2. In-vitro-Studien<\/h2>\n\n\n\n<p class=\"has-text-align-left\">Es wurde eine Reihe von Studien durchgef\u00fchrt, deren Ergebnisse noch nicht ver\u00f6ffentlicht wurden, um die <strong>Wirkung unserer Produkte auf Zellkulturen zu bewerten<\/strong>. Sie zeigen einen Effekt auf die Genexpression und die Funktion der Zellen in Kultur. <\/p>\n<\/div>\n\n\n\n<div class=\"wp-block-group alignfull has-global-padding is-content-justification-center is-layout-constrained wp-container-core-group-is-layout-f4d2103b wp-block-group-is-layout-constrained\" style=\"margin-top:var(--wp--preset--spacing--2-xl);margin-bottom:var(--wp--preset--spacing--2-xl);padding-top:0;padding-bottom:0\">\n<h2 class=\"wp-block-heading\">3. Die Zusammenfassung klinischer Fallstudien<\/h2>\n\n\n\n<p>Dank des gesamten Netzwerks der BI(G)MED-Therapeuten f\u00fchren wir <strong>retrospektive Studien an Patienten<\/strong> durch, die BI(G)MED in Anspruch genommen haben. Diese Studien erm\u00f6glichen es uns, die tats\u00e4chliche Wirksamkeit unserer Formeln zu bewerten. <\/p>\n\n\n\n<p>Die <a href=\"https:\/\/srrjournals.com\/ijsrr\/sites\/default\/files\/IJSRR-2023-0071.pdf\">j\u00fcngste retrospektive Studie<\/a>, die in der Fachzeitschrift mit Peer-Review \u201eInternational Journal of Scholarly Research and Reviews\u201c ver\u00f6ffentlicht wurde, befasst sich mit Patienten mit chronischer Mononukleose (Infektion mit dem Epstein-Barr-Virus (EBV)), die durch das Fehlen von Anti-VCA-IgM, das Vorhandensein von Anti-VCA-IgG und das Fehlen von Anti-EBNA-IgG gekennzeichnet ist. Dieses serologische Bild, das charakteristisch f\u00fcr eine unvollst\u00e4ndige Immunantwort auf EBV ist, weist eine starke Assoziation mit einer Reihe von chronischen Erkrankungen wie myalgischer Enzephalomyelitis (chronisches Ersch\u00f6pfungssyndrom), bestimmten Autoimmunerkrankungen oder sogar bestimmten Krebsarten auf. <\/p>\n\n\n\n<p>Ziel dieser Studie war es, die <strong>Kinetik der Serokonversion<\/strong> (d. h. die Entwicklung von Anti-EBNA-IgG) bei Patienten zu untersuchen, die mit BI(G)MED behandelt wurden.<\/p>\n\n\n\n<p>Die Ergebnisse der Studie sind eindeutig: <strong>95 % der Patienten entwickelten im Durchschnitt innerhalb von 7 Monaten<\/strong> nach Behandlungsbeginn Anti-EBNA-IgG, und diese Serokonversion ging in 75 % der F\u00e4lle mit einer <strong>deutlichen Verbesserung oder sogar dem vollst\u00e4ndigen Verschwinden ihrer k\u00f6rperlichen Symptome<\/strong> einher.<\/p>\n<\/div>\n\n\n\n<div class=\"wp-block-group alignfull has-global-padding is-layout-constrained wp-block-group-is-layout-constrained\" style=\"margin-top:var(--wp--preset--spacing--2-xl);margin-bottom:var(--wp--preset--spacing--2-xl)\">\n<figure class=\"wp-block-image alignwide\"><a href=\"https:\/\/srrjournals.com\/ijsrr\/sites\/default\/files\/IJSRR-2023-0071.pdf\" target=\"_blank\" rel=\" noreferrer noopener\"><img loading=\"lazy\" decoding=\"async\" width=\"1024\" height=\"410\" src=\"https:\/\/www.ebma-europe.com\/wp-inside\/uploads\/2025\/12\/graphical-abstract-bahi-jaber-glady-1024x410.png\" alt=\"Fallstudie klinisches Ergebnis ganzheitliche Medizin BI(G)MED\" class=\"wp-image-776\" srcset=\"https:\/\/www.ebma-europe.com\/wp-inside\/uploads\/2025\/12\/graphical-abstract-bahi-jaber-glady-1024x410.png 1024w, https:\/\/www.ebma-europe.com\/wp-inside\/uploads\/2025\/12\/graphical-abstract-bahi-jaber-glady-300x120.png 300w, https:\/\/www.ebma-europe.com\/wp-inside\/uploads\/2025\/12\/graphical-abstract-bahi-jaber-glady-768x307.png 768w, https:\/\/www.ebma-europe.com\/wp-inside\/uploads\/2025\/12\/graphical-abstract-bahi-jaber-glady-600x240.png 600w, https:\/\/www.ebma-europe.com\/wp-inside\/uploads\/2025\/12\/graphical-abstract-bahi-jaber-glady.png 1250w\" sizes=\"auto, (max-width: 1024px) 100vw, 1024px\" \/><\/a><\/figure>\n<\/div>\n\n\n\n<div class=\"wp-block-group alignfull is-style-default has-neutral-200-background-color has-background is-layout-flow wp-block-group-is-layout-flow\" style=\"padding-top:0;padding-right:0;padding-bottom:0;padding-left:0\">\n<div class=\"wp-block-cover is-light\" style=\"padding-top:var(--wp--preset--spacing--2-xl);padding-right:var(--wp--preset--spacing--2-xl);padding-bottom:var(--wp--preset--spacing--2-xl);padding-left:var(--wp--preset--spacing--2-xl);min-height:50px;aspect-ratio:unset;\"><span aria-hidden=\"true\" class=\"wp-block-cover__background has-background-dim-0 has-background-dim\"><\/span><div class=\"wp-block-cover__inner-container has-global-padding is-layout-constrained wp-container-core-cover-is-layout-f14b2262 wp-block-cover-is-layout-constrained\">\n<h2 class=\"wp-block-heading has-text-align-center\">Wir sind offen f\u00fcr jeden Vorschlag f\u00fcr eine Partnerschaft zur Entwicklung einer randomisierten Doppelblindstudie zu einem oder mehreren unserer Produkte.<\/h2>\n\n\n\n<p class=\"has-text-align-center\">Bei Interesse wenden Sie sich bitte an unsere wissenschaftliche Leiterin Dr. Narges BAHI.  <br>\t\t\t<\/p>\n\n\n\n<div class=\"wp-block-buttons is-content-justification-center is-layout-flex wp-container-core-buttons-is-layout-a89b3969 wp-block-buttons-is-layout-flex\">\n<div class=\"wp-block-button is-style-btn-white is-style-btn-primary\"><a class=\"wp-block-button__link wp-element-button\" href=\"mailto:narges.bahi@ebma-europe.com\">Kontakt<\/a><\/div>\n<\/div>\n<\/div><\/div>\n<\/div>\n","protected":false},"excerpt":{"rendered":"<p>Die Forschungsabteilung der EBMA f\u00fchrt unter der Leitung von Dr. Narges BAHI Programme zur wissenschaftlichen Evaluierung der BI(G)MED durch.<\/p>\n","protected":false},"author":778,"featured_media":0,"parent":9791,"menu_order":10,"comment_status":"closed","ping_status":"closed","template":"","meta":{"_acf_changed":false,"footnotes":""},"class_list":["post-9799","page","type-page","status-publish","hentry"],"acf":[],"yoast_head":"<!-- This site is optimized with the Yoast SEO plugin v27.4 - https:\/\/yoast.com\/product\/yoast-seo-wordpress\/ -->\n<title>Genetische Forschung, Studien zu BI(G)MED-Therapien | EBMA Europe<\/title>\n<meta name=\"description\" content=\"Charakterisierung von L\u00f6sungen in extrem niedrigen Dosierungen, In-vitro-Studien und retrospektive Fallstudien: die drei Schwerpunkte unserer Forschungsabteilung.\" \/>\n<meta name=\"robots\" content=\"index, follow, max-snippet:-1, max-image-preview:large, max-video-preview:-1\" \/>\n<link rel=\"canonical\" href=\"https:\/\/www.ebma-europe.com\/de\/ebma\/forschung\/\" \/>\n<meta property=\"og:locale\" content=\"de_DE\" \/>\n<meta property=\"og:type\" content=\"article\" \/>\n<meta property=\"og:title\" content=\"Genetische Forschung, Studien zu BI(G)MED-Therapien | EBMA Europe\" \/>\n<meta property=\"og:description\" content=\"Charakterisierung von L\u00f6sungen in extrem niedrigen Dosierungen, In-vitro-Studien und retrospektive Fallstudien: die drei Schwerpunkte unserer Forschungsabteilung.\" \/>\n<meta property=\"og:url\" content=\"https:\/\/www.ebma-europe.com\/de\/ebma\/forschung\/\" \/>\n<meta property=\"og:site_name\" content=\"EBMA Europe\" \/>\n<meta property=\"article:modified_time\" content=\"2026-03-02T10:56:38+00:00\" \/>\n<meta property=\"og:image\" content=\"https:\/\/www.ebma-europe.com\/wp-inside\/uploads\/2025\/12\/bion-institut-influence-sur-leau.jpg\" \/>\n\t<meta property=\"og:image:width\" content=\"2550\" \/>\n\t<meta property=\"og:image:height\" content=\"2550\" \/>\n\t<meta property=\"og:image:type\" content=\"image\/jpeg\" \/>\n<meta name=\"twitter:card\" content=\"summary_large_image\" \/>\n<meta name=\"twitter:label1\" content=\"Gesch\u00e4tzte Lesezeit\" \/>\n\t<meta name=\"twitter:data1\" content=\"3\u00a0Minuten\" \/>\n<script type=\"application\/ld+json\" class=\"yoast-schema-graph\">{\"@context\":\"https:\\\/\\\/schema.org\",\"@graph\":[{\"@type\":\"WebPage\",\"@id\":\"https:\\\/\\\/www.ebma-europe.com\\\/de\\\/ebma\\\/forschung\\\/\",\"url\":\"https:\\\/\\\/www.ebma-europe.com\\\/de\\\/ebma\\\/forschung\\\/\",\"name\":\"Genetische Forschung, Studien zu BI(G)MED-Therapien | EBMA Europe\",\"isPartOf\":{\"@id\":\"https:\\\/\\\/www.ebma-europe.com\\\/de\\\/#website\"},\"primaryImageOfPage\":{\"@id\":\"https:\\\/\\\/www.ebma-europe.com\\\/de\\\/ebma\\\/forschung\\\/#primaryimage\"},\"image\":{\"@id\":\"https:\\\/\\\/www.ebma-europe.com\\\/de\\\/ebma\\\/forschung\\\/#primaryimage\"},\"thumbnailUrl\":\"https:\\\/\\\/www.ebma-europe.com\\\/wp-inside\\\/uploads\\\/2025\\\/12\\\/bion-institut-influence-sur-leau-300x300.jpg\",\"datePublished\":\"2025-09-17T09:52:47+00:00\",\"dateModified\":\"2026-03-02T10:56:38+00:00\",\"description\":\"Charakterisierung von L\u00f6sungen in extrem niedrigen Dosierungen, In-vitro-Studien und retrospektive Fallstudien: die drei Schwerpunkte unserer Forschungsabteilung.\",\"breadcrumb\":{\"@id\":\"https:\\\/\\\/www.ebma-europe.com\\\/de\\\/ebma\\\/forschung\\\/#breadcrumb\"},\"inLanguage\":\"de\",\"potentialAction\":[{\"@type\":\"ReadAction\",\"target\":[\"https:\\\/\\\/www.ebma-europe.com\\\/de\\\/ebma\\\/forschung\\\/\"]}]},{\"@type\":\"ImageObject\",\"inLanguage\":\"de\",\"@id\":\"https:\\\/\\\/www.ebma-europe.com\\\/de\\\/ebma\\\/forschung\\\/#primaryimage\",\"url\":\"https:\\\/\\\/www.ebma-europe.com\\\/wp-inside\\\/uploads\\\/2025\\\/12\\\/bion-institut-influence-sur-leau-300x300.jpg\",\"contentUrl\":\"https:\\\/\\\/www.ebma-europe.com\\\/wp-inside\\\/uploads\\\/2025\\\/12\\\/bion-institut-influence-sur-leau-300x300.jpg\"},{\"@type\":\"BreadcrumbList\",\"@id\":\"https:\\\/\\\/www.ebma-europe.com\\\/de\\\/ebma\\\/forschung\\\/#breadcrumb\",\"itemListElement\":[{\"@type\":\"ListItem\",\"position\":1,\"name\":\"Startseite\",\"item\":\"https:\\\/\\\/www.ebma-europe.com\\\/de\\\/accueil\\\/\"},{\"@type\":\"ListItem\",\"position\":2,\"name\":\"EBMA\",\"item\":\"https:\\\/\\\/www.ebma-europe.com\\\/de\\\/ebma\\\/\"},{\"@type\":\"ListItem\",\"position\":3,\"name\":\"Forschung\"}]},{\"@type\":\"WebSite\",\"@id\":\"https:\\\/\\\/www.ebma-europe.com\\\/de\\\/#website\",\"url\":\"https:\\\/\\\/www.ebma-europe.com\\\/de\\\/\",\"name\":\"EBMA Europe\",\"description\":\"European Bio Immune(G)ene Medicine Association\",\"publisher\":{\"@id\":\"https:\\\/\\\/www.ebma-europe.com\\\/de\\\/#organization\"},\"alternateName\":\"EBMA\",\"potentialAction\":[{\"@type\":\"SearchAction\",\"target\":{\"@type\":\"EntryPoint\",\"urlTemplate\":\"https:\\\/\\\/www.ebma-europe.com\\\/de\\\/?s={search_term_string}\"},\"query-input\":{\"@type\":\"PropertyValueSpecification\",\"valueRequired\":true,\"valueName\":\"search_term_string\"}}],\"inLanguage\":\"de\"},{\"@type\":\"Organization\",\"@id\":\"https:\\\/\\\/www.ebma-europe.com\\\/de\\\/#organization\",\"name\":\"EBMA Europe\",\"alternateName\":\"EBMA\",\"url\":\"https:\\\/\\\/www.ebma-europe.com\\\/de\\\/\",\"logo\":{\"@type\":\"ImageObject\",\"inLanguage\":\"de\",\"@id\":\"https:\\\/\\\/www.ebma-europe.com\\\/de\\\/#\\\/schema\\\/logo\\\/image\\\/\",\"url\":\"https:\\\/\\\/www.ebma-europe.com\\\/wp-inside\\\/uploads\\\/2026\\\/03\\\/enity-logo-ebma.png\",\"contentUrl\":\"https:\\\/\\\/www.ebma-europe.com\\\/wp-inside\\\/uploads\\\/2026\\\/03\\\/enity-logo-ebma.png\",\"width\":696,\"height\":696,\"caption\":\"EBMA Europe\"},\"image\":{\"@id\":\"https:\\\/\\\/www.ebma-europe.com\\\/de\\\/#\\\/schema\\\/logo\\\/image\\\/\"},\"sameAs\":[\"https:\\\/\\\/fr.linkedin.com\\\/company\\\/ebma-europe\"]}]}<\/script>\n<!-- \/ Yoast SEO plugin. -->","yoast_head_json":{"title":"Genetische Forschung, Studien zu BI(G)MED-Therapien | EBMA Europe","description":"Charakterisierung von L\u00f6sungen in extrem niedrigen Dosierungen, In-vitro-Studien und retrospektive Fallstudien: die drei Schwerpunkte unserer Forschungsabteilung.","robots":{"index":"index","follow":"follow","max-snippet":"max-snippet:-1","max-image-preview":"max-image-preview:large","max-video-preview":"max-video-preview:-1"},"canonical":"https:\/\/www.ebma-europe.com\/de\/ebma\/forschung\/","og_locale":"de_DE","og_type":"article","og_title":"Genetische Forschung, Studien zu BI(G)MED-Therapien | EBMA Europe","og_description":"Charakterisierung von L\u00f6sungen in extrem niedrigen Dosierungen, In-vitro-Studien und retrospektive Fallstudien: die drei Schwerpunkte unserer Forschungsabteilung.","og_url":"https:\/\/www.ebma-europe.com\/de\/ebma\/forschung\/","og_site_name":"EBMA Europe","article_modified_time":"2026-03-02T10:56:38+00:00","og_image":[{"width":2550,"height":2550,"url":"https:\/\/www.ebma-europe.com\/wp-inside\/uploads\/2025\/12\/bion-institut-influence-sur-leau.jpg","type":"image\/jpeg"}],"twitter_card":"summary_large_image","twitter_misc":{"Gesch\u00e4tzte Lesezeit":"3\u00a0Minuten"},"schema":{"@context":"https:\/\/schema.org","@graph":[{"@type":"WebPage","@id":"https:\/\/www.ebma-europe.com\/de\/ebma\/forschung\/","url":"https:\/\/www.ebma-europe.com\/de\/ebma\/forschung\/","name":"Genetische Forschung, Studien zu BI(G)MED-Therapien | EBMA Europe","isPartOf":{"@id":"https:\/\/www.ebma-europe.com\/de\/#website"},"primaryImageOfPage":{"@id":"https:\/\/www.ebma-europe.com\/de\/ebma\/forschung\/#primaryimage"},"image":{"@id":"https:\/\/www.ebma-europe.com\/de\/ebma\/forschung\/#primaryimage"},"thumbnailUrl":"https:\/\/www.ebma-europe.com\/wp-inside\/uploads\/2025\/12\/bion-institut-influence-sur-leau-300x300.jpg","datePublished":"2025-09-17T09:52:47+00:00","dateModified":"2026-03-02T10:56:38+00:00","description":"Charakterisierung von L\u00f6sungen in extrem niedrigen Dosierungen, In-vitro-Studien und retrospektive Fallstudien: die drei Schwerpunkte unserer Forschungsabteilung.","breadcrumb":{"@id":"https:\/\/www.ebma-europe.com\/de\/ebma\/forschung\/#breadcrumb"},"inLanguage":"de","potentialAction":[{"@type":"ReadAction","target":["https:\/\/www.ebma-europe.com\/de\/ebma\/forschung\/"]}]},{"@type":"ImageObject","inLanguage":"de","@id":"https:\/\/www.ebma-europe.com\/de\/ebma\/forschung\/#primaryimage","url":"https:\/\/www.ebma-europe.com\/wp-inside\/uploads\/2025\/12\/bion-institut-influence-sur-leau-300x300.jpg","contentUrl":"https:\/\/www.ebma-europe.com\/wp-inside\/uploads\/2025\/12\/bion-institut-influence-sur-leau-300x300.jpg"},{"@type":"BreadcrumbList","@id":"https:\/\/www.ebma-europe.com\/de\/ebma\/forschung\/#breadcrumb","itemListElement":[{"@type":"ListItem","position":1,"name":"Startseite","item":"https:\/\/www.ebma-europe.com\/de\/accueil\/"},{"@type":"ListItem","position":2,"name":"EBMA","item":"https:\/\/www.ebma-europe.com\/de\/ebma\/"},{"@type":"ListItem","position":3,"name":"Forschung"}]},{"@type":"WebSite","@id":"https:\/\/www.ebma-europe.com\/de\/#website","url":"https:\/\/www.ebma-europe.com\/de\/","name":"EBMA Europe","description":"European Bio Immune(G)ene Medicine Association","publisher":{"@id":"https:\/\/www.ebma-europe.com\/de\/#organization"},"alternateName":"EBMA","potentialAction":[{"@type":"SearchAction","target":{"@type":"EntryPoint","urlTemplate":"https:\/\/www.ebma-europe.com\/de\/?s={search_term_string}"},"query-input":{"@type":"PropertyValueSpecification","valueRequired":true,"valueName":"search_term_string"}}],"inLanguage":"de"},{"@type":"Organization","@id":"https:\/\/www.ebma-europe.com\/de\/#organization","name":"EBMA Europe","alternateName":"EBMA","url":"https:\/\/www.ebma-europe.com\/de\/","logo":{"@type":"ImageObject","inLanguage":"de","@id":"https:\/\/www.ebma-europe.com\/de\/#\/schema\/logo\/image\/","url":"https:\/\/www.ebma-europe.com\/wp-inside\/uploads\/2026\/03\/enity-logo-ebma.png","contentUrl":"https:\/\/www.ebma-europe.com\/wp-inside\/uploads\/2026\/03\/enity-logo-ebma.png","width":696,"height":696,"caption":"EBMA Europe"},"image":{"@id":"https:\/\/www.ebma-europe.com\/de\/#\/schema\/logo\/image\/"},"sameAs":["https:\/\/fr.linkedin.com\/company\/ebma-europe"]}]}},"_links":{"self":[{"href":"https:\/\/www.ebma-europe.com\/de\/wp-json\/wp\/v2\/pages\/9799","targetHints":{"allow":["GET"]}}],"collection":[{"href":"https:\/\/www.ebma-europe.com\/de\/wp-json\/wp\/v2\/pages"}],"about":[{"href":"https:\/\/www.ebma-europe.com\/de\/wp-json\/wp\/v2\/types\/page"}],"author":[{"embeddable":true,"href":"https:\/\/www.ebma-europe.com\/de\/wp-json\/wp\/v2\/users\/778"}],"replies":[{"embeddable":true,"href":"https:\/\/www.ebma-europe.com\/de\/wp-json\/wp\/v2\/comments?post=9799"}],"version-history":[{"count":2,"href":"https:\/\/www.ebma-europe.com\/de\/wp-json\/wp\/v2\/pages\/9799\/revisions"}],"predecessor-version":[{"id":12499,"href":"https:\/\/www.ebma-europe.com\/de\/wp-json\/wp\/v2\/pages\/9799\/revisions\/12499"}],"up":[{"embeddable":true,"href":"https:\/\/www.ebma-europe.com\/de\/wp-json\/wp\/v2\/pages\/9791"}],"wp:attachment":[{"href":"https:\/\/www.ebma-europe.com\/de\/wp-json\/wp\/v2\/media?parent=9799"}],"curies":[{"name":"wp","href":"https:\/\/api.w.org\/{rel}","templated":true}]}}