{"id":9805,"date":"2025-09-17T11:53:53","date_gmt":"2025-09-17T09:53:53","guid":{"rendered":"https:\/\/www.ebma-europe.com\/ebma\/team\/"},"modified":"2026-04-10T11:04:20","modified_gmt":"2026-04-10T09:04:20","slug":"team","status":"publish","type":"page","link":"https:\/\/www.ebma-europe.com\/de\/ebma\/team\/","title":{"rendered":"Team"},"content":{"rendered":"\n<div class=\"wp-block-group alignfull is-style-default has-global-padding is-layout-constrained wp-block-group-is-layout-constrained\" style=\"padding-top:0;padding-bottom:0\">\n<div class=\"wp-block-cover alignfull is-light is-style-default\" style=\"margin-top:0;margin-bottom:0;padding-top:var(--wp--preset--spacing--xl);padding-bottom:var(--wp--preset--spacing--xl);min-height:50px;aspect-ratio:unset;\"><span aria-hidden=\"true\" class=\"wp-block-cover__background has-neutral-100-background-color has-background-dim-100 has-background-dim\"><\/span><div class=\"wp-block-cover__inner-container has-global-padding is-layout-constrained wp-container-core-cover-is-layout-f26b76e4 wp-block-cover-is-layout-constrained\">\n\t<div class=\"has-text-align-center skp-block-breadcrumb wp-block-skp-breadcrumb has-sm-font-size\" id=\"skp-block-breadcrumb-69e3097b7495f8.85213850\">\n\t\t\n<nav\tclass=\"breadcrumb\"\n\taria-label=\"Breadcrumbs\">\n\t<ol class=\"breadcrumb__list\">\n\t\t\t\t\t<li class=\"breadcrumb__item\">\n\t\t\t\t\t\t\t\t\t<a href=\"https:\/\/www.ebma-europe.com\/de\/accueil\/\" class=\"breadcrumb__link\">\n\t\t\t\t\t\tStartseite\t\t\t\t\t<\/a>\n\t\t\t\t\t\t\t\t\t\t\t\t<\/li>\n\t\t\t<\/ol>\n\n\t<\/nav>\t<\/div>\n\n\n<h1 style=\"text-align: center;\" class=\"has-text-align-center skp-block-primary-title wp-block-skp-primary-title\" id=\"skp-block-primary-title-69e3097b763f23.14219631\">\n\tTeam<\/h1>\n<\/div><\/div>\n<\/div>\n\n\n\n<div class=\"wp-block-columns alignwide are-vertically-aligned-center is-layout-flex wp-container-core-columns-is-layout-70048779 wp-block-columns-is-layout-flex\" style=\"margin-top:var(--wp--preset--spacing--2-xl);margin-bottom:var(--wp--preset--spacing--2-xl)\">\n<div class=\"wp-block-column is-vertically-aligned-center is-layout-flow wp-container-core-column-is-layout-b4b6c8b9 wp-block-column-is-layout-flow\">\n<h2 class=\"wp-block-heading\">Dr. Gilbert Glady<\/h2>\n\n\n\n<h3 class=\"wp-block-heading\">Gr\u00fcnder und Pr\u00e4sident der Europ\u00e4ischen Vereinigung f\u00fcr Bio-Immuno-Genetik (EBMA)<\/h3>\n\n\n\n<p>Dr. Glady ist Onkoh\u00e4matologe, Hom\u00f6opath und niedergelassener Arzt in Breisach (Deutschland). Er ist der Sch\u00f6pfer der <a href=\"https:\/\/www.ebma-europe.com\/de\/bigmed\/was-ist-die-bio-immungen-medizin\/\">Bio-Immuno-Genetik<\/a>. <\/p>\n\n\n\n<p>Er widmet sich sowohl der klinischen Praxis in seiner Praxis als auch der wissenschaftlichen Forschung. Er leitet die Ausbildung in BI(G)MED und ist Autor mehrerer <a href=\"https:\/\/www.ebma-europe.com\/de\/ebma\/publikationen\/\" type=\"page\" id=\"9801\">wissenschaftlicher Publikationen<\/a> zum Thema Nanobiotherapie.<\/p>\n\n\n\n<div class=\"wp-block-buttons is-layout-flex wp-block-buttons-is-layout-flex\">\n<div class=\"wp-block-button is-style-btn-outline-secondary\"><a class=\"wp-block-button__link wp-element-button\" href=\"https:\/\/www.ebma-europe.com\/de\/bigmed\/dr-gilbert-glady\/\">Mehr erfahren<\/a><\/div>\n<\/div>\n<\/div>\n\n\n\n<div class=\"wp-block-column is-vertically-aligned-center is-layout-flow wp-block-column-is-layout-flow\">\n<figure class=\"wp-block-image aligncenter size-full has-custom-border is-style-rounded\"><img decoding=\"async\" width=\"242\" height=\"348\" src=\"https:\/\/www.ebma-europe.com\/wp-inside\/uploads\/2025\/09\/docteur-gilber-glady.jpg\" alt=\"Dr. Gilbert Glady\" class=\"wp-image-394\" style=\"border-style:none;border-width:0px;border-radius:50px\" srcset=\"https:\/\/www.ebma-europe.com\/wp-inside\/uploads\/2025\/09\/docteur-gilber-glady.jpg 242w, https:\/\/www.ebma-europe.com\/wp-inside\/uploads\/2025\/09\/docteur-gilber-glady-209x300.jpg 209w\" sizes=\"(max-width: 242px) 100vw, 242px\" \/><\/figure>\n<\/div>\n<\/div>\n\n\n\n<div class=\"wp-block-columns alignwide are-vertically-aligned-center is-layout-flex wp-container-core-columns-is-layout-70048779 wp-block-columns-is-layout-flex\" style=\"margin-top:var(--wp--preset--spacing--2-xl);margin-bottom:var(--wp--preset--spacing--2-xl)\">\n<div class=\"wp-block-column is-vertically-aligned-center is-layout-flow wp-container-core-column-is-layout-b4b6c8b9 wp-block-column-is-layout-flow\">\n<h2 class=\"wp-block-heading\">Dr. Narges Bahi<\/h2>\n\n\n\n<h3 class=\"wp-block-heading\">Wissenschaftliche Leiterin der EBMA<\/h3>\n\n\n\n<p>Narges Bahi hat an der Universit\u00e4t Claude Bernard Lyon 1 in Biologie promoviert. Sie war als Forscherin und Dozentin in verschiedenen Organisationen f\u00fcr <strong>Forschung in der Epidemiologie von Infektionskrankheiten, Immunologie und Epigenetik<\/strong> t\u00e4tig. <\/p>\n\n\n\n<p>Im Jahr 2018 versp\u00fcrte sie das Bed\u00fcrfnis, lebendigere Gesundheitsans\u00e4tze zu erforschen, die im Einklang mit ihren tiefen \u00dcberzeugungen stehen. Sie absolvierte eine Ausbildung in <strong>Naturheilkunde<\/strong> am IDENAT und in <strong>Erickson&#8217;scher Hypnose<\/strong> an der AFNH und entdeckte dabei informationelle Ans\u00e4tze und das Konzept der Selbstheilung.<\/p>\n\n\n\n<p>Ihre Begegnung mit Dr. Glady stellt die Konvergenz all ihrer Leidenschaften dar: ein <strong>respektvoller Umgang mit dem Lebendigen, der auf epigenetischen Mechanismen basiert<\/strong>, um eine durch Krankheit gest\u00f6rte Immunantwort wiederherzustellen.<\/p>\n\n\n\n<p>Heute ist sie wissenschaftliche Leiterin der EBMA, wo sie <strong>Forschung im Bereich der Bio-Immuno-Genetik<\/strong> betreibt und an der <a href=\"https:\/\/www.ebma-europe.com\/de\/schulungskatalog\/\">Ausbildung von \u00c4rzten und Therapeuten<\/a> in diesem Ansatz mitwirkt, der f\u00fcr sie die Medizin der Zukunft darstellt.<\/p>\n<\/div>\n\n\n\n<div class=\"wp-block-column is-vertically-aligned-center is-layout-flow wp-block-column-is-layout-flow\">\n<figure class=\"wp-block-image aligncenter size-full has-custom-border is-style-rounded\"><img loading=\"lazy\" decoding=\"async\" width=\"217\" height=\"254\" src=\"https:\/\/www.ebma-europe.com\/wp-inside\/uploads\/2025\/12\/narges-bahi.jpg\" alt=\"Dr. Narges Bahi\" class=\"wp-image-752\" style=\"border-radius:50px\"\/><\/figure>\n<\/div>\n<\/div>\n\n\n\n<div class=\"wp-block-columns alignwide is-layout-flex wp-container-core-columns-is-layout-28f84493 wp-block-columns-is-layout-flex\">\n<div class=\"wp-block-column is-layout-flow wp-block-column-is-layout-flow\">\n<h2 class=\"wp-block-heading\">Isabelle GRISS-VERWEYEN<\/h2>\n\n\n\n<h3 class=\"wp-block-heading\"><strong>Verwaltungssekret\u00e4rin und Koordinatorin f\u00fcr die Kommunikation zwischen Frankreich und Deutschland<\/strong> <\/h3>\n\n\n\n<p>Mit 25 Jahren Erfahrung in den Bereichen Vertriebsunterst\u00fctzung, Verwaltungsmanagement und zweisprachige Kommunikation (Franz\u00f6sisch\/Deutsch) hat Isabelle einen reichen Erfahrungsschatz aufgebaut, der durch die Vielfalt der Umgebungen und die Qualit\u00e4t der zwischenmenschlichen Beziehungen gepr\u00e4gt ist.<\/p>\n\n\n\n<p>Ihre Erfahrung hat sie im Laufe verschiedener Projekte gesammelt, die vom Industriesektor bis hin zu Vereinsstrukturen reichten, wodurch sie eine gro\u00dfe Anpassungsf\u00e4higkeit und ein ausgepr\u00e4gtes Verst\u00e4ndnis f\u00fcr multikulturelle Kontexte erworben hat.<\/p>\n\n\n\n<p>Angetrieben von einem st\u00e4ndigen Interesse am interkulturellen Austausch hat sie auch an Projekten mit k\u00fcnstlerischer Dimension mitgewirkt, insbesondere im Bereich der B\u00fchnenausstattung, und dabei operative Disziplin mit kreativer Sensibilit\u00e4t verbunden.<\/p>\n\n\n\n<p>Bei EBMA Europe spielt sie eine zentrale Rolle bei der Koordination mit \u00c4rzten und Therapeuten und \u00fcbernimmt gleichzeitig die gesamte administrative Unterst\u00fctzung des Vereins. Sie ist auch die bevorzugte Ansprechpartnerin f\u00fcr deutschsprachige Fachleute, erleichtert den Austausch und gew\u00e4hrleistet eine reibungslose Kommunikation zwischen den verschiedenen Einheiten.<\/p>\n\n\n\n<p><\/p>\n<\/div>\n\n\n\n<div class=\"wp-block-column is-layout-flow wp-block-column-is-layout-flow\">\n<figure class=\"wp-block-image aligncenter size-medium has-custom-border is-style-rounded\"><img decoding=\"async\" src=\"https:\/\/www.ebma-europe.com\/wp-inside\/uploads\/2026\/02\/isabelle-griss-verweyen-edited-225x300.jpg\" alt=\"Isabelle Griss Verweyen\" class=\"wp-image-12241\" style=\"border-radius:50px\"\/><\/figure>\n<\/div>\n<\/div>\n\n\n\n<div class=\"wp-block-group alignfull is-style-default has-neutral-200-background-color has-background is-layout-flow wp-block-group-is-layout-flow\" style=\"margin-top:0;margin-bottom:0;padding-top:0;padding-right:0;padding-bottom:0;padding-left:0\">\n<div class=\"wp-block-cover\" style=\"margin-top:0;margin-bottom:0;padding-top:var(--wp--preset--spacing--2-xl);padding-right:var(--wp--preset--spacing--2-xl);padding-bottom:var(--wp--preset--spacing--2-xl);padding-left:var(--wp--preset--spacing--2-xl);min-height:40vh;aspect-ratio:unset;\"><video class=\"wp-block-cover__video-background intrinsic-ignore\" autoplay muted loop playsinline src=\"https:\/\/www.ebma-europe.com\/wp-inside\/uploads\/2026\/01\/adherer-istock.mp4\" data-object-fit=\"cover\"><\/video><span aria-hidden=\"true\" class=\"wp-block-cover__background has-neutral-950-background-color has-background-dim-60 has-background-dim\"><\/span><div class=\"wp-block-cover__inner-container has-global-padding is-layout-constrained wp-container-core-cover-is-layout-a8e3c05d wp-block-cover-is-layout-constrained\">\n<div class=\"wp-block-group has-global-padding is-layout-constrained wp-container-core-group-is-layout-38e7494a wp-block-group-is-layout-constrained\">\n<h2 class=\"wp-block-heading has-text-align-center\"><strong><strong><strong><strong>Warum EBMA beitreten?<\/strong><\/strong><\/strong><\/strong><\/h2>\n\n\n\n<p class=\"has-text-align-center\">EBMA beizutreten bedeutet, von kontinuierlicher Unterst\u00fctzung zu profitieren: Masterclasses, BigmedTalks, Unterst\u00fctzung bei der Verschreibung, klinische Sitzungen, wissenschaftliche \u00dcberwachung und Zugang zu Fortbildungen. Es bedeutet auch, einer engagierten Gemeinschaft beizutreten, um die BI(G)MED zu vertiefen und die Forschung im Dienste des Lebens voranzutreiben. <\/p>\n<\/div>\n\n\n\n<div class=\"wp-block-group is-content-justification-center is-layout-flex wp-container-core-group-is-layout-d84ab1f0 wp-block-group-is-layout-flex\">\n<div class=\"wp-block-buttons is-layout-flex wp-block-buttons-is-layout-flex\">\n<div class=\"wp-block-button is-style-btn-primary\"><a class=\"wp-block-button__link wp-element-button\" href=\"https:\/\/www.ebma-europe.com\/de\/anmeldung\/\">Anmeldung<\/a><\/div>\n<\/div>\n\n\n\n\n<div data-block-name=\"woocommerce\/customer-account\" data-display-style=\"text_only\" data-icon-class=\"wc-block-customer-account__account-icon\" class='wp-block-woocommerce-customer-account is-style-btn-primary' style=''>\n\t\t\t<a  href='https:\/\/www.ebma-europe.com\/de\/mein-konto\/'>\n\t\t\t\t<span class=\"label\">Anmelden<\/span>\n\t\t\t<\/a>\n\t\t<\/div><\/div>\n<\/div><\/div>\n<\/div>\n\n\n\n<p><\/p>\n","protected":false},"excerpt":{"rendered":"<p>Lernen Sie Dr. Gilbert Glady, den Gr\u00fcndungspr\u00e4sidenten, und Dr. Narges Bahi, die wissenschaftliche Leiterin, kennen.<\/p>\n","protected":false},"author":778,"featured_media":0,"parent":9791,"menu_order":20,"comment_status":"closed","ping_status":"closed","template":"","meta":{"_acf_changed":false,"footnotes":""},"class_list":["post-9805","page","type-page","status-publish","hentry"],"acf":[],"yoast_head":"<!-- This site is optimized with the Yoast SEO plugin v27.4 - https:\/\/yoast.com\/product\/yoast-seo-wordpress\/ -->\n<title>\u00c4rzte und Forscher | EBMA Europe<\/title>\n<meta name=\"description\" content=\"Dr. Gilbert Glady ist der Gr\u00fcnder und Pr\u00e4sident der EBMA. Dr. Narges Bahi ist die wissenschaftliche Leiterin des Verbandes.\" \/>\n<meta name=\"robots\" content=\"index, follow, max-snippet:-1, max-image-preview:large, max-video-preview:-1\" \/>\n<link rel=\"canonical\" href=\"https:\/\/www.ebma-europe.com\/de\/ebma\/team\/\" \/>\n<meta property=\"og:locale\" content=\"de_DE\" \/>\n<meta property=\"og:type\" content=\"article\" \/>\n<meta property=\"og:title\" content=\"\u00c4rzte und Forscher | EBMA Europe\" \/>\n<meta property=\"og:description\" content=\"Dr. Gilbert Glady ist der Gr\u00fcnder und Pr\u00e4sident der EBMA. Dr. Narges Bahi ist die wissenschaftliche Leiterin des Verbandes.\" \/>\n<meta property=\"og:url\" content=\"https:\/\/www.ebma-europe.com\/de\/ebma\/team\/\" \/>\n<meta property=\"og:site_name\" content=\"EBMA Europe\" \/>\n<meta property=\"article:modified_time\" content=\"2026-04-10T09:04:20+00:00\" \/>\n<meta property=\"og:image\" content=\"https:\/\/www.ebma-europe.com\/wp-inside\/uploads\/2025\/09\/docteur-gilber-glady.jpg\" \/>\n\t<meta property=\"og:image:width\" content=\"242\" \/>\n\t<meta property=\"og:image:height\" content=\"348\" \/>\n\t<meta property=\"og:image:type\" content=\"image\/jpeg\" \/>\n<meta name=\"twitter:card\" content=\"summary_large_image\" \/>\n<meta name=\"twitter:label1\" content=\"Gesch\u00e4tzte Lesezeit\" \/>\n\t<meta name=\"twitter:data1\" content=\"5\u00a0Minuten\" \/>\n<script type=\"application\/ld+json\" class=\"yoast-schema-graph\">{\"@context\":\"https:\\\/\\\/schema.org\",\"@graph\":[{\"@type\":\"WebPage\",\"@id\":\"https:\\\/\\\/www.ebma-europe.com\\\/de\\\/ebma\\\/team\\\/\",\"url\":\"https:\\\/\\\/www.ebma-europe.com\\\/de\\\/ebma\\\/team\\\/\",\"name\":\"\u00c4rzte und Forscher | EBMA Europe\",\"isPartOf\":{\"@id\":\"https:\\\/\\\/www.ebma-europe.com\\\/de\\\/#website\"},\"primaryImageOfPage\":{\"@id\":\"https:\\\/\\\/www.ebma-europe.com\\\/de\\\/ebma\\\/team\\\/#primaryimage\"},\"image\":{\"@id\":\"https:\\\/\\\/www.ebma-europe.com\\\/de\\\/ebma\\\/team\\\/#primaryimage\"},\"thumbnailUrl\":\"https:\\\/\\\/www.ebma-europe.com\\\/wp-inside\\\/uploads\\\/2025\\\/09\\\/docteur-gilber-glady.jpg\",\"datePublished\":\"2025-09-17T09:53:53+00:00\",\"dateModified\":\"2026-04-10T09:04:20+00:00\",\"description\":\"Dr. Gilbert Glady ist der Gr\u00fcnder und Pr\u00e4sident der EBMA. Dr. Narges Bahi ist die wissenschaftliche Leiterin des Verbandes.\",\"breadcrumb\":{\"@id\":\"https:\\\/\\\/www.ebma-europe.com\\\/de\\\/ebma\\\/team\\\/#breadcrumb\"},\"inLanguage\":\"de\",\"potentialAction\":[{\"@type\":\"ReadAction\",\"target\":[\"https:\\\/\\\/www.ebma-europe.com\\\/de\\\/ebma\\\/team\\\/\"]}]},{\"@type\":\"ImageObject\",\"inLanguage\":\"de\",\"@id\":\"https:\\\/\\\/www.ebma-europe.com\\\/de\\\/ebma\\\/team\\\/#primaryimage\",\"url\":\"https:\\\/\\\/www.ebma-europe.com\\\/wp-inside\\\/uploads\\\/2025\\\/09\\\/docteur-gilber-glady.jpg\",\"contentUrl\":\"https:\\\/\\\/www.ebma-europe.com\\\/wp-inside\\\/uploads\\\/2025\\\/09\\\/docteur-gilber-glady.jpg\"},{\"@type\":\"BreadcrumbList\",\"@id\":\"https:\\\/\\\/www.ebma-europe.com\\\/de\\\/ebma\\\/team\\\/#breadcrumb\",\"itemListElement\":[{\"@type\":\"ListItem\",\"position\":1,\"name\":\"Startseite\",\"item\":\"https:\\\/\\\/www.ebma-europe.com\\\/de\\\/accueil\\\/\"},{\"@type\":\"ListItem\",\"position\":2,\"name\":\"EBMA\",\"item\":\"https:\\\/\\\/www.ebma-europe.com\\\/de\\\/ebma\\\/\"},{\"@type\":\"ListItem\",\"position\":3,\"name\":\"Team\"}]},{\"@type\":\"WebSite\",\"@id\":\"https:\\\/\\\/www.ebma-europe.com\\\/de\\\/#website\",\"url\":\"https:\\\/\\\/www.ebma-europe.com\\\/de\\\/\",\"name\":\"EBMA Europe\",\"description\":\"European Bio Immune(G)ene Medicine Association\",\"publisher\":{\"@id\":\"https:\\\/\\\/www.ebma-europe.com\\\/de\\\/#organization\"},\"alternateName\":\"EBMA\",\"potentialAction\":[{\"@type\":\"SearchAction\",\"target\":{\"@type\":\"EntryPoint\",\"urlTemplate\":\"https:\\\/\\\/www.ebma-europe.com\\\/de\\\/?s={search_term_string}\"},\"query-input\":{\"@type\":\"PropertyValueSpecification\",\"valueRequired\":true,\"valueName\":\"search_term_string\"}}],\"inLanguage\":\"de\"},{\"@type\":\"Organization\",\"@id\":\"https:\\\/\\\/www.ebma-europe.com\\\/de\\\/#organization\",\"name\":\"EBMA Europe\",\"alternateName\":\"EBMA\",\"url\":\"https:\\\/\\\/www.ebma-europe.com\\\/de\\\/\",\"logo\":{\"@type\":\"ImageObject\",\"inLanguage\":\"de\",\"@id\":\"https:\\\/\\\/www.ebma-europe.com\\\/de\\\/#\\\/schema\\\/logo\\\/image\\\/\",\"url\":\"https:\\\/\\\/www.ebma-europe.com\\\/wp-inside\\\/uploads\\\/2026\\\/03\\\/enity-logo-ebma.png\",\"contentUrl\":\"https:\\\/\\\/www.ebma-europe.com\\\/wp-inside\\\/uploads\\\/2026\\\/03\\\/enity-logo-ebma.png\",\"width\":696,\"height\":696,\"caption\":\"EBMA Europe\"},\"image\":{\"@id\":\"https:\\\/\\\/www.ebma-europe.com\\\/de\\\/#\\\/schema\\\/logo\\\/image\\\/\"},\"sameAs\":[\"https:\\\/\\\/fr.linkedin.com\\\/company\\\/ebma-europe\"]}]}<\/script>\n<!-- \/ Yoast SEO plugin. -->","yoast_head_json":{"title":"\u00c4rzte und Forscher | EBMA Europe","description":"Dr. Gilbert Glady ist der Gr\u00fcnder und Pr\u00e4sident der EBMA. Dr. Narges Bahi ist die wissenschaftliche Leiterin des Verbandes.","robots":{"index":"index","follow":"follow","max-snippet":"max-snippet:-1","max-image-preview":"max-image-preview:large","max-video-preview":"max-video-preview:-1"},"canonical":"https:\/\/www.ebma-europe.com\/de\/ebma\/team\/","og_locale":"de_DE","og_type":"article","og_title":"\u00c4rzte und Forscher | EBMA Europe","og_description":"Dr. Gilbert Glady ist der Gr\u00fcnder und Pr\u00e4sident der EBMA. Dr. Narges Bahi ist die wissenschaftliche Leiterin des Verbandes.","og_url":"https:\/\/www.ebma-europe.com\/de\/ebma\/team\/","og_site_name":"EBMA Europe","article_modified_time":"2026-04-10T09:04:20+00:00","og_image":[{"width":242,"height":348,"url":"https:\/\/www.ebma-europe.com\/wp-inside\/uploads\/2025\/09\/docteur-gilber-glady.jpg","type":"image\/jpeg"}],"twitter_card":"summary_large_image","twitter_misc":{"Gesch\u00e4tzte Lesezeit":"5\u00a0Minuten"},"schema":{"@context":"https:\/\/schema.org","@graph":[{"@type":"WebPage","@id":"https:\/\/www.ebma-europe.com\/de\/ebma\/team\/","url":"https:\/\/www.ebma-europe.com\/de\/ebma\/team\/","name":"\u00c4rzte und Forscher | EBMA Europe","isPartOf":{"@id":"https:\/\/www.ebma-europe.com\/de\/#website"},"primaryImageOfPage":{"@id":"https:\/\/www.ebma-europe.com\/de\/ebma\/team\/#primaryimage"},"image":{"@id":"https:\/\/www.ebma-europe.com\/de\/ebma\/team\/#primaryimage"},"thumbnailUrl":"https:\/\/www.ebma-europe.com\/wp-inside\/uploads\/2025\/09\/docteur-gilber-glady.jpg","datePublished":"2025-09-17T09:53:53+00:00","dateModified":"2026-04-10T09:04:20+00:00","description":"Dr. Gilbert Glady ist der Gr\u00fcnder und Pr\u00e4sident der EBMA. Dr. Narges Bahi ist die wissenschaftliche Leiterin des Verbandes.","breadcrumb":{"@id":"https:\/\/www.ebma-europe.com\/de\/ebma\/team\/#breadcrumb"},"inLanguage":"de","potentialAction":[{"@type":"ReadAction","target":["https:\/\/www.ebma-europe.com\/de\/ebma\/team\/"]}]},{"@type":"ImageObject","inLanguage":"de","@id":"https:\/\/www.ebma-europe.com\/de\/ebma\/team\/#primaryimage","url":"https:\/\/www.ebma-europe.com\/wp-inside\/uploads\/2025\/09\/docteur-gilber-glady.jpg","contentUrl":"https:\/\/www.ebma-europe.com\/wp-inside\/uploads\/2025\/09\/docteur-gilber-glady.jpg"},{"@type":"BreadcrumbList","@id":"https:\/\/www.ebma-europe.com\/de\/ebma\/team\/#breadcrumb","itemListElement":[{"@type":"ListItem","position":1,"name":"Startseite","item":"https:\/\/www.ebma-europe.com\/de\/accueil\/"},{"@type":"ListItem","position":2,"name":"EBMA","item":"https:\/\/www.ebma-europe.com\/de\/ebma\/"},{"@type":"ListItem","position":3,"name":"Team"}]},{"@type":"WebSite","@id":"https:\/\/www.ebma-europe.com\/de\/#website","url":"https:\/\/www.ebma-europe.com\/de\/","name":"EBMA Europe","description":"European Bio Immune(G)ene Medicine Association","publisher":{"@id":"https:\/\/www.ebma-europe.com\/de\/#organization"},"alternateName":"EBMA","potentialAction":[{"@type":"SearchAction","target":{"@type":"EntryPoint","urlTemplate":"https:\/\/www.ebma-europe.com\/de\/?s={search_term_string}"},"query-input":{"@type":"PropertyValueSpecification","valueRequired":true,"valueName":"search_term_string"}}],"inLanguage":"de"},{"@type":"Organization","@id":"https:\/\/www.ebma-europe.com\/de\/#organization","name":"EBMA Europe","alternateName":"EBMA","url":"https:\/\/www.ebma-europe.com\/de\/","logo":{"@type":"ImageObject","inLanguage":"de","@id":"https:\/\/www.ebma-europe.com\/de\/#\/schema\/logo\/image\/","url":"https:\/\/www.ebma-europe.com\/wp-inside\/uploads\/2026\/03\/enity-logo-ebma.png","contentUrl":"https:\/\/www.ebma-europe.com\/wp-inside\/uploads\/2026\/03\/enity-logo-ebma.png","width":696,"height":696,"caption":"EBMA Europe"},"image":{"@id":"https:\/\/www.ebma-europe.com\/de\/#\/schema\/logo\/image\/"},"sameAs":["https:\/\/fr.linkedin.com\/company\/ebma-europe"]}]}},"_links":{"self":[{"href":"https:\/\/www.ebma-europe.com\/de\/wp-json\/wp\/v2\/pages\/9805","targetHints":{"allow":["GET"]}}],"collection":[{"href":"https:\/\/www.ebma-europe.com\/de\/wp-json\/wp\/v2\/pages"}],"about":[{"href":"https:\/\/www.ebma-europe.com\/de\/wp-json\/wp\/v2\/types\/page"}],"author":[{"embeddable":true,"href":"https:\/\/www.ebma-europe.com\/de\/wp-json\/wp\/v2\/users\/778"}],"replies":[{"embeddable":true,"href":"https:\/\/www.ebma-europe.com\/de\/wp-json\/wp\/v2\/comments?post=9805"}],"version-history":[{"count":8,"href":"https:\/\/www.ebma-europe.com\/de\/wp-json\/wp\/v2\/pages\/9805\/revisions"}],"predecessor-version":[{"id":14308,"href":"https:\/\/www.ebma-europe.com\/de\/wp-json\/wp\/v2\/pages\/9805\/revisions\/14308"}],"up":[{"embeddable":true,"href":"https:\/\/www.ebma-europe.com\/de\/wp-json\/wp\/v2\/pages\/9791"}],"wp:attachment":[{"href":"https:\/\/www.ebma-europe.com\/de\/wp-json\/wp\/v2\/media?parent=9805"}],"curies":[{"name":"wp","href":"https:\/\/api.w.org\/{rel}","templated":true}]}}