{"id":9807,"date":"2025-09-17T11:54:24","date_gmt":"2025-09-17T09:54:24","guid":{"rendered":"https:\/\/www.ebma-europe.com\/ebma\/beitreten\/"},"modified":"2026-03-02T11:58:42","modified_gmt":"2026-03-02T10:58:42","slug":"beitreten","status":"publish","type":"page","link":"https:\/\/www.ebma-europe.com\/de\/ebma\/beitreten\/","title":{"rendered":"Beitreten"},"content":{"rendered":"\n<div class=\"wp-block-group alignfull is-style-default has-global-padding is-layout-constrained wp-block-group-is-layout-constrained\" style=\"padding-top:0;padding-bottom:0\">\n<div class=\"wp-block-cover alignfull is-light is-style-default\" style=\"margin-top:0;margin-bottom:0;padding-top:var(--wp--preset--spacing--xl);padding-bottom:var(--wp--preset--spacing--xl);min-height:50px;aspect-ratio:unset;\"><span aria-hidden=\"true\" class=\"wp-block-cover__background has-neutral-100-background-color has-background-dim-100 has-background-dim\"><\/span><div class=\"wp-block-cover__inner-container has-global-padding is-layout-constrained wp-container-core-cover-is-layout-f26b76e4 wp-block-cover-is-layout-constrained\">\n\t<div class=\"has-text-align-center skp-block-breadcrumb wp-block-skp-breadcrumb has-sm-font-size\" id=\"skp-block-breadcrumb-69e309a6a5bd30.89559193\">\n\t\t\n<nav\tclass=\"breadcrumb\"\n\taria-label=\"Breadcrumbs\">\n\t<ol class=\"breadcrumb__list\">\n\t\t\t\t\t<li class=\"breadcrumb__item\">\n\t\t\t\t\t\t\t\t\t<a href=\"https:\/\/www.ebma-europe.com\/de\/accueil\/\" class=\"breadcrumb__link\">\n\t\t\t\t\t\tStartseite\t\t\t\t\t<\/a>\n\t\t\t\t\t\t\t\t\t\t\t\t<\/li>\n\t\t\t<\/ol>\n\n\t<\/nav>\t<\/div>\n\n\n<h1 style=\"text-align: center;\" class=\"has-text-align-center skp-block-primary-title wp-block-skp-primary-title\" id=\"skp-block-primary-title-69e309a6a76303.35191592\">\n\tBeitreten<\/h1>\n<\/div><\/div>\n<\/div>\n\n\n\n<p>Neben der <strong>Unterst\u00fctzung der Forschung in der Bio-Immun(G)en-Medizin<\/strong> bietet die Mitgliedschaft im EBMA-Verband zahlreiche Vorteile, wie zum Beispiel: <\/p>\n\n\n\n<ul class=\"wp-block-list\">\n<li>Zugang zu <strong>Hilfe bei der Verschreibung und Interpretation<\/strong> von Befunden, <\/li>\n\n\n\n<li>Artikel \u00fcber <strong>Formeln<\/strong>, <\/li>\n\n\n\n<li><strong>klinische F\u00e4lle<\/strong> oder wissenschaftliche \u00dcberwachung.<\/li>\n<\/ul>\n\n\n\n<p>EBMA-Mitglied zu sein bedeutet vor allem die Zugeh\u00f6rigkeit zu einer <strong>dynamischen Gemeinschaft<\/strong>, die Ihnen den Austausch mit Kolleginnen und Kollegen \u00fcber Ihre Praxis erm\u00f6glicht.<\/p>\n\n\n\n<div class=\"wp-block-buttons is-layout-flex wp-block-buttons-is-layout-flex\">\n<div class=\"wp-block-button\"><a class=\"wp-block-button__link wp-element-button\" href=\"https:\/\/www.ebma-europe.com\/de\/ausbildung\/pro-abonnement\/\">Mitglied werden<\/a><\/div>\n<\/div>\n\n\n\n<div class=\"wp-block-group alignfull has-global-padding is-layout-constrained wp-block-group-is-layout-constrained\" style=\"margin-top:var(--wp--preset--spacing--2-xl);margin-bottom:var(--wp--preset--spacing--2-xl);padding-top:0;padding-bottom:0\">\n<div style=\"--wp--style--block-gap: var(--wp--preset--spacing--md); padding-top: 0; padding-bottom: 0; margin-top: 0; margin-bottom: 0; padding-top:0;padding-bottom:0;margin-top:0;margin-bottom:0;\" class=\"alignwide skp-feed-page wp-block-query wp-block-skp-acf-feed-page is-layout-flex wp-container-skp-acf-feed-page-is-layout-a59d8411 wp-block-skp-acf-feed-page-is-layout-flex\" id=\"skp-feed-page-block_e5a06e31ca5bec66a554e6f874ad6529\">\n\t\t\t<ul class=\"skp-feed-page-list wp-block-post-template\">\n\t\t\t\t\t\t\t\t\t\t\t\t<li class=\"skp-feed-page-item wp-block-post page type-page\">\n\t\t\t\t\t\t\n<article\n\tclass=\"post-card page-card wp-block-group has-no-image\">\n\t\n\t<div class=\"page-card__content wp-block-group\">\n\n\t\t<div class=\"page-card__main wp-block-group\">\n\t\t\t<h3 class=\"page-card__title wp-block-post-title\">\n\t\t\t\t<a href=\"https:\/\/www.ebma-europe.com\/de\/ebma\/vereinigung\/\">Vereinigung<\/a>\n\t\t\t<\/h3>\n\n\t\t\t\t\t\t\t<div class=\"page-card__excerpt wp-block-paragraph\">\n\t\t\t\t\tEBMA ist die europ\u00e4ische Vereinigung, die daf\u00fcr zust\u00e4ndig ist, die BI(G)MED-Methode bei medizinischen Fachkr\u00e4ften zu f\u00f6rdern und Fortbildungen anzubieten.\t\t\t\t<\/div>\n\t\t\t\t\t<\/div>\n\n\t\t<div class=\"wp-block-button is-style-btn-outline-secondary\">\n\t\t\t<a href=\"https:\/\/www.ebma-europe.com\/de\/ebma\/vereinigung\/\" class=\"wp-block-button__link wp-element-button\">\n\t\t\t\tMehr erfahren\t\t\t<\/a>\n\t\t<\/div>\n\n\t<\/div>\n<\/article>\t\t\t\t\t<\/li>\n\t\t\t\t\t\t\t\t\t\t\t\t\t\t\t\t<li class=\"skp-feed-page-item wp-block-post page type-page\">\n\t\t\t\t\t\t\n<article\n\tclass=\"post-card page-card wp-block-group has-no-image\">\n\t\n\t<div class=\"page-card__content wp-block-group\">\n\n\t\t<div class=\"page-card__main wp-block-group\">\n\t\t\t<h3 class=\"page-card__title wp-block-post-title\">\n\t\t\t\t<a href=\"https:\/\/www.ebma-europe.com\/de\/ebma\/forschung\/\">Forschung<\/a>\n\t\t\t<\/h3>\n\n\t\t\t\t\t\t\t<div class=\"page-card__excerpt wp-block-paragraph\">\n\t\t\t\t\tDie Forschungsabteilung der EBMA f\u00fchrt unter der Leitung von Dr. Narges BAHI Programme zur wissenschaftlichen Evaluierung der BI(G)MED durch.\t\t\t\t<\/div>\n\t\t\t\t\t<\/div>\n\n\t\t<div class=\"wp-block-button is-style-btn-outline-secondary\">\n\t\t\t<a href=\"https:\/\/www.ebma-europe.com\/de\/ebma\/forschung\/\" class=\"wp-block-button__link wp-element-button\">\n\t\t\t\tMehr erfahren\t\t\t<\/a>\n\t\t<\/div>\n\n\t<\/div>\n<\/article>\t\t\t\t\t<\/li>\n\t\t\t\t\t\t\t\t\t\t\t\t\t\t\t\t<li class=\"skp-feed-page-item wp-block-post page type-page\">\n\t\t\t\t\t\t\n<article\n\tclass=\"post-card page-card wp-block-group has-no-image\">\n\t\n\t<div class=\"page-card__content wp-block-group\">\n\n\t\t<div class=\"page-card__main wp-block-group\">\n\t\t\t<h3 class=\"page-card__title wp-block-post-title\">\n\t\t\t\t<a href=\"https:\/\/www.ebma-europe.com\/de\/ebma\/publikationen\/\">Publikationen<\/a>\n\t\t\t<\/h3>\n\n\t\t\t\t\t\t\t<div class=\"page-card__excerpt wp-block-paragraph\">\n\t\t\t\t\tHier finden Sie die Links zu unseren neuesten wissenschaftlichen Publikationen.\t\t\t\t<\/div>\n\t\t\t\t\t<\/div>\n\n\t\t<div class=\"wp-block-button is-style-btn-outline-secondary\">\n\t\t\t<a href=\"https:\/\/www.ebma-europe.com\/de\/ebma\/publikationen\/\" class=\"wp-block-button__link wp-element-button\">\n\t\t\t\tMehr erfahren\t\t\t<\/a>\n\t\t<\/div>\n\n\t<\/div>\n<\/article>\t\t\t\t\t<\/li>\n\t\t\t\t\t\t\t\t\t\t\t\t\t\t\t\t<li class=\"skp-feed-page-item wp-block-post page type-page\">\n\t\t\t\t\t\t\n<article\n\tclass=\"post-card page-card wp-block-group has-no-image\">\n\t\n\t<div class=\"page-card__content wp-block-group\">\n\n\t\t<div class=\"page-card__main wp-block-group\">\n\t\t\t<h3 class=\"page-card__title wp-block-post-title\">\n\t\t\t\t<a href=\"https:\/\/www.ebma-europe.com\/de\/ebma\/team\/\">Team<\/a>\n\t\t\t<\/h3>\n\n\t\t\t\t\t\t\t<div class=\"page-card__excerpt wp-block-paragraph\">\n\t\t\t\t\tLernen Sie Dr. Gilbert Glady, den Gr\u00fcndungspr\u00e4sidenten, und Dr. Narges Bahi, die wissenschaftliche Leiterin, kennen.\t\t\t\t<\/div>\n\t\t\t\t\t<\/div>\n\n\t\t<div class=\"wp-block-button is-style-btn-outline-secondary\">\n\t\t\t<a href=\"https:\/\/www.ebma-europe.com\/de\/ebma\/team\/\" class=\"wp-block-button__link wp-element-button\">\n\t\t\t\tMehr erfahren\t\t\t<\/a>\n\t\t<\/div>\n\n\t<\/div>\n<\/article>\t\t\t\t\t<\/li>\n\t\t\t\t\t\t\t\t\t<\/ul>\n\t<\/div>\n<\/div>\n","protected":false},"excerpt":{"rendered":"<p>Unterst\u00fctzen Sie die Forschung in der Bio-Immun(G)en-Medizin und treten Sie einer dynamischen Gemeinschaft bei.<\/p>\n","protected":false},"author":778,"featured_media":0,"parent":9791,"menu_order":25,"comment_status":"closed","ping_status":"closed","template":"","meta":{"_acf_changed":false,"footnotes":""},"class_list":["post-9807","page","type-page","status-publish","hentry"],"acf":[],"yoast_head":"<!-- This site is optimized with the Yoast SEO plugin v27.4 - https:\/\/yoast.com\/product\/yoast-seo-wordpress\/ -->\n<title>Beitreten | EBMA Europe<\/title>\n<meta name=\"robots\" content=\"index, follow, max-snippet:-1, max-image-preview:large, max-video-preview:-1\" \/>\n<link rel=\"canonical\" href=\"https:\/\/www.ebma-europe.com\/de\/ebma\/beitreten\/\" \/>\n<meta property=\"og:locale\" content=\"de_DE\" \/>\n<meta property=\"og:type\" content=\"article\" \/>\n<meta property=\"og:title\" content=\"Beitreten\" \/>\n<meta property=\"og:description\" content=\"Unterst\u00fctzen Sie die Forschung in der Bio-Immun(G)en-Medizin und treten Sie einer dynamischen Gemeinschaft bei.\" \/>\n<meta property=\"og:url\" content=\"https:\/\/www.ebma-europe.com\/de\/ebma\/beitreten\/\" \/>\n<meta property=\"og:site_name\" content=\"EBMA Europe\" \/>\n<meta property=\"article:modified_time\" content=\"2026-03-02T10:58:42+00:00\" \/>\n<meta property=\"og:image\" content=\"https:\/\/www.ebma-europe.com\/wp-inside\/uploads\/2026\/03\/og-ebma.jpg\" \/>\n\t<meta property=\"og:image:width\" content=\"1200\" \/>\n\t<meta property=\"og:image:height\" content=\"675\" \/>\n\t<meta property=\"og:image:type\" content=\"image\/jpeg\" \/>\n<meta name=\"twitter:card\" content=\"summary_large_image\" \/>\n<meta name=\"twitter:label1\" content=\"Gesch\u00e4tzte Lesezeit\" \/>\n\t<meta name=\"twitter:data1\" content=\"1\u00a0Minute\" \/>\n<script type=\"application\/ld+json\" class=\"yoast-schema-graph\">{\"@context\":\"https:\\\/\\\/schema.org\",\"@graph\":[{\"@type\":\"WebPage\",\"@id\":\"https:\\\/\\\/www.ebma-europe.com\\\/de\\\/ebma\\\/beitreten\\\/\",\"url\":\"https:\\\/\\\/www.ebma-europe.com\\\/de\\\/ebma\\\/beitreten\\\/\",\"name\":\"Beitreten\",\"isPartOf\":{\"@id\":\"https:\\\/\\\/www.ebma-europe.com\\\/de\\\/#website\"},\"datePublished\":\"2025-09-17T09:54:24+00:00\",\"dateModified\":\"2026-03-02T10:58:42+00:00\",\"breadcrumb\":{\"@id\":\"https:\\\/\\\/www.ebma-europe.com\\\/de\\\/ebma\\\/beitreten\\\/#breadcrumb\"},\"inLanguage\":\"de\",\"potentialAction\":[{\"@type\":\"ReadAction\",\"target\":[\"https:\\\/\\\/www.ebma-europe.com\\\/de\\\/ebma\\\/beitreten\\\/\"]}]},{\"@type\":\"BreadcrumbList\",\"@id\":\"https:\\\/\\\/www.ebma-europe.com\\\/de\\\/ebma\\\/beitreten\\\/#breadcrumb\",\"itemListElement\":[{\"@type\":\"ListItem\",\"position\":1,\"name\":\"Startseite\",\"item\":\"https:\\\/\\\/www.ebma-europe.com\\\/de\\\/accueil\\\/\"},{\"@type\":\"ListItem\",\"position\":2,\"name\":\"EBMA\",\"item\":\"https:\\\/\\\/www.ebma-europe.com\\\/de\\\/ebma\\\/\"},{\"@type\":\"ListItem\",\"position\":3,\"name\":\"Beitreten\"}]},{\"@type\":\"WebSite\",\"@id\":\"https:\\\/\\\/www.ebma-europe.com\\\/de\\\/#website\",\"url\":\"https:\\\/\\\/www.ebma-europe.com\\\/de\\\/\",\"name\":\"EBMA Europe\",\"description\":\"European Bio Immune(G)ene Medicine Association\",\"publisher\":{\"@id\":\"https:\\\/\\\/www.ebma-europe.com\\\/de\\\/#organization\"},\"alternateName\":\"EBMA\",\"potentialAction\":[{\"@type\":\"SearchAction\",\"target\":{\"@type\":\"EntryPoint\",\"urlTemplate\":\"https:\\\/\\\/www.ebma-europe.com\\\/de\\\/?s={search_term_string}\"},\"query-input\":{\"@type\":\"PropertyValueSpecification\",\"valueRequired\":true,\"valueName\":\"search_term_string\"}}],\"inLanguage\":\"de\"},{\"@type\":\"Organization\",\"@id\":\"https:\\\/\\\/www.ebma-europe.com\\\/de\\\/#organization\",\"name\":\"EBMA Europe\",\"alternateName\":\"EBMA\",\"url\":\"https:\\\/\\\/www.ebma-europe.com\\\/de\\\/\",\"logo\":{\"@type\":\"ImageObject\",\"inLanguage\":\"de\",\"@id\":\"https:\\\/\\\/www.ebma-europe.com\\\/de\\\/#\\\/schema\\\/logo\\\/image\\\/\",\"url\":\"https:\\\/\\\/www.ebma-europe.com\\\/wp-inside\\\/uploads\\\/2026\\\/03\\\/enity-logo-ebma.png\",\"contentUrl\":\"https:\\\/\\\/www.ebma-europe.com\\\/wp-inside\\\/uploads\\\/2026\\\/03\\\/enity-logo-ebma.png\",\"width\":696,\"height\":696,\"caption\":\"EBMA Europe\"},\"image\":{\"@id\":\"https:\\\/\\\/www.ebma-europe.com\\\/de\\\/#\\\/schema\\\/logo\\\/image\\\/\"},\"sameAs\":[\"https:\\\/\\\/fr.linkedin.com\\\/company\\\/ebma-europe\"]}]}<\/script>\n<!-- \/ Yoast SEO plugin. -->","yoast_head_json":{"title":"Beitreten | EBMA Europe","robots":{"index":"index","follow":"follow","max-snippet":"max-snippet:-1","max-image-preview":"max-image-preview:large","max-video-preview":"max-video-preview:-1"},"canonical":"https:\/\/www.ebma-europe.com\/de\/ebma\/beitreten\/","og_locale":"de_DE","og_type":"article","og_title":"Beitreten","og_description":"Unterst\u00fctzen Sie die Forschung in der Bio-Immun(G)en-Medizin und treten Sie einer dynamischen Gemeinschaft bei.","og_url":"https:\/\/www.ebma-europe.com\/de\/ebma\/beitreten\/","og_site_name":"EBMA Europe","article_modified_time":"2026-03-02T10:58:42+00:00","og_image":[{"width":1200,"height":675,"url":"https:\/\/www.ebma-europe.com\/wp-inside\/uploads\/2026\/03\/og-ebma.jpg","type":"image\/jpeg"}],"twitter_card":"summary_large_image","twitter_misc":{"Gesch\u00e4tzte Lesezeit":"1\u00a0Minute"},"schema":{"@context":"https:\/\/schema.org","@graph":[{"@type":"WebPage","@id":"https:\/\/www.ebma-europe.com\/de\/ebma\/beitreten\/","url":"https:\/\/www.ebma-europe.com\/de\/ebma\/beitreten\/","name":"Beitreten","isPartOf":{"@id":"https:\/\/www.ebma-europe.com\/de\/#website"},"datePublished":"2025-09-17T09:54:24+00:00","dateModified":"2026-03-02T10:58:42+00:00","breadcrumb":{"@id":"https:\/\/www.ebma-europe.com\/de\/ebma\/beitreten\/#breadcrumb"},"inLanguage":"de","potentialAction":[{"@type":"ReadAction","target":["https:\/\/www.ebma-europe.com\/de\/ebma\/beitreten\/"]}]},{"@type":"BreadcrumbList","@id":"https:\/\/www.ebma-europe.com\/de\/ebma\/beitreten\/#breadcrumb","itemListElement":[{"@type":"ListItem","position":1,"name":"Startseite","item":"https:\/\/www.ebma-europe.com\/de\/accueil\/"},{"@type":"ListItem","position":2,"name":"EBMA","item":"https:\/\/www.ebma-europe.com\/de\/ebma\/"},{"@type":"ListItem","position":3,"name":"Beitreten"}]},{"@type":"WebSite","@id":"https:\/\/www.ebma-europe.com\/de\/#website","url":"https:\/\/www.ebma-europe.com\/de\/","name":"EBMA Europe","description":"European Bio Immune(G)ene Medicine Association","publisher":{"@id":"https:\/\/www.ebma-europe.com\/de\/#organization"},"alternateName":"EBMA","potentialAction":[{"@type":"SearchAction","target":{"@type":"EntryPoint","urlTemplate":"https:\/\/www.ebma-europe.com\/de\/?s={search_term_string}"},"query-input":{"@type":"PropertyValueSpecification","valueRequired":true,"valueName":"search_term_string"}}],"inLanguage":"de"},{"@type":"Organization","@id":"https:\/\/www.ebma-europe.com\/de\/#organization","name":"EBMA Europe","alternateName":"EBMA","url":"https:\/\/www.ebma-europe.com\/de\/","logo":{"@type":"ImageObject","inLanguage":"de","@id":"https:\/\/www.ebma-europe.com\/de\/#\/schema\/logo\/image\/","url":"https:\/\/www.ebma-europe.com\/wp-inside\/uploads\/2026\/03\/enity-logo-ebma.png","contentUrl":"https:\/\/www.ebma-europe.com\/wp-inside\/uploads\/2026\/03\/enity-logo-ebma.png","width":696,"height":696,"caption":"EBMA Europe"},"image":{"@id":"https:\/\/www.ebma-europe.com\/de\/#\/schema\/logo\/image\/"},"sameAs":["https:\/\/fr.linkedin.com\/company\/ebma-europe"]}]}},"_links":{"self":[{"href":"https:\/\/www.ebma-europe.com\/de\/wp-json\/wp\/v2\/pages\/9807","targetHints":{"allow":["GET"]}}],"collection":[{"href":"https:\/\/www.ebma-europe.com\/de\/wp-json\/wp\/v2\/pages"}],"about":[{"href":"https:\/\/www.ebma-europe.com\/de\/wp-json\/wp\/v2\/types\/page"}],"author":[{"embeddable":true,"href":"https:\/\/www.ebma-europe.com\/de\/wp-json\/wp\/v2\/users\/778"}],"replies":[{"embeddable":true,"href":"https:\/\/www.ebma-europe.com\/de\/wp-json\/wp\/v2\/comments?post=9807"}],"version-history":[{"count":3,"href":"https:\/\/www.ebma-europe.com\/de\/wp-json\/wp\/v2\/pages\/9807\/revisions"}],"predecessor-version":[{"id":12503,"href":"https:\/\/www.ebma-europe.com\/de\/wp-json\/wp\/v2\/pages\/9807\/revisions\/12503"}],"up":[{"embeddable":true,"href":"https:\/\/www.ebma-europe.com\/de\/wp-json\/wp\/v2\/pages\/9791"}],"wp:attachment":[{"href":"https:\/\/www.ebma-europe.com\/de\/wp-json\/wp\/v2\/media?parent=9807"}],"curies":[{"name":"wp","href":"https:\/\/api.w.org\/{rel}","templated":true}]}}