{"id":10483,"date":"2026-01-09T12:28:52","date_gmt":"2026-01-09T11:28:52","guid":{"rendered":"https:\/\/www.ebma-europe.com\/formations\/was-tun-bei\/"},"modified":"2026-03-23T16:21:16","modified_gmt":"2026-03-23T15:21:16","slug":"was-tun-bei","status":"publish","type":"product","link":"https:\/\/www.ebma-europe.com\/de\/ausbildung\/was-tun-bei\/","title":{"rendered":"\u201eWas tun bei \u2026\u201c"},"content":{"rendered":"\n<div class=\"wp-block-group has-neutral-200-background-color has-background has-global-padding is-layout-constrained wp-container-core-group-is-layout-9e4f769e wp-block-group-is-layout-constrained\" style=\"border-radius:2px;padding-top:var(--wp--preset--spacing--lg);padding-right:var(--wp--preset--spacing--2-xs);padding-bottom:var(--wp--preset--spacing--lg);padding-left:var(--wp--preset--spacing--2-xs)\">\n<div class=\"wp-block-group alignwide has-global-padding is-layout-constrained wp-block-group-is-layout-constrained\">\n<div class=\"wp-block-group is-nowrap is-layout-flex wp-container-core-group-is-layout-39ed155c wp-block-group-is-layout-flex\" style=\"margin-top:0;margin-bottom:var(--wp--preset--spacing--xs)\">\n<div class=\"wp-block-outermost-icon-block items-justified-center is-style-icon-deco-01\"><div class=\"icon-container has-icon-color has-no-icon-fill-color has-primary-700-color\" style=\"color:#0D3259;width:50px;transform:rotate(0deg) scaleX(1) scaleY(1)\"><svg class=\"skp-icon skp-icon-service\" aria-hidden=\"true\" role=\"img\" focusable=\"false\" xmlns=\"http:\/\/www.w3.org\/2000\/svg\" width=\"24\" height=\"24\" viewBox=\"0 0 24 24\" aria-label=\"service\"><g transform=\"scale(0.24, 0.24)\"><path d=\"M83.969,72.683c-0.666,-1.043 -2.032,-1.285 -3.223,-0.833c-6.89,2.615 -16.777,6.36 -28.893,6.381l-0.105,0c-3.539,0.02 -7.049,-0.395 -10.169,-1.215c-1.668,-0.438 -2.666,-2.149 -2.228,-3.817c0.438,-1.668 2.149,-2.666 3.817,-2.228c2.621,0.689 5.569,1.027 8.541,1.01l0.04,-0l0.054,-0c2.506,-0.021 4.953,-0.264 6.991,-1.01c2.104,-0.769 3.225,-2.564 2.446,-4.452c-0.379,-0.919 -1.147,-1.504 -2.045,-1.754c-0.667,-0.186 -1.395,-0.195 -2.126,-0.096c-12.486,1.698 -20.211,-2.337 -26.475,-5.886c-3.337,-1.89 -6.095,-3.752 -9.193,-3.752c-3.558,0 -5.513,0.679 -7.965,1.446c-1.646,0.515 -3.401,-0.403 -3.916,-2.049c-0.515,-1.646 0.403,-3.401 2.049,-3.916c3.024,-0.947 5.444,-1.732 9.832,-1.732c4.085,0 7.872,2.07 12.274,4.564c5.342,3.026 11.905,6.579 22.552,5.131c1.6,-0.218 3.189,-0.138 4.648,0.269c2.725,0.76 4.994,2.603 6.144,5.391c0.785,1.902 0.967,3.818 0.601,5.589c4.214,-1.159 7.875,-2.566 10.911,-3.718c4.252,-1.614 8.987,-0.066 11.087,3.968l0.029,0.056c0.064,0.13 0.079,0.152 0,0c2.193,4.213 0.59,9.409 -3.599,11.647c-7.143,3.816 -17.791,8.948 -33.802,8.948c-13.466,0 -25.808,-5.187 -33.49,-9.355c-3.021,-1.639 -5.132,-1.458 -5.531,-1.376c-0.241,0.057 -0.483,0.085 -0.721,0.085c-1.382,0 -2.647,-0.923 -3.02,-2.32c-0.444,-1.667 0.548,-3.38 2.215,-3.824c0,0 4.082,-1.289 10.038,1.942c7.003,3.8 18.234,8.598 30.51,8.598c14.621,0 24.334,-4.726 30.857,-8.21c1.168,-0.624 1.612,-2.074 1.001,-3.249c0.158,0.303 -0.03,-0.057 -0.03,-0.057c-0.032,-0.061 -0.066,-0.12 -0.102,-0.176Zm-40.003,-32.776l-2.875,1.683c-1.489,0.871 -3.404,0.37 -4.275,-1.119c-0.871,-1.489 -0.37,-3.404 1.119,-4.275l2.849,-1.667c-0.47,-1.432 -0.725,-2.961 -0.725,-4.55c0,-1.587 0.254,-3.114 0.723,-4.544l-2.852,-1.676c-1.487,-0.874 -1.984,-2.791 -1.11,-4.278c0.874,-1.487 2.791,-1.984 4.278,-1.11l2.865,1.684c1.982,-2.128 4.593,-3.662 7.537,-4.306l0,-3.249c0,-1.725 1.4,-3.125 3.125,-3.125c1.725,0 3.125,1.4 3.125,3.125l-0,3.249c2.883,0.63 5.447,2.114 7.412,4.174l2.64,-1.552c1.487,-0.874 3.404,-0.377 4.278,1.11c0.874,1.487 0.377,3.404 -1.11,4.278l-2.56,1.505c0.506,1.479 0.78,3.065 0.78,4.715c0,1.652 -0.275,3.24 -0.782,4.721l2.556,1.496c1.489,0.871 1.99,2.787 1.119,4.275c-0.871,1.489 -2.787,1.99 -4.275,1.119l-2.65,-1.551c-1.965,2.057 -4.527,3.54 -7.408,4.169l0,3.249c0,1.725 -1.4,3.125 -3.125,3.125c-1.725,0 -3.125,-1.4 -3.125,-3.125l0,-3.249c-2.942,-0.643 -5.552,-2.175 -7.533,-4.301Zm2.342,-9.929c0,4.593 3.723,8.316 8.316,8.316c4.593,0 8.316,-3.723 8.316,-8.316c0,-4.593 -3.723,-8.316 -8.316,-8.316c-4.593,0 -8.316,3.723 -8.316,8.316Z\" fill=\"currentColor\"><\/path><\/g><\/svg><\/div><\/div>\n\n\n\n<h2 class=\"wp-block-heading\" style=\"margin-top:0;margin-right:0;margin-bottom:0;margin-left:0\">Anforderungen<\/h2>\n<\/div>\n\n\n\n<div class=\"wp-block-group is-vertical is-content-justification-stretch is-layout-flex wp-container-core-group-is-layout-69c550ab wp-block-group-is-layout-flex\">\n<p><strong>Voraussetzung<\/strong>: Nur f\u00fcr Mitglieder.<\/p>\n\n\n\n<p><strong>Dozent<\/strong>: ein BI(G)MED-Experte<\/p>\n\n\n\n<p><strong>Modalit\u00e4ten<\/strong>: Zoom \u2013 1 Std. \u2013 18:00 bis 19:00 Uhr<\/p>\n<\/div>\n\n\n\n<h3 class=\"wp-block-heading\">Kommende Sitzungen<\/h3>\n\n\n\n\n\n<div class=\"wp-block-group is-nowrap is-layout-flex wp-container-core-group-is-layout-325ab10d wp-block-group-is-layout-flex\" style=\"margin-top:var(--wp--preset--spacing--lg);margin-bottom:var(--wp--preset--spacing--xs)\">\n<div class=\"wp-block-outermost-icon-block items-justified-center is-style-icon-deco-01\"><div class=\"icon-container has-icon-color has-no-icon-fill-color has-primary-700-color\" style=\"color:#0D3259;width:50px;transform:rotate(0deg) scaleX(1) scaleY(1)\"><svg class=\"skp-icon skp-icon-content\" aria-hidden=\"true\" role=\"img\" focusable=\"false\" xmlns=\"http:\/\/www.w3.org\/2000\/svg\" width=\"24\" height=\"24\" viewBox=\"0 0 24 24\" aria-label=\"content\"><path d=\"M14.059,20.25c0.414,-0 0.75,0.336 0.75,0.75c0,0.414 -0.336,0.75 -0.75,0.75l-7.246,0c-2.52,0 -4.564,-2.043 -4.564,-4.564l0,-10.373c0,-2.52 2.043,-4.564 4.564,-4.564l10.373,0c2.52,0 4.564,2.043 4.564,4.564l0,7.303c-0,0.414 -0.336,0.75 -0.75,0.75c-0.414,-0 -0.75,-0.336 -0.75,-0.75l0,-7.303c0,-1.692 -1.372,-3.064 -3.064,-3.064l-10.373,0c-1.692,0 -3.064,1.372 -3.064,3.064l0,10.373c0,1.692 1.372,3.064 3.064,3.064l7.246,0Zm-3.852,-12.458c-0.414,0 -0.75,-0.336 -0.75,-0.75c-0,-0.414 0.336,-0.75 0.75,-0.75l6.979,0c0.414,0 0.75,0.336 0.75,0.75c-0,0.414 -0.336,0.75 -0.75,0.75l-6.979,0Zm-3.394,3.051c-0.414,-0 -0.75,-0.336 -0.75,-0.75c0,-0.414 0.336,-0.75 0.75,-0.75l10.373,0c0.414,-0 0.75,0.336 0.75,0.75c0,0.414 -0.336,0.75 -0.75,0.75l-10.373,0Zm0,3.051c-0.414,-0 -0.75,-0.336 -0.75,-0.75c0,-0.414 0.336,-0.75 0.75,-0.75l2.746,0c0.414,-0 0.75,0.336 0.75,0.75c0,0.414 -0.336,0.75 -0.75,0.75l-2.746,0Zm-1.513,-6.928c0,-0.941 0.763,-1.703 1.703,-1.703c0.941,0 1.703,0.763 1.703,1.703c0,0.941 -0.763,1.703 -1.703,1.703c-0.941,0 -1.703,-0.763 -1.703,-1.703Zm15.637,13.972c-1.082,1.082 -2.837,1.082 -3.919,0l-2.674,-2.674c-0.768,-0.768 -1.292,-1.747 -1.505,-2.813l-0.432,-2.161c-0.049,-0.246 0.028,-0.5 0.205,-0.677c0.177,-0.177 0.431,-0.254 0.677,-0.205l2.161,0.432c1.066,0.213 2.044,0.737 2.813,1.505l2.674,2.674c1.082,1.082 1.082,2.837 0,3.919Zm-1.061,-1.061c0.496,-0.496 0.496,-1.301 -0,-1.798l-2.674,-2.674c-0.559,-0.559 -1.271,-0.94 -2.046,-1.095l-1.058,-0.211l0.211,1.058c0.155,0.775 0.536,1.487 1.095,2.046l2.674,2.674c0.496,0.496 1.301,0.496 1.798,0Z\" fill=\"currentColor\"><\/path><\/svg><\/div><\/div>\n\n\n\n<h2 class=\"wp-block-heading\" style=\"margin-top:0;margin-right:0;margin-bottom:0;margin-left:0\">Inhalt<\/h2>\n<\/div>\n\n\n\n<div class=\"wp-block-group is-vertical is-content-justification-stretch is-layout-flex wp-container-core-group-is-layout-f0c6f46d wp-block-group-is-layout-flex\" style=\"border-bottom-left-radius:16px;border-bottom-right-radius:16px;margin-top:var(--wp--preset--spacing--xs);margin-bottom:var(--wp--preset--spacing--xs)\">\n<p><\/p>\n\n\n\n<p><\/p>\n<\/div>\n\n\n\n<div class=\"wp-block-group is-nowrap is-layout-flex wp-container-core-group-is-layout-e4da2c66 wp-block-group-is-layout-flex\" style=\"margin-top:var(--wp--preset--spacing--lg);margin-bottom:var(--wp--preset--spacing--xs)\">\n<div class=\"wp-block-outermost-icon-block items-justified-center is-style-icon-deco-01\"><div class=\"icon-container has-icon-color has-no-icon-fill-color has-primary-700-color\" style=\"color:#0D3259;width:50px;transform:rotate(0deg) scaleX(1) scaleY(1)\"><svg class=\"skp-icon skp-icon-goal\" aria-hidden=\"true\" role=\"img\" focusable=\"false\" xmlns=\"http:\/\/www.w3.org\/2000\/svg\" width=\"24\" height=\"24\" viewBox=\"0 0 24 24\" aria-label=\"goal\"><path d=\"M18.91,12.75l-6.91,-0c-0.414,-0 -0.75,-0.336 -0.75,-0.75c0,-0.414 0.336,-0.75 0.75,-0.75l6.91,0c0.121,-0.402 0.341,-0.781 0.66,-1.098l0.901,-0.895c0.294,-0.292 0.769,-0.29 1.061,0.003c0.292,0.294 0.29,0.769 -0.003,1.061l-0.901,0.895c-0.436,0.433 -0.436,1.136 0,1.569l0.901,0.895c0.294,0.292 0.295,0.767 0.003,1.061c-0.292,0.294 -0.767,0.295 -1.061,0.003l-0.901,-0.895c-0.319,-0.318 -0.539,-0.696 -0.66,-1.098Zm1.02,-6.452c0.242,0.336 0.167,0.805 -0.169,1.047c-0.336,0.242 -0.805,0.167 -1.047,-0.169c-1.499,-2.076 -3.958,-3.426 -6.714,-3.426c-4.556,0 -8.25,3.694 -8.25,8.25c0,4.556 3.694,8.25 8.25,8.25c2.756,0 5.215,-1.35 6.714,-3.426c0.242,-0.336 0.711,-0.411 1.047,-0.169c0.336,0.242 0.411,0.711 0.169,1.047c-1.77,2.452 -4.675,4.048 -7.93,4.048c-5.385,0 -9.75,-4.365 -9.75,-9.75c0,-5.385 4.365,-9.75 9.75,-9.75c3.255,0 6.16,1.596 7.93,4.048Zm-4.264,2.129c0.288,0.297 0.28,0.773 -0.017,1.061c-0.297,0.288 -0.773,0.28 -1.061,-0.017c-0.66,-0.681 -1.565,-1.107 -2.588,-1.107c-2.008,0 -3.636,1.628 -3.636,3.636c0,2.008 1.628,3.636 3.636,3.636c1.024,0 1.928,-0.425 2.588,-1.107c0.288,-0.297 0.763,-0.305 1.061,-0.017c0.297,0.288 0.305,0.763 0.017,1.061c-0.934,0.965 -2.217,1.563 -3.666,1.563c-2.836,0 -5.136,-2.299 -5.136,-5.136c0,-2.836 2.299,-5.136 5.136,-5.136c1.449,0 2.731,0.598 3.666,1.563Z\" fill=\"currentColor\"><\/path><\/svg><\/div><\/div>\n\n\n\n<h2 class=\"wp-block-heading\" style=\"margin-top:0;margin-right:0;margin-bottom:0;margin-left:0\">Programm<\/h2>\n<\/div>\n\n\n<\/div>\n<\/div>\n\n\n\n<details class=\"wp-block-skp-accordeon\" data-accordion-on-mobile=\"false\" data-show-content=\"false\"><summary><span><\/span><\/summary><\/details>\n","protected":false},"excerpt":{"rendered":"<p>Exklusiv f\u00fcr Mitglieder pr\u00e4sentiert ein Experte 1,5 Stunden lang konkrete klinische F\u00e4lle zur Anleitung bei der Anwendung der BI(G)MED-Regulationsprinzipien in g\u00e4ngigen Situationen.<\/p>\n<p>Bevor Sie diese Schulung in Ihren Warenkorb legen, m\u00fcssen Sie das Datum der gew\u00e4hlten Sitzung angeben. Die Tabelle mit allen Terminen der kommenden Sitzungen finden Sie in <a href=\"https:\/\/www.ebma-europe.com\/de\/ausbildung\/was-tun-bei\/#description\">der Schulungsbeschreibung<\/a>.<\/p>\n","protected":false},"featured_media":13697,"template":"","meta":{"_acf_changed":false,"footnotes":""},"product_brand":[],"product_cat":[1197,1196],"product_tag":[],"class_list":{"0":"post-10483","1":"product","2":"type-product","3":"status-publish","4":"has-post-thumbnail","6":"product_cat-ausbildung","7":"product_cat-andere","8":"membership-content","9":"access-restricted","10":"member-discount","11":"discount-restricted","13":"first","14":"instock","15":"shipping-taxable","16":"product-type-variable","17":"has-default-attributes"},"acf":[],"yoast_head":"<!-- This site is optimized with the Yoast SEO plugin v27.4 - https:\/\/yoast.com\/product\/yoast-seo-wordpress\/ -->\n<title>\u201eWas tun bei \u2026\u201c | EBMA Europe<\/title>\n<meta name=\"robots\" content=\"index, follow, max-snippet:-1, max-image-preview:large, max-video-preview:-1\" \/>\n<link rel=\"canonical\" href=\"https:\/\/www.ebma-europe.com\/de\/ausbildung\/was-tun-bei\/\" \/>\n<meta property=\"og:locale\" content=\"de_DE\" \/>\n<meta property=\"og:type\" content=\"article\" \/>\n<meta property=\"og:title\" content=\"\u201eWas tun bei \u2026\u201c\" \/>\n<meta property=\"og:description\" content=\"Exklusiv f\u00fcr Mitglieder pr\u00e4sentiert ein Experte 1,5 Stunden lang konkrete klinische F\u00e4lle zur Anleitung bei der Anwendung der BI(G)MED-Regulationsprinzipien in g\u00e4ngigen Situationen. Bevor Sie diese Schulung in Ihren Warenkorb legen, m\u00fcssen Sie das Datum der gew\u00e4hlten Sitzung angeben. Die Tabelle mit allen Terminen der kommenden Sitzungen finden Sie in der Schulungsbeschreibung.\" \/>\n<meta property=\"og:url\" content=\"https:\/\/www.ebma-europe.com\/de\/ausbildung\/was-tun-bei\/\" \/>\n<meta property=\"og:site_name\" content=\"EBMA Europe\" \/>\n<meta property=\"article:modified_time\" content=\"2026-03-23T15:21:16+00:00\" \/>\n<meta property=\"og:image\" content=\"https:\/\/www.ebma-europe.com\/wp-inside\/uploads\/2026\/01\/was-tun-bei-neuf.png\" \/>\n\t<meta property=\"og:image:width\" content=\"1024\" \/>\n\t<meta property=\"og:image:height\" content=\"1024\" \/>\n\t<meta property=\"og:image:type\" content=\"image\/png\" \/>\n<meta name=\"twitter:card\" content=\"summary_large_image\" \/>\n<meta name=\"twitter:label1\" content=\"Gesch\u00e4tzte Lesezeit\" \/>\n\t<meta name=\"twitter:data1\" content=\"1\u00a0Minute\" \/>\n<script type=\"application\/ld+json\" class=\"yoast-schema-graph\">{\"@context\":\"https:\\\/\\\/schema.org\",\"@graph\":[{\"@type\":\"WebPage\",\"@id\":\"https:\\\/\\\/www.ebma-europe.com\\\/de\\\/ausbildung\\\/was-tun-bei\\\/\",\"url\":\"https:\\\/\\\/www.ebma-europe.com\\\/de\\\/ausbildung\\\/was-tun-bei\\\/\",\"name\":\"\u201eWas tun bei \u2026\u201c\",\"isPartOf\":{\"@id\":\"https:\\\/\\\/www.ebma-europe.com\\\/de\\\/#website\"},\"primaryImageOfPage\":{\"@id\":\"https:\\\/\\\/www.ebma-europe.com\\\/de\\\/ausbildung\\\/was-tun-bei\\\/#primaryimage\"},\"image\":{\"@id\":\"https:\\\/\\\/www.ebma-europe.com\\\/de\\\/ausbildung\\\/was-tun-bei\\\/#primaryimage\"},\"thumbnailUrl\":\"https:\\\/\\\/www.ebma-europe.com\\\/wp-inside\\\/uploads\\\/2026\\\/01\\\/was-tun-bei-neuf.png\",\"datePublished\":\"2026-01-09T11:28:52+00:00\",\"dateModified\":\"2026-03-23T15:21:16+00:00\",\"breadcrumb\":{\"@id\":\"https:\\\/\\\/www.ebma-europe.com\\\/de\\\/ausbildung\\\/was-tun-bei\\\/#breadcrumb\"},\"inLanguage\":\"de\",\"potentialAction\":[{\"@type\":\"ReadAction\",\"target\":[\"https:\\\/\\\/www.ebma-europe.com\\\/de\\\/ausbildung\\\/was-tun-bei\\\/\"]}]},{\"@type\":\"ImageObject\",\"inLanguage\":\"de\",\"@id\":\"https:\\\/\\\/www.ebma-europe.com\\\/de\\\/ausbildung\\\/was-tun-bei\\\/#primaryimage\",\"url\":\"https:\\\/\\\/www.ebma-europe.com\\\/wp-inside\\\/uploads\\\/2026\\\/01\\\/was-tun-bei-neuf.png\",\"contentUrl\":\"https:\\\/\\\/www.ebma-europe.com\\\/wp-inside\\\/uploads\\\/2026\\\/01\\\/was-tun-bei-neuf.png\",\"width\":1024,\"height\":1024},{\"@type\":\"BreadcrumbList\",\"@id\":\"https:\\\/\\\/www.ebma-europe.com\\\/de\\\/ausbildung\\\/was-tun-bei\\\/#breadcrumb\",\"itemListElement\":[{\"@type\":\"ListItem\",\"position\":1,\"name\":\"Startseite\",\"item\":\"https:\\\/\\\/www.ebma-europe.com\\\/de\\\/accueil\\\/\"},{\"@type\":\"ListItem\",\"position\":2,\"name\":\"Schulungskatalog\",\"item\":\"https:\\\/\\\/www.ebma-europe.com\\\/de\\\/schulungskatalog\\\/\"},{\"@type\":\"ListItem\",\"position\":3,\"name\":\"Ausbildung\",\"item\":\"https:\\\/\\\/www.ebma-europe.com\\\/de\\\/produktkategorie\\\/ausbildung\\\/\"},{\"@type\":\"ListItem\",\"position\":4,\"name\":\"\u201eWas tun bei \u2026\u201c\"}]},{\"@type\":\"WebSite\",\"@id\":\"https:\\\/\\\/www.ebma-europe.com\\\/de\\\/#website\",\"url\":\"https:\\\/\\\/www.ebma-europe.com\\\/de\\\/\",\"name\":\"EBMA Europe\",\"description\":\"European Bio Immune(G)ene Medicine Association\",\"publisher\":{\"@id\":\"https:\\\/\\\/www.ebma-europe.com\\\/de\\\/#organization\"},\"alternateName\":\"EBMA\",\"potentialAction\":[{\"@type\":\"SearchAction\",\"target\":{\"@type\":\"EntryPoint\",\"urlTemplate\":\"https:\\\/\\\/www.ebma-europe.com\\\/de\\\/?s={search_term_string}\"},\"query-input\":{\"@type\":\"PropertyValueSpecification\",\"valueRequired\":true,\"valueName\":\"search_term_string\"}}],\"inLanguage\":\"de\"},{\"@type\":\"Organization\",\"@id\":\"https:\\\/\\\/www.ebma-europe.com\\\/de\\\/#organization\",\"name\":\"EBMA Europe\",\"alternateName\":\"EBMA\",\"url\":\"https:\\\/\\\/www.ebma-europe.com\\\/de\\\/\",\"logo\":{\"@type\":\"ImageObject\",\"inLanguage\":\"de\",\"@id\":\"https:\\\/\\\/www.ebma-europe.com\\\/de\\\/#\\\/schema\\\/logo\\\/image\\\/\",\"url\":\"https:\\\/\\\/www.ebma-europe.com\\\/wp-inside\\\/uploads\\\/2026\\\/03\\\/enity-logo-ebma.png\",\"contentUrl\":\"https:\\\/\\\/www.ebma-europe.com\\\/wp-inside\\\/uploads\\\/2026\\\/03\\\/enity-logo-ebma.png\",\"width\":696,\"height\":696,\"caption\":\"EBMA Europe\"},\"image\":{\"@id\":\"https:\\\/\\\/www.ebma-europe.com\\\/de\\\/#\\\/schema\\\/logo\\\/image\\\/\"},\"sameAs\":[\"https:\\\/\\\/fr.linkedin.com\\\/company\\\/ebma-europe\"]}]}<\/script>\n<!-- \/ Yoast SEO plugin. -->","yoast_head_json":{"title":"\u201eWas tun bei \u2026\u201c | EBMA Europe","robots":{"index":"index","follow":"follow","max-snippet":"max-snippet:-1","max-image-preview":"max-image-preview:large","max-video-preview":"max-video-preview:-1"},"canonical":"https:\/\/www.ebma-europe.com\/de\/ausbildung\/was-tun-bei\/","og_locale":"de_DE","og_type":"article","og_title":"\u201eWas tun bei \u2026\u201c","og_description":"Exklusiv f\u00fcr Mitglieder pr\u00e4sentiert ein Experte 1,5 Stunden lang konkrete klinische F\u00e4lle zur Anleitung bei der Anwendung der BI(G)MED-Regulationsprinzipien in g\u00e4ngigen Situationen. Bevor Sie diese Schulung in Ihren Warenkorb legen, m\u00fcssen Sie das Datum der gew\u00e4hlten Sitzung angeben. Die Tabelle mit allen Terminen der kommenden Sitzungen finden Sie in der Schulungsbeschreibung.","og_url":"https:\/\/www.ebma-europe.com\/de\/ausbildung\/was-tun-bei\/","og_site_name":"EBMA Europe","article_modified_time":"2026-03-23T15:21:16+00:00","og_image":[{"width":1024,"height":1024,"url":"https:\/\/www.ebma-europe.com\/wp-inside\/uploads\/2026\/01\/was-tun-bei-neuf.png","type":"image\/png"}],"twitter_card":"summary_large_image","twitter_misc":{"Gesch\u00e4tzte Lesezeit":"1\u00a0Minute"},"schema":{"@context":"https:\/\/schema.org","@graph":[{"@type":"WebPage","@id":"https:\/\/www.ebma-europe.com\/de\/ausbildung\/was-tun-bei\/","url":"https:\/\/www.ebma-europe.com\/de\/ausbildung\/was-tun-bei\/","name":"\u201eWas tun bei \u2026\u201c","isPartOf":{"@id":"https:\/\/www.ebma-europe.com\/de\/#website"},"primaryImageOfPage":{"@id":"https:\/\/www.ebma-europe.com\/de\/ausbildung\/was-tun-bei\/#primaryimage"},"image":{"@id":"https:\/\/www.ebma-europe.com\/de\/ausbildung\/was-tun-bei\/#primaryimage"},"thumbnailUrl":"https:\/\/www.ebma-europe.com\/wp-inside\/uploads\/2026\/01\/was-tun-bei-neuf.png","datePublished":"2026-01-09T11:28:52+00:00","dateModified":"2026-03-23T15:21:16+00:00","breadcrumb":{"@id":"https:\/\/www.ebma-europe.com\/de\/ausbildung\/was-tun-bei\/#breadcrumb"},"inLanguage":"de","potentialAction":[{"@type":"ReadAction","target":["https:\/\/www.ebma-europe.com\/de\/ausbildung\/was-tun-bei\/"]}]},{"@type":"ImageObject","inLanguage":"de","@id":"https:\/\/www.ebma-europe.com\/de\/ausbildung\/was-tun-bei\/#primaryimage","url":"https:\/\/www.ebma-europe.com\/wp-inside\/uploads\/2026\/01\/was-tun-bei-neuf.png","contentUrl":"https:\/\/www.ebma-europe.com\/wp-inside\/uploads\/2026\/01\/was-tun-bei-neuf.png","width":1024,"height":1024},{"@type":"BreadcrumbList","@id":"https:\/\/www.ebma-europe.com\/de\/ausbildung\/was-tun-bei\/#breadcrumb","itemListElement":[{"@type":"ListItem","position":1,"name":"Startseite","item":"https:\/\/www.ebma-europe.com\/de\/accueil\/"},{"@type":"ListItem","position":2,"name":"Schulungskatalog","item":"https:\/\/www.ebma-europe.com\/de\/schulungskatalog\/"},{"@type":"ListItem","position":3,"name":"Ausbildung","item":"https:\/\/www.ebma-europe.com\/de\/produktkategorie\/ausbildung\/"},{"@type":"ListItem","position":4,"name":"\u201eWas tun bei \u2026\u201c"}]},{"@type":"WebSite","@id":"https:\/\/www.ebma-europe.com\/de\/#website","url":"https:\/\/www.ebma-europe.com\/de\/","name":"EBMA Europe","description":"European Bio Immune(G)ene Medicine Association","publisher":{"@id":"https:\/\/www.ebma-europe.com\/de\/#organization"},"alternateName":"EBMA","potentialAction":[{"@type":"SearchAction","target":{"@type":"EntryPoint","urlTemplate":"https:\/\/www.ebma-europe.com\/de\/?s={search_term_string}"},"query-input":{"@type":"PropertyValueSpecification","valueRequired":true,"valueName":"search_term_string"}}],"inLanguage":"de"},{"@type":"Organization","@id":"https:\/\/www.ebma-europe.com\/de\/#organization","name":"EBMA Europe","alternateName":"EBMA","url":"https:\/\/www.ebma-europe.com\/de\/","logo":{"@type":"ImageObject","inLanguage":"de","@id":"https:\/\/www.ebma-europe.com\/de\/#\/schema\/logo\/image\/","url":"https:\/\/www.ebma-europe.com\/wp-inside\/uploads\/2026\/03\/enity-logo-ebma.png","contentUrl":"https:\/\/www.ebma-europe.com\/wp-inside\/uploads\/2026\/03\/enity-logo-ebma.png","width":696,"height":696,"caption":"EBMA Europe"},"image":{"@id":"https:\/\/www.ebma-europe.com\/de\/#\/schema\/logo\/image\/"},"sameAs":["https:\/\/fr.linkedin.com\/company\/ebma-europe"]}]}},"_links":{"self":[{"href":"https:\/\/www.ebma-europe.com\/de\/wp-json\/wp\/v2\/product\/10483","targetHints":{"allow":["GET"]}}],"collection":[{"href":"https:\/\/www.ebma-europe.com\/de\/wp-json\/wp\/v2\/product"}],"about":[{"href":"https:\/\/www.ebma-europe.com\/de\/wp-json\/wp\/v2\/types\/product"}],"version-history":[{"count":0,"href":"https:\/\/www.ebma-europe.com\/de\/wp-json\/wp\/v2\/product\/10483\/revisions"}],"wp:featuredmedia":[{"embeddable":true,"href":"https:\/\/www.ebma-europe.com\/de\/wp-json\/wp\/v2\/media\/13697"}],"wp:attachment":[{"href":"https:\/\/www.ebma-europe.com\/de\/wp-json\/wp\/v2\/media?parent=10483"}],"wp:term":[{"taxonomy":"product_brand","embeddable":true,"href":"https:\/\/www.ebma-europe.com\/de\/wp-json\/wp\/v2\/product_brand?post=10483"},{"taxonomy":"product_cat","embeddable":true,"href":"https:\/\/www.ebma-europe.com\/de\/wp-json\/wp\/v2\/product_cat?post=10483"},{"taxonomy":"product_tag","embeddable":true,"href":"https:\/\/www.ebma-europe.com\/de\/wp-json\/wp\/v2\/product_tag?post=10483"}],"curies":[{"name":"wp","href":"https:\/\/api.w.org\/{rel}","templated":true}]}}