{"id":10022,"date":"2026-01-13T11:25:12","date_gmt":"2026-01-13T10:25:12","guid":{"rendered":"https:\/\/www.ebma-europe.com\/nuestra-oferta-de-formacion\/"},"modified":"2026-04-14T11:34:32","modified_gmt":"2026-04-14T09:34:32","slug":"nuestra-oferta-de-formacion","status":"publish","type":"page","link":"https:\/\/www.ebma-europe.com\/es\/nuestra-oferta-de-formacion\/","title":{"rendered":"Nuestra oferta de formaci\u00f3n"},"content":{"rendered":"\n<div class=\"wp-block-group alignfull is-style-default has-global-padding is-layout-constrained wp-block-group-is-layout-constrained\" style=\"padding-top:0;padding-bottom:0\">\n<div class=\"wp-block-cover alignfull is-light is-style-default\" style=\"margin-top:0;margin-bottom:0;padding-top:var(--wp--preset--spacing--xl);padding-bottom:var(--wp--preset--spacing--xl);min-height:50px;aspect-ratio:unset;\"><span aria-hidden=\"true\" class=\"wp-block-cover__background has-neutral-100-background-color has-background-dim-100 has-background-dim\"><\/span><div class=\"wp-block-cover__inner-container has-global-padding is-layout-constrained wp-container-core-cover-is-layout-f26b76e4 wp-block-cover-is-layout-constrained\">\n\t<div class=\"has-text-align-center skp-block-breadcrumb wp-block-skp-breadcrumb has-sm-font-size\" id=\"skp-block-breadcrumb-69e31c9893d0e2.39735148\">\n\t\t\n<nav\tclass=\"breadcrumb\"\n\taria-label=\"Breadcrumbs\">\n\t<ol class=\"breadcrumb__list\">\n\t\t\t\t\t<li class=\"breadcrumb__item\">\n\t\t\t\t\t\t\t\t\t<a href=\"https:\/\/www.ebma-europe.com\/es\/inicio\/\" class=\"breadcrumb__link\">\n\t\t\t\t\t\tInicio\t\t\t\t\t<\/a>\n\t\t\t\t\t\t\t\t\t\t\t\t<\/li>\n\t\t\t<\/ol>\n\n\t<\/nav>\t<\/div>\n\n\n<h1 style=\"text-align: center;\" class=\"has-text-align-center skp-block-primary-title wp-block-skp-primary-title\" id=\"skp-block-primary-title-69e31c98956dc7.14069542\">\n\tNuestra oferta de formaci\u00f3n<\/h1>\n\n\n\n<p class=\"has-text-align-center\">BI(G)MED Espa\u00f1a ofrece un programa de formaci\u00f3n completo que permite adquirir un dominio progresivo de la Medicina Bio Inmuno(G)en\u00e9tica.<\/p>\n<\/div><\/div>\n<\/div>\n\n\n\n<div class=\"wp-block-group alignfull has-accent-background-color has-background has-global-padding is-layout-constrained wp-block-group-is-layout-constrained\" style=\"margin-top:var(--wp--preset--spacing--2-xl);margin-bottom:var(--wp--preset--spacing--2-xl);padding-top:var(--wp--preset--spacing--lg);padding-bottom:var(--wp--preset--spacing--lg)\">\n<div class=\"wp-block-columns alignwide is-layout-flex wp-container-core-columns-is-layout-28f84493 wp-block-columns-is-layout-flex\">\n<div class=\"wp-block-column is-layout-flow wp-container-core-column-is-layout-86b72393 wp-block-column-is-layout-flow\">\n<h2 class=\"wp-block-heading\">\u00bfPor qu\u00e9 formarse en BI(G)MED?<\/h2>\n\n\n\n<p>En la actualidad, la BI(G)MED dispone de m\u00e1s de 170 f\u00f3rmulas reguladoras, actualizadas de manera peri\u00f3dica y enriquecidas continuamente con nuevas formulaciones.<\/p>\n\n\n\n<p>Determinar qu\u00e9 f\u00f3rmula(s) prescribir a cada paciente requiere una comprensi\u00f3n profunda de sus mecanismos de acci\u00f3n.<\/p>\n\n\n\n<p>Basada en los avances cient\u00edficos m\u00e1s recientes, la formaci\u00f3n ofrecida por BI(G)MED Espa\u00f1a proporciona una ense\u00f1anza de alto nivel que permitiendo integrar estos conocimientos con rigor y precisi\u00f3n en la pr\u00e1ctica cl\u00ednica.<br><br><\/p>\n<\/div>\n\n\n\n<div class=\"wp-block-column is-layout-flow wp-container-core-column-is-layout-86b72393 wp-block-column-is-layout-flow\">\n<h2 class=\"wp-block-heading\">\u00bfQui\u00e9n puede formarse en BI(G)MED?<\/h2>\n\n\n\n<p>Las formaciones ofrecidas por BI(G)MED Espa\u00f1a est\u00e1n destinadas principalmente a <strong>m\u00e9dicos (generalistas y\/o especialistas), dentistas, farmac\u00e9uticos y veterinarios<\/strong>.<\/p>\n\n\n\n<p>Recientemente, se ha desarrollado una formaci\u00f3n espec\u00edficamente adaptada para <strong>profesionales sanitarios<\/strong>, concebida para permitirles beneficiarse de las herramientas de la BI(G)MED en el marco de su pr\u00e1ctica cl\u00ednica.<\/p>\n<\/div>\n<\/div>\n<\/div>\n\n\n\n<div class=\"wp-block-group alignfull site-main__content has-global-padding is-layout-constrained wp-block-group-is-layout-constrained\" style=\"margin-top:var(--wp--preset--spacing--2-xl);margin-bottom:var(--wp--preset--spacing--2-xl);padding-top:0;padding-bottom:0\">\n<div class=\"wp-block-columns alignwide are-vertically-aligned-center is-layout-flex wp-container-core-columns-is-layout-70048779 wp-block-columns-is-layout-flex\" style=\"margin-top:var(--wp--preset--spacing--2-xl);margin-bottom:var(--wp--preset--spacing--2-xl)\">\n<div class=\"wp-block-column is-vertically-aligned-center is-layout-flow wp-block-column-is-layout-flow\">\n<figure class=\"wp-block-image size-large is-style-rounded\"><img decoding=\"async\" width=\"1024\" height=\"683\" src=\"https:\/\/www.ebma-europe.com\/wp-inside\/uploads\/2026\/01\/visuel-formation-new-1024x683.png\" alt=\"\" class=\"wp-image-9416\" srcset=\"https:\/\/www.ebma-europe.com\/wp-inside\/uploads\/2026\/01\/visuel-formation-new-1024x683.png 1024w, https:\/\/www.ebma-europe.com\/wp-inside\/uploads\/2026\/01\/visuel-formation-new-300x200.png 300w, https:\/\/www.ebma-europe.com\/wp-inside\/uploads\/2026\/01\/visuel-formation-new-768x512.png 768w, https:\/\/www.ebma-europe.com\/wp-inside\/uploads\/2026\/01\/visuel-formation-new-600x400.png 600w, https:\/\/www.ebma-europe.com\/wp-inside\/uploads\/2026\/01\/visuel-formation-new.png 1536w\" sizes=\"(max-width: 1024px) 100vw, 1024px\" \/><\/figure>\n<\/div>\n\n\n\n<div class=\"wp-block-column is-vertically-aligned-center is-layout-flow wp-container-core-column-is-layout-b4b6c8b9 wp-block-column-is-layout-flow\">\n<h2 class=\"wp-block-heading\">Organizaci\u00f3n de nuestras formaciones<\/h2>\n\n\n\n<ul class=\"wp-block-list\">\n<li>El <strong>ciclo de iniciaci\u00f3n<\/strong> establece las bases cient\u00edficas, diagn\u00f3sticas y pr\u00e1cticas esenciales. Asimismo, existe una adaptaci\u00f3n de esta formaci\u00f3n inicial dirigida a profesionales sanitarios.<\/li>\n<\/ul>\n\n\n\n<ul class=\"wp-block-list\">\n<li>El <strong>ciclo de profundizaci\u00f3n<\/strong> aborda en detalle los mecanismos celulares e inmunogen\u00e9ticos implicados en las principales patolog\u00edas cr\u00f3nicas.<\/li>\n<\/ul>\n\n\n\n<ul class=\"wp-block-list\">\n<li><strong>Los m\u00f3dulos de perfeccionamiento<\/strong> permiten consolidar una experiencia avanzada mediante el abordaje de tem\u00e1ticas especializadas y el an\u00e1lisis de casos complejos.<\/li>\n<\/ul>\n\n\n\n<ul class=\"wp-block-list\">\n<li>A ello se a\u00f1aden <strong>las masterclass<\/strong>, espacios de intercambio entre profesionales, as\u00ed como la formaci\u00f3n espec\u00edfica dirigida a profesionales sanitarios.<\/li>\n<\/ul>\n\n\n\n<ul class=\"wp-block-list\">\n<li>Los<strong> BI(G)MED Talks<\/strong> y las sesiones <strong>BI(G)MED Help <\/strong>completan este conjunto, ofreciendo formatos breves centrados en tem\u00e1ticas espec\u00edficas, en situaciones cl\u00ednicas concretas y en sus l\u00f3gicas de regulaci\u00f3n desde la BI(G)MED.<\/li>\n<\/ul>\n\n\n\n<ul class=\"wp-block-list\">\n<li>En conjunto, estas formaciones configuran un itinerario coherente que permite convertirse en <strong>terapeuta BI(G)MED<\/strong> e integrar <strong>la regulaci\u00f3n celular<\/strong> en el n\u00facleo de la pr\u00e1ctica cl\u00ednica.<\/li>\n<\/ul>\n<\/div>\n<\/div>\n\n\n\n<div class=\"wp-block-group alignfull has-global-padding is-layout-constrained wp-block-group-is-layout-constrained\" style=\"margin-top:var(--wp--preset--spacing--2-xl);margin-bottom:var(--wp--preset--spacing--2-xl)\">\n<figure class=\"wp-block-image alignwide size-large\"><img loading=\"lazy\" decoding=\"async\" width=\"1024\" height=\"356\" src=\"https:\/\/www.ebma-europe.com\/wp-inside\/uploads\/2026\/02\/ciclos-es-1024x356.png\" alt=\"\" class=\"wp-image-12213\" srcset=\"https:\/\/www.ebma-europe.com\/wp-inside\/uploads\/2026\/02\/ciclos-es-1024x356.png 1024w, https:\/\/www.ebma-europe.com\/wp-inside\/uploads\/2026\/02\/ciclos-es-300x104.png 300w, https:\/\/www.ebma-europe.com\/wp-inside\/uploads\/2026\/02\/ciclos-es-768x267.png 768w, https:\/\/www.ebma-europe.com\/wp-inside\/uploads\/2026\/02\/ciclos-es-1536x534.png 1536w, https:\/\/www.ebma-europe.com\/wp-inside\/uploads\/2026\/02\/ciclos-es-2048x713.png 2048w, https:\/\/www.ebma-europe.com\/wp-inside\/uploads\/2026\/02\/ciclos-es-2000x696.png 2000w, https:\/\/www.ebma-europe.com\/wp-inside\/uploads\/2026\/02\/ciclos-es-600x209.png 600w\" sizes=\"auto, (max-width: 1024px) 100vw, 1024px\" \/><\/figure>\n<\/div>\n\n\n\n<div class=\"wp-block-group alignfull has-transparent-background-color has-background has-global-padding is-layout-constrained wp-block-group-is-layout-constrained\" style=\"margin-top:var(--wp--preset--spacing--2-xl);margin-bottom:var(--wp--preset--spacing--2-xl);padding-top:var(--wp--preset--spacing--lg);padding-bottom:var(--wp--preset--spacing--lg)\">\n<div class=\"wp-block-columns alignwide is-layout-flex wp-container-core-columns-is-layout-28f84493 wp-block-columns-is-layout-flex\">\n<div class=\"wp-block-column is-layout-flow wp-container-core-column-is-layout-86b72393 wp-block-column-is-layout-flow\">\n<h2 class=\"wp-block-heading\">Modalidades de formaci\u00f3n<\/h2>\n\n\n\n<p>Las formaciones de BI(G)MED Espa\u00f1a se ofrecen en <strong>modalidad presencial o a distancia<\/strong>, con el fin de adaptarse a las necesidades y limitaciones de los profesionales.<\/p>\n\n\n\n<p>Las sesiones presenciales se organizan a petici\u00f3n de grupos de m\u00e9dicos o terapeutas que deseen beneficiarse de una formaci\u00f3n intensiva, interactiva y personalizada. A partir de un grupo m\u00ednimo de 12 participantes, es posible organizar una sesi\u00f3n dedicada en su regi\u00f3n.<\/p>\n\n\n\n<p>Para cualquier solicitud de organizaci\u00f3n o para constituir un grupo, le invitamos a ponerse en contacto directamente con nuestra asociaci\u00f3n. Estudiaremos con usted la f\u00f3rmula m\u00e1s adecuada.<\/p>\n<\/div>\n\n\n\n<div class=\"wp-block-column is-layout-flow wp-container-core-column-is-layout-86b72393 wp-block-column-is-layout-flow\">\n<h2 class=\"wp-block-heading\">\u00bfExisten otras organizaciones que formen en BI(G)MED?<\/h2>\n\n\n\n<p>La asociaci\u00f3n EBMA Europe y sus asociaciones colaboradoras en <a href=\"https:\/\/www.ebma-europe.com\/es\/\" target=\"_blank\" rel=\"noreferrer noopener\">Espa\u00f1a<\/a>, <a href=\"https:\/\/www.ebma-europe.com\/de\/\">Alemania<\/a> y <a href=\"https:\/\/www.ebma-europe.com\/de\/\" target=\"_blank\" rel=\"noreferrer noopener\">Austria<\/a> son las \u00fanicas habilitadas para impartir una formaci\u00f3n en Medicina Bio Inmuno(G)en\u00e9tica tal como la transmite el Dr. Gilbert Galdy.<\/p>\n\n\n\n<p>Si existen formaciones en BI(G)MED impartidas por otras organizaciones, no podemos garantizar su calidad.<\/p>\n<\/div>\n<\/div>\n<\/div>\n\n\n\n<div class=\"wp-block-woocommerce-memberships-non-member-content\">\n<div class=\"skp-block-woo-paywall-message wp-block-skp-woo-paywall-message\" id=\"skp-block-woo-paywall-message-69e31c989c3538.58879913\">\n\t\n<div class=\"wp-block-woocommerce-memberships-non-member-content alignfull paywall-memberships\">\n\n\n<div class=\"wp-block-group has-global-padding is-layout-constrained wp-block-group-is-layout-constrained\">\n\n\n<div class=\"wp-block-group paywall-box has-border-color has-secondary-200-border-color is-vertical is-content-justification-center is-layout-flex wp-container-core-group-is-layout-9b7129a1 wp-block-group-is-layout-flex\" style=\"border-width:10px;margin-top:var(--wp--preset--spacing--sm);margin-bottom:var(--wp--preset--spacing--xl);padding-top:var(--wp--preset--spacing--md);padding-right:var(--wp--preset--spacing--md);padding-bottom:var(--wp--preset--spacing--md);padding-left:var(--wp--preset--spacing--md)\">\n\n\n<div class=\"wp-block-group is-vertical is-content-justification-center is-layout-flex wp-container-core-group-is-layout-4659c924 wp-block-group-is-layout-flex\">\n\n\n<p class=\"has-text-align-center is-style-h3\">El acceso al contenido completo est\u00e1 reservado a los suscriptores<\/p>\n\n\n\n<div class=\"wp-block-group is-content-justification-center is-layout-flex wp-container-core-group-is-layout-6c772a61 wp-block-group-is-layout-flex\">\n\n\n<p>\u00bfYa dispone de una suscripci\u00f3n?<\/p>\n\n\n<div data-block-name=\"woocommerce\/customer-account\" data-display-style=\"text_only\" data-icon-class=\"wc-block-customer-account__account-icon\" class='wp-block-woocommerce-customer-account is-style-btn-link-text' style=''>\n\t\t\t<a  href='https:\/\/www.ebma-europe.com\/es\/mi-cuenta\/'>\n\t\t\t\t<span class=\"label\">Acceder<\/span>\n\t\t\t<\/a>\n\t\t<\/div>\n\n<\/div>\n\n\n<\/div>\n\n\n\n<h2 class=\"wp-block-heading has-text-align-center\">Descubra las ventajas de ser socio<\/h2>\n\n\n\n<ul class=\"wp-block-list\">\n\n\n<li>Acceso ilimitado a todos los art\u00edculos<\/li>\n\n\n\n<li>Contenido exclusivo reservado para suscriptores<\/li>\n\n\n\n<li>Experiencia de lectura sin anuncios<\/li>\n\n\n\n<li>Acceso anticipado a nuevas publicaciones<\/li>\n\n\n\n<li>Apoya el periodismo de calidad<\/li>\n\n\n<\/ul>\n\n\n\n<div class=\"wp-block-buttons is-content-justification-center is-layout-flex wp-container-core-buttons-is-layout-0ab60f8a wp-block-buttons-is-layout-flex\">\n\n\n<div class=\"wp-block-button is-style-btn-primary skp-button-size-large\">\n\t<a class=\"wp-block-button__link wp-element-button\" href=\"https:\/\/www.ebma-europe.com\/es\/tienda\/\">\n\t\tInscribirse\n\t<\/a>\n<\/div>\n\n\n<\/div>\n\n\n<\/div>\n\n\n<\/div>\n\n\n<\/div>\n<\/div><\/div>\n\n\n<\/div>\n","protected":false},"excerpt":{"rendered":"<p>\u00bfPor qu\u00e9 formarse en BI(G)MED? En la actualidad, la BI(G)MED dispone de m\u00e1s de 170 f\u00f3rmulas reguladoras, actualizadas de manera peri\u00f3dica y enriquecidas continuamente con nuevas formulaciones. Determinar qu\u00e9 f\u00f3rmula(s) prescribir a cada paciente requiere una comprensi\u00f3n profunda de sus mecanismos de acci\u00f3n. Basada en los avances cient\u00edficos m\u00e1s recientes, la formaci\u00f3n ofrecida por BI(G)MED [&hellip;]<\/p>\n","protected":false},"author":778,"featured_media":0,"parent":0,"menu_order":9,"comment_status":"closed","ping_status":"closed","template":"","meta":{"_acf_changed":false,"footnotes":""},"class_list":["post-10022","page","type-page","status-publish","hentry"],"acf":[],"yoast_head":"<!-- This site is optimized with the Yoast SEO plugin v27.4 - https:\/\/yoast.com\/product\/yoast-seo-wordpress\/ -->\n<title>Formaci\u00f3n continua para m\u00e9dicos generalistas, Medicina hol\u00edstica | EBMA Europe<\/title>\n<meta name=\"description\" content=\"EBMA ofrece un programa de formaci\u00f3n completo que permite adquirir un dominio progresivo de la Medicina Bio Inmuno(G)en\u00e9tica.\" \/>\n<meta name=\"robots\" content=\"index, follow, max-snippet:-1, max-image-preview:large, max-video-preview:-1\" \/>\n<link rel=\"canonical\" href=\"https:\/\/www.ebma-europe.com\/es\/nuestra-oferta-de-formacion\/\" \/>\n<meta property=\"og:locale\" content=\"es_ES\" \/>\n<meta property=\"og:type\" content=\"article\" \/>\n<meta property=\"og:title\" content=\"Formaci\u00f3n continua para m\u00e9dicos generalistas, Medicina hol\u00edstica | EBMA Europe\" \/>\n<meta property=\"og:description\" content=\"EBMA ofrece un programa de formaci\u00f3n completo que permite adquirir un dominio progresivo de la Medicina Bio Inmuno(G)en\u00e9tica.\" \/>\n<meta property=\"og:url\" content=\"https:\/\/www.ebma-europe.com\/es\/nuestra-oferta-de-formacion\/\" \/>\n<meta property=\"og:site_name\" content=\"EBMA Europe\" \/>\n<meta property=\"article:modified_time\" content=\"2026-04-14T09:34:32+00:00\" \/>\n<meta property=\"og:image\" content=\"https:\/\/www.ebma-europe.com\/wp-inside\/uploads\/2026\/01\/visuel-formation-new.png\" \/>\n\t<meta property=\"og:image:width\" content=\"1536\" \/>\n\t<meta property=\"og:image:height\" content=\"1024\" \/>\n\t<meta property=\"og:image:type\" content=\"image\/png\" \/>\n<meta name=\"twitter:card\" content=\"summary_large_image\" \/>\n<meta name=\"twitter:label1\" content=\"Tiempo de lectura\" \/>\n\t<meta name=\"twitter:data1\" content=\"4 minuto\" \/>\n<script type=\"application\/ld+json\" class=\"yoast-schema-graph\">{\"@context\":\"https:\\\/\\\/schema.org\",\"@graph\":[{\"@type\":\"WebPage\",\"@id\":\"https:\\\/\\\/www.ebma-europe.com\\\/es\\\/nuestra-oferta-de-formacion\\\/\",\"url\":\"https:\\\/\\\/www.ebma-europe.com\\\/es\\\/nuestra-oferta-de-formacion\\\/\",\"name\":\"Formaci\u00f3n continua para m\u00e9dicos generalistas, Medicina hol\u00edstica | EBMA Europe\",\"isPartOf\":{\"@id\":\"https:\\\/\\\/www.ebma-europe.com\\\/es\\\/#website\"},\"primaryImageOfPage\":{\"@id\":\"https:\\\/\\\/www.ebma-europe.com\\\/es\\\/nuestra-oferta-de-formacion\\\/#primaryimage\"},\"image\":{\"@id\":\"https:\\\/\\\/www.ebma-europe.com\\\/es\\\/nuestra-oferta-de-formacion\\\/#primaryimage\"},\"thumbnailUrl\":\"https:\\\/\\\/www.ebma-europe.com\\\/wp-inside\\\/uploads\\\/2026\\\/01\\\/visuel-formation-new-1024x683.png\",\"datePublished\":\"2026-01-13T10:25:12+00:00\",\"dateModified\":\"2026-04-14T09:34:32+00:00\",\"description\":\"EBMA ofrece un programa de formaci\u00f3n completo que permite adquirir un dominio progresivo de la Medicina Bio Inmuno(G)en\u00e9tica.\",\"breadcrumb\":{\"@id\":\"https:\\\/\\\/www.ebma-europe.com\\\/es\\\/nuestra-oferta-de-formacion\\\/#breadcrumb\"},\"inLanguage\":\"es\",\"potentialAction\":[{\"@type\":\"ReadAction\",\"target\":[\"https:\\\/\\\/www.ebma-europe.com\\\/es\\\/nuestra-oferta-de-formacion\\\/\"]}]},{\"@type\":\"ImageObject\",\"inLanguage\":\"es\",\"@id\":\"https:\\\/\\\/www.ebma-europe.com\\\/es\\\/nuestra-oferta-de-formacion\\\/#primaryimage\",\"url\":\"https:\\\/\\\/www.ebma-europe.com\\\/wp-inside\\\/uploads\\\/2026\\\/01\\\/visuel-formation-new-1024x683.png\",\"contentUrl\":\"https:\\\/\\\/www.ebma-europe.com\\\/wp-inside\\\/uploads\\\/2026\\\/01\\\/visuel-formation-new-1024x683.png\"},{\"@type\":\"BreadcrumbList\",\"@id\":\"https:\\\/\\\/www.ebma-europe.com\\\/es\\\/nuestra-oferta-de-formacion\\\/#breadcrumb\",\"itemListElement\":[{\"@type\":\"ListItem\",\"position\":1,\"name\":\"Inicio\",\"item\":\"https:\\\/\\\/www.ebma-europe.com\\\/es\\\/inicio\\\/\"},{\"@type\":\"ListItem\",\"position\":2,\"name\":\"Nuestra oferta de formaci\u00f3n\"}]},{\"@type\":\"WebSite\",\"@id\":\"https:\\\/\\\/www.ebma-europe.com\\\/es\\\/#website\",\"url\":\"https:\\\/\\\/www.ebma-europe.com\\\/es\\\/\",\"name\":\"EBMA Europe\",\"description\":\"European Bio Immune(G)ene Medicine Association\",\"publisher\":{\"@id\":\"https:\\\/\\\/www.ebma-europe.com\\\/es\\\/#organization\"},\"alternateName\":\"EBMA\",\"potentialAction\":[{\"@type\":\"SearchAction\",\"target\":{\"@type\":\"EntryPoint\",\"urlTemplate\":\"https:\\\/\\\/www.ebma-europe.com\\\/es\\\/?s={search_term_string}\"},\"query-input\":{\"@type\":\"PropertyValueSpecification\",\"valueRequired\":true,\"valueName\":\"search_term_string\"}}],\"inLanguage\":\"es\"},{\"@type\":\"Organization\",\"@id\":\"https:\\\/\\\/www.ebma-europe.com\\\/es\\\/#organization\",\"name\":\"EBMA Europe\",\"alternateName\":\"EBMA\",\"url\":\"https:\\\/\\\/www.ebma-europe.com\\\/es\\\/\",\"logo\":{\"@type\":\"ImageObject\",\"inLanguage\":\"es\",\"@id\":\"https:\\\/\\\/www.ebma-europe.com\\\/es\\\/#\\\/schema\\\/logo\\\/image\\\/\",\"url\":\"https:\\\/\\\/www.ebma-europe.com\\\/wp-inside\\\/uploads\\\/2026\\\/03\\\/enity-logo-ebma.png\",\"contentUrl\":\"https:\\\/\\\/www.ebma-europe.com\\\/wp-inside\\\/uploads\\\/2026\\\/03\\\/enity-logo-ebma.png\",\"width\":696,\"height\":696,\"caption\":\"EBMA Europe\"},\"image\":{\"@id\":\"https:\\\/\\\/www.ebma-europe.com\\\/es\\\/#\\\/schema\\\/logo\\\/image\\\/\"},\"sameAs\":[\"https:\\\/\\\/fr.linkedin.com\\\/company\\\/ebma-europe\"]}]}<\/script>\n<!-- \/ Yoast SEO plugin. -->","yoast_head_json":{"title":"Formaci\u00f3n continua para m\u00e9dicos generalistas, Medicina hol\u00edstica | EBMA Europe","description":"EBMA ofrece un programa de formaci\u00f3n completo que permite adquirir un dominio progresivo de la Medicina Bio Inmuno(G)en\u00e9tica.","robots":{"index":"index","follow":"follow","max-snippet":"max-snippet:-1","max-image-preview":"max-image-preview:large","max-video-preview":"max-video-preview:-1"},"canonical":"https:\/\/www.ebma-europe.com\/es\/nuestra-oferta-de-formacion\/","og_locale":"es_ES","og_type":"article","og_title":"Formaci\u00f3n continua para m\u00e9dicos generalistas, Medicina hol\u00edstica | EBMA Europe","og_description":"EBMA ofrece un programa de formaci\u00f3n completo que permite adquirir un dominio progresivo de la Medicina Bio Inmuno(G)en\u00e9tica.","og_url":"https:\/\/www.ebma-europe.com\/es\/nuestra-oferta-de-formacion\/","og_site_name":"EBMA Europe","article_modified_time":"2026-04-14T09:34:32+00:00","og_image":[{"width":1536,"height":1024,"url":"https:\/\/www.ebma-europe.com\/wp-inside\/uploads\/2026\/01\/visuel-formation-new.png","type":"image\/png"}],"twitter_card":"summary_large_image","twitter_misc":{"Tiempo de lectura":"4 minuto"},"schema":{"@context":"https:\/\/schema.org","@graph":[{"@type":"WebPage","@id":"https:\/\/www.ebma-europe.com\/es\/nuestra-oferta-de-formacion\/","url":"https:\/\/www.ebma-europe.com\/es\/nuestra-oferta-de-formacion\/","name":"Formaci\u00f3n continua para m\u00e9dicos generalistas, Medicina hol\u00edstica | EBMA Europe","isPartOf":{"@id":"https:\/\/www.ebma-europe.com\/es\/#website"},"primaryImageOfPage":{"@id":"https:\/\/www.ebma-europe.com\/es\/nuestra-oferta-de-formacion\/#primaryimage"},"image":{"@id":"https:\/\/www.ebma-europe.com\/es\/nuestra-oferta-de-formacion\/#primaryimage"},"thumbnailUrl":"https:\/\/www.ebma-europe.com\/wp-inside\/uploads\/2026\/01\/visuel-formation-new-1024x683.png","datePublished":"2026-01-13T10:25:12+00:00","dateModified":"2026-04-14T09:34:32+00:00","description":"EBMA ofrece un programa de formaci\u00f3n completo que permite adquirir un dominio progresivo de la Medicina Bio Inmuno(G)en\u00e9tica.","breadcrumb":{"@id":"https:\/\/www.ebma-europe.com\/es\/nuestra-oferta-de-formacion\/#breadcrumb"},"inLanguage":"es","potentialAction":[{"@type":"ReadAction","target":["https:\/\/www.ebma-europe.com\/es\/nuestra-oferta-de-formacion\/"]}]},{"@type":"ImageObject","inLanguage":"es","@id":"https:\/\/www.ebma-europe.com\/es\/nuestra-oferta-de-formacion\/#primaryimage","url":"https:\/\/www.ebma-europe.com\/wp-inside\/uploads\/2026\/01\/visuel-formation-new-1024x683.png","contentUrl":"https:\/\/www.ebma-europe.com\/wp-inside\/uploads\/2026\/01\/visuel-formation-new-1024x683.png"},{"@type":"BreadcrumbList","@id":"https:\/\/www.ebma-europe.com\/es\/nuestra-oferta-de-formacion\/#breadcrumb","itemListElement":[{"@type":"ListItem","position":1,"name":"Inicio","item":"https:\/\/www.ebma-europe.com\/es\/inicio\/"},{"@type":"ListItem","position":2,"name":"Nuestra oferta de formaci\u00f3n"}]},{"@type":"WebSite","@id":"https:\/\/www.ebma-europe.com\/es\/#website","url":"https:\/\/www.ebma-europe.com\/es\/","name":"EBMA Europe","description":"European Bio Immune(G)ene Medicine Association","publisher":{"@id":"https:\/\/www.ebma-europe.com\/es\/#organization"},"alternateName":"EBMA","potentialAction":[{"@type":"SearchAction","target":{"@type":"EntryPoint","urlTemplate":"https:\/\/www.ebma-europe.com\/es\/?s={search_term_string}"},"query-input":{"@type":"PropertyValueSpecification","valueRequired":true,"valueName":"search_term_string"}}],"inLanguage":"es"},{"@type":"Organization","@id":"https:\/\/www.ebma-europe.com\/es\/#organization","name":"EBMA Europe","alternateName":"EBMA","url":"https:\/\/www.ebma-europe.com\/es\/","logo":{"@type":"ImageObject","inLanguage":"es","@id":"https:\/\/www.ebma-europe.com\/es\/#\/schema\/logo\/image\/","url":"https:\/\/www.ebma-europe.com\/wp-inside\/uploads\/2026\/03\/enity-logo-ebma.png","contentUrl":"https:\/\/www.ebma-europe.com\/wp-inside\/uploads\/2026\/03\/enity-logo-ebma.png","width":696,"height":696,"caption":"EBMA Europe"},"image":{"@id":"https:\/\/www.ebma-europe.com\/es\/#\/schema\/logo\/image\/"},"sameAs":["https:\/\/fr.linkedin.com\/company\/ebma-europe"]}]}},"_links":{"self":[{"href":"https:\/\/www.ebma-europe.com\/es\/wp-json\/wp\/v2\/pages\/10022","targetHints":{"allow":["GET"]}}],"collection":[{"href":"https:\/\/www.ebma-europe.com\/es\/wp-json\/wp\/v2\/pages"}],"about":[{"href":"https:\/\/www.ebma-europe.com\/es\/wp-json\/wp\/v2\/types\/page"}],"author":[{"embeddable":true,"href":"https:\/\/www.ebma-europe.com\/es\/wp-json\/wp\/v2\/users\/778"}],"replies":[{"embeddable":true,"href":"https:\/\/www.ebma-europe.com\/es\/wp-json\/wp\/v2\/comments?post=10022"}],"version-history":[{"count":8,"href":"https:\/\/www.ebma-europe.com\/es\/wp-json\/wp\/v2\/pages\/10022\/revisions"}],"predecessor-version":[{"id":14490,"href":"https:\/\/www.ebma-europe.com\/es\/wp-json\/wp\/v2\/pages\/10022\/revisions\/14490"}],"wp:attachment":[{"href":"https:\/\/www.ebma-europe.com\/es\/wp-json\/wp\/v2\/media?parent=10022"}],"curies":[{"name":"wp","href":"https:\/\/api.w.org\/{rel}","templated":true}]}}