{"id":1585,"date":"2025-05-27T09:26:54","date_gmt":"2025-05-27T07:26:54","guid":{"rendered":"https:\/\/www.ebma-europe.com\/mentions-legales\/"},"modified":"2026-01-12T11:16:45","modified_gmt":"2026-01-12T10:16:45","slug":"aviso-legal","status":"publish","type":"page","link":"https:\/\/www.ebma-europe.com\/es\/aviso-legal\/","title":{"rendered":"Aviso legal"},"content":{"rendered":"\n<div class=\"wp-block-group alignfull is-style-default has-global-padding is-layout-constrained wp-block-group-is-layout-constrained\" style=\"padding-top:0;padding-bottom:0\">\n<div class=\"wp-block-cover alignfull is-light is-style-default\" style=\"margin-top:0;margin-bottom:0;padding-top:var(--wp--preset--spacing--xl);padding-bottom:var(--wp--preset--spacing--xl);min-height:50px;aspect-ratio:unset;\"><span aria-hidden=\"true\" class=\"wp-block-cover__background has-neutral-100-background-color has-background-dim-100 has-background-dim\"><\/span><div class=\"wp-block-cover__inner-container has-global-padding is-layout-constrained wp-container-core-cover-is-layout-f26b76e4 wp-block-cover-is-layout-constrained\">\n\t<div class=\"has-text-align-center skp-block-breadcrumb wp-block-skp-breadcrumb has-sm-font-size\" id=\"skp-block-breadcrumb-69f2a325c1af83.07610482\">\n\t\t\n<nav\tclass=\"breadcrumb\"\n\taria-label=\"Breadcrumbs\">\n\t<ol class=\"breadcrumb__list\">\n\t\t\t\t\t<li class=\"breadcrumb__item\">\n\t\t\t\t\t\t\t\t\t<a href=\"https:\/\/www.ebma-europe.com\/es\/inicio\/\" class=\"breadcrumb__link\">\n\t\t\t\t\t\tInicio\t\t\t\t\t<\/a>\n\t\t\t\t\t\t\t\t\t\t\t\t<\/li>\n\t\t\t<\/ol>\n\n\t<\/nav>\t<\/div>\n\n\n<h1 style=\"text-align: center;\" class=\"has-text-align-center skp-block-primary-title wp-block-skp-primary-title\" id=\"skp-block-primary-title-69f2a325c357b0.89434382\">\n\tAviso legal<\/h1>\n\n\n\n<p class=\"has-text-align-center\">En vigor el 18\/11\/2021<\/p>\n<\/div><\/div>\n<\/div>\n\n\n\n<div class=\"wp-block-group is-layout-flow wp-container-core-group-is-layout-b5f8871a wp-block-group-is-layout-flow\">\n<p>De conformidad con las disposiciones de los art\u00edculos 6-III y 19 de la Ley n\u00b02004-575 de 21 de junio de 2004 para la Confianza en la Econom\u00eda Digital, conocida como L.C.E.N., se informa a los usuarios y visitantes, en lo sucesivo denominados \u201c<strong>el Usuario<\/strong>\u201d, del sitio http:\/\/www.ebma-europe.com\/, en lo sucesivo denominado \u201c<strong>P\u00e1gina Web<\/strong>\u201d, del presente aviso legal.<\/p>\n\n\n\n<p>La conexi\u00f3n y la navegaci\u00f3n por la P\u00e1gina Web por parte del Usuario implica la aceptaci\u00f3n plena y sin reservas del presente aviso legal.<\/p>\n\n\n\n<p>Estas \u00faltimas son accesibles en la P\u00e1gina Web bajo el t\u00edtulo \u201c<strong>Informaci\u00f3n legal<\/strong>\u201d.<\/p>\n\n\n\n<h2 class=\"wp-block-heading\">ART\u00cdCULO 1 \u2013 EL EDITOR<\/h2>\n\n\n\n<p>El P\u00e1gina Web es publicado por EBMA, una asociaci\u00f3n local inscrita en el Registro Mercantil de COLMAR con el n\u00famero 752078139, cuyo domicilio social se encuentra en 29 Rue Charles Sandherr 68000 COLMAR,<\/p>\n\n\n\n<p>N\u00famero de tel\u00e9fono 0635562148,<\/p>\n\n\n\n<p>Direcci\u00f3n de correo electr\u00f3nico: info@ebma-europe.com.<\/p>\n\n\n\n<p>N\u00famero de IVA intracomunitario: FR73 752 078 139<\/p>\n\n\n\n<p>El director de la publicaci\u00f3n es el Dr. Gilbert GLADY<\/p>\n\n\n\n<p>en adelante el \u201c<strong>Editor<\/strong>\u201d.<\/p>\n\n\n\n<h2 class=\"wp-block-heading\">ART\u00cdCULO 2 \u2013 EL ANFITRI\u00d3N<\/h2>\n\n\n\n<p>El anfitri\u00f3n de la P\u00e1gina Web es la empresa OVH, cuya sede social se encuentra en 2 rue Kellermann \u2013 59100 Roubaix, www.ovh.com<\/p>\n\n\n\n<h2 class=\"wp-block-heading\">ART\u00cdCULO 3 \u2013 ACCESO AL SITIO<\/h2>\n\n\n\n<p>El P\u00e1gina Web es accesible en todo momento, 7 d\u00edas a la semana, 24 horas al d\u00eda, excepto en caso de fuerza mayor, interrupci\u00f3n programada o no programada, y que puede ser resultado de una necesidad de mantenimiento.<\/p>\n\n\n\n<p>En caso de modificaci\u00f3n, interrupci\u00f3n o suspensi\u00f3n de la P\u00e1gina Web, el Editor no ser\u00e1 responsable.<\/p>\n\n\n\n<h2 class=\"wp-block-heading\">ART\u00cdCULO 4 \u2013 RECOGIDA DE DATOS<\/h2>\n\n\n\n<p>El P\u00e1gina Web garantiza que los datos personales del Usuario se recogen y procesan respetando la privacidad de acuerdo con la ley francesa n\u00b078-17 del 6 de enero de 1978 relativa a la inform\u00e1tica, los archivos y las libertades.<\/p>\n\n\n\n<p>De acuerdo con la Ley de Protecci\u00f3n de Datos de 6 de enero de 1978, el usuario tiene derecho a acceder, rectificar, eliminar y oponerse a sus datos personales. El usuario puede ejercer este derecho:<\/p>\n\n\n\n<ul class=\"wp-block-list\">\n<li>por correo electr\u00f3nico a info@ebma-europe.com<\/li>\n\n\n\n<li>por correo a EBMA \u2013 29 Rue Charles Sandherr 68000 COLMAR ;<\/li>\n\n\n\n<li>a trav\u00e9s de su espacio personal;<\/li>\n<\/ul>\n\n\n\n<p>Cualquier uso, reproducci\u00f3n, distribuci\u00f3n, comercializaci\u00f3n, modificaci\u00f3n de la totalidad o parte de la P\u00e1gina Web, sin la autorizaci\u00f3n del Editor, est\u00e1 prohibido y puede dar lugar a acciones legales y procesales, tal como se establece en particular en el C\u00f3digo de la Propiedad Intelectual y el C\u00f3digo Civil.<\/p>\n\n\n\n<p>Para m\u00e1s informaci\u00f3n, consulte las <a href=\"https:\/\/www.ebma-europe.com\/es\/condiciones-generales-de-uso\/\">Condiciones Generales de Uso<\/a> y <a href=\"https:\/\/www.ebma-europe.com\/es\/condiciones-generales-de-venta\/\">Condiciones Generales de Venta<\/a>.<\/p>\n\n\n\n<p>Para obtener m\u00e1s informaci\u00f3n sobre la protecci\u00f3n de datos personales, consulte la <a href=\"https:\/\/www.ebma-europe.com\/es\/politica-de-privacidad\/\">Pol\u00edtica de Privacidad<\/a>.<\/p>\n<\/div>\n\n\n\n<div style=\"height:48px\" aria-hidden=\"true\" class=\"wp-block-spacer\"><\/div>\n","protected":false},"excerpt":{"rendered":"<p>De conformidad con las disposiciones de los art\u00edculos 6-III y 19 de la Ley n\u00b02004-575 de 21 de junio de 2004 para la Confianza en la Econom\u00eda Digital, conocida como L.C.E.N., se informa a los usuarios y visitantes, en lo sucesivo denominados \u201cel Usuario\u201d, del sitio http:\/\/www.ebma-europe.com\/, en lo sucesivo denominado \u201cP\u00e1gina Web\u201d, del presente [&hellip;]<\/p>\n","protected":false},"author":778,"featured_media":0,"parent":0,"menu_order":515,"comment_status":"closed","ping_status":"closed","template":"","meta":{"_acf_changed":false,"footnotes":""},"class_list":["post-1585","page","type-page","status-publish","hentry"],"acf":[],"yoast_head":"<!-- This site is optimized with the Yoast SEO plugin v27.5 - https:\/\/yoast.com\/product\/yoast-seo-wordpress\/ -->\n<title>Aviso legal | EBMA Europe<\/title>\n<meta name=\"robots\" content=\"index, follow, max-snippet:-1, max-image-preview:large, max-video-preview:-1\" \/>\n<link rel=\"canonical\" href=\"https:\/\/www.ebma-europe.com\/es\/aviso-legal\/\" \/>\n<meta property=\"og:locale\" content=\"es_ES\" \/>\n<meta property=\"og:type\" content=\"article\" \/>\n<meta property=\"og:title\" content=\"Aviso legal\" \/>\n<meta property=\"og:description\" content=\"De conformidad con las disposiciones de los art\u00edculos 6-III y 19 de la Ley n\u00b02004-575 de 21 de junio de 2004 para la Confianza en la Econom\u00eda Digital, conocida como L.C.E.N., se informa a los usuarios y visitantes, en lo sucesivo denominados \u201cel Usuario\u201d, del sitio http:\/\/www.ebma-europe.com\/, en lo sucesivo denominado \u201cP\u00e1gina Web\u201d, del presente [&hellip;]\" \/>\n<meta property=\"og:url\" content=\"https:\/\/www.ebma-europe.com\/es\/aviso-legal\/\" \/>\n<meta property=\"og:site_name\" content=\"EBMA Europe\" \/>\n<meta property=\"article:modified_time\" content=\"2026-01-12T10:16:45+00:00\" \/>\n<meta property=\"og:image\" content=\"https:\/\/www.ebma-europe.com\/wp-inside\/uploads\/2026\/03\/og-ebma.jpg\" \/>\n\t<meta property=\"og:image:width\" content=\"1200\" \/>\n\t<meta property=\"og:image:height\" content=\"675\" \/>\n\t<meta property=\"og:image:type\" content=\"image\/jpeg\" \/>\n<meta name=\"twitter:card\" content=\"summary_large_image\" \/>\n<meta name=\"twitter:label1\" content=\"Tiempo de lectura\" \/>\n\t<meta name=\"twitter:data1\" content=\"3 minuto\" \/>\n<script type=\"application\/ld+json\" class=\"yoast-schema-graph\">{\"@context\":\"https:\\\/\\\/schema.org\",\"@graph\":[{\"@type\":\"WebPage\",\"@id\":\"https:\\\/\\\/www.ebma-europe.com\\\/es\\\/aviso-legal\\\/\",\"url\":\"https:\\\/\\\/www.ebma-europe.com\\\/es\\\/aviso-legal\\\/\",\"name\":\"Aviso legal\",\"isPartOf\":{\"@id\":\"https:\\\/\\\/www.ebma-europe.com\\\/es\\\/#website\"},\"datePublished\":\"2025-05-27T07:26:54+00:00\",\"dateModified\":\"2026-01-12T10:16:45+00:00\",\"breadcrumb\":{\"@id\":\"https:\\\/\\\/www.ebma-europe.com\\\/es\\\/aviso-legal\\\/#breadcrumb\"},\"inLanguage\":\"es\",\"potentialAction\":[{\"@type\":\"ReadAction\",\"target\":[\"https:\\\/\\\/www.ebma-europe.com\\\/es\\\/aviso-legal\\\/\"]}]},{\"@type\":\"BreadcrumbList\",\"@id\":\"https:\\\/\\\/www.ebma-europe.com\\\/es\\\/aviso-legal\\\/#breadcrumb\",\"itemListElement\":[{\"@type\":\"ListItem\",\"position\":1,\"name\":\"Inicio\",\"item\":\"https:\\\/\\\/www.ebma-europe.com\\\/es\\\/inicio\\\/\"},{\"@type\":\"ListItem\",\"position\":2,\"name\":\"Aviso legal\"}]},{\"@type\":\"WebSite\",\"@id\":\"https:\\\/\\\/www.ebma-europe.com\\\/es\\\/#website\",\"url\":\"https:\\\/\\\/www.ebma-europe.com\\\/es\\\/\",\"name\":\"EBMA Europe\",\"description\":\"European Bio Immune(G)ene Medicine Association\",\"publisher\":{\"@id\":\"https:\\\/\\\/www.ebma-europe.com\\\/es\\\/#organization\"},\"alternateName\":\"EBMA\",\"potentialAction\":[{\"@type\":\"SearchAction\",\"target\":{\"@type\":\"EntryPoint\",\"urlTemplate\":\"https:\\\/\\\/www.ebma-europe.com\\\/es\\\/?s={search_term_string}\"},\"query-input\":{\"@type\":\"PropertyValueSpecification\",\"valueRequired\":true,\"valueName\":\"search_term_string\"}}],\"inLanguage\":\"es\"},{\"@type\":\"Organization\",\"@id\":\"https:\\\/\\\/www.ebma-europe.com\\\/es\\\/#organization\",\"name\":\"EBMA Europe\",\"alternateName\":\"EBMA\",\"url\":\"https:\\\/\\\/www.ebma-europe.com\\\/es\\\/\",\"logo\":{\"@type\":\"ImageObject\",\"inLanguage\":\"es\",\"@id\":\"https:\\\/\\\/www.ebma-europe.com\\\/es\\\/#\\\/schema\\\/logo\\\/image\\\/\",\"url\":\"https:\\\/\\\/www.ebma-europe.com\\\/wp-inside\\\/uploads\\\/2026\\\/03\\\/enity-logo-ebma.png\",\"contentUrl\":\"https:\\\/\\\/www.ebma-europe.com\\\/wp-inside\\\/uploads\\\/2026\\\/03\\\/enity-logo-ebma.png\",\"width\":696,\"height\":696,\"caption\":\"EBMA Europe\"},\"image\":{\"@id\":\"https:\\\/\\\/www.ebma-europe.com\\\/es\\\/#\\\/schema\\\/logo\\\/image\\\/\"},\"sameAs\":[\"https:\\\/\\\/fr.linkedin.com\\\/company\\\/ebma-europe\"]}]}<\/script>\n<!-- \/ Yoast SEO plugin. -->","yoast_head_json":{"title":"Aviso legal | EBMA Europe","robots":{"index":"index","follow":"follow","max-snippet":"max-snippet:-1","max-image-preview":"max-image-preview:large","max-video-preview":"max-video-preview:-1"},"canonical":"https:\/\/www.ebma-europe.com\/es\/aviso-legal\/","og_locale":"es_ES","og_type":"article","og_title":"Aviso legal","og_description":"De conformidad con las disposiciones de los art\u00edculos 6-III y 19 de la Ley n\u00b02004-575 de 21 de junio de 2004 para la Confianza en la Econom\u00eda Digital, conocida como L.C.E.N., se informa a los usuarios y visitantes, en lo sucesivo denominados \u201cel Usuario\u201d, del sitio http:\/\/www.ebma-europe.com\/, en lo sucesivo denominado \u201cP\u00e1gina Web\u201d, del presente [&hellip;]","og_url":"https:\/\/www.ebma-europe.com\/es\/aviso-legal\/","og_site_name":"EBMA Europe","article_modified_time":"2026-01-12T10:16:45+00:00","og_image":[{"width":1200,"height":675,"url":"https:\/\/www.ebma-europe.com\/wp-inside\/uploads\/2026\/03\/og-ebma.jpg","type":"image\/jpeg"}],"twitter_card":"summary_large_image","twitter_misc":{"Tiempo de lectura":"3 minuto"},"schema":{"@context":"https:\/\/schema.org","@graph":[{"@type":"WebPage","@id":"https:\/\/www.ebma-europe.com\/es\/aviso-legal\/","url":"https:\/\/www.ebma-europe.com\/es\/aviso-legal\/","name":"Aviso legal","isPartOf":{"@id":"https:\/\/www.ebma-europe.com\/es\/#website"},"datePublished":"2025-05-27T07:26:54+00:00","dateModified":"2026-01-12T10:16:45+00:00","breadcrumb":{"@id":"https:\/\/www.ebma-europe.com\/es\/aviso-legal\/#breadcrumb"},"inLanguage":"es","potentialAction":[{"@type":"ReadAction","target":["https:\/\/www.ebma-europe.com\/es\/aviso-legal\/"]}]},{"@type":"BreadcrumbList","@id":"https:\/\/www.ebma-europe.com\/es\/aviso-legal\/#breadcrumb","itemListElement":[{"@type":"ListItem","position":1,"name":"Inicio","item":"https:\/\/www.ebma-europe.com\/es\/inicio\/"},{"@type":"ListItem","position":2,"name":"Aviso legal"}]},{"@type":"WebSite","@id":"https:\/\/www.ebma-europe.com\/es\/#website","url":"https:\/\/www.ebma-europe.com\/es\/","name":"EBMA Europe","description":"European Bio Immune(G)ene Medicine Association","publisher":{"@id":"https:\/\/www.ebma-europe.com\/es\/#organization"},"alternateName":"EBMA","potentialAction":[{"@type":"SearchAction","target":{"@type":"EntryPoint","urlTemplate":"https:\/\/www.ebma-europe.com\/es\/?s={search_term_string}"},"query-input":{"@type":"PropertyValueSpecification","valueRequired":true,"valueName":"search_term_string"}}],"inLanguage":"es"},{"@type":"Organization","@id":"https:\/\/www.ebma-europe.com\/es\/#organization","name":"EBMA Europe","alternateName":"EBMA","url":"https:\/\/www.ebma-europe.com\/es\/","logo":{"@type":"ImageObject","inLanguage":"es","@id":"https:\/\/www.ebma-europe.com\/es\/#\/schema\/logo\/image\/","url":"https:\/\/www.ebma-europe.com\/wp-inside\/uploads\/2026\/03\/enity-logo-ebma.png","contentUrl":"https:\/\/www.ebma-europe.com\/wp-inside\/uploads\/2026\/03\/enity-logo-ebma.png","width":696,"height":696,"caption":"EBMA Europe"},"image":{"@id":"https:\/\/www.ebma-europe.com\/es\/#\/schema\/logo\/image\/"},"sameAs":["https:\/\/fr.linkedin.com\/company\/ebma-europe"]}]}},"_links":{"self":[{"href":"https:\/\/www.ebma-europe.com\/es\/wp-json\/wp\/v2\/pages\/1585","targetHints":{"allow":["GET"]}}],"collection":[{"href":"https:\/\/www.ebma-europe.com\/es\/wp-json\/wp\/v2\/pages"}],"about":[{"href":"https:\/\/www.ebma-europe.com\/es\/wp-json\/wp\/v2\/types\/page"}],"author":[{"embeddable":true,"href":"https:\/\/www.ebma-europe.com\/es\/wp-json\/wp\/v2\/users\/778"}],"replies":[{"embeddable":true,"href":"https:\/\/www.ebma-europe.com\/es\/wp-json\/wp\/v2\/comments?post=1585"}],"version-history":[{"count":2,"href":"https:\/\/www.ebma-europe.com\/es\/wp-json\/wp\/v2\/pages\/1585\/revisions"}],"predecessor-version":[{"id":1640,"href":"https:\/\/www.ebma-europe.com\/es\/wp-json\/wp\/v2\/pages\/1585\/revisions\/1640"}],"wp:attachment":[{"href":"https:\/\/www.ebma-europe.com\/es\/wp-json\/wp\/v2\/media?parent=1585"}],"curies":[{"name":"wp","href":"https:\/\/api.w.org\/{rel}","templated":true}]}}