{"id":1632,"date":"2025-09-17T12:09:15","date_gmt":"2025-09-17T10:09:15","guid":{"rendered":"https:\/\/www.ebma-europe.com\/politique-confidentialite\/"},"modified":"2026-02-25T12:19:59","modified_gmt":"2026-02-25T11:19:59","slug":"politica-de-privacidad","status":"publish","type":"page","link":"https:\/\/www.ebma-europe.com\/es\/politica-de-privacidad\/","title":{"rendered":"Pol\u00edtica de Privacidad"},"content":{"rendered":"\n<div class=\"wp-block-group alignfull is-style-default has-global-padding is-layout-constrained wp-block-group-is-layout-constrained\" style=\"padding-top:0;padding-bottom:0\">\n<div class=\"wp-block-cover alignfull is-light is-style-default\" style=\"margin-top:0;margin-bottom:0;padding-top:var(--wp--preset--spacing--xl);padding-bottom:var(--wp--preset--spacing--xl);min-height:50px;aspect-ratio:unset;\"><span aria-hidden=\"true\" class=\"wp-block-cover__background has-neutral-100-background-color has-background-dim-100 has-background-dim\"><\/span><div class=\"wp-block-cover__inner-container has-global-padding is-layout-constrained wp-container-core-cover-is-layout-f26b76e4 wp-block-cover-is-layout-constrained\">\n\t<div class=\"has-text-align-center skp-block-breadcrumb wp-block-skp-breadcrumb has-sm-font-size\" id=\"skp-block-breadcrumb-69d28f7d971fe4.68683534\">\n\t\t\n<nav\tclass=\"breadcrumb\"\n\taria-label=\"Breadcrumbs\">\n\t<ol class=\"breadcrumb__list\">\n\t\t\t\t\t<li class=\"breadcrumb__item\">\n\t\t\t\t\t\t\t\t\t<a href=\"https:\/\/www.ebma-europe.com\/es\/inicio\/\" class=\"breadcrumb__link\">\n\t\t\t\t\t\tInicio\t\t\t\t\t<\/a>\n\t\t\t\t\t\t\t\t\t\t\t\t<\/li>\n\t\t\t<\/ol>\n\n\t<\/nav>\t<\/div>\n\n\n<h1 style=\"text-align: center;\" class=\"has-text-align-center skp-block-primary-title wp-block-skp-primary-title\" id=\"skp-block-primary-title-69d28f7d98beb5.95100495\">\n\tPol\u00edtica de Privacidad<\/h1>\n\n\n\n<p class=\"has-text-align-center\"><em>Actualizado el 16 de noviembre de 2021<\/em><\/p>\n<\/div><\/div>\n<\/div>\n\n\n\n<div class=\"wp-block-group is-layout-flow wp-container-core-group-is-layout-b5f8871a wp-block-group-is-layout-flow\">\n<p><strong>EBMA (European Association for Immuno(G)enetic Bio Medicine), asociaci\u00f3n de derecho local con domicilio social en 29, rue Charles Sandherr 68000 Colmar<\/strong> (en adelante \u201c<strong>la Asociaci\u00f3n<\/strong>\u201d) concede gran importancia a la protecci\u00f3n de los datos personales que debe recoger y tratar en el marco de su actividad tanto de los usuarios de sus servicios como de la plataforma que explota.<\/p>\n\n\n\n<p>Por lo tanto, la recopilaci\u00f3n y el tratamiento de datos personales realizados por la Asociaci\u00f3n en el curso de su actividad y el uso de sus productos y servicios, incluido el sitio web operado por la Asociaci\u00f3n en http:\/\/www.ebma-europe.com\/ (el \u201c<strong>Sitio<\/strong>\u201d), se rigen por esta pol\u00edtica de privacidad (en adelante, la \u201c<strong>Pol\u00edtica<\/strong>\u201d).<\/p>\n\n\n\n<p>El objetivo de esta pol\u00edtica es informar a los individuos de<\/p>\n\n\n\n<ul class=\"wp-block-list\">\n<li>C\u00f3mo trata la Asociaci\u00f3n los Datos Personales, tal y como se definen a continuaci\u00f3n, que recoge y que los Titulares de los Datos, tal y como se definen a continuaci\u00f3n, proporcionan con su consentimiento para permitir la prestaci\u00f3n de los productos y servicios de la Asociaci\u00f3n, incluyendo;<\/li>\n\n\n\n<li>Los derechos de los interesados, tal como se definen a continuaci\u00f3n;<\/li>\n\n\n\n<li>El nombre del responsable del tratamiento, tal como se define a continuaci\u00f3n;<\/li>\n\n\n\n<li>Los posibles beneficiarios de una transferencia de datos.<\/li>\n<\/ul>\n\n\n\n<p>Por lo tanto, se invita a los interesados a leer atentamente este documento para conocer y comprender las pr\u00e1cticas de la Asociaci\u00f3n en relaci\u00f3n con el tratamiento de los Datos Personales que \u00e9sta lleva a cabo.<\/p>\n\n\n\n<h2 class=\"wp-block-heading\">1. Definiciones<\/h2>\n\n\n\n<p>Los t\u00e9rminos en may\u00fasculas tienen el significado que se les da a continuaci\u00f3n. Los t\u00e9rminos tendr\u00e1n el mismo significado tanto si se utilizan en singular como en plural.<\/p>\n\n\n\n<ul class=\"wp-block-list\">\n<li>Por \u201c<strong>datos personales<\/strong>\u201d se entiende cualquier informaci\u00f3n relativa a una persona f\u00edsica identificada o identificable (en lo sucesivo denominada \u201c<strong>interesado<\/strong>\u201d).<\/li>\n\n\n\n<li>\u00ab<strong>Responsable del tratamiento<\/strong>\u201d: la persona f\u00edsica o jur\u00eddica, la autoridad p\u00fablica, el organismo o cualquier otro \u00f3rgano que, solo o conjuntamente con otros, determine los fines y los medios del tratamiento; cuando los fines y los medios de dicho tratamiento est\u00e9n determinados por el Derecho de la Uni\u00f3n o por el Derecho de un Estado miembro, el responsable del tratamiento podr\u00e1 ser designado o los criterios espec\u00edficos para dicha designaci\u00f3n podr\u00e1n ser establecidos por el Derecho de la Uni\u00f3n o por el Derecho de un Estado miembro. En este caso, la Asociaci\u00f3n es el controlador.<\/li>\n\n\n\n<li>Por \u201c<strong>tratamiento<\/strong>\u201d se entiende cualquier operaci\u00f3n o conjunto de operaciones realizadas con datos personales o conjuntos de datos personales, ya sea por medios automatizados o no, como la recogida, registro, organizaci\u00f3n, estructuraci\u00f3n, conservaci\u00f3n, adaptaci\u00f3n o modificaci\u00f3n, extracci\u00f3n, consulta, utilizaci\u00f3n, comunicaci\u00f3n por transmisi\u00f3n, difusi\u00f3n o cualquier otra forma de puesta a disposici\u00f3n, cotejo o interconexi\u00f3n, limitaci\u00f3n, supresi\u00f3n o destrucci\u00f3n.<\/li>\n<\/ul>\n\n\n\n<h2 class=\"wp-block-heading\">2. Normas generales aplicables a la recogida y el tratamiento de datos personales<\/h2>\n\n\n\n<p>De acuerdo con el art\u00edculo 5 del Reglamento General de Protecci\u00f3n de Datos 2016\/679 (GDPR), los Datos Personales deben ser:<\/p>\n\n\n\n<ul class=\"wp-block-list\">\n<li>Procesado de forma legal, justa y transparente con respecto al interesado;<\/li>\n\n\n\n<li>Recogida con fines espec\u00edficos, expl\u00edcitos y leg\u00edtimos;<\/li>\n\n\n\n<li>Adecuado, pertinente y limitado a lo necesario;<\/li>\n\n\n\n<li>No se conservan durante m\u00e1s tiempo del necesario para los fines para los que se tratan;<\/li>\n\n\n\n<li>Protegidos en su integridad y mantenidos de forma confidencial.<\/li>\n<\/ul>\n\n\n\n<p>De acuerdo con el art\u00edculo 6 del GDPR, los datos personales se procesan legalmente si dicho procesamiento cumple al menos una de las siguientes caracter\u00edsticas:<\/p>\n\n\n\n<ul class=\"wp-block-list\">\n<li>El interesado ha dado su consentimiento;<\/li>\n\n\n\n<li>El tratamiento es necesario para la ejecuci\u00f3n de un contrato;<\/li>\n\n\n\n<li>El tratamiento es necesario para el cumplimiento de una obligaci\u00f3n legal;<\/li>\n\n\n\n<li>El tratamiento es necesario para proteger los intereses vitales del interesado;<\/li>\n\n\n\n<li>El tratamiento es necesario para el cumplimiento de una tarea de inter\u00e9s p\u00fablico;<\/li>\n\n\n\n<li>El tratamiento es necesario para la consecuci\u00f3n de los intereses leg\u00edtimos del responsable del tratamiento.<\/li>\n<\/ul>\n\n\n\n<h2 class=\"wp-block-heading\">3. Naturaleza de la recogida de datos personales<\/h2>\n\n\n\n<p>Los Titulares de los Datos pueden ser requeridos para proporcionar a la Asociaci\u00f3n, en su calidad de Responsable del Tratamiento en el sentido del RGPD, informaci\u00f3n y Datos Personales que les conciernen:<\/p>\n\n\n\n<ul class=\"wp-block-list\">\n<li>datos de identificaci\u00f3n: apellidos, nombres, fecha y lugar de nacimiento, copia de su documento de identidad;<\/li>\n\n\n\n<li>datos relativos a sus datos de contacto: direcci\u00f3n postal, direcci\u00f3n de correo electr\u00f3nico, n\u00famero de tel\u00e9fono m\u00f3vil;<\/li>\n\n\n\n<li>datos relativos a su situaci\u00f3n econ\u00f3mica y socioprofesional;<\/li>\n\n\n\n<li>datos de conexi\u00f3n;<\/li>\n\n\n\n<li>detalles de su correspondencia con nosotros, especialmente en caso de asistencia;<\/li>\n\n\n\n<li>cookies ;<\/li>\n\n\n\n<li>datos bancarios y financieros;<\/li>\n\n\n\n<li>datos de la transacci\u00f3n;<\/li>\n\n\n\n<li>datos de autentificaci\u00f3n.<\/li>\n<\/ul>\n\n\n\n<p>A todos los efectos, se recuerda que el Responsable del Tratamiento es, de acuerdo con la legislaci\u00f3n aplicable, la entidad que define y limita los datos que se recogen, as\u00ed como los fines del tratamiento.<\/p>\n\n\n\n<p>Algunos datos personales son obligatorios, otros opcionales, para acceder o beneficiarse de determinados productos y servicios de la Asociaci\u00f3n.<\/p>\n\n\n\n<p>En cualquier caso, estos datos se recogen y tratan sobre la base de una obligaci\u00f3n legal, un inter\u00e9s leg\u00edtimo de la Asociaci\u00f3n y\/o el consentimiento del interesado.<\/p>\n\n\n\n<p>Si no proporciona los datos personales requeridos, la Asociaci\u00f3n no podr\u00e1 responder a sus solicitudes, si las hubiera.<\/p>\n\n\n\n<h2 class=\"wp-block-heading\">4. Finalidad de la recogida de datos personales<\/h2>\n\n\n\n<p>La Asociaci\u00f3n, como Responsable del Tratamiento, solicita y recoge los Datos Personales del interesado cuando \u00e9ste desea adquirir los productos y\/o servicios que ofrece la Asociaci\u00f3n.<\/p>\n\n\n\n<p>Esta informaci\u00f3n es necesaria para que la Asociaci\u00f3n pueda prestar sus servicios correctamente y cumplir con sus obligaciones legales.<\/p>\n\n\n\n<p>Sin ella, la Asociaci\u00f3n no podr\u00e1 suministrar todos los productos y\/o servicios solicitados y pedidos por el interesado.<\/p>\n\n\n\n<p>La recogida, el almacenamiento y el tratamiento de esta informaci\u00f3n y de los Datos Personales tienen como objetivo principal<\/p>\n\n\n\n<ul class=\"wp-block-list\">\n<li>para suministrar los productos solicitados por el interesado;<\/li>\n\n\n\n<li>para prestar el servicio o los servicios a los que se ha suscrito (realizaci\u00f3n de operaciones, acceso y gesti\u00f3n de su cuenta);<\/li>\n\n\n\n<li>para que la Asociaci\u00f3n pueda responder a sus solicitudes;<\/li>\n\n\n\n<li>para facilitar los servicios de asistencia prestados por el departamento de relaciones con los clientes;<\/li>\n\n\n\n<li>permitir que la Asociaci\u00f3n env\u00ede a los usuarios publicaciones, comunicados e informaci\u00f3n a petici\u00f3n suya;<\/li>\n\n\n\n<li>proporcionar informaci\u00f3n a posibles futuros compradores\/socios de la fusi\u00f3n, si los hubiera, en relaci\u00f3n con la externalizaci\u00f3n, venta o consolidaci\u00f3n (incluso mediante adquisici\u00f3n) de parte o la totalidad de la Asociaci\u00f3n;<\/li>\n\n\n\n<li>permitir a la Asociaci\u00f3n gestionar sus relaciones comerciales, si las hubiera, con sus proveedores de servicios y socios;<\/li>\n\n\n\n<li>para mejorar los productos y servicios de la Asociaci\u00f3n;<\/li>\n\n\n\n<li>para que la Asociaci\u00f3n pueda realizar an\u00e1lisis estad\u00edsticos.<\/li>\n<\/ul>\n\n\n\n<h2 class=\"wp-block-heading\">5. Destinatario(s) de la recogida de datos personales<\/h2>\n\n\n\n<p>Los Datos Personales recogidos por la Asociaci\u00f3n podr\u00e1n ser comunicados y\/o transmitidos, a t\u00edtulo oneroso o gratuito, a terceros vinculados a la Asociaci\u00f3n por contrato para la realizaci\u00f3n de tareas subcontratadas necesarias para el suministro de productos o la prestaci\u00f3n de servicios, sin que los usuarios tengan que dar su consentimiento.<\/p>\n\n\n\n<p>En caso de infracci\u00f3n probada de las disposiciones legales o reglamentarias, esta informaci\u00f3n podr\u00e1 ser comunicada a petici\u00f3n expresa de las autoridades judiciales, de forma motivada.<\/p>\n\n\n\n<h2 class=\"wp-block-heading\">6. Duraci\u00f3n del almacenamiento de los datos personales<\/h2>\n\n\n\n<p>Los datos personales y\/o la informaci\u00f3n s\u00f3lo se conservar\u00e1n con el fin de ejecutar los contratos de pedido celebrados entre los interesados y la Asociaci\u00f3n.<\/p>\n\n\n\n<h2 class=\"wp-block-heading\">7. Ejercicio de los derechos de los interesados<\/h2>\n\n\n\n<p>De acuerdo con la normativa relativa a la protecci\u00f3n de datos personales y, en particular, con el Reglamento General de Protecci\u00f3n de Datos n\u00ba 2016\/679 (RGPD), cualquier persona tiene derecho de acceso, rectificaci\u00f3n, limitaci\u00f3n, supresi\u00f3n y, en su caso, portabilidad de los datos que le conciernen, as\u00ed como el derecho de oposici\u00f3n, por motivos leg\u00edtimos y justificados, al tratamiento de la informaci\u00f3n y de los datos personales que le conciernen, que podr\u00e1 ejercer en cualquier momento a trav\u00e9s del formulario de solicitud de modificaci\u00f3n de datos: <a href=\"https:\/\/www.ebma-europe.com\/modifier-mon-profil\/\">https:\/\/www.ebma-europe.com\/modifier-mon-profil\/<\/a><\/p>\n\n\n\n<p>Por \u00faltimo, cada interesado tiene derecho a presentar una reclamaci\u00f3n ante una autoridad de control competente.<\/p>\n\n\n\n<h2 class=\"wp-block-heading\">8. Transferencia de datos personales fuera de la Uni\u00f3n Europea<\/h2>\n\n\n\n<p>En general, la Asociaci\u00f3n conserva los datos personales de los interesados dentro del territorio de la Uni\u00f3n Europea.<\/p>\n\n\n\n<h2 class=\"wp-block-heading\">9. Enlaces a otros sitios web y redes sociales<\/h2>\n\n\n\n<p>El Sitio puede contener ocasionalmente enlaces a los sitios web de nuestros socios o de terceras empresas.<\/p>\n\n\n\n<p>Tenga en cuenta que estos sitios web tienen sus propias pol\u00edticas de privacidad y que la Asociaci\u00f3n declina toda responsabilidad por el uso que hagan estos sitios web de la informaci\u00f3n recopilada al hacer clic en estos enlaces. La Asociaci\u00f3n le invita a leer las pol\u00edticas de privacidad de estos sitios antes de enviarles sus datos personales.<\/p>\n\n\n\n<h2 class=\"wp-block-heading\">10. Cambios en la pol\u00edtica de protecci\u00f3n de datos personales<\/h2>\n\n\n\n<p>La Asociaci\u00f3n se reserva el derecho a realizar cualquier cambio en esta Pol\u00edtica de Privacidad en cualquier momento de acuerdo con esta cl\u00e1usula.<\/p>\n\n\n\n<p>Si la Asociaci\u00f3n realiza un cambio en esta Pol\u00edtica de Privacidad, publicar\u00e1 la nueva versi\u00f3n en su Sitio y actualizar\u00e1 la fecha de \u201c\u00daltima actualizaci\u00f3n\u201d en la parte superior de esta Pol\u00edtica de Privacidad.<\/p>\n\n\n\n<p>Por ello, la Asociaci\u00f3n le invita a consultar esta p\u00e1gina con regularidad.<\/p>\n<\/div>\n\n\n\n<div style=\"height:48px\" aria-hidden=\"true\" class=\"wp-block-spacer\"><\/div>\n","protected":false},"excerpt":{"rendered":"<p>EBMA (European Association for Immuno(G)enetic Bio Medicine), asociaci\u00f3n de derecho local con domicilio social en 29, rue Charles Sandherr 68000 Colmar (en adelante \u201cla Asociaci\u00f3n\u201d) concede gran importancia a la protecci\u00f3n de los datos personales que debe recoger y tratar en el marco de su actividad tanto de los usuarios de sus servicios como de [&hellip;]<\/p>\n","protected":false},"author":778,"featured_media":0,"parent":0,"menu_order":530,"comment_status":"closed","ping_status":"closed","template":"","meta":{"_acf_changed":false,"footnotes":""},"class_list":["post-1632","page","type-page","status-publish","hentry"],"acf":[],"yoast_head":"<!-- This site is optimized with the Yoast SEO plugin v27.3 - https:\/\/yoast.com\/product\/yoast-seo-wordpress\/ -->\n<title>Pol\u00edtica de Privacidad | EBMA Europe<\/title>\n<meta name=\"robots\" content=\"index, follow, max-snippet:-1, max-image-preview:large, max-video-preview:-1\" \/>\n<link rel=\"canonical\" href=\"https:\/\/www.ebma-europe.com\/es\/politica-de-privacidad\/\" \/>\n<meta property=\"og:locale\" content=\"es_ES\" \/>\n<meta property=\"og:type\" content=\"article\" \/>\n<meta property=\"og:title\" content=\"Pol\u00edtica de Privacidad\" \/>\n<meta property=\"og:description\" content=\"EBMA (European Association for Immuno(G)enetic Bio Medicine), asociaci\u00f3n de derecho local con domicilio social en 29, rue Charles Sandherr 68000 Colmar (en adelante \u201cla Asociaci\u00f3n\u201d) concede gran importancia a la protecci\u00f3n de los datos personales que debe recoger y tratar en el marco de su actividad tanto de los usuarios de sus servicios como de [&hellip;]\" \/>\n<meta property=\"og:url\" content=\"https:\/\/www.ebma-europe.com\/es\/politica-de-privacidad\/\" \/>\n<meta property=\"og:site_name\" content=\"EBMA Europe\" \/>\n<meta property=\"article:modified_time\" content=\"2026-02-25T11:19:59+00:00\" \/>\n<meta property=\"og:image\" content=\"https:\/\/www.ebma-europe.com\/wp-inside\/uploads\/2026\/03\/og-ebma.jpg\" \/>\n\t<meta property=\"og:image:width\" content=\"1200\" \/>\n\t<meta property=\"og:image:height\" content=\"675\" \/>\n\t<meta property=\"og:image:type\" content=\"image\/jpeg\" \/>\n<meta name=\"twitter:card\" content=\"summary_large_image\" \/>\n<meta name=\"twitter:label1\" content=\"Tiempo de lectura\" \/>\n\t<meta name=\"twitter:data1\" content=\"8 minuto\" \/>\n<script type=\"application\/ld+json\" class=\"yoast-schema-graph\">{\"@context\":\"https:\\\/\\\/schema.org\",\"@graph\":[{\"@type\":\"WebPage\",\"@id\":\"https:\\\/\\\/www.ebma-europe.com\\\/es\\\/politica-de-privacidad\\\/\",\"url\":\"https:\\\/\\\/www.ebma-europe.com\\\/es\\\/politica-de-privacidad\\\/\",\"name\":\"Pol\u00edtica de Privacidad\",\"isPartOf\":{\"@id\":\"https:\\\/\\\/www.ebma-europe.com\\\/es\\\/#website\"},\"datePublished\":\"2025-09-17T10:09:15+00:00\",\"dateModified\":\"2026-02-25T11:19:59+00:00\",\"breadcrumb\":{\"@id\":\"https:\\\/\\\/www.ebma-europe.com\\\/es\\\/politica-de-privacidad\\\/#breadcrumb\"},\"inLanguage\":\"es\",\"potentialAction\":[{\"@type\":\"ReadAction\",\"target\":[\"https:\\\/\\\/www.ebma-europe.com\\\/es\\\/politica-de-privacidad\\\/\"]}]},{\"@type\":\"BreadcrumbList\",\"@id\":\"https:\\\/\\\/www.ebma-europe.com\\\/es\\\/politica-de-privacidad\\\/#breadcrumb\",\"itemListElement\":[{\"@type\":\"ListItem\",\"position\":1,\"name\":\"Inicio\",\"item\":\"https:\\\/\\\/www.ebma-europe.com\\\/es\\\/inicio\\\/\"},{\"@type\":\"ListItem\",\"position\":2,\"name\":\"Pol\u00edtica de Privacidad\"}]},{\"@type\":\"WebSite\",\"@id\":\"https:\\\/\\\/www.ebma-europe.com\\\/es\\\/#website\",\"url\":\"https:\\\/\\\/www.ebma-europe.com\\\/es\\\/\",\"name\":\"EBMA Europe\",\"description\":\"European Bio Immune(G)ene Medicine Association\",\"publisher\":{\"@id\":\"https:\\\/\\\/www.ebma-europe.com\\\/es\\\/#organization\"},\"alternateName\":\"EBMA\",\"potentialAction\":[{\"@type\":\"SearchAction\",\"target\":{\"@type\":\"EntryPoint\",\"urlTemplate\":\"https:\\\/\\\/www.ebma-europe.com\\\/es\\\/?s={search_term_string}\"},\"query-input\":{\"@type\":\"PropertyValueSpecification\",\"valueRequired\":true,\"valueName\":\"search_term_string\"}}],\"inLanguage\":\"es\"},{\"@type\":\"Organization\",\"@id\":\"https:\\\/\\\/www.ebma-europe.com\\\/es\\\/#organization\",\"name\":\"EBMA Europe\",\"alternateName\":\"EBMA\",\"url\":\"https:\\\/\\\/www.ebma-europe.com\\\/es\\\/\",\"logo\":{\"@type\":\"ImageObject\",\"inLanguage\":\"es\",\"@id\":\"https:\\\/\\\/www.ebma-europe.com\\\/es\\\/#\\\/schema\\\/logo\\\/image\\\/\",\"url\":\"https:\\\/\\\/www.ebma-europe.com\\\/wp-inside\\\/uploads\\\/2026\\\/03\\\/enity-logo-ebma.png\",\"contentUrl\":\"https:\\\/\\\/www.ebma-europe.com\\\/wp-inside\\\/uploads\\\/2026\\\/03\\\/enity-logo-ebma.png\",\"width\":696,\"height\":696,\"caption\":\"EBMA Europe\"},\"image\":{\"@id\":\"https:\\\/\\\/www.ebma-europe.com\\\/es\\\/#\\\/schema\\\/logo\\\/image\\\/\"},\"sameAs\":[\"https:\\\/\\\/fr.linkedin.com\\\/company\\\/ebma-europe\"]}]}<\/script>\n<!-- \/ Yoast SEO plugin. -->","yoast_head_json":{"title":"Pol\u00edtica de Privacidad | EBMA Europe","robots":{"index":"index","follow":"follow","max-snippet":"max-snippet:-1","max-image-preview":"max-image-preview:large","max-video-preview":"max-video-preview:-1"},"canonical":"https:\/\/www.ebma-europe.com\/es\/politica-de-privacidad\/","og_locale":"es_ES","og_type":"article","og_title":"Pol\u00edtica de Privacidad","og_description":"EBMA (European Association for Immuno(G)enetic Bio Medicine), asociaci\u00f3n de derecho local con domicilio social en 29, rue Charles Sandherr 68000 Colmar (en adelante \u201cla Asociaci\u00f3n\u201d) concede gran importancia a la protecci\u00f3n de los datos personales que debe recoger y tratar en el marco de su actividad tanto de los usuarios de sus servicios como de [&hellip;]","og_url":"https:\/\/www.ebma-europe.com\/es\/politica-de-privacidad\/","og_site_name":"EBMA Europe","article_modified_time":"2026-02-25T11:19:59+00:00","og_image":[{"width":1200,"height":675,"url":"https:\/\/www.ebma-europe.com\/wp-inside\/uploads\/2026\/03\/og-ebma.jpg","type":"image\/jpeg"}],"twitter_card":"summary_large_image","twitter_misc":{"Tiempo de lectura":"8 minuto"},"schema":{"@context":"https:\/\/schema.org","@graph":[{"@type":"WebPage","@id":"https:\/\/www.ebma-europe.com\/es\/politica-de-privacidad\/","url":"https:\/\/www.ebma-europe.com\/es\/politica-de-privacidad\/","name":"Pol\u00edtica de Privacidad","isPartOf":{"@id":"https:\/\/www.ebma-europe.com\/es\/#website"},"datePublished":"2025-09-17T10:09:15+00:00","dateModified":"2026-02-25T11:19:59+00:00","breadcrumb":{"@id":"https:\/\/www.ebma-europe.com\/es\/politica-de-privacidad\/#breadcrumb"},"inLanguage":"es","potentialAction":[{"@type":"ReadAction","target":["https:\/\/www.ebma-europe.com\/es\/politica-de-privacidad\/"]}]},{"@type":"BreadcrumbList","@id":"https:\/\/www.ebma-europe.com\/es\/politica-de-privacidad\/#breadcrumb","itemListElement":[{"@type":"ListItem","position":1,"name":"Inicio","item":"https:\/\/www.ebma-europe.com\/es\/inicio\/"},{"@type":"ListItem","position":2,"name":"Pol\u00edtica de Privacidad"}]},{"@type":"WebSite","@id":"https:\/\/www.ebma-europe.com\/es\/#website","url":"https:\/\/www.ebma-europe.com\/es\/","name":"EBMA Europe","description":"European Bio Immune(G)ene Medicine Association","publisher":{"@id":"https:\/\/www.ebma-europe.com\/es\/#organization"},"alternateName":"EBMA","potentialAction":[{"@type":"SearchAction","target":{"@type":"EntryPoint","urlTemplate":"https:\/\/www.ebma-europe.com\/es\/?s={search_term_string}"},"query-input":{"@type":"PropertyValueSpecification","valueRequired":true,"valueName":"search_term_string"}}],"inLanguage":"es"},{"@type":"Organization","@id":"https:\/\/www.ebma-europe.com\/es\/#organization","name":"EBMA Europe","alternateName":"EBMA","url":"https:\/\/www.ebma-europe.com\/es\/","logo":{"@type":"ImageObject","inLanguage":"es","@id":"https:\/\/www.ebma-europe.com\/es\/#\/schema\/logo\/image\/","url":"https:\/\/www.ebma-europe.com\/wp-inside\/uploads\/2026\/03\/enity-logo-ebma.png","contentUrl":"https:\/\/www.ebma-europe.com\/wp-inside\/uploads\/2026\/03\/enity-logo-ebma.png","width":696,"height":696,"caption":"EBMA Europe"},"image":{"@id":"https:\/\/www.ebma-europe.com\/es\/#\/schema\/logo\/image\/"},"sameAs":["https:\/\/fr.linkedin.com\/company\/ebma-europe"]}]}},"_links":{"self":[{"href":"https:\/\/www.ebma-europe.com\/es\/wp-json\/wp\/v2\/pages\/1632","targetHints":{"allow":["GET"]}}],"collection":[{"href":"https:\/\/www.ebma-europe.com\/es\/wp-json\/wp\/v2\/pages"}],"about":[{"href":"https:\/\/www.ebma-europe.com\/es\/wp-json\/wp\/v2\/types\/page"}],"author":[{"embeddable":true,"href":"https:\/\/www.ebma-europe.com\/es\/wp-json\/wp\/v2\/users\/778"}],"replies":[{"embeddable":true,"href":"https:\/\/www.ebma-europe.com\/es\/wp-json\/wp\/v2\/comments?post=1632"}],"version-history":[{"count":2,"href":"https:\/\/www.ebma-europe.com\/es\/wp-json\/wp\/v2\/pages\/1632\/revisions"}],"predecessor-version":[{"id":10475,"href":"https:\/\/www.ebma-europe.com\/es\/wp-json\/wp\/v2\/pages\/1632\/revisions\/10475"}],"wp:attachment":[{"href":"https:\/\/www.ebma-europe.com\/es\/wp-json\/wp\/v2\/media?parent=1632"}],"curies":[{"name":"wp","href":"https:\/\/api.w.org\/{rel}","templated":true}]}}