{"id":9506,"date":"2025-09-24T11:11:19","date_gmt":"2025-09-24T09:11:19","guid":{"rendered":"https:\/\/www.ebma-europe.com\/autorregulacion-celular-y-homeostasis\/"},"modified":"2026-03-11T10:16:50","modified_gmt":"2026-03-11T09:16:50","slug":"autorregulacion-celular-y-homeostasis","status":"publish","type":"page","link":"https:\/\/www.ebma-europe.com\/es\/bigmed\/que-es-la-medicina-bio-inmunogenetica\/autorregulacion-celular-y-homeostasis\/","title":{"rendered":"Autorregulaci\u00f3n celular y homeostasis"},"content":{"rendered":"\n<div class=\"wp-block-group alignfull is-style-default has-global-padding is-layout-constrained wp-block-group-is-layout-constrained\" style=\"padding-top:0;padding-bottom:0\">\n<div class=\"wp-block-cover alignfull is-light is-style-default\" style=\"margin-top:0;margin-bottom:0;padding-top:var(--wp--preset--spacing--xl);padding-bottom:var(--wp--preset--spacing--xl);min-height:50px;aspect-ratio:unset;\"><span aria-hidden=\"true\" class=\"wp-block-cover__background has-neutral-100-background-color has-background-dim-100 has-background-dim\"><\/span><div class=\"wp-block-cover__inner-container has-global-padding is-layout-constrained wp-container-core-cover-is-layout-f26b76e4 wp-block-cover-is-layout-constrained\">\n\t<div class=\"has-text-align-center skp-block-breadcrumb wp-block-skp-breadcrumb has-sm-font-size\" id=\"skp-block-breadcrumb-69e34f280d4408.64135601\">\n\t\t\n<nav\tclass=\"breadcrumb\"\n\taria-label=\"Breadcrumbs\">\n\t<ol class=\"breadcrumb__list\">\n\t\t\t\t\t<li class=\"breadcrumb__item\">\n\t\t\t\t\t\t\t\t\t<a href=\"https:\/\/www.ebma-europe.com\/es\/inicio\/\" class=\"breadcrumb__link\">\n\t\t\t\t\t\tInicio\t\t\t\t\t<\/a>\n\t\t\t\t\t\t\t\t\t\t\t\t<\/li>\n\t\t\t<\/ol>\n\n\t<\/nav>\t<\/div>\n\n\n<h1 style=\"text-align: center;\" class=\"has-text-align-center skp-block-primary-title wp-block-skp-primary-title\" id=\"skp-block-primary-title-69e34f280f3279.51626870\">\n\tAutorregulaci\u00f3n celular y homeostasis<\/h1>\n\n\n\n<p class=\"has-text-align-center\">Nuestro organismo est\u00e1 permanentemente obligado a adaptarse a nuestra <strong>actividad<\/strong> (vigilia\/reposo, digesti\u00f3n, estr\u00e9s) y a los <strong>factores ambientales<\/strong> (clima, contaminaci\u00f3n, microbios). <br><strong>La homeostasis<\/strong> es la capacidad del organismo para adaptarse a los cambios ambientales con el fin de mantener su equilibrio interno.<\/p>\n<\/div><\/div>\n<\/div>\n\n\n\n<div class=\"wp-block-group alignfull has-global-padding is-layout-constrained wp-block-group-is-layout-constrained\" style=\"margin-top:var(--wp--preset--spacing--2-xl);margin-bottom:var(--wp--preset--spacing--2-xl);padding-top:0;padding-bottom:0\">\n<div class=\"wp-block-columns alignwide is-layout-flex wp-container-core-columns-is-layout-28f84493 wp-block-columns-is-layout-flex\">\n<div class=\"wp-block-column is-layout-flow wp-container-core-column-is-layout-86b72393 wp-block-column-is-layout-flow\">\n<h2 class=\"wp-block-heading\">La dulce armon\u00eda celular <\/h2>\n\n\n\n<p>La autorregulaci\u00f3n celular es un elemento clave de la homeostasis. Designa los <strong>mecanismos internos por los cuales una c\u00e9lula ajusta sus propias funciones<\/strong>, como la s\u00edntesis proteica o el metabolismo, para responder a los est\u00edmulos exteriores o interiores. Esta forma de \u00abinteligencia\u00bb celular asegura una adaptaci\u00f3n fina y reversible, esencial para preservar la salud del organismo y apoyar los procesos de reparaci\u00f3n en caso de agresi\u00f3n exterior.  <\/p>\n\n\n\n<p>Los <strong>mecanismos epigen\u00e9ticos<\/strong> (como la metilaci\u00f3n del ADN, las modificaciones de histonas o los ARN reguladores) intervienen directamente en este proceso, modulando la expresi\u00f3n de los genes sin modificar la secuencia de ADN.<\/p>\n<\/div>\n\n\n\n<div class=\"wp-block-column is-layout-flow wp-container-core-column-is-layout-86b72393 wp-block-column-is-layout-flow\">\n<h3 class=\"wp-block-heading\">\u00bfY cu\u00e1ndo se pierde la armon\u00eda?<\/h3>\n\n\n\n<p>Sin embargo, ocurre que estos mecanismos de autorregulaci\u00f3n son defectuosos y ya no permiten al organismo responder de forma adecuada a los est\u00edmulos, lo que provoca una <strong>disfunci\u00f3n celular<\/strong> y abre el camino a la enfermedad.<\/p>\n\n\n\n<p>El objetivo de BI(G)MED es restablecer las capacidades de autocuraci\u00f3n del organismo aportando a las c\u00e9lulas <strong>la informaci\u00f3n necesaria para estimular los mecanismos de autorregulaci\u00f3n adaptativos<\/strong>.<\/p>\n\n\n\n<div class=\"wp-block-buttons is-layout-flex wp-block-buttons-is-layout-flex\">\n<div class=\"wp-block-button is-style-btn-outline-secondary has-dynamic-link has-page-link\"><a href=\"https:\/\/www.ebma-europe.com\/es\/bigmed\/que-es-la-medicina-bio-inmunogenetica\/epigenetica-y-arn-no-codificantes\/\" class=\"wp-block-button__link wp-element-button skp-post-link-page-epigenetica-y-arn-no-codificantes\">Epigen\u00e9tica y ARN no codificantes<\/a><\/div>\n<\/div>\n<\/div>\n<\/div>\n<\/div>\n\n\n\n<div class=\"wp-block-columns alignwide are-vertically-aligned-center is-layout-flex wp-container-core-columns-is-layout-70048779 wp-block-columns-is-layout-flex\" style=\"margin-top:var(--wp--preset--spacing--2-xl);margin-bottom:var(--wp--preset--spacing--2-xl)\">\n<div class=\"wp-block-column is-vertically-aligned-center is-layout-flow wp-block-column-is-layout-flow\">\n<figure class=\"wp-block-image size-large\"><img decoding=\"async\" width=\"1024\" height=\"850\" src=\"https:\/\/www.ebma-europe.com\/wp-inside\/uploads\/2026\/03\/homeostasie-cellulaire-es-1024x850.png\" alt=\"\" class=\"wp-image-13146\" srcset=\"https:\/\/www.ebma-europe.com\/wp-inside\/uploads\/2026\/03\/homeostasie-cellulaire-es-1024x850.png 1024w, https:\/\/www.ebma-europe.com\/wp-inside\/uploads\/2026\/03\/homeostasie-cellulaire-es-300x249.png 300w, https:\/\/www.ebma-europe.com\/wp-inside\/uploads\/2026\/03\/homeostasie-cellulaire-es-768x637.png 768w, https:\/\/www.ebma-europe.com\/wp-inside\/uploads\/2026\/03\/homeostasie-cellulaire-es-1536x1275.png 1536w, https:\/\/www.ebma-europe.com\/wp-inside\/uploads\/2026\/03\/homeostasie-cellulaire-es-600x498.png 600w, https:\/\/www.ebma-europe.com\/wp-inside\/uploads\/2026\/03\/homeostasie-cellulaire-es.png 2000w\" sizes=\"(max-width: 1024px) 100vw, 1024px\" \/><\/figure>\n<\/div>\n\n\n\n<div class=\"wp-block-column is-vertically-aligned-center is-layout-flow wp-container-core-column-is-layout-b4b6c8b9 wp-block-column-is-layout-flow\">\n<h2 class=\"wp-block-heading\">La autorregulaci\u00f3n celular<\/h2>\n\n\n\n<p>La <strong>autorregulaci\u00f3n celular<\/strong> hace referencia a la capacidad que tienen las c\u00e9lulas para mantener un equilibrio interno estable a pesar de las fluctuaciones de su entorno. <\/p>\n\n\n\n<p>Se basa en:<\/p>\n\n\n\n<ul class=\"wp-block-list\">\n<li><strong>Sistemas de detecci\u00f3n<\/strong>: unos captores moleculares identifican las variaciones (temperatura, pH, disponibilidad de nutrientes, etc.) o las agresiones (microbios, al\u00e9rgenos, etc.).<\/li>\n\n\n\n<li><strong>V\u00edas de se\u00f1alizaci\u00f3n<\/strong>: unas cascadas de se\u00f1ales intracelulares permiten transmitir r\u00e1pidamente la informaci\u00f3n para adaptar la respuesta celular.<\/li>\n\n\n\n<li><strong>Mecanismos de correcci\u00f3n<\/strong>: una vez identificada la perturbaci\u00f3n, la c\u00e9lula activa unas respuestas correctivas, como la producci\u00f3n de prote\u00ednas espec\u00edficas, la eliminaci\u00f3n de mol\u00e9culas en exceso o la adaptaci\u00f3n de su metabolismo.<\/li>\n<\/ul>\n<\/div>\n<\/div>\n\n\n\n<div class=\"wp-block-group alignfull has-global-padding is-content-justification-center is-layout-constrained wp-container-core-group-is-layout-f4d2103b wp-block-group-is-layout-constrained\" style=\"margin-top:var(--wp--preset--spacing--2-xl);margin-bottom:var(--wp--preset--spacing--2-xl);padding-top:0;padding-bottom:0\">\n<h2 class=\"wp-block-heading\">Ejemplo: \u00bfc\u00f3mo se adaptan nuestras c\u00e9lulas a una comida rica en gl\u00facidos? <\/h2>\n\n\n\n<p>Tras la ingesta de una comida rica en gl\u00facidos, el aumento de la glucosa en la sangre es detectado por las c\u00e9lulas beta del p\u00e1ncreas gracias a los receptores de glucosa GLUT2. Esto provoca la s\u00edntesis de insulina.  <\/p>\n\n\n\n<p>Esta insulina es a su vez detectada por los receptores de insulina de las c\u00e9lulas de los m\u00fasculos lisos y del tejido adiposo, lo que provoca la s\u00edntesis de receptores de glucosa GLUT4 y de enzimas implicadas en la gluc\u00f3lisis y la lipog\u00e9nesis. <\/p>\n\n\n\n<figure class=\"wp-block-image size-large\"><img loading=\"lazy\" decoding=\"async\" width=\"630\" height=\"1024\" src=\"https:\/\/www.ebma-europe.com\/wp-inside\/uploads\/2026\/03\/exemple-autoregulation-es-630x1024.png\" alt=\"\" class=\"wp-image-13147\" srcset=\"https:\/\/www.ebma-europe.com\/wp-inside\/uploads\/2026\/03\/exemple-autoregulation-es-630x1024.png 630w, https:\/\/www.ebma-europe.com\/wp-inside\/uploads\/2026\/03\/exemple-autoregulation-es-185x300.png 185w, https:\/\/www.ebma-europe.com\/wp-inside\/uploads\/2026\/03\/exemple-autoregulation-es-768x1249.png 768w, https:\/\/www.ebma-europe.com\/wp-inside\/uploads\/2026\/03\/exemple-autoregulation-es-945x1536.png 945w, https:\/\/www.ebma-europe.com\/wp-inside\/uploads\/2026\/03\/exemple-autoregulation-es-600x976.png 600w, https:\/\/www.ebma-europe.com\/wp-inside\/uploads\/2026\/03\/exemple-autoregulation-es.png 1230w\" sizes=\"auto, (max-width: 630px) 100vw, 630px\" \/><\/figure>\n<\/div>\n\n\n\n<div class=\"wp-block-group alignfull has-global-padding is-layout-constrained wp-block-group-is-layout-constrained\" style=\"margin-top:var(--wp--preset--spacing--2-xl);margin-bottom:var(--wp--preset--spacing--2-xl);padding-top:0;padding-bottom:0\">\n<div style=\"--wp--style--block-gap: var(--wp--preset--spacing--md); padding-top: 0; padding-bottom: 0; margin-top: 0; margin-bottom: 0; padding-top:0;padding-bottom:0;margin-top:0;margin-bottom:0;\" class=\"alignwide skp-feed-page wp-block-query wp-block-skp-acf-feed-page is-layout-flex wp-container-skp-acf-feed-page-is-layout-a59d8411 wp-block-skp-acf-feed-page-is-layout-flex\" id=\"skp-feed-page-block_d8ae4712d31c32dd76c0c796c26d31f0\">\n\t\t\t<ul class=\"skp-feed-page-list wp-block-post-template\">\n\t\t\t\t\t\t\t\t\t\t\t\t<li class=\"skp-feed-page-item wp-block-post page type-page\">\n\t\t\t\t\t\t\n<article\n\tclass=\"post-card page-card wp-block-group has-no-image\">\n\t\n\t<div class=\"page-card__content wp-block-group\">\n\n\t\t<div class=\"page-card__main wp-block-group\">\n\t\t\t<h3 class=\"page-card__title wp-block-post-title\">\n\t\t\t\t<a href=\"https:\/\/www.ebma-europe.com\/es\/bigmed\/que-es-la-medicina-bio-inmunogenetica\/biomimetismo-y-ultrabajas-dosis\/\">Biomimetismo y ultrabajas dosis<\/a>\n\t\t\t<\/h3>\n\n\t\t\t\t\t\t\t<div class=\"page-card__excerpt wp-block-paragraph\">\n\t\t\t\t\tLa Medicina Bio Inmuno(G)en\u00e9tica se inspira en los procesos biol\u00f3gicos fundamentales para restablecer el equilibrio inmunitario.\t\t\t\t<\/div>\n\t\t\t\t\t<\/div>\n\n\t\t<div class=\"wp-block-button is-style-btn-outline-secondary\">\n\t\t\t<a href=\"https:\/\/www.ebma-europe.com\/es\/bigmed\/que-es-la-medicina-bio-inmunogenetica\/biomimetismo-y-ultrabajas-dosis\/\" class=\"wp-block-button__link wp-element-button\">\n\t\t\t\tM\u00e1s informaci\u00f3n\t\t\t<\/a>\n\t\t<\/div>\n\n\t<\/div>\n<\/article>\t\t\t\t\t<\/li>\n\t\t\t\t\t\t\t\t\t\t\t\t\t\t\t\t<li class=\"skp-feed-page-item wp-block-post page type-page\">\n\t\t\t\t\t\t\n<article\n\tclass=\"post-card page-card wp-block-group has-no-image\">\n\t\n\t<div class=\"page-card__content wp-block-group\">\n\n\t\t<div class=\"page-card__main wp-block-group\">\n\t\t\t<h3 class=\"page-card__title wp-block-post-title\">\n\t\t\t\t<a href=\"https:\/\/www.ebma-europe.com\/es\/bigmed\/que-es-la-medicina-bio-inmunogenetica\/epigenetica-y-arn-no-codificantes\/\">Epigen\u00e9tica y ARN no codificantes<\/a>\n\t\t\t<\/h3>\n\n\t\t\t\t\t\t\t<div class=\"page-card__excerpt wp-block-paragraph\">\n\t\t\t\t\tLa epigen\u00e9tica engloba el conjunto de procesos que modifican la actividad de los genes sin cambiar la secuencia de ADN.\t\t\t\t<\/div>\n\t\t\t\t\t<\/div>\n\n\t\t<div class=\"wp-block-button is-style-btn-outline-secondary\">\n\t\t\t<a href=\"https:\/\/www.ebma-europe.com\/es\/bigmed\/que-es-la-medicina-bio-inmunogenetica\/epigenetica-y-arn-no-codificantes\/\" class=\"wp-block-button__link wp-element-button\">\n\t\t\t\tM\u00e1s informaci\u00f3n\t\t\t<\/a>\n\t\t<\/div>\n\n\t<\/div>\n<\/article>\t\t\t\t\t<\/li>\n\t\t\t\t\t\t\t\t\t\t\t\t\t\t\t\t<li class=\"skp-feed-page-item wp-block-post page type-page\">\n\t\t\t\t\t\t\n<article\n\tclass=\"post-card page-card wp-block-group has-no-image\">\n\t\n\t<div class=\"page-card__content wp-block-group\">\n\n\t\t<div class=\"page-card__main wp-block-group\">\n\t\t\t<h3 class=\"page-card__title wp-block-post-title\">\n\t\t\t\t<a href=\"https:\/\/www.ebma-europe.com\/es\/bigmed\/que-es-la-medicina-bio-inmunogenetica\/\">\u00bfQu\u00e9 es la Medicina Bio Inmuno(G)en\u00e9tica?<\/a>\n\t\t\t<\/h3>\n\n\t\t\t\t\t\t\t<div class=\"page-card__excerpt wp-block-paragraph\">\n\t\t\t\t\tBI(G)MED significa Medicina Bio-Inmuno(G)en\u00e9tica. Este enfoque m\u00e9dico innovador tiene como objetivo restablecer la autorregulaci\u00f3n natural de las c\u00e9lulas.\t\t\t\t<\/div>\n\t\t\t\t\t<\/div>\n\n\t\t<div class=\"wp-block-button is-style-btn-outline-secondary\">\n\t\t\t<a href=\"https:\/\/www.ebma-europe.com\/es\/bigmed\/que-es-la-medicina-bio-inmunogenetica\/\" class=\"wp-block-button__link wp-element-button\">\n\t\t\t\tM\u00e1s informaci\u00f3n\t\t\t<\/a>\n\t\t<\/div>\n\n\t<\/div>\n<\/article>\t\t\t\t\t<\/li>\n\t\t\t\t\t\t\t\t\t<\/ul>\n\t<\/div>\n<\/div>\n","protected":false},"excerpt":{"rendered":"<p>La homeostasis es la capacidad del organismo para adaptarse a los cambios ambientales con el fin de mantener su equilibrio interno.<\/p>\n","protected":false},"author":778,"featured_media":0,"parent":9523,"menu_order":0,"comment_status":"closed","ping_status":"closed","template":"","meta":{"_acf_changed":false,"footnotes":""},"class_list":["post-9506","page","type-page","status-publish","hentry"],"acf":[],"yoast_head":"<!-- This site is optimized with the Yoast SEO plugin v27.4 - https:\/\/yoast.com\/product\/yoast-seo-wordpress\/ -->\n<title>Homeostasis y autorregulaci\u00f3n celular | EBMA Europe<\/title>\n<meta name=\"description\" content=\"El objetivo de BI(G)MED es restablecer las capacidades de autocuraci\u00f3n del organismo estimulando los mecanismos de autorregulaci\u00f3n adaptativos de las c\u00e9lulas.\" \/>\n<meta name=\"robots\" content=\"index, follow, max-snippet:-1, max-image-preview:large, max-video-preview:-1\" \/>\n<link rel=\"canonical\" href=\"https:\/\/www.ebma-europe.com\/es\/bigmed\/que-es-la-medicina-bio-inmunogenetica\/autorregulacion-celular-y-homeostasis\/\" \/>\n<meta property=\"og:locale\" content=\"es_ES\" \/>\n<meta property=\"og:type\" content=\"article\" \/>\n<meta property=\"og:title\" content=\"Homeostasis y autorregulaci\u00f3n celular | EBMA Europe\" \/>\n<meta property=\"og:description\" content=\"El objetivo de BI(G)MED es restablecer las capacidades de autocuraci\u00f3n del organismo estimulando los mecanismos de autorregulaci\u00f3n adaptativos de las c\u00e9lulas.\" \/>\n<meta property=\"og:url\" content=\"https:\/\/www.ebma-europe.com\/es\/bigmed\/que-es-la-medicina-bio-inmunogenetica\/autorregulacion-celular-y-homeostasis\/\" \/>\n<meta property=\"og:site_name\" content=\"EBMA Europe\" \/>\n<meta property=\"article:modified_time\" content=\"2026-03-11T09:16:50+00:00\" \/>\n<meta property=\"og:image\" content=\"https:\/\/www.ebma-europe.com\/wp-inside\/uploads\/2026\/03\/homeostasie-cellulaire-es.png\" \/>\n\t<meta property=\"og:image:width\" content=\"2000\" \/>\n\t<meta property=\"og:image:height\" content=\"1660\" \/>\n\t<meta property=\"og:image:type\" content=\"image\/png\" \/>\n<meta name=\"twitter:card\" content=\"summary_large_image\" \/>\n<meta name=\"twitter:label1\" content=\"Tiempo de lectura\" \/>\n\t<meta name=\"twitter:data1\" content=\"2 minuto\" \/>\n<script type=\"application\/ld+json\" class=\"yoast-schema-graph\">{\"@context\":\"https:\\\/\\\/schema.org\",\"@graph\":[{\"@type\":\"WebPage\",\"@id\":\"https:\\\/\\\/www.ebma-europe.com\\\/es\\\/bigmed\\\/que-es-la-medicina-bio-inmunogenetica\\\/autorregulacion-celular-y-homeostasis\\\/\",\"url\":\"https:\\\/\\\/www.ebma-europe.com\\\/es\\\/bigmed\\\/que-es-la-medicina-bio-inmunogenetica\\\/autorregulacion-celular-y-homeostasis\\\/\",\"name\":\"Homeostasis y autorregulaci\u00f3n celular | EBMA Europe\",\"isPartOf\":{\"@id\":\"https:\\\/\\\/www.ebma-europe.com\\\/es\\\/#website\"},\"primaryImageOfPage\":{\"@id\":\"https:\\\/\\\/www.ebma-europe.com\\\/es\\\/bigmed\\\/que-es-la-medicina-bio-inmunogenetica\\\/autorregulacion-celular-y-homeostasis\\\/#primaryimage\"},\"image\":{\"@id\":\"https:\\\/\\\/www.ebma-europe.com\\\/es\\\/bigmed\\\/que-es-la-medicina-bio-inmunogenetica\\\/autorregulacion-celular-y-homeostasis\\\/#primaryimage\"},\"thumbnailUrl\":\"https:\\\/\\\/www.ebma-europe.com\\\/wp-inside\\\/uploads\\\/2026\\\/03\\\/homeostasie-cellulaire-es-1024x850.png\",\"datePublished\":\"2025-09-24T09:11:19+00:00\",\"dateModified\":\"2026-03-11T09:16:50+00:00\",\"description\":\"El objetivo de BI(G)MED es restablecer las capacidades de autocuraci\u00f3n del organismo estimulando los mecanismos de autorregulaci\u00f3n adaptativos de las c\u00e9lulas.\",\"breadcrumb\":{\"@id\":\"https:\\\/\\\/www.ebma-europe.com\\\/es\\\/bigmed\\\/que-es-la-medicina-bio-inmunogenetica\\\/autorregulacion-celular-y-homeostasis\\\/#breadcrumb\"},\"inLanguage\":\"es\",\"potentialAction\":[{\"@type\":\"ReadAction\",\"target\":[\"https:\\\/\\\/www.ebma-europe.com\\\/es\\\/bigmed\\\/que-es-la-medicina-bio-inmunogenetica\\\/autorregulacion-celular-y-homeostasis\\\/\"]}]},{\"@type\":\"ImageObject\",\"inLanguage\":\"es\",\"@id\":\"https:\\\/\\\/www.ebma-europe.com\\\/es\\\/bigmed\\\/que-es-la-medicina-bio-inmunogenetica\\\/autorregulacion-celular-y-homeostasis\\\/#primaryimage\",\"url\":\"https:\\\/\\\/www.ebma-europe.com\\\/wp-inside\\\/uploads\\\/2026\\\/03\\\/homeostasie-cellulaire-es-1024x850.png\",\"contentUrl\":\"https:\\\/\\\/www.ebma-europe.com\\\/wp-inside\\\/uploads\\\/2026\\\/03\\\/homeostasie-cellulaire-es-1024x850.png\"},{\"@type\":\"BreadcrumbList\",\"@id\":\"https:\\\/\\\/www.ebma-europe.com\\\/es\\\/bigmed\\\/que-es-la-medicina-bio-inmunogenetica\\\/autorregulacion-celular-y-homeostasis\\\/#breadcrumb\",\"itemListElement\":[{\"@type\":\"ListItem\",\"position\":1,\"name\":\"Inicio\",\"item\":\"https:\\\/\\\/www.ebma-europe.com\\\/es\\\/inicio\\\/\"},{\"@type\":\"ListItem\",\"position\":2,\"name\":\"BI(G)MED\",\"item\":\"https:\\\/\\\/www.ebma-europe.com\\\/es\\\/bigmed\\\/\"},{\"@type\":\"ListItem\",\"position\":3,\"name\":\"\u00bfQu\u00e9 es la Medicina Bio Inmuno(G)en\u00e9tica?\",\"item\":\"https:\\\/\\\/www.ebma-europe.com\\\/es\\\/bigmed\\\/que-es-la-medicina-bio-inmunogenetica\\\/\"},{\"@type\":\"ListItem\",\"position\":4,\"name\":\"Autorregulaci\u00f3n celular y homeostasis\"}]},{\"@type\":\"WebSite\",\"@id\":\"https:\\\/\\\/www.ebma-europe.com\\\/es\\\/#website\",\"url\":\"https:\\\/\\\/www.ebma-europe.com\\\/es\\\/\",\"name\":\"EBMA Europe\",\"description\":\"European Bio Immune(G)ene Medicine Association\",\"publisher\":{\"@id\":\"https:\\\/\\\/www.ebma-europe.com\\\/es\\\/#organization\"},\"alternateName\":\"EBMA\",\"potentialAction\":[{\"@type\":\"SearchAction\",\"target\":{\"@type\":\"EntryPoint\",\"urlTemplate\":\"https:\\\/\\\/www.ebma-europe.com\\\/es\\\/?s={search_term_string}\"},\"query-input\":{\"@type\":\"PropertyValueSpecification\",\"valueRequired\":true,\"valueName\":\"search_term_string\"}}],\"inLanguage\":\"es\"},{\"@type\":\"Organization\",\"@id\":\"https:\\\/\\\/www.ebma-europe.com\\\/es\\\/#organization\",\"name\":\"EBMA Europe\",\"alternateName\":\"EBMA\",\"url\":\"https:\\\/\\\/www.ebma-europe.com\\\/es\\\/\",\"logo\":{\"@type\":\"ImageObject\",\"inLanguage\":\"es\",\"@id\":\"https:\\\/\\\/www.ebma-europe.com\\\/es\\\/#\\\/schema\\\/logo\\\/image\\\/\",\"url\":\"https:\\\/\\\/www.ebma-europe.com\\\/wp-inside\\\/uploads\\\/2026\\\/03\\\/enity-logo-ebma.png\",\"contentUrl\":\"https:\\\/\\\/www.ebma-europe.com\\\/wp-inside\\\/uploads\\\/2026\\\/03\\\/enity-logo-ebma.png\",\"width\":696,\"height\":696,\"caption\":\"EBMA Europe\"},\"image\":{\"@id\":\"https:\\\/\\\/www.ebma-europe.com\\\/es\\\/#\\\/schema\\\/logo\\\/image\\\/\"},\"sameAs\":[\"https:\\\/\\\/fr.linkedin.com\\\/company\\\/ebma-europe\"]}]}<\/script>\n<!-- \/ Yoast SEO plugin. -->","yoast_head_json":{"title":"Homeostasis y autorregulaci\u00f3n celular | EBMA Europe","description":"El objetivo de BI(G)MED es restablecer las capacidades de autocuraci\u00f3n del organismo estimulando los mecanismos de autorregulaci\u00f3n adaptativos de las c\u00e9lulas.","robots":{"index":"index","follow":"follow","max-snippet":"max-snippet:-1","max-image-preview":"max-image-preview:large","max-video-preview":"max-video-preview:-1"},"canonical":"https:\/\/www.ebma-europe.com\/es\/bigmed\/que-es-la-medicina-bio-inmunogenetica\/autorregulacion-celular-y-homeostasis\/","og_locale":"es_ES","og_type":"article","og_title":"Homeostasis y autorregulaci\u00f3n celular | EBMA Europe","og_description":"El objetivo de BI(G)MED es restablecer las capacidades de autocuraci\u00f3n del organismo estimulando los mecanismos de autorregulaci\u00f3n adaptativos de las c\u00e9lulas.","og_url":"https:\/\/www.ebma-europe.com\/es\/bigmed\/que-es-la-medicina-bio-inmunogenetica\/autorregulacion-celular-y-homeostasis\/","og_site_name":"EBMA Europe","article_modified_time":"2026-03-11T09:16:50+00:00","og_image":[{"width":2000,"height":1660,"url":"https:\/\/www.ebma-europe.com\/wp-inside\/uploads\/2026\/03\/homeostasie-cellulaire-es.png","type":"image\/png"}],"twitter_card":"summary_large_image","twitter_misc":{"Tiempo de lectura":"2 minuto"},"schema":{"@context":"https:\/\/schema.org","@graph":[{"@type":"WebPage","@id":"https:\/\/www.ebma-europe.com\/es\/bigmed\/que-es-la-medicina-bio-inmunogenetica\/autorregulacion-celular-y-homeostasis\/","url":"https:\/\/www.ebma-europe.com\/es\/bigmed\/que-es-la-medicina-bio-inmunogenetica\/autorregulacion-celular-y-homeostasis\/","name":"Homeostasis y autorregulaci\u00f3n celular | EBMA Europe","isPartOf":{"@id":"https:\/\/www.ebma-europe.com\/es\/#website"},"primaryImageOfPage":{"@id":"https:\/\/www.ebma-europe.com\/es\/bigmed\/que-es-la-medicina-bio-inmunogenetica\/autorregulacion-celular-y-homeostasis\/#primaryimage"},"image":{"@id":"https:\/\/www.ebma-europe.com\/es\/bigmed\/que-es-la-medicina-bio-inmunogenetica\/autorregulacion-celular-y-homeostasis\/#primaryimage"},"thumbnailUrl":"https:\/\/www.ebma-europe.com\/wp-inside\/uploads\/2026\/03\/homeostasie-cellulaire-es-1024x850.png","datePublished":"2025-09-24T09:11:19+00:00","dateModified":"2026-03-11T09:16:50+00:00","description":"El objetivo de BI(G)MED es restablecer las capacidades de autocuraci\u00f3n del organismo estimulando los mecanismos de autorregulaci\u00f3n adaptativos de las c\u00e9lulas.","breadcrumb":{"@id":"https:\/\/www.ebma-europe.com\/es\/bigmed\/que-es-la-medicina-bio-inmunogenetica\/autorregulacion-celular-y-homeostasis\/#breadcrumb"},"inLanguage":"es","potentialAction":[{"@type":"ReadAction","target":["https:\/\/www.ebma-europe.com\/es\/bigmed\/que-es-la-medicina-bio-inmunogenetica\/autorregulacion-celular-y-homeostasis\/"]}]},{"@type":"ImageObject","inLanguage":"es","@id":"https:\/\/www.ebma-europe.com\/es\/bigmed\/que-es-la-medicina-bio-inmunogenetica\/autorregulacion-celular-y-homeostasis\/#primaryimage","url":"https:\/\/www.ebma-europe.com\/wp-inside\/uploads\/2026\/03\/homeostasie-cellulaire-es-1024x850.png","contentUrl":"https:\/\/www.ebma-europe.com\/wp-inside\/uploads\/2026\/03\/homeostasie-cellulaire-es-1024x850.png"},{"@type":"BreadcrumbList","@id":"https:\/\/www.ebma-europe.com\/es\/bigmed\/que-es-la-medicina-bio-inmunogenetica\/autorregulacion-celular-y-homeostasis\/#breadcrumb","itemListElement":[{"@type":"ListItem","position":1,"name":"Inicio","item":"https:\/\/www.ebma-europe.com\/es\/inicio\/"},{"@type":"ListItem","position":2,"name":"BI(G)MED","item":"https:\/\/www.ebma-europe.com\/es\/bigmed\/"},{"@type":"ListItem","position":3,"name":"\u00bfQu\u00e9 es la Medicina Bio Inmuno(G)en\u00e9tica?","item":"https:\/\/www.ebma-europe.com\/es\/bigmed\/que-es-la-medicina-bio-inmunogenetica\/"},{"@type":"ListItem","position":4,"name":"Autorregulaci\u00f3n celular y homeostasis"}]},{"@type":"WebSite","@id":"https:\/\/www.ebma-europe.com\/es\/#website","url":"https:\/\/www.ebma-europe.com\/es\/","name":"EBMA Europe","description":"European Bio Immune(G)ene Medicine Association","publisher":{"@id":"https:\/\/www.ebma-europe.com\/es\/#organization"},"alternateName":"EBMA","potentialAction":[{"@type":"SearchAction","target":{"@type":"EntryPoint","urlTemplate":"https:\/\/www.ebma-europe.com\/es\/?s={search_term_string}"},"query-input":{"@type":"PropertyValueSpecification","valueRequired":true,"valueName":"search_term_string"}}],"inLanguage":"es"},{"@type":"Organization","@id":"https:\/\/www.ebma-europe.com\/es\/#organization","name":"EBMA Europe","alternateName":"EBMA","url":"https:\/\/www.ebma-europe.com\/es\/","logo":{"@type":"ImageObject","inLanguage":"es","@id":"https:\/\/www.ebma-europe.com\/es\/#\/schema\/logo\/image\/","url":"https:\/\/www.ebma-europe.com\/wp-inside\/uploads\/2026\/03\/enity-logo-ebma.png","contentUrl":"https:\/\/www.ebma-europe.com\/wp-inside\/uploads\/2026\/03\/enity-logo-ebma.png","width":696,"height":696,"caption":"EBMA Europe"},"image":{"@id":"https:\/\/www.ebma-europe.com\/es\/#\/schema\/logo\/image\/"},"sameAs":["https:\/\/fr.linkedin.com\/company\/ebma-europe"]}]}},"_links":{"self":[{"href":"https:\/\/www.ebma-europe.com\/es\/wp-json\/wp\/v2\/pages\/9506","targetHints":{"allow":["GET"]}}],"collection":[{"href":"https:\/\/www.ebma-europe.com\/es\/wp-json\/wp\/v2\/pages"}],"about":[{"href":"https:\/\/www.ebma-europe.com\/es\/wp-json\/wp\/v2\/types\/page"}],"author":[{"embeddable":true,"href":"https:\/\/www.ebma-europe.com\/es\/wp-json\/wp\/v2\/users\/778"}],"replies":[{"embeddable":true,"href":"https:\/\/www.ebma-europe.com\/es\/wp-json\/wp\/v2\/comments?post=9506"}],"version-history":[{"count":6,"href":"https:\/\/www.ebma-europe.com\/es\/wp-json\/wp\/v2\/pages\/9506\/revisions"}],"predecessor-version":[{"id":13183,"href":"https:\/\/www.ebma-europe.com\/es\/wp-json\/wp\/v2\/pages\/9506\/revisions\/13183"}],"up":[{"embeddable":true,"href":"https:\/\/www.ebma-europe.com\/es\/wp-json\/wp\/v2\/pages\/9523"}],"wp:attachment":[{"href":"https:\/\/www.ebma-europe.com\/es\/wp-json\/wp\/v2\/media?parent=9506"}],"curies":[{"name":"wp","href":"https:\/\/api.w.org\/{rel}","templated":true}]}}