{"id":9635,"date":"2025-09-17T11:40:48","date_gmt":"2025-09-17T09:40:48","guid":{"rendered":"https:\/\/www.ebma-europe.com\/doctor-gilbert-glady\/"},"modified":"2026-03-11T10:07:43","modified_gmt":"2026-03-11T09:07:43","slug":"doctor-gilbert-glady","status":"publish","type":"page","link":"https:\/\/www.ebma-europe.com\/es\/bigmed\/doctor-gilbert-glady\/","title":{"rendered":"Doctor Gilbert Glady"},"content":{"rendered":"\n<div class=\"wp-block-group alignfull is-style-default has-global-padding is-layout-constrained wp-block-group-is-layout-constrained\" style=\"padding-top:0;padding-bottom:0\">\n<div class=\"wp-block-cover alignfull is-light is-style-default\" style=\"margin-top:0;margin-bottom:0;padding-top:var(--wp--preset--spacing--xl);padding-bottom:var(--wp--preset--spacing--xl);min-height:50px;aspect-ratio:unset;\"><span aria-hidden=\"true\" class=\"wp-block-cover__background has-neutral-100-background-color has-background-dim-100 has-background-dim\"><\/span><div class=\"wp-block-cover__inner-container has-global-padding is-layout-constrained wp-container-core-cover-is-layout-f26b76e4 wp-block-cover-is-layout-constrained\">\n\t<div class=\"has-text-align-center skp-block-breadcrumb wp-block-skp-breadcrumb has-sm-font-size\" id=\"skp-block-breadcrumb-69e34ef2d209b2.94738088\">\n\t\t\n<nav\tclass=\"breadcrumb\"\n\taria-label=\"Breadcrumbs\">\n\t<ol class=\"breadcrumb__list\">\n\t\t\t\t\t<li class=\"breadcrumb__item\">\n\t\t\t\t\t\t\t\t\t<a href=\"https:\/\/www.ebma-europe.com\/es\/inicio\/\" class=\"breadcrumb__link\">\n\t\t\t\t\t\tInicio\t\t\t\t\t<\/a>\n\t\t\t\t\t\t\t\t\t\t\t\t<\/li>\n\t\t\t<\/ol>\n\n\t<\/nav>\t<\/div>\n\n\n<h1 style=\"text-align: center;\" class=\"has-text-align-center skp-block-primary-title wp-block-skp-primary-title\" id=\"skp-block-primary-title-69e34ef2d3cee4.53542571\">\n\tDoctor Gilbert Glady<\/h1>\n\n\n\n<p class=\"has-text-align-center\">El Doctor Gilbert Glady es el creador de la Medicina Bio Inmuno(G)en\u00e9tica, fundador y presidente de la Asociaci\u00f3n Europea de Medicina Bio Inmuno(G)en\u00e9tica.<\/p>\n<\/div><\/div>\n<\/div>\n\n\n\n<div class=\"wp-block-columns alignwide are-vertically-aligned-center has-neutral-200-background-color has-background is-layout-flex wp-container-core-columns-is-layout-70048779 wp-block-columns-is-layout-flex\" style=\"margin-top:var(--wp--preset--spacing--2-xl);margin-bottom:var(--wp--preset--spacing--2-xl)\">\n<div class=\"wp-block-column is-vertically-aligned-center is-layout-flow wp-container-core-column-is-layout-b4b6c8b9 wp-block-column-is-layout-flow\">\n<p>El Doctor Gilbert Glady se dedica tanto a la pr\u00e1ctica cl\u00ednica en su consulta como a la investigaci\u00f3n cient\u00edfica, especialmente a la <strong>formulaci\u00f3n de nuevos remedios reguladores<\/strong>.<\/p>\n\n\n\n<p>En colaboraci\u00f3n con un equipo de m\u00e9dicos formadores, supervisa la <a href=\"https:\/\/www.ebma-europe.com\/es\/tienda\/\">ense\u00f1anza de la BI(G)MED<\/a> en varios pa\u00edses europeos: B\u00e9lgica, Francia, Alemania, Austria, Espa\u00f1a y Portugal.<\/p>\n\n\n\n<p>El Dr. Glady es autor de numerosas <a href=\"https:\/\/www.ebma-europe.com\/es\/ebma\/publicaciones\/\" type=\"page\" id=\"9843\">publicaciones cient\u00edficas<\/a> sobre el tema de <strong>la nanobioterapia<\/strong>. Diversas revistas cient\u00edficas recurren regularmente a su experiencia como revisor, especialmente para la evaluaci\u00f3n de art\u00edculos relacionados con la epigen\u00e9tica.<\/p>\n\n\n\n<p>Junto a su equipo, participa activamente en numerosos congresos cient\u00edficos y m\u00e9dicos de \u00e1mbito internacional.<\/p>\n<\/div>\n\n\n\n<div class=\"wp-block-column is-vertically-aligned-center is-layout-flow wp-block-column-is-layout-flow\">\n<figure class=\"wp-block-image aligncenter size-full has-custom-border is-style-rounded\"><img decoding=\"async\" width=\"242\" height=\"348\" src=\"https:\/\/www.ebma-europe.com\/wp-inside\/uploads\/2025\/09\/docteur-gilber-glady.jpg\" alt=\"\" class=\"wp-image-394\" style=\"border-radius:100px\" srcset=\"https:\/\/www.ebma-europe.com\/wp-inside\/uploads\/2025\/09\/docteur-gilber-glady.jpg 242w, https:\/\/www.ebma-europe.com\/wp-inside\/uploads\/2025\/09\/docteur-gilber-glady-209x300.jpg 209w\" sizes=\"(max-width: 242px) 100vw, 242px\" \/><\/figure>\n<\/div>\n<\/div>\n\n\n\n<div class=\"wp-block-group alignfull has-global-padding is-layout-constrained wp-block-group-is-layout-constrained\" style=\"margin-top:var(--wp--preset--spacing--2-xl);margin-bottom:var(--wp--preset--spacing--2-xl);padding-top:0;padding-bottom:0\">\n<div class=\"wp-block-columns alignwide is-layout-flex wp-container-core-columns-is-layout-28f84493 wp-block-columns-is-layout-flex\">\n<div class=\"wp-block-column is-layout-flow wp-container-core-column-is-layout-86b72393 wp-block-column-is-layout-flow\">\n<h2 class=\"wp-block-heading\">La trayectoria del Dr. Gilbert Glady: de la oncohematolog\u00eda a la BI(G)MED<\/h2>\n\n\n\n<h3 class=\"wp-block-heading\">Formaci\u00f3n m\u00e9dica y primeros pasos<\/h3>\n\n\n\n<p>Graduado por la Facultad de Medicina de la Universidad de Estrasburgo en 1977, el Dr. Gilbert Glady realiz\u00f3 su residencia en oncohematolog\u00eda en la Cl\u00ednica Universitaria de Estrasburgo. Durante este periodo, adquiri\u00f3 una s\u00f3lida experiencia en el tratamiento de enfermedades hematol\u00f3gicas y desarroll\u00f3 un temprano inter\u00e9s por los enfoques terap\u00e9uticos innovadores.<\/p>\n\n\n\n<h3 class=\"wp-block-heading\">Hacia la medicina integrativa<\/h3>\n\n\n\n<p>Tras una especializaci\u00f3n en <strong>medicina natural en Par\u00eds<\/strong>, regresa a su regi\u00f3n natal para ejercer la medicina interna en consulta privada. Su pr\u00e1ctica se orienta progresivamente hacia la medicina integrativa y la homeopat\u00eda, combinando tratamientos convencionales y enfoques complementarios. Es en este contexto donde profundiza su experiencia en inmunolog\u00eda e inmunogen\u00e9tica, dos campos que le orientan hacia la <strong>nanomedicina y la medicina molecular<\/strong>.  <\/p>\n<\/div>\n\n\n\n<div class=\"wp-block-column is-layout-flow wp-container-core-column-is-layout-86b72393 wp-block-column-is-layout-flow\">\n<h3 class=\"wp-block-heading\">El encuentro con los microARNs<\/h3>\n\n\n\n<p>El descubrimiento de los microARNs (miARNs) y, m\u00e1s tarde, de otros ARNs no codificantes, constituye un <strong>punto de inflexi\u00f3n importante en su trayectoria<\/strong>. Considerados como un \u00abhighlight\u00bb de la biolog\u00eda moderna, estos ARNs reguladores abren nuevas perspectivas terap\u00e9uticas, especialmente en inmunogen\u00e9tica y epigen\u00e9tica. <\/p>\n\n\n\n<h3 class=\"wp-block-heading\">Creaci\u00f3n de la BI(G)MED y direcci\u00f3n de EBMA Europe<\/h3>\n\n\n\n<p>Fascinado por el potencial de los ARNs no codificantes, el Dr. Glady desarrolla, desde 2010, la <a href=\"https:\/\/www.ebma-europe.com\/es\/bigmed\/que-es-la-medicina-bio-inmunogenetica\/\" type=\"page\" id=\"9523\">Bio Medicina Inmuno(G)en\u00e9tica (BI(G)MED)<\/a>, un m\u00e9todo innovador de regulaci\u00f3n de la expresi\u00f3n g\u00e9nica y epigen\u00e9tica. Asimismo, asume la direcci\u00f3n de EBMA Europe, la asociaci\u00f3n responsable de la formaci\u00f3n y la difusi\u00f3n en este \u00e1mbito.<\/p>\n\n\n\n<h3 class=\"wp-block-heading\">Un actor internacional<\/h3>\n\n\n\n<p>El Dr. Glady participa regularmente en <strong>congresos internacionales<\/strong> (inmuno-alergolog\u00eda, gen\u00e9tica, epigen\u00e9tica, infectolog\u00eda, oncolog\u00eda) donde presenta sus trabajos en forma de p\u00f3steres y comunicaciones orales. Tambi\u00e9n es autor de numerosos art\u00edculos publicados en revistas m\u00e9dicas y cient\u00edficas, contribuyendo a dar a conocer la BI(G)MED y sus aplicaciones cl\u00ednicas.<\/p>\n<\/div>\n<\/div>\n<\/div>\n\n\n\n<div class=\"wp-block-group alignfull is-style-default has-neutral-200-background-color has-background is-layout-flow wp-block-group-is-layout-flow\" style=\"padding-top:0;padding-right:0;padding-bottom:0;padding-left:0\">\n<div class=\"wp-block-cover\" style=\"margin-top:var(--wp--preset--spacing--md);margin-bottom:var(--wp--preset--spacing--md);padding-top:var(--wp--preset--spacing--2-xl);padding-right:var(--wp--preset--spacing--2-xl);padding-bottom:var(--wp--preset--spacing--2-xl);padding-left:var(--wp--preset--spacing--2-xl);min-height:50px;aspect-ratio:unset;\"><img decoding=\"async\" width=\"1024\" height=\"683\" fetchpriority=\"high\" loading=\"eager\" class=\"wp-block-cover__image-background wp-image-1623 size-large\" alt=\"bigmed m\u00e9decine\" src=\"https:\/\/www.ebma-europe.com\/wp-inside\/uploads\/2026\/01\/bandeau-decouvrez-bigmed-1024x683.jpg\" style=\"object-position:48% 18%\" data-object-fit=\"cover\" data-object-position=\"48% 18%\" srcset=\"https:\/\/www.ebma-europe.com\/wp-inside\/uploads\/2026\/01\/bandeau-decouvrez-bigmed-1024x683.jpg 1024w, https:\/\/www.ebma-europe.com\/wp-inside\/uploads\/2026\/01\/bandeau-decouvrez-bigmed-300x200.jpg 300w, https:\/\/www.ebma-europe.com\/wp-inside\/uploads\/2026\/01\/bandeau-decouvrez-bigmed-768x512.jpg 768w, https:\/\/www.ebma-europe.com\/wp-inside\/uploads\/2026\/01\/bandeau-decouvrez-bigmed-600x400.jpg 600w, https:\/\/www.ebma-europe.com\/wp-inside\/uploads\/2026\/01\/bandeau-decouvrez-bigmed.jpg 1536w\" sizes=\"(max-width: 1024px) 100vw, 1024px\" \/><span aria-hidden=\"true\" class=\"wp-block-cover__background has-neutral-950-background-color has-background-dim-0 has-background-dim\"><\/span><div class=\"wp-block-cover__inner-container has-global-padding is-layout-constrained wp-container-core-cover-is-layout-8d95ab9a wp-block-cover-is-layout-constrained\">\n<h2 class=\"wp-block-heading has-text-align-center has-neutral-00-color has-text-color has-link-color wp-elements-c844208c8972b761b006a0f7fe20e80f\">Descubra el enfoque BI(G)MED<\/h2>\n\n\n\n<div class=\"wp-block-buttons is-content-justification-center is-layout-flex wp-container-core-buttons-is-layout-a89b3969 wp-block-buttons-is-layout-flex\">\n<div class=\"wp-block-button is-style-btn-white is-style-btn-primary has-dynamic-link has-page-link\"><a href=\"https:\/\/www.ebma-europe.com\/es\/bigmed\/el-enfoque-bigmed\/\" class=\"wp-block-button__link wp-element-button skp-post-link-page-el-enfoque-bigmed\">M\u00e1s informaci\u00f3n<\/a><\/div>\n<\/div>\n<\/div><\/div>\n<\/div>\n\n\n\n<p><\/p>\n","protected":false},"excerpt":{"rendered":"<p>El Doctor Gilbert Glady es el creador de la Medicina Bio Inmuno(G)en\u00e9tica, fundador y presidente de la Asociaci\u00f3n Europea de Medicina Bio Inmuno(G)en\u00e9tica.<\/p>\n","protected":false},"author":778,"featured_media":0,"parent":9867,"menu_order":15,"comment_status":"closed","ping_status":"closed","template":"","meta":{"_acf_changed":false,"footnotes":""},"class_list":["post-9635","page","type-page","status-publish","hentry"],"acf":[],"yoast_head":"<!-- This site is optimized with the Yoast SEO plugin v27.4 - https:\/\/yoast.com\/product\/yoast-seo-wordpress\/ -->\n<title>Dr Gilbert Glady, m\u00e9todo BI(G)MED, medicina hol\u00edstica y regenerativa | EBMA Europe<\/title>\n<meta name=\"description\" content=\"El Dr. Glady desarrolla el m\u00e9todo de Medicina Bio-Inmuno(G)en\u00e9tica y asume la direcci\u00f3n de EBMA Europe, entidad dedicada a la investigaci\u00f3n y la formaci\u00f3n en este \u00e1mbito.\" \/>\n<meta name=\"robots\" content=\"index, follow, max-snippet:-1, max-image-preview:large, max-video-preview:-1\" \/>\n<link rel=\"canonical\" href=\"https:\/\/www.ebma-europe.com\/es\/bigmed\/doctor-gilbert-glady\/\" \/>\n<meta property=\"og:locale\" content=\"es_ES\" \/>\n<meta property=\"og:type\" content=\"article\" \/>\n<meta property=\"og:title\" content=\"Dr Gilbert Glady, m\u00e9todo BI(G)MED, medicina hol\u00edstica y regenerativa | EBMA Europe\" \/>\n<meta property=\"og:description\" content=\"El Dr. Glady desarrolla el m\u00e9todo de Medicina Bio-Inmuno(G)en\u00e9tica y asume la direcci\u00f3n de EBMA Europe, entidad dedicada a la investigaci\u00f3n y la formaci\u00f3n en este \u00e1mbito.\" \/>\n<meta property=\"og:url\" content=\"https:\/\/www.ebma-europe.com\/es\/bigmed\/doctor-gilbert-glady\/\" \/>\n<meta property=\"og:site_name\" content=\"EBMA Europe\" \/>\n<meta property=\"article:modified_time\" content=\"2026-03-11T09:07:43+00:00\" \/>\n<meta property=\"og:image\" content=\"https:\/\/www.ebma-europe.com\/wp-inside\/uploads\/2025\/09\/docteur-gilber-glady.jpg\" \/>\n\t<meta property=\"og:image:width\" content=\"242\" \/>\n\t<meta property=\"og:image:height\" content=\"348\" \/>\n\t<meta property=\"og:image:type\" content=\"image\/jpeg\" \/>\n<meta name=\"twitter:card\" content=\"summary_large_image\" \/>\n<meta name=\"twitter:label1\" content=\"Tiempo de lectura\" \/>\n\t<meta name=\"twitter:data1\" content=\"3 minuto\" \/>\n<script type=\"application\/ld+json\" class=\"yoast-schema-graph\">{\"@context\":\"https:\\\/\\\/schema.org\",\"@graph\":[{\"@type\":\"WebPage\",\"@id\":\"https:\\\/\\\/www.ebma-europe.com\\\/es\\\/bigmed\\\/doctor-gilbert-glady\\\/\",\"url\":\"https:\\\/\\\/www.ebma-europe.com\\\/es\\\/bigmed\\\/doctor-gilbert-glady\\\/\",\"name\":\"Dr Gilbert Glady, m\u00e9todo BI(G)MED, medicina hol\u00edstica y regenerativa | EBMA Europe\",\"isPartOf\":{\"@id\":\"https:\\\/\\\/www.ebma-europe.com\\\/es\\\/#website\"},\"primaryImageOfPage\":{\"@id\":\"https:\\\/\\\/www.ebma-europe.com\\\/es\\\/bigmed\\\/doctor-gilbert-glady\\\/#primaryimage\"},\"image\":{\"@id\":\"https:\\\/\\\/www.ebma-europe.com\\\/es\\\/bigmed\\\/doctor-gilbert-glady\\\/#primaryimage\"},\"thumbnailUrl\":\"https:\\\/\\\/www.ebma-europe.com\\\/wp-inside\\\/uploads\\\/2025\\\/09\\\/docteur-gilber-glady.jpg\",\"datePublished\":\"2025-09-17T09:40:48+00:00\",\"dateModified\":\"2026-03-11T09:07:43+00:00\",\"description\":\"El Dr. Glady desarrolla el m\u00e9todo de Medicina Bio-Inmuno(G)en\u00e9tica y asume la direcci\u00f3n de EBMA Europe, entidad dedicada a la investigaci\u00f3n y la formaci\u00f3n en este \u00e1mbito.\",\"breadcrumb\":{\"@id\":\"https:\\\/\\\/www.ebma-europe.com\\\/es\\\/bigmed\\\/doctor-gilbert-glady\\\/#breadcrumb\"},\"inLanguage\":\"es\",\"potentialAction\":[{\"@type\":\"ReadAction\",\"target\":[\"https:\\\/\\\/www.ebma-europe.com\\\/es\\\/bigmed\\\/doctor-gilbert-glady\\\/\"]}]},{\"@type\":\"ImageObject\",\"inLanguage\":\"es\",\"@id\":\"https:\\\/\\\/www.ebma-europe.com\\\/es\\\/bigmed\\\/doctor-gilbert-glady\\\/#primaryimage\",\"url\":\"https:\\\/\\\/www.ebma-europe.com\\\/wp-inside\\\/uploads\\\/2025\\\/09\\\/docteur-gilber-glady.jpg\",\"contentUrl\":\"https:\\\/\\\/www.ebma-europe.com\\\/wp-inside\\\/uploads\\\/2025\\\/09\\\/docteur-gilber-glady.jpg\"},{\"@type\":\"BreadcrumbList\",\"@id\":\"https:\\\/\\\/www.ebma-europe.com\\\/es\\\/bigmed\\\/doctor-gilbert-glady\\\/#breadcrumb\",\"itemListElement\":[{\"@type\":\"ListItem\",\"position\":1,\"name\":\"Inicio\",\"item\":\"https:\\\/\\\/www.ebma-europe.com\\\/es\\\/inicio\\\/\"},{\"@type\":\"ListItem\",\"position\":2,\"name\":\"BI(G)MED\",\"item\":\"https:\\\/\\\/www.ebma-europe.com\\\/es\\\/bigmed\\\/\"},{\"@type\":\"ListItem\",\"position\":3,\"name\":\"Doctor Gilbert Glady\"}]},{\"@type\":\"WebSite\",\"@id\":\"https:\\\/\\\/www.ebma-europe.com\\\/es\\\/#website\",\"url\":\"https:\\\/\\\/www.ebma-europe.com\\\/es\\\/\",\"name\":\"EBMA Europe\",\"description\":\"European Bio Immune(G)ene Medicine Association\",\"publisher\":{\"@id\":\"https:\\\/\\\/www.ebma-europe.com\\\/es\\\/#organization\"},\"alternateName\":\"EBMA\",\"potentialAction\":[{\"@type\":\"SearchAction\",\"target\":{\"@type\":\"EntryPoint\",\"urlTemplate\":\"https:\\\/\\\/www.ebma-europe.com\\\/es\\\/?s={search_term_string}\"},\"query-input\":{\"@type\":\"PropertyValueSpecification\",\"valueRequired\":true,\"valueName\":\"search_term_string\"}}],\"inLanguage\":\"es\"},{\"@type\":\"Organization\",\"@id\":\"https:\\\/\\\/www.ebma-europe.com\\\/es\\\/#organization\",\"name\":\"EBMA Europe\",\"alternateName\":\"EBMA\",\"url\":\"https:\\\/\\\/www.ebma-europe.com\\\/es\\\/\",\"logo\":{\"@type\":\"ImageObject\",\"inLanguage\":\"es\",\"@id\":\"https:\\\/\\\/www.ebma-europe.com\\\/es\\\/#\\\/schema\\\/logo\\\/image\\\/\",\"url\":\"https:\\\/\\\/www.ebma-europe.com\\\/wp-inside\\\/uploads\\\/2026\\\/03\\\/enity-logo-ebma.png\",\"contentUrl\":\"https:\\\/\\\/www.ebma-europe.com\\\/wp-inside\\\/uploads\\\/2026\\\/03\\\/enity-logo-ebma.png\",\"width\":696,\"height\":696,\"caption\":\"EBMA Europe\"},\"image\":{\"@id\":\"https:\\\/\\\/www.ebma-europe.com\\\/es\\\/#\\\/schema\\\/logo\\\/image\\\/\"},\"sameAs\":[\"https:\\\/\\\/fr.linkedin.com\\\/company\\\/ebma-europe\"]}]}<\/script>\n<!-- \/ Yoast SEO plugin. -->","yoast_head_json":{"title":"Dr Gilbert Glady, m\u00e9todo BI(G)MED, medicina hol\u00edstica y regenerativa | EBMA Europe","description":"El Dr. Glady desarrolla el m\u00e9todo de Medicina Bio-Inmuno(G)en\u00e9tica y asume la direcci\u00f3n de EBMA Europe, entidad dedicada a la investigaci\u00f3n y la formaci\u00f3n en este \u00e1mbito.","robots":{"index":"index","follow":"follow","max-snippet":"max-snippet:-1","max-image-preview":"max-image-preview:large","max-video-preview":"max-video-preview:-1"},"canonical":"https:\/\/www.ebma-europe.com\/es\/bigmed\/doctor-gilbert-glady\/","og_locale":"es_ES","og_type":"article","og_title":"Dr Gilbert Glady, m\u00e9todo BI(G)MED, medicina hol\u00edstica y regenerativa | EBMA Europe","og_description":"El Dr. Glady desarrolla el m\u00e9todo de Medicina Bio-Inmuno(G)en\u00e9tica y asume la direcci\u00f3n de EBMA Europe, entidad dedicada a la investigaci\u00f3n y la formaci\u00f3n en este \u00e1mbito.","og_url":"https:\/\/www.ebma-europe.com\/es\/bigmed\/doctor-gilbert-glady\/","og_site_name":"EBMA Europe","article_modified_time":"2026-03-11T09:07:43+00:00","og_image":[{"width":242,"height":348,"url":"https:\/\/www.ebma-europe.com\/wp-inside\/uploads\/2025\/09\/docteur-gilber-glady.jpg","type":"image\/jpeg"}],"twitter_card":"summary_large_image","twitter_misc":{"Tiempo de lectura":"3 minuto"},"schema":{"@context":"https:\/\/schema.org","@graph":[{"@type":"WebPage","@id":"https:\/\/www.ebma-europe.com\/es\/bigmed\/doctor-gilbert-glady\/","url":"https:\/\/www.ebma-europe.com\/es\/bigmed\/doctor-gilbert-glady\/","name":"Dr Gilbert Glady, m\u00e9todo BI(G)MED, medicina hol\u00edstica y regenerativa | EBMA Europe","isPartOf":{"@id":"https:\/\/www.ebma-europe.com\/es\/#website"},"primaryImageOfPage":{"@id":"https:\/\/www.ebma-europe.com\/es\/bigmed\/doctor-gilbert-glady\/#primaryimage"},"image":{"@id":"https:\/\/www.ebma-europe.com\/es\/bigmed\/doctor-gilbert-glady\/#primaryimage"},"thumbnailUrl":"https:\/\/www.ebma-europe.com\/wp-inside\/uploads\/2025\/09\/docteur-gilber-glady.jpg","datePublished":"2025-09-17T09:40:48+00:00","dateModified":"2026-03-11T09:07:43+00:00","description":"El Dr. Glady desarrolla el m\u00e9todo de Medicina Bio-Inmuno(G)en\u00e9tica y asume la direcci\u00f3n de EBMA Europe, entidad dedicada a la investigaci\u00f3n y la formaci\u00f3n en este \u00e1mbito.","breadcrumb":{"@id":"https:\/\/www.ebma-europe.com\/es\/bigmed\/doctor-gilbert-glady\/#breadcrumb"},"inLanguage":"es","potentialAction":[{"@type":"ReadAction","target":["https:\/\/www.ebma-europe.com\/es\/bigmed\/doctor-gilbert-glady\/"]}]},{"@type":"ImageObject","inLanguage":"es","@id":"https:\/\/www.ebma-europe.com\/es\/bigmed\/doctor-gilbert-glady\/#primaryimage","url":"https:\/\/www.ebma-europe.com\/wp-inside\/uploads\/2025\/09\/docteur-gilber-glady.jpg","contentUrl":"https:\/\/www.ebma-europe.com\/wp-inside\/uploads\/2025\/09\/docteur-gilber-glady.jpg"},{"@type":"BreadcrumbList","@id":"https:\/\/www.ebma-europe.com\/es\/bigmed\/doctor-gilbert-glady\/#breadcrumb","itemListElement":[{"@type":"ListItem","position":1,"name":"Inicio","item":"https:\/\/www.ebma-europe.com\/es\/inicio\/"},{"@type":"ListItem","position":2,"name":"BI(G)MED","item":"https:\/\/www.ebma-europe.com\/es\/bigmed\/"},{"@type":"ListItem","position":3,"name":"Doctor Gilbert Glady"}]},{"@type":"WebSite","@id":"https:\/\/www.ebma-europe.com\/es\/#website","url":"https:\/\/www.ebma-europe.com\/es\/","name":"EBMA Europe","description":"European Bio Immune(G)ene Medicine Association","publisher":{"@id":"https:\/\/www.ebma-europe.com\/es\/#organization"},"alternateName":"EBMA","potentialAction":[{"@type":"SearchAction","target":{"@type":"EntryPoint","urlTemplate":"https:\/\/www.ebma-europe.com\/es\/?s={search_term_string}"},"query-input":{"@type":"PropertyValueSpecification","valueRequired":true,"valueName":"search_term_string"}}],"inLanguage":"es"},{"@type":"Organization","@id":"https:\/\/www.ebma-europe.com\/es\/#organization","name":"EBMA Europe","alternateName":"EBMA","url":"https:\/\/www.ebma-europe.com\/es\/","logo":{"@type":"ImageObject","inLanguage":"es","@id":"https:\/\/www.ebma-europe.com\/es\/#\/schema\/logo\/image\/","url":"https:\/\/www.ebma-europe.com\/wp-inside\/uploads\/2026\/03\/enity-logo-ebma.png","contentUrl":"https:\/\/www.ebma-europe.com\/wp-inside\/uploads\/2026\/03\/enity-logo-ebma.png","width":696,"height":696,"caption":"EBMA Europe"},"image":{"@id":"https:\/\/www.ebma-europe.com\/es\/#\/schema\/logo\/image\/"},"sameAs":["https:\/\/fr.linkedin.com\/company\/ebma-europe"]}]}},"_links":{"self":[{"href":"https:\/\/www.ebma-europe.com\/es\/wp-json\/wp\/v2\/pages\/9635","targetHints":{"allow":["GET"]}}],"collection":[{"href":"https:\/\/www.ebma-europe.com\/es\/wp-json\/wp\/v2\/pages"}],"about":[{"href":"https:\/\/www.ebma-europe.com\/es\/wp-json\/wp\/v2\/types\/page"}],"author":[{"embeddable":true,"href":"https:\/\/www.ebma-europe.com\/es\/wp-json\/wp\/v2\/users\/778"}],"replies":[{"embeddable":true,"href":"https:\/\/www.ebma-europe.com\/es\/wp-json\/wp\/v2\/comments?post=9635"}],"version-history":[{"count":7,"href":"https:\/\/www.ebma-europe.com\/es\/wp-json\/wp\/v2\/pages\/9635\/revisions"}],"predecessor-version":[{"id":12701,"href":"https:\/\/www.ebma-europe.com\/es\/wp-json\/wp\/v2\/pages\/9635\/revisions\/12701"}],"up":[{"embeddable":true,"href":"https:\/\/www.ebma-europe.com\/es\/wp-json\/wp\/v2\/pages\/9867"}],"wp:attachment":[{"href":"https:\/\/www.ebma-europe.com\/es\/wp-json\/wp\/v2\/media?parent=9635"}],"curies":[{"name":"wp","href":"https:\/\/api.w.org\/{rel}","templated":true}]}}