{"id":9841,"date":"2025-09-17T11:52:47","date_gmt":"2025-09-17T09:52:47","guid":{"rendered":"https:\/\/www.ebma-europe.com\/investigacion\/"},"modified":"2026-02-28T19:43:08","modified_gmt":"2026-02-28T18:43:08","slug":"investigacion","status":"publish","type":"page","link":"https:\/\/www.ebma-europe.com\/es\/ebma\/investigacion\/","title":{"rendered":"Investigaci\u00f3n"},"content":{"rendered":"\n<div class=\"wp-block-group alignfull is-style-default has-global-padding is-layout-constrained wp-block-group-is-layout-constrained\" style=\"padding-top:0;padding-bottom:0\">\n<div class=\"wp-block-cover alignfull is-light is-style-default\" style=\"margin-top:0;margin-bottom:0;padding-top:var(--wp--preset--spacing--xl);padding-bottom:var(--wp--preset--spacing--xl);min-height:50px;aspect-ratio:unset;\"><span aria-hidden=\"true\" class=\"wp-block-cover__background has-neutral-100-background-color has-background-dim-100 has-background-dim\"><\/span><div class=\"wp-block-cover__inner-container has-global-padding is-layout-constrained wp-container-core-cover-is-layout-f26b76e4 wp-block-cover-is-layout-constrained\">\n\t<div class=\"has-text-align-center skp-block-breadcrumb wp-block-skp-breadcrumb has-sm-font-size\" id=\"skp-block-breadcrumb-69e34ee2eec436.50850366\">\n\t\t\n<nav\tclass=\"breadcrumb\"\n\taria-label=\"Breadcrumbs\">\n\t<ol class=\"breadcrumb__list\">\n\t\t\t\t\t<li class=\"breadcrumb__item\">\n\t\t\t\t\t\t\t\t\t<a href=\"https:\/\/www.ebma-europe.com\/es\/inicio\/\" class=\"breadcrumb__link\">\n\t\t\t\t\t\tInicio\t\t\t\t\t<\/a>\n\t\t\t\t\t\t\t\t\t\t\t\t<\/li>\n\t\t\t<\/ol>\n\n\t<\/nav>\t<\/div>\n\n\n<h1 style=\"text-align: center;\" class=\"has-text-align-center skp-block-primary-title wp-block-skp-primary-title\" id=\"skp-block-primary-title-69e34ee2f06e35.76750159\">\n\tInvestigaci\u00f3n<\/h1>\n\n\n\n<p class=\"has-text-align-center\">El Departamento de Investigaci\u00f3n de EBMA, bajo la direcci\u00f3n de la Dra. Narges Bahi, desarrolla programas de evaluaci\u00f3n cient\u00edfica de la BI(G)MED estructurados en tres ejes principales.<\/p>\n<\/div><\/div>\n<\/div>\n\n\n\n<div class=\"wp-block-columns alignwide are-vertically-aligned-center is-layout-flex wp-container-core-columns-is-layout-70048779 wp-block-columns-is-layout-flex\" style=\"margin-top:var(--wp--preset--spacing--2-xl);margin-bottom:var(--wp--preset--spacing--2-xl)\">\n<div class=\"wp-block-column is-vertically-aligned-center is-layout-flow wp-container-core-column-is-layout-b4b6c8b9 wp-block-column-is-layout-flow\">\n<h2 class=\"wp-block-heading\">1. La caracterizaci\u00f3n de soluciones en dosis ultra bajas<\/h2>\n\n\n\n<p>Uno de nuestros productos BI(G)MED ha sido sometido a una evaluaci\u00f3n independiente realizada por el <a href=\"https:\/\/bion.si\/\" target=\"_blank\" rel=\"noreferrer noopener\">laboratorio de investigaci\u00f3n BION<\/a>, especializado en el an\u00e1lisis de las influencias sutiles en el agua.<\/p>\n\n\n\n<p>El estudio, basado en la medici\u00f3n de par\u00e1metros objetivos como el pH, la conductividad y el potencial de oxidaci\u00f3n-reducci\u00f3n, evidenci\u00f3 un <strong>efecto significativo de la f\u00f3rmula en la estructuraci\u00f3n del agua<\/strong>.<\/p>\n\n\n\n<p>Este resultado reviste especial inter\u00e9s, ya que confirma que nuestras preparaciones, concebidas para actuar mediante una modulaci\u00f3n fina y biomim\u00e9tica, generan una <strong>se\u00f1al medible y reproducible<\/strong>, en coherencia con nuestro enfoque cient\u00edfico.<\/p>\n\n\n\n<p>En este sentido, esta evaluaci\u00f3n constituye una validaci\u00f3n externa de la capacidad de los productos BI(G)MED para transmitir informaci\u00f3n reguladora, reforzando as\u00ed la pertinencia de nuestro enfoque innovador en medicina bioinmunogen\u00e9tica.<\/p>\n<\/div>\n\n\n\n<div class=\"wp-block-column is-vertically-aligned-center is-layout-flow wp-block-column-is-layout-flow\">\n<figure class=\"wp-block-image aligncenter size-medium\" style=\"margin-top:var(--wp--preset--spacing--lg);margin-right:var(--wp--preset--spacing--lg);margin-bottom:var(--wp--preset--spacing--lg);margin-left:var(--wp--preset--spacing--lg)\"><img decoding=\"async\" width=\"300\" height=\"300\" src=\"https:\/\/www.ebma-europe.com\/wp-inside\/uploads\/2025\/12\/bion-institut-influence-sur-leau-300x300.jpg\" alt=\"\" class=\"wp-image-773\" srcset=\"https:\/\/www.ebma-europe.com\/wp-inside\/uploads\/2025\/12\/bion-institut-influence-sur-leau-300x300.jpg 300w, https:\/\/www.ebma-europe.com\/wp-inside\/uploads\/2025\/12\/bion-institut-influence-sur-leau-1024x1024.jpg 1024w, https:\/\/www.ebma-europe.com\/wp-inside\/uploads\/2025\/12\/bion-institut-influence-sur-leau-150x150.jpg 150w, https:\/\/www.ebma-europe.com\/wp-inside\/uploads\/2025\/12\/bion-institut-influence-sur-leau-768x768.jpg 768w, https:\/\/www.ebma-europe.com\/wp-inside\/uploads\/2025\/12\/bion-institut-influence-sur-leau-1536x1536.jpg 1536w, https:\/\/www.ebma-europe.com\/wp-inside\/uploads\/2025\/12\/bion-institut-influence-sur-leau-2048x2048.jpg 2048w, https:\/\/www.ebma-europe.com\/wp-inside\/uploads\/2025\/12\/bion-institut-influence-sur-leau-2000x2000.jpg 2000w, https:\/\/www.ebma-europe.com\/wp-inside\/uploads\/2025\/12\/bion-institut-influence-sur-leau-600x600.jpg 600w, https:\/\/www.ebma-europe.com\/wp-inside\/uploads\/2025\/12\/bion-institut-influence-sur-leau-100x100.jpg 100w\" sizes=\"(max-width: 300px) 100vw, 300px\" \/><\/figure>\n<\/div>\n<\/div>\n\n\n\n<div class=\"wp-block-group alignfull has-neutral-200-background-color has-background has-global-padding is-content-justification-center is-layout-constrained wp-container-core-group-is-layout-9fea6163 wp-block-group-is-layout-constrained\" style=\"margin-top:var(--wp--preset--spacing--2-xl);margin-bottom:var(--wp--preset--spacing--2-xl);padding-top:var(--wp--preset--spacing--lg);padding-bottom:var(--wp--preset--spacing--lg)\">\n<h2 class=\"wp-block-heading has-text-align-left\">2. Estudios in vitro<\/h2>\n\n\n\n<p class=\"has-text-align-left\">Se han realizado diversos estudios, cuyos resultados a\u00fan no han sido publicados, con el objetivo de <strong>evaluar el efecto de nuestros productos en cultivos celulares<\/strong>. Los datos obtenidos muestran un impacto en la expresi\u00f3n g\u00e9nica, as\u00ed como en la funci\u00f3n de las c\u00e9lulas en cultivo.<\/p>\n<\/div>\n\n\n\n<div class=\"wp-block-group alignfull has-global-padding is-content-justification-center is-layout-constrained wp-container-core-group-is-layout-f4d2103b wp-block-group-is-layout-constrained\" style=\"margin-top:var(--wp--preset--spacing--2-xl);margin-bottom:var(--wp--preset--spacing--2-xl);padding-top:0;padding-bottom:0\">\n<h2 class=\"wp-block-heading\">3. La s\u00edntesis de casos cl\u00ednicos<\/h2>\n\n\n\n<p>Gracias a toda la red de terapeutas de BI(G)MED, se desarrollan <strong>estudios retrospectivos sobre pacientes<\/strong> que han recurrido a la BI(G)MED. Estos estudios nos permiten evaluar la eficacia real de nuestras f\u00f3rmulas.<\/p>\n\n\n\n<p>El <a href=\"https:\/\/srrjournals.com\/ijsrr\/sites\/default\/files\/IJSRR-2023-0071.pdf\">\u00faltimo estudio retrospectivo<\/a> publicado en la revista con revisi\u00f3n por pares International Journal of Scholarly Research and Reviews, se centra en pacientes que presentan mononucleosis cr\u00f3nica (infecci\u00f3n por el virus de Epstein-Barr (VEB) caracterizada por la ausencia de IgM anti-VCA, la presencia de IgG anti-VCA y la ausencia de IgG anti-EBNA. Este perfil serol\u00f3gico indicativo de una respuesta inmunitaria incompleta frente al VEB, se asocia de forma significativa con diversas patolog\u00edas cr\u00f3nicas, como la encefalomielitis mi\u00e1lgica (fatiga cr\u00f3nica), determinadas enfermedades autoinmunes o incluso algunos tipos de c\u00e1ncer.<\/p>\n\n\n\n<p>El objetivo del estudio fue <strong>analizar la cin\u00e9tica de seroconversi\u00f3n<\/strong> (es decir, la aparici\u00f3n de IgG anti-EBNA) en pacientes tratados con BI(G)MED.<\/p>\n\n\n\n<p>Los resultados del estudio son concluyentes: el <strong>95% de los pacientes desarrollaron IgG anti-EBNA en un plazo medio de 7 meses<\/strong> tras el inicio del tratamiento, y esta seroconversi\u00f3n se acompa\u00f1\u00f3, en el 75% de los casos, de una <strong> mejor\u00eda significativa o incluso de la desaparici\u00f3n completa de los s\u00edntomas f\u00edsicos<\/strong>.<\/p>\n<\/div>\n\n\n\n<div class=\"wp-block-group alignfull has-global-padding is-layout-constrained wp-block-group-is-layout-constrained\" style=\"margin-top:var(--wp--preset--spacing--2-xl);margin-bottom:var(--wp--preset--spacing--2-xl)\">\n<figure class=\"wp-block-image alignwide\"><a href=\"https:\/\/srrjournals.com\/ijsrr\/sites\/default\/files\/IJSRR-2023-0071.pdf\" target=\"_blank\" rel=\" noreferrer noopener\"><img loading=\"lazy\" decoding=\"async\" width=\"1024\" height=\"410\" src=\"https:\/\/www.ebma-europe.com\/wp-inside\/uploads\/2025\/12\/graphical-abstract-bahi-jaber-glady-1024x410.png\" alt=\"estudio caso cl\u00ednico resultado medicina hol\u00edstica bi(g)med\" class=\"wp-image-776\" srcset=\"https:\/\/www.ebma-europe.com\/wp-inside\/uploads\/2025\/12\/graphical-abstract-bahi-jaber-glady-1024x410.png 1024w, https:\/\/www.ebma-europe.com\/wp-inside\/uploads\/2025\/12\/graphical-abstract-bahi-jaber-glady-300x120.png 300w, https:\/\/www.ebma-europe.com\/wp-inside\/uploads\/2025\/12\/graphical-abstract-bahi-jaber-glady-768x307.png 768w, https:\/\/www.ebma-europe.com\/wp-inside\/uploads\/2025\/12\/graphical-abstract-bahi-jaber-glady-600x240.png 600w, https:\/\/www.ebma-europe.com\/wp-inside\/uploads\/2025\/12\/graphical-abstract-bahi-jaber-glady.png 1250w\" sizes=\"auto, (max-width: 1024px) 100vw, 1024px\" \/><\/a><\/figure>\n<\/div>\n\n\n\n<div class=\"wp-block-group alignfull is-style-default has-neutral-200-background-color has-background is-layout-flow wp-block-group-is-layout-flow\" style=\"padding-top:0;padding-right:0;padding-bottom:0;padding-left:0\">\n<div class=\"wp-block-cover is-light\" style=\"padding-top:var(--wp--preset--spacing--2-xl);padding-right:var(--wp--preset--spacing--2-xl);padding-bottom:var(--wp--preset--spacing--2-xl);padding-left:var(--wp--preset--spacing--2-xl);min-height:50px;aspect-ratio:unset;\"><span aria-hidden=\"true\" class=\"wp-block-cover__background has-background-dim-0 has-background-dim\"><\/span><div class=\"wp-block-cover__inner-container has-global-padding is-layout-constrained wp-container-core-cover-is-layout-f14b2262 wp-block-cover-is-layout-constrained\">\n<h2 class=\"wp-block-heading has-text-align-center\">Estamos abiertos a cualquier propuesta de colaboraci\u00f3n orientada al desarrollo de estudios cl\u00ednicos aleatorizados, doble ciego, sobre uno o varios de nuestros productos.<br><br><\/h2>\n\n\n\n<p class=\"has-text-align-center\">Si est\u00e1 interesado, le invitamos a ponerse en contacto con nuestra directora cient\u00edfica, la Dra. Narges Bahi.<br><\/p>\n\n\n\n<div class=\"wp-block-buttons is-content-justification-center is-layout-flex wp-container-core-buttons-is-layout-a89b3969 wp-block-buttons-is-layout-flex\">\n<div class=\"wp-block-button is-style-btn-white is-style-btn-primary\"><a class=\"wp-block-button__link wp-element-button\" href=\"mailto:narges.bahi@ebma-europe.com\">Contacto<\/a><\/div>\n<\/div>\n<\/div><\/div>\n<\/div>\n","protected":false},"excerpt":{"rendered":"<p>El departamento de investigaci\u00f3n de EBMA, bajo la direcci\u00f3n de la Dra. Narges BAHI, lleva a cabo programas de evaluaci\u00f3n cient\u00edfica de la BI(G)MED.<\/p>\n","protected":false},"author":778,"featured_media":0,"parent":9897,"menu_order":10,"comment_status":"closed","ping_status":"closed","template":"","meta":{"_acf_changed":false,"footnotes":""},"class_list":["post-9841","page","type-page","status-publish","hentry"],"acf":[],"yoast_head":"<!-- This site is optimized with the Yoast SEO plugin v27.4 - https:\/\/yoast.com\/product\/yoast-seo-wordpress\/ -->\n<title>Investigaci\u00f3n en gen\u00e9tica, estudios de las terapias BI(G)MED | EBMA Europe<\/title>\n<meta name=\"description\" content=\"Caracterizaci\u00f3n de soluciones en dosis ultra bajas, estudios in vitro y retrospectivos de casos cl\u00ednicos: los 3 ejes de nuestro departamento de investigaci\u00f3n.\" \/>\n<meta name=\"robots\" content=\"index, follow, max-snippet:-1, max-image-preview:large, max-video-preview:-1\" \/>\n<link rel=\"canonical\" href=\"https:\/\/www.ebma-europe.com\/es\/ebma\/investigacion\/\" \/>\n<meta property=\"og:locale\" content=\"es_ES\" \/>\n<meta property=\"og:type\" content=\"article\" \/>\n<meta property=\"og:title\" content=\"Investigaci\u00f3n en gen\u00e9tica, estudios de las terapias BI(G)MED | EBMA Europe\" \/>\n<meta property=\"og:description\" content=\"Caracterizaci\u00f3n de soluciones en dosis ultra bajas, estudios in vitro y retrospectivos de casos cl\u00ednicos: los 3 ejes de nuestro departamento de investigaci\u00f3n.\" \/>\n<meta property=\"og:url\" content=\"https:\/\/www.ebma-europe.com\/es\/ebma\/investigacion\/\" \/>\n<meta property=\"og:site_name\" content=\"EBMA Europe\" \/>\n<meta property=\"article:modified_time\" content=\"2026-02-28T18:43:08+00:00\" \/>\n<meta property=\"og:image\" content=\"https:\/\/www.ebma-europe.com\/wp-inside\/uploads\/2025\/12\/bion-institut-influence-sur-leau.jpg\" \/>\n\t<meta property=\"og:image:width\" content=\"2550\" \/>\n\t<meta property=\"og:image:height\" content=\"2550\" \/>\n\t<meta property=\"og:image:type\" content=\"image\/jpeg\" \/>\n<meta name=\"twitter:card\" content=\"summary_large_image\" \/>\n<meta name=\"twitter:label1\" content=\"Tiempo de lectura\" \/>\n\t<meta name=\"twitter:data1\" content=\"3 minuto\" \/>\n<script type=\"application\/ld+json\" class=\"yoast-schema-graph\">{\"@context\":\"https:\\\/\\\/schema.org\",\"@graph\":[{\"@type\":\"WebPage\",\"@id\":\"https:\\\/\\\/www.ebma-europe.com\\\/es\\\/ebma\\\/investigacion\\\/\",\"url\":\"https:\\\/\\\/www.ebma-europe.com\\\/es\\\/ebma\\\/investigacion\\\/\",\"name\":\"Investigaci\u00f3n en gen\u00e9tica, estudios de las terapias BI(G)MED | EBMA Europe\",\"isPartOf\":{\"@id\":\"https:\\\/\\\/www.ebma-europe.com\\\/es\\\/#website\"},\"primaryImageOfPage\":{\"@id\":\"https:\\\/\\\/www.ebma-europe.com\\\/es\\\/ebma\\\/investigacion\\\/#primaryimage\"},\"image\":{\"@id\":\"https:\\\/\\\/www.ebma-europe.com\\\/es\\\/ebma\\\/investigacion\\\/#primaryimage\"},\"thumbnailUrl\":\"https:\\\/\\\/www.ebma-europe.com\\\/wp-inside\\\/uploads\\\/2025\\\/12\\\/bion-institut-influence-sur-leau-300x300.jpg\",\"datePublished\":\"2025-09-17T09:52:47+00:00\",\"dateModified\":\"2026-02-28T18:43:08+00:00\",\"description\":\"Caracterizaci\u00f3n de soluciones en dosis ultra bajas, estudios in vitro y retrospectivos de casos cl\u00ednicos: los 3 ejes de nuestro departamento de investigaci\u00f3n.\",\"breadcrumb\":{\"@id\":\"https:\\\/\\\/www.ebma-europe.com\\\/es\\\/ebma\\\/investigacion\\\/#breadcrumb\"},\"inLanguage\":\"es\",\"potentialAction\":[{\"@type\":\"ReadAction\",\"target\":[\"https:\\\/\\\/www.ebma-europe.com\\\/es\\\/ebma\\\/investigacion\\\/\"]}]},{\"@type\":\"ImageObject\",\"inLanguage\":\"es\",\"@id\":\"https:\\\/\\\/www.ebma-europe.com\\\/es\\\/ebma\\\/investigacion\\\/#primaryimage\",\"url\":\"https:\\\/\\\/www.ebma-europe.com\\\/wp-inside\\\/uploads\\\/2025\\\/12\\\/bion-institut-influence-sur-leau-300x300.jpg\",\"contentUrl\":\"https:\\\/\\\/www.ebma-europe.com\\\/wp-inside\\\/uploads\\\/2025\\\/12\\\/bion-institut-influence-sur-leau-300x300.jpg\"},{\"@type\":\"BreadcrumbList\",\"@id\":\"https:\\\/\\\/www.ebma-europe.com\\\/es\\\/ebma\\\/investigacion\\\/#breadcrumb\",\"itemListElement\":[{\"@type\":\"ListItem\",\"position\":1,\"name\":\"Inicio\",\"item\":\"https:\\\/\\\/www.ebma-europe.com\\\/es\\\/inicio\\\/\"},{\"@type\":\"ListItem\",\"position\":2,\"name\":\"EBMA\",\"item\":\"https:\\\/\\\/www.ebma-europe.com\\\/es\\\/ebma\\\/\"},{\"@type\":\"ListItem\",\"position\":3,\"name\":\"Investigaci\u00f3n\"}]},{\"@type\":\"WebSite\",\"@id\":\"https:\\\/\\\/www.ebma-europe.com\\\/es\\\/#website\",\"url\":\"https:\\\/\\\/www.ebma-europe.com\\\/es\\\/\",\"name\":\"EBMA Europe\",\"description\":\"European Bio Immune(G)ene Medicine Association\",\"publisher\":{\"@id\":\"https:\\\/\\\/www.ebma-europe.com\\\/es\\\/#organization\"},\"alternateName\":\"EBMA\",\"potentialAction\":[{\"@type\":\"SearchAction\",\"target\":{\"@type\":\"EntryPoint\",\"urlTemplate\":\"https:\\\/\\\/www.ebma-europe.com\\\/es\\\/?s={search_term_string}\"},\"query-input\":{\"@type\":\"PropertyValueSpecification\",\"valueRequired\":true,\"valueName\":\"search_term_string\"}}],\"inLanguage\":\"es\"},{\"@type\":\"Organization\",\"@id\":\"https:\\\/\\\/www.ebma-europe.com\\\/es\\\/#organization\",\"name\":\"EBMA Europe\",\"alternateName\":\"EBMA\",\"url\":\"https:\\\/\\\/www.ebma-europe.com\\\/es\\\/\",\"logo\":{\"@type\":\"ImageObject\",\"inLanguage\":\"es\",\"@id\":\"https:\\\/\\\/www.ebma-europe.com\\\/es\\\/#\\\/schema\\\/logo\\\/image\\\/\",\"url\":\"https:\\\/\\\/www.ebma-europe.com\\\/wp-inside\\\/uploads\\\/2026\\\/03\\\/enity-logo-ebma.png\",\"contentUrl\":\"https:\\\/\\\/www.ebma-europe.com\\\/wp-inside\\\/uploads\\\/2026\\\/03\\\/enity-logo-ebma.png\",\"width\":696,\"height\":696,\"caption\":\"EBMA Europe\"},\"image\":{\"@id\":\"https:\\\/\\\/www.ebma-europe.com\\\/es\\\/#\\\/schema\\\/logo\\\/image\\\/\"},\"sameAs\":[\"https:\\\/\\\/fr.linkedin.com\\\/company\\\/ebma-europe\"]}]}<\/script>\n<!-- \/ Yoast SEO plugin. -->","yoast_head_json":{"title":"Investigaci\u00f3n en gen\u00e9tica, estudios de las terapias BI(G)MED | EBMA Europe","description":"Caracterizaci\u00f3n de soluciones en dosis ultra bajas, estudios in vitro y retrospectivos de casos cl\u00ednicos: los 3 ejes de nuestro departamento de investigaci\u00f3n.","robots":{"index":"index","follow":"follow","max-snippet":"max-snippet:-1","max-image-preview":"max-image-preview:large","max-video-preview":"max-video-preview:-1"},"canonical":"https:\/\/www.ebma-europe.com\/es\/ebma\/investigacion\/","og_locale":"es_ES","og_type":"article","og_title":"Investigaci\u00f3n en gen\u00e9tica, estudios de las terapias BI(G)MED | EBMA Europe","og_description":"Caracterizaci\u00f3n de soluciones en dosis ultra bajas, estudios in vitro y retrospectivos de casos cl\u00ednicos: los 3 ejes de nuestro departamento de investigaci\u00f3n.","og_url":"https:\/\/www.ebma-europe.com\/es\/ebma\/investigacion\/","og_site_name":"EBMA Europe","article_modified_time":"2026-02-28T18:43:08+00:00","og_image":[{"width":2550,"height":2550,"url":"https:\/\/www.ebma-europe.com\/wp-inside\/uploads\/2025\/12\/bion-institut-influence-sur-leau.jpg","type":"image\/jpeg"}],"twitter_card":"summary_large_image","twitter_misc":{"Tiempo de lectura":"3 minuto"},"schema":{"@context":"https:\/\/schema.org","@graph":[{"@type":"WebPage","@id":"https:\/\/www.ebma-europe.com\/es\/ebma\/investigacion\/","url":"https:\/\/www.ebma-europe.com\/es\/ebma\/investigacion\/","name":"Investigaci\u00f3n en gen\u00e9tica, estudios de las terapias BI(G)MED | EBMA Europe","isPartOf":{"@id":"https:\/\/www.ebma-europe.com\/es\/#website"},"primaryImageOfPage":{"@id":"https:\/\/www.ebma-europe.com\/es\/ebma\/investigacion\/#primaryimage"},"image":{"@id":"https:\/\/www.ebma-europe.com\/es\/ebma\/investigacion\/#primaryimage"},"thumbnailUrl":"https:\/\/www.ebma-europe.com\/wp-inside\/uploads\/2025\/12\/bion-institut-influence-sur-leau-300x300.jpg","datePublished":"2025-09-17T09:52:47+00:00","dateModified":"2026-02-28T18:43:08+00:00","description":"Caracterizaci\u00f3n de soluciones en dosis ultra bajas, estudios in vitro y retrospectivos de casos cl\u00ednicos: los 3 ejes de nuestro departamento de investigaci\u00f3n.","breadcrumb":{"@id":"https:\/\/www.ebma-europe.com\/es\/ebma\/investigacion\/#breadcrumb"},"inLanguage":"es","potentialAction":[{"@type":"ReadAction","target":["https:\/\/www.ebma-europe.com\/es\/ebma\/investigacion\/"]}]},{"@type":"ImageObject","inLanguage":"es","@id":"https:\/\/www.ebma-europe.com\/es\/ebma\/investigacion\/#primaryimage","url":"https:\/\/www.ebma-europe.com\/wp-inside\/uploads\/2025\/12\/bion-institut-influence-sur-leau-300x300.jpg","contentUrl":"https:\/\/www.ebma-europe.com\/wp-inside\/uploads\/2025\/12\/bion-institut-influence-sur-leau-300x300.jpg"},{"@type":"BreadcrumbList","@id":"https:\/\/www.ebma-europe.com\/es\/ebma\/investigacion\/#breadcrumb","itemListElement":[{"@type":"ListItem","position":1,"name":"Inicio","item":"https:\/\/www.ebma-europe.com\/es\/inicio\/"},{"@type":"ListItem","position":2,"name":"EBMA","item":"https:\/\/www.ebma-europe.com\/es\/ebma\/"},{"@type":"ListItem","position":3,"name":"Investigaci\u00f3n"}]},{"@type":"WebSite","@id":"https:\/\/www.ebma-europe.com\/es\/#website","url":"https:\/\/www.ebma-europe.com\/es\/","name":"EBMA Europe","description":"European Bio Immune(G)ene Medicine Association","publisher":{"@id":"https:\/\/www.ebma-europe.com\/es\/#organization"},"alternateName":"EBMA","potentialAction":[{"@type":"SearchAction","target":{"@type":"EntryPoint","urlTemplate":"https:\/\/www.ebma-europe.com\/es\/?s={search_term_string}"},"query-input":{"@type":"PropertyValueSpecification","valueRequired":true,"valueName":"search_term_string"}}],"inLanguage":"es"},{"@type":"Organization","@id":"https:\/\/www.ebma-europe.com\/es\/#organization","name":"EBMA Europe","alternateName":"EBMA","url":"https:\/\/www.ebma-europe.com\/es\/","logo":{"@type":"ImageObject","inLanguage":"es","@id":"https:\/\/www.ebma-europe.com\/es\/#\/schema\/logo\/image\/","url":"https:\/\/www.ebma-europe.com\/wp-inside\/uploads\/2026\/03\/enity-logo-ebma.png","contentUrl":"https:\/\/www.ebma-europe.com\/wp-inside\/uploads\/2026\/03\/enity-logo-ebma.png","width":696,"height":696,"caption":"EBMA Europe"},"image":{"@id":"https:\/\/www.ebma-europe.com\/es\/#\/schema\/logo\/image\/"},"sameAs":["https:\/\/fr.linkedin.com\/company\/ebma-europe"]}]}},"_links":{"self":[{"href":"https:\/\/www.ebma-europe.com\/es\/wp-json\/wp\/v2\/pages\/9841","targetHints":{"allow":["GET"]}}],"collection":[{"href":"https:\/\/www.ebma-europe.com\/es\/wp-json\/wp\/v2\/pages"}],"about":[{"href":"https:\/\/www.ebma-europe.com\/es\/wp-json\/wp\/v2\/types\/page"}],"author":[{"embeddable":true,"href":"https:\/\/www.ebma-europe.com\/es\/wp-json\/wp\/v2\/users\/778"}],"replies":[{"embeddable":true,"href":"https:\/\/www.ebma-europe.com\/es\/wp-json\/wp\/v2\/comments?post=9841"}],"version-history":[{"count":2,"href":"https:\/\/www.ebma-europe.com\/es\/wp-json\/wp\/v2\/pages\/9841\/revisions"}],"predecessor-version":[{"id":12228,"href":"https:\/\/www.ebma-europe.com\/es\/wp-json\/wp\/v2\/pages\/9841\/revisions\/12228"}],"up":[{"embeddable":true,"href":"https:\/\/www.ebma-europe.com\/es\/wp-json\/wp\/v2\/pages\/9897"}],"wp:attachment":[{"href":"https:\/\/www.ebma-europe.com\/es\/wp-json\/wp\/v2\/media?parent=9841"}],"curies":[{"name":"wp","href":"https:\/\/api.w.org\/{rel}","templated":true}]}}