{"id":9843,"date":"2025-09-17T11:53:20","date_gmt":"2025-09-17T09:53:20","guid":{"rendered":"https:\/\/www.ebma-europe.com\/publicaciones\/"},"modified":"2026-03-02T11:13:29","modified_gmt":"2026-03-02T10:13:29","slug":"publicaciones","status":"publish","type":"page","link":"https:\/\/www.ebma-europe.com\/es\/ebma\/publicaciones\/","title":{"rendered":"Publicaciones"},"content":{"rendered":"\n<div class=\"wp-block-group alignfull is-style-default has-global-padding is-layout-constrained wp-block-group-is-layout-constrained\" style=\"padding-top:0;padding-bottom:0\">\n<div class=\"wp-block-cover alignfull is-light is-style-default\" style=\"margin-top:0;margin-bottom:0;padding-top:var(--wp--preset--spacing--xl);padding-bottom:var(--wp--preset--spacing--xl);min-height:50px;aspect-ratio:unset;\"><span aria-hidden=\"true\" class=\"wp-block-cover__background has-neutral-100-background-color has-background-dim-100 has-background-dim\"><\/span><div class=\"wp-block-cover__inner-container has-global-padding is-layout-constrained wp-container-core-cover-is-layout-f26b76e4 wp-block-cover-is-layout-constrained\">\n\t<div class=\"has-text-align-center skp-block-breadcrumb wp-block-skp-breadcrumb has-sm-font-size\" id=\"skp-block-breadcrumb-69e31c8284a605.72820189\">\n\t\t\n<nav\tclass=\"breadcrumb\"\n\taria-label=\"Breadcrumbs\">\n\t<ol class=\"breadcrumb__list\">\n\t\t\t\t\t<li class=\"breadcrumb__item\">\n\t\t\t\t\t\t\t\t\t<a href=\"https:\/\/www.ebma-europe.com\/es\/inicio\/\" class=\"breadcrumb__link\">\n\t\t\t\t\t\tInicio\t\t\t\t\t<\/a>\n\t\t\t\t\t\t\t\t\t\t\t\t<\/li>\n\t\t\t<\/ol>\n\n\t<\/nav>\t<\/div>\n\n\n<h1 style=\"text-align: center;\" class=\"has-text-align-center skp-block-primary-title wp-block-skp-primary-title\" id=\"skp-block-primary-title-69e31c82865f94.95770445\">\n\tPublicaciones<\/h1>\n\n\n\n<p class=\"has-text-align-center\"><\/p>\n<\/div><\/div>\n<\/div>\n\n\n\n<div class=\"wp-block-group alignfull has-global-padding is-layout-constrained wp-block-group-is-layout-constrained\" style=\"margin-top:var(--wp--preset--spacing--2-xl);margin-bottom:var(--wp--preset--spacing--2-xl);padding-top:0;padding-bottom:0\">\n<div class=\"wp-block-columns alignwide is-layout-flex wp-container-core-columns-is-layout-28f84493 wp-block-columns-is-layout-flex\">\n<div class=\"wp-block-column is-layout-flow wp-container-core-column-is-layout-86b72393 wp-block-column-is-layout-flow\">\n<h2 class=\"wp-block-heading\">Dosis ultrabajas de microARN restauran una fuerte respuesta inmunitaria en pacientes con infecci\u00f3n cr\u00f3nica activa por el virus de Epstein-Barr (CAEBV)<\/h2>\n\n\n\n<p>N. Bahi-Jaber &amp; G. Glady <br>International Journal of Scholarly Research and Reviews, 2024, 04(01), 001\u2013008<\/p>\n\n\n\n<div class=\"wp-block-buttons is-layout-flex wp-block-buttons-is-layout-flex\">\n<div class=\"wp-block-button is-style-btn-outline-secondary\"><a class=\"wp-block-button__link wp-element-button\" href=\"https:\/\/www.researchgate.net\/profile\/Gilbert-Glady\/publication\/377902613_Ultra-low_doses_of_microARNs_restore_a_strong_immune_response_in_patients_with_Chronic_Active_Epstein-Barr_Virus_infection_CAEBV\/links\/6773972cfb9aff6eaafb56d4\/Ultra-low-doses-of-microARNs-restore-a-strong-immune-response-in-patients-with-Chronic-Active-Epstein-Barr-Virus-infection-CAEBV.pdf\" target=\"_blank\" rel=\"noreferrer noopener\">Leer el art\u00edculo<\/a><\/div>\n<\/div>\n<\/div>\n\n\n\n<div class=\"wp-block-column is-layout-flow wp-container-core-column-is-layout-86b72393 wp-block-column-is-layout-flow\">\n<h2 class=\"wp-block-heading\">C\u00f3mo la nanoterapia falla frente al SARS-CoV-2: la experiencia de la BI(G)MED<\/h2>\n\n\n\n<p>G. Glady &amp;<strong> <\/strong>N. Bahi-Jaber<br>Clinical Immunology &amp; Research, 2021; 5(2): 1-4<\/p>\n\n\n\n<div class=\"wp-block-buttons is-layout-flex wp-block-buttons-is-layout-flex\">\n<div class=\"wp-block-button is-style-btn-outline-secondary\"><a class=\"wp-block-button__link wp-element-button\" href=\"https:\/\/www.scivisionpub.com\/articles\/how-nanotherapy-fails-sarscov2-the-bigmed-experience-1959.html\" target=\"_blank\" rel=\"noreferrer noopener\">Leer el art\u00edculo<\/a><\/div>\n<\/div>\n<\/div>\n<\/div>\n<\/div>\n\n\n\n<div class=\"wp-block-group alignfull has-global-padding is-layout-constrained wp-block-group-is-layout-constrained\" style=\"margin-top:var(--wp--preset--spacing--2-xl);margin-bottom:var(--wp--preset--spacing--2-xl);padding-top:0;padding-bottom:0\">\n<div class=\"wp-block-columns alignwide is-layout-flex wp-container-core-columns-is-layout-28f84493 wp-block-columns-is-layout-flex\">\n<div class=\"wp-block-column is-layout-flow wp-container-core-column-is-layout-86b72393 wp-block-column-is-layout-flow\">\n<h2 class=\"wp-block-heading\">\u00bfC\u00f3mo controlar la COVID-19 con una nanobioterapia?<\/h2>\n\n\n\n<p>G. Glady <br>International Journal of Infectious Diseases and Research, 2020, 1-1<\/p>\n\n\n\n<div class=\"wp-block-buttons is-layout-flex wp-block-buttons-is-layout-flex\">\n<div class=\"wp-block-button is-style-btn-outline-secondary\"><a class=\"wp-block-button__link wp-element-button\" href=\"https:\/\/unisciencepub.com\/wp-content\/uploads\/2020\/05\/How-to-Control-Covid-19-with-a-Nanobiotherapy.pdf\" target=\"_blank\" rel=\"noreferrer noopener\">Leer el art\u00edculo<\/a><\/div>\n<\/div>\n<\/div>\n\n\n\n<div class=\"wp-block-column is-layout-flow wp-container-core-column-is-layout-86b72393 wp-block-column-is-layout-flow\">\n<h2 class=\"wp-block-heading\">Regulaci\u00f3n de las c\u00e9lulas madre cancerosas mediante una nanoterapia sublingual utilizando dosis ultrabajas de ARN no codificantes<\/h2>\n\n\n\n<p>G. Glady <br>International Journal of Cancer Research &amp; Therapy, 2019, 4-4-1:6<\/p>\n\n\n\n<div class=\"wp-block-buttons is-layout-flex wp-block-buttons-is-layout-flex\">\n<div class=\"wp-block-button is-style-btn-outline-secondary\"><a class=\"wp-block-button__link wp-element-button\" href=\"https:\/\/www.opastpublishers.com\/open-access-articles\/cancer-stem-cells-regulation-with-a-sublingual-nanotherapy-using-ultra-low-doses-of-non-coding-rnas.pdf\" target=\"_blank\" rel=\"noreferrer noopener\">Leer el art\u00edculo<\/a><\/div>\n<\/div>\n<\/div>\n<\/div>\n<\/div>\n\n\n\n<div class=\"wp-block-group alignfull has-global-padding is-layout-constrained wp-block-group-is-layout-constrained\" style=\"margin-top:var(--wp--preset--spacing--2-xl);margin-bottom:var(--wp--preset--spacing--2-xl);padding-top:0;padding-bottom:0\">\n<div class=\"wp-block-columns alignwide is-layout-flex wp-container-core-columns-is-layout-28f84493 wp-block-columns-is-layout-flex\">\n<div class=\"wp-block-column is-layout-flow wp-container-core-column-is-layout-86b72393 wp-block-column-is-layout-flow\">\n<h2 class=\"wp-block-heading\">La medicina Bio Immune(G)ene o c\u00f3mo utilizar al m\u00e1ximo los recursos moleculares de la c\u00e9lula con fines terap\u00e9uticos<\/h2>\n\n\n\n<p>G. Glady <br>Edelweiss Applied Science and Technology, 2019, 3 : 26-29<\/p>\n\n\n\n<div class=\"wp-block-buttons is-layout-flex wp-block-buttons-is-layout-flex\">\n<div class=\"wp-block-button is-style-btn-outline-secondary\"><a class=\"wp-block-button__link wp-element-button\" href=\"http:\/\/edelweisspublications.com\/articles\/44\/448\/The-Bio-Immune(G)ene-Medicine-or-How-to-Use-a-Maximum-of-Molecular-Resources-of-the-Cell-for-Therapeutic-Purposes\" target=\"_blank\" rel=\"noreferrer noopener\">Leer el art\u00edculo<\/a><\/div>\n<\/div>\n<\/div>\n\n\n\n<div class=\"wp-block-column is-layout-flow wp-container-core-column-is-layout-86b72393 wp-block-column-is-layout-flow\">\n<h2 class=\"wp-block-heading\">La interacci\u00f3n entre los miARN y los lncARN en la patog\u00e9nesis de las enfermedades asm\u00e1ticas<\/h2>\n\n\n\n<p>G. Glady <br>Archives of Immunology and Allergy, 2019, 2-2 : 1-9<\/p>\n\n\n\n<div class=\"wp-block-buttons is-layout-flex wp-block-buttons-is-layout-flex\">\n<div class=\"wp-block-button is-style-btn-outline-secondary\"><a class=\"wp-block-button__link wp-element-button\" href=\"https:\/\/sryahwapublications.com\/archives-of-immunology-and-allergy\/pdf\/v2-i2\/1.pdf\" target=\"_blank\" rel=\"noreferrer noopener\">Leer el art\u00edculo<\/a><\/div>\n<\/div>\n<\/div>\n<\/div>\n<\/div>\n\n\n\n<div class=\"wp-block-group alignfull has-global-padding is-layout-constrained wp-block-group-is-layout-constrained\" style=\"margin-top:var(--wp--preset--spacing--2-xl);margin-bottom:var(--wp--preset--spacing--2-xl);padding-top:0;padding-bottom:0\">\n<div class=\"wp-block-columns alignwide is-layout-flex wp-container-core-columns-is-layout-28f84493 wp-block-columns-is-layout-flex\">\n<div class=\"wp-block-column is-layout-flow wp-container-core-column-is-layout-86b72393 wp-block-column-is-layout-flow\">\n<h2 class=\"wp-block-heading\">Espondilitis asociada al parvovirus B19 y tratada con una novedosa terapia nanobiol\u00f3gica basada en microARN: informe de un caso<\/h2>\n\n\n\n<p>O. Cuvelier &amp; G. Glady <br>Clinical Immunology and Infectious Diseases, 2018, 2-1<\/p>\n\n\n\n<div class=\"wp-block-buttons is-layout-flex wp-block-buttons-is-layout-flex\">\n<div class=\"wp-block-button is-style-btn-outline-secondary\"><a class=\"wp-block-button__link wp-element-button\" href=\"https:\/\/www.imedpub.com\/articles\/spondylitis-associated-with-parvovirus-b19and-treated-with-a-novel-nanobiologicaltherapy-based-on-micrornas-case-report.pdf\" target=\"_blank\" rel=\"noreferrer noopener\">Leer el art\u00edculo<\/a><\/div>\n<\/div>\n<\/div>\n\n\n\n<div class=\"wp-block-column is-layout-flow wp-container-core-column-is-layout-86b72393 wp-block-column-is-layout-flow\">\n<h2 class=\"wp-block-heading\">Medicina Bio Immune(G)ene y el uso de miARN para regular la c\u00e9lula<\/h2>\n\n\n\n<p>M.C.P Santilari &amp; G. Glady <br>Advances in Bioengineering &amp; Biomedical Science Research, 2018, 1-2 : 6<\/p>\n\n\n\n<div class=\"wp-block-buttons is-layout-flex wp-block-buttons-is-layout-flex\">\n<div class=\"wp-block-button is-style-btn-outline-secondary\"><a class=\"wp-block-button__link wp-element-button\" href=\"https:\/\/www.opastpublishers.com\/open-access-articles\/bio-immunegene-medicine-and-the-use-of-mirnas-to-regulate-the-cell.pdf\" target=\"_blank\" rel=\"noreferrer noopener\">Leer el art\u00edculo<\/a><\/div>\n<\/div>\n<\/div>\n<\/div>\n<\/div>\n\n\n\n<div class=\"wp-block-group alignfull has-global-padding is-layout-constrained wp-block-group-is-layout-constrained\" style=\"margin-top:var(--wp--preset--spacing--2-xl);margin-bottom:var(--wp--preset--spacing--2-xl);padding-top:0;padding-bottom:0\">\n<div class=\"wp-block-columns alignwide is-layout-flex wp-container-core-columns-is-layout-28f84493 wp-block-columns-is-layout-flex\">\n<div class=\"wp-block-column is-layout-flow wp-container-core-column-is-layout-86b72393 wp-block-column-is-layout-flow\">\n<h2 class=\"wp-block-heading\">Reactivaci\u00f3n del virus de Epstein-Barr asociada a un aumento de la timidina quinasa y normalizada mediante una nano-terapia inmunomoduladora: tres informes de casos<\/h2>\n\n\n\n<p>G. Glady<br>Journal of Clinical &amp; Experimental Immunology, 2018, 3-1 : 5<\/p>\n\n\n\n<div class=\"wp-block-buttons is-layout-flex wp-block-buttons-is-layout-flex\">\n<div class=\"wp-block-button is-style-btn-outline-secondary\"><a class=\"wp-block-button__link wp-element-button\" href=\"https:\/\/www.imedpub.com\/articles\/spondylitis-associated-with-parvovirus-b19and-treated-with-a-novel-nanobiologicaltherapy-based-on-micrornas-case-report.pdf\" target=\"_blank\" rel=\"noreferrer noopener\">Leer el art\u00edculo<\/a><\/div>\n<\/div>\n<\/div>\n\n\n\n<div class=\"wp-block-column is-layout-flow wp-container-core-column-is-layout-86b72393 wp-block-column-is-layout-flow\">\n<h2 class=\"wp-block-heading\">Eficacia cl\u00ednica de la implementaci\u00f3n de la Medicina Bio Immune (G) ene MED en el tratamiento del asma cr\u00f3nica con el objetivo de reducir o eliminar eficazmente la terapia con corticosteroides: un enfoque novedoso y resultados prometedores<\/h2>\n\n\n\n<p>G. Glady <br>Experimental and Therapeutic Medicine, 2018, 15: 5133-5140, 2018<\/p>\n\n\n\n<div class=\"wp-block-buttons is-layout-flex wp-block-buttons-is-layout-flex\">\n<div class=\"wp-block-button is-style-btn-outline-secondary\"><a class=\"wp-block-button__link wp-element-button\" href=\"https:\/\/www.spandidos-publications.com\/etm\/15\/6\/5133\" target=\"_blank\" rel=\"noreferrer noopener\">Leer el art\u00edculo<\/a><\/div>\n<\/div>\n<\/div>\n<\/div>\n<\/div>\n\n\n\n<div class=\"wp-block-group alignfull has-global-padding is-layout-constrained wp-block-group-is-layout-constrained\" style=\"margin-top:var(--wp--preset--spacing--2-xl);margin-bottom:var(--wp--preset--spacing--2-xl);padding-top:0;padding-bottom:0\">\n<div class=\"wp-block-columns alignwide is-layout-flex wp-container-core-columns-is-layout-28f84493 wp-block-columns-is-layout-flex\">\n<div class=\"wp-block-column is-layout-flow wp-container-core-column-is-layout-86b72393 wp-block-column-is-layout-flow\">\n<h2 class=\"wp-block-heading\">Medicina bio immune(G)en en las enfermedades al\u00e9rgicas, especialmente el asma<\/h2>\n\n\n\n<p>G. Glady<br>World Allergy Organization Journal, 2015, 8 (Suppl 1):A58<\/p>\n\n\n\n<div class=\"wp-block-buttons is-layout-flex wp-block-buttons-is-layout-flex\">\n<div class=\"wp-block-button is-style-btn-outline-secondary\"><a class=\"wp-block-button__link wp-element-button\" href=\"https:\/\/link.springer.com\/article\/10.1186\/1939-4551-8-S1-A58\" target=\"_blank\" rel=\"noreferrer noopener\">Leer el art\u00edculo<\/a><\/div>\n<\/div>\n<\/div>\n\n\n\n<div class=\"wp-block-column is-layout-flow wp-container-core-column-is-layout-86b72393 wp-block-column-is-layout-flow\">\n<h2 class=\"wp-block-heading\">Uso terap\u00e9utico de microARN para prevenir y controlar la rinosinusitis al\u00e9rgica<\/h2>\n\n\n\n<p>G. Glady <br>Clinical Immunology &amp; Research, 2018, 2-1 : 1<\/p>\n\n\n\n<div class=\"wp-block-buttons is-layout-flex wp-block-buttons-is-layout-flex\">\n<div class=\"wp-block-button is-style-btn-outline-secondary\"><a class=\"wp-block-button__link wp-element-button\" href=\"http:\/\/www.scivisionpub.com\/pdfs\/therapeutic-use-of-micrornas-to-prevent-and-control-allergic-rhinosinusitis-144.pdf\" target=\"_blank\" rel=\"noreferrer noopener\">Leer el art\u00edculo<\/a><\/div>\n<\/div>\n<\/div>\n<\/div>\n<\/div>\n\n\n\n<p><\/p>\n","protected":false},"excerpt":{"rendered":"<p>Encuentre los enlaces a nuestras \u00faltimas publicaciones cient\u00edficas.<\/p>\n","protected":false},"author":778,"featured_media":0,"parent":9897,"menu_order":15,"comment_status":"closed","ping_status":"closed","template":"","meta":{"_acf_changed":false,"footnotes":""},"class_list":["post-9843","page","type-page","status-publish","hentry"],"acf":[],"yoast_head":"<!-- This site is optimized with the Yoast SEO plugin v27.4 - https:\/\/yoast.com\/product\/yoast-seo-wordpress\/ -->\n<title>Publicaciones cient\u00edficas sobre la Medicina Bio Inmuno(G)en\u00e9tica | EBMA Europe<\/title>\n<meta name=\"description\" content=\"Encuentre los enlaces a nuestras \u00faltimas publicaciones cient\u00edficas.\" \/>\n<meta name=\"robots\" content=\"index, follow, max-snippet:-1, max-image-preview:large, max-video-preview:-1\" \/>\n<link rel=\"canonical\" href=\"https:\/\/www.ebma-europe.com\/es\/ebma\/publicaciones\/\" \/>\n<meta property=\"og:locale\" content=\"es_ES\" \/>\n<meta property=\"og:type\" content=\"article\" \/>\n<meta property=\"og:title\" content=\"Publicaciones cient\u00edficas sobre la Medicina Bio Inmuno(G)en\u00e9tica | EBMA Europe\" \/>\n<meta property=\"og:description\" content=\"Encuentre los enlaces a nuestras \u00faltimas publicaciones cient\u00edficas.\" \/>\n<meta property=\"og:url\" content=\"https:\/\/www.ebma-europe.com\/es\/ebma\/publicaciones\/\" \/>\n<meta property=\"og:site_name\" content=\"EBMA Europe\" \/>\n<meta property=\"article:modified_time\" content=\"2026-03-02T10:13:29+00:00\" \/>\n<meta property=\"og:image\" content=\"https:\/\/www.ebma-europe.com\/wp-inside\/uploads\/2026\/03\/og-ebma.jpg\" \/>\n\t<meta property=\"og:image:width\" content=\"1200\" \/>\n\t<meta property=\"og:image:height\" content=\"675\" \/>\n\t<meta property=\"og:image:type\" content=\"image\/jpeg\" \/>\n<meta name=\"twitter:card\" content=\"summary_large_image\" \/>\n<meta name=\"twitter:label1\" content=\"Tiempo de lectura\" \/>\n\t<meta name=\"twitter:data1\" content=\"2 minuto\" \/>\n<script type=\"application\/ld+json\" class=\"yoast-schema-graph\">{\"@context\":\"https:\\\/\\\/schema.org\",\"@graph\":[{\"@type\":\"WebPage\",\"@id\":\"https:\\\/\\\/www.ebma-europe.com\\\/es\\\/ebma\\\/publicaciones\\\/\",\"url\":\"https:\\\/\\\/www.ebma-europe.com\\\/es\\\/ebma\\\/publicaciones\\\/\",\"name\":\"Publicaciones cient\u00edficas sobre la Medicina Bio Inmuno(G)en\u00e9tica | EBMA Europe\",\"isPartOf\":{\"@id\":\"https:\\\/\\\/www.ebma-europe.com\\\/es\\\/#website\"},\"datePublished\":\"2025-09-17T09:53:20+00:00\",\"dateModified\":\"2026-03-02T10:13:29+00:00\",\"description\":\"Encuentre los enlaces a nuestras \u00faltimas publicaciones cient\u00edficas.\",\"breadcrumb\":{\"@id\":\"https:\\\/\\\/www.ebma-europe.com\\\/es\\\/ebma\\\/publicaciones\\\/#breadcrumb\"},\"inLanguage\":\"es\",\"potentialAction\":[{\"@type\":\"ReadAction\",\"target\":[\"https:\\\/\\\/www.ebma-europe.com\\\/es\\\/ebma\\\/publicaciones\\\/\"]}]},{\"@type\":\"BreadcrumbList\",\"@id\":\"https:\\\/\\\/www.ebma-europe.com\\\/es\\\/ebma\\\/publicaciones\\\/#breadcrumb\",\"itemListElement\":[{\"@type\":\"ListItem\",\"position\":1,\"name\":\"Inicio\",\"item\":\"https:\\\/\\\/www.ebma-europe.com\\\/es\\\/inicio\\\/\"},{\"@type\":\"ListItem\",\"position\":2,\"name\":\"EBMA\",\"item\":\"https:\\\/\\\/www.ebma-europe.com\\\/es\\\/ebma\\\/\"},{\"@type\":\"ListItem\",\"position\":3,\"name\":\"Publicaciones\"}]},{\"@type\":\"WebSite\",\"@id\":\"https:\\\/\\\/www.ebma-europe.com\\\/es\\\/#website\",\"url\":\"https:\\\/\\\/www.ebma-europe.com\\\/es\\\/\",\"name\":\"EBMA Europe\",\"description\":\"European Bio Immune(G)ene Medicine Association\",\"publisher\":{\"@id\":\"https:\\\/\\\/www.ebma-europe.com\\\/es\\\/#organization\"},\"alternateName\":\"EBMA\",\"potentialAction\":[{\"@type\":\"SearchAction\",\"target\":{\"@type\":\"EntryPoint\",\"urlTemplate\":\"https:\\\/\\\/www.ebma-europe.com\\\/es\\\/?s={search_term_string}\"},\"query-input\":{\"@type\":\"PropertyValueSpecification\",\"valueRequired\":true,\"valueName\":\"search_term_string\"}}],\"inLanguage\":\"es\"},{\"@type\":\"Organization\",\"@id\":\"https:\\\/\\\/www.ebma-europe.com\\\/es\\\/#organization\",\"name\":\"EBMA Europe\",\"alternateName\":\"EBMA\",\"url\":\"https:\\\/\\\/www.ebma-europe.com\\\/es\\\/\",\"logo\":{\"@type\":\"ImageObject\",\"inLanguage\":\"es\",\"@id\":\"https:\\\/\\\/www.ebma-europe.com\\\/es\\\/#\\\/schema\\\/logo\\\/image\\\/\",\"url\":\"https:\\\/\\\/www.ebma-europe.com\\\/wp-inside\\\/uploads\\\/2026\\\/03\\\/enity-logo-ebma.png\",\"contentUrl\":\"https:\\\/\\\/www.ebma-europe.com\\\/wp-inside\\\/uploads\\\/2026\\\/03\\\/enity-logo-ebma.png\",\"width\":696,\"height\":696,\"caption\":\"EBMA Europe\"},\"image\":{\"@id\":\"https:\\\/\\\/www.ebma-europe.com\\\/es\\\/#\\\/schema\\\/logo\\\/image\\\/\"},\"sameAs\":[\"https:\\\/\\\/fr.linkedin.com\\\/company\\\/ebma-europe\"]}]}<\/script>\n<!-- \/ Yoast SEO plugin. -->","yoast_head_json":{"title":"Publicaciones cient\u00edficas sobre la Medicina Bio Inmuno(G)en\u00e9tica | EBMA Europe","description":"Encuentre los enlaces a nuestras \u00faltimas publicaciones cient\u00edficas.","robots":{"index":"index","follow":"follow","max-snippet":"max-snippet:-1","max-image-preview":"max-image-preview:large","max-video-preview":"max-video-preview:-1"},"canonical":"https:\/\/www.ebma-europe.com\/es\/ebma\/publicaciones\/","og_locale":"es_ES","og_type":"article","og_title":"Publicaciones cient\u00edficas sobre la Medicina Bio Inmuno(G)en\u00e9tica | EBMA Europe","og_description":"Encuentre los enlaces a nuestras \u00faltimas publicaciones cient\u00edficas.","og_url":"https:\/\/www.ebma-europe.com\/es\/ebma\/publicaciones\/","og_site_name":"EBMA Europe","article_modified_time":"2026-03-02T10:13:29+00:00","og_image":[{"width":1200,"height":675,"url":"https:\/\/www.ebma-europe.com\/wp-inside\/uploads\/2026\/03\/og-ebma.jpg","type":"image\/jpeg"}],"twitter_card":"summary_large_image","twitter_misc":{"Tiempo de lectura":"2 minuto"},"schema":{"@context":"https:\/\/schema.org","@graph":[{"@type":"WebPage","@id":"https:\/\/www.ebma-europe.com\/es\/ebma\/publicaciones\/","url":"https:\/\/www.ebma-europe.com\/es\/ebma\/publicaciones\/","name":"Publicaciones cient\u00edficas sobre la Medicina Bio Inmuno(G)en\u00e9tica | EBMA Europe","isPartOf":{"@id":"https:\/\/www.ebma-europe.com\/es\/#website"},"datePublished":"2025-09-17T09:53:20+00:00","dateModified":"2026-03-02T10:13:29+00:00","description":"Encuentre los enlaces a nuestras \u00faltimas publicaciones cient\u00edficas.","breadcrumb":{"@id":"https:\/\/www.ebma-europe.com\/es\/ebma\/publicaciones\/#breadcrumb"},"inLanguage":"es","potentialAction":[{"@type":"ReadAction","target":["https:\/\/www.ebma-europe.com\/es\/ebma\/publicaciones\/"]}]},{"@type":"BreadcrumbList","@id":"https:\/\/www.ebma-europe.com\/es\/ebma\/publicaciones\/#breadcrumb","itemListElement":[{"@type":"ListItem","position":1,"name":"Inicio","item":"https:\/\/www.ebma-europe.com\/es\/inicio\/"},{"@type":"ListItem","position":2,"name":"EBMA","item":"https:\/\/www.ebma-europe.com\/es\/ebma\/"},{"@type":"ListItem","position":3,"name":"Publicaciones"}]},{"@type":"WebSite","@id":"https:\/\/www.ebma-europe.com\/es\/#website","url":"https:\/\/www.ebma-europe.com\/es\/","name":"EBMA Europe","description":"European Bio Immune(G)ene Medicine Association","publisher":{"@id":"https:\/\/www.ebma-europe.com\/es\/#organization"},"alternateName":"EBMA","potentialAction":[{"@type":"SearchAction","target":{"@type":"EntryPoint","urlTemplate":"https:\/\/www.ebma-europe.com\/es\/?s={search_term_string}"},"query-input":{"@type":"PropertyValueSpecification","valueRequired":true,"valueName":"search_term_string"}}],"inLanguage":"es"},{"@type":"Organization","@id":"https:\/\/www.ebma-europe.com\/es\/#organization","name":"EBMA Europe","alternateName":"EBMA","url":"https:\/\/www.ebma-europe.com\/es\/","logo":{"@type":"ImageObject","inLanguage":"es","@id":"https:\/\/www.ebma-europe.com\/es\/#\/schema\/logo\/image\/","url":"https:\/\/www.ebma-europe.com\/wp-inside\/uploads\/2026\/03\/enity-logo-ebma.png","contentUrl":"https:\/\/www.ebma-europe.com\/wp-inside\/uploads\/2026\/03\/enity-logo-ebma.png","width":696,"height":696,"caption":"EBMA Europe"},"image":{"@id":"https:\/\/www.ebma-europe.com\/es\/#\/schema\/logo\/image\/"},"sameAs":["https:\/\/fr.linkedin.com\/company\/ebma-europe"]}]}},"_links":{"self":[{"href":"https:\/\/www.ebma-europe.com\/es\/wp-json\/wp\/v2\/pages\/9843","targetHints":{"allow":["GET"]}}],"collection":[{"href":"https:\/\/www.ebma-europe.com\/es\/wp-json\/wp\/v2\/pages"}],"about":[{"href":"https:\/\/www.ebma-europe.com\/es\/wp-json\/wp\/v2\/types\/page"}],"author":[{"embeddable":true,"href":"https:\/\/www.ebma-europe.com\/es\/wp-json\/wp\/v2\/users\/778"}],"replies":[{"embeddable":true,"href":"https:\/\/www.ebma-europe.com\/es\/wp-json\/wp\/v2\/comments?post=9843"}],"version-history":[{"count":3,"href":"https:\/\/www.ebma-europe.com\/es\/wp-json\/wp\/v2\/pages\/9843\/revisions"}],"predecessor-version":[{"id":12461,"href":"https:\/\/www.ebma-europe.com\/es\/wp-json\/wp\/v2\/pages\/9843\/revisions\/12461"}],"up":[{"embeddable":true,"href":"https:\/\/www.ebma-europe.com\/es\/wp-json\/wp\/v2\/pages\/9897"}],"wp:attachment":[{"href":"https:\/\/www.ebma-europe.com\/es\/wp-json\/wp\/v2\/media?parent=9843"}],"curies":[{"name":"wp","href":"https:\/\/api.w.org\/{rel}","templated":true}]}}