{"id":9850,"date":"2025-09-17T11:54:24","date_gmt":"2025-09-17T09:54:24","guid":{"rendered":"https:\/\/www.ebma-europe.com\/adherirse\/"},"modified":"2026-03-01T15:24:28","modified_gmt":"2026-03-01T14:24:28","slug":"adherirse","status":"publish","type":"page","link":"https:\/\/www.ebma-europe.com\/es\/ebma\/adherirse\/","title":{"rendered":"Adherirse"},"content":{"rendered":"\n<div class=\"wp-block-group alignfull is-style-default has-global-padding is-layout-constrained wp-block-group-is-layout-constrained\" style=\"padding-top:0;padding-bottom:0\">\n<div class=\"wp-block-cover alignfull is-light is-style-default\" style=\"margin-top:0;margin-bottom:0;padding-top:var(--wp--preset--spacing--xl);padding-bottom:var(--wp--preset--spacing--xl);min-height:50px;aspect-ratio:unset;\"><span aria-hidden=\"true\" class=\"wp-block-cover__background has-neutral-100-background-color has-background-dim-100 has-background-dim\"><\/span><div class=\"wp-block-cover__inner-container has-global-padding is-layout-constrained wp-container-core-cover-is-layout-f26b76e4 wp-block-cover-is-layout-constrained\">\n\t<div class=\"has-text-align-center skp-block-breadcrumb wp-block-skp-breadcrumb has-sm-font-size\" id=\"skp-block-breadcrumb-69e366c48927f9.00454775\">\n\t\t\n<nav\tclass=\"breadcrumb\"\n\taria-label=\"Breadcrumbs\">\n\t<ol class=\"breadcrumb__list\">\n\t\t\t\t\t<li class=\"breadcrumb__item\">\n\t\t\t\t\t\t\t\t\t<a href=\"https:\/\/www.ebma-europe.com\/es\/inicio\/\" class=\"breadcrumb__link\">\n\t\t\t\t\t\tInicio\t\t\t\t\t<\/a>\n\t\t\t\t\t\t\t\t\t\t\t\t<\/li>\n\t\t\t<\/ol>\n\n\t<\/nav>\t<\/div>\n\n\n<h1 style=\"text-align: center;\" class=\"has-text-align-center skp-block-primary-title wp-block-skp-primary-title\" id=\"skp-block-primary-title-69e366c48ae1a6.49977017\">\n\tAdherirse a BI(G)MED Espa\u00f1a<\/h1>\n<\/div><\/div>\n<\/div>\n\n\n\n<p>Adem\u00e1s de apoyar la investigaci\u00f3n en Medicina Bio Inmuno(G)en\u00e9tica, la adhesi\u00f3n a la asociaci\u00f3n BI(G)MED Espa\u00f1a ofrece numerosas ventajas, entre las que destacan:<\/p>\n\n\n\n<ul class=\"wp-block-list\">\n<li>El acceso a <strong>herramientas de apoyo a la prescripci\u00f3n y a la interpretaci\u00f3n<\/strong> de an\u00e1lisis.<\/li>\n\n\n\n<li>El acceso a art\u00edculos especializados sobre las <strong>f\u00f3rmulas<\/strong> <strong>BI(G)MED<\/strong>.<\/li>\n\n\n\n<li>La consulta de <strong>casos cl\u00ednicos<\/strong> y contenidos de vigilancia cient\u00edfica.<\/li>\n<\/ul>\n\n\n\n<p>Ser miembro de BI(G)MED Espa\u00f1a significa, ante todo, formar parte de una comunidad din\u00e1mica que favorece el intercambio entre profesionales y el enriquecimiento de la pr\u00e1ctica cl\u00ednica.<\/p>\n\n\n\n<div class=\"wp-block-buttons is-layout-flex wp-block-buttons-is-layout-flex\">\n<div class=\"wp-block-button\"><a class=\"wp-block-button__link wp-element-button\" href=\"https:\/\/www.ebma-europe.com\/es\/formations\/suscripcion-pro\/\">Solicitar adhesi\u00f3n<\/a><\/div>\n<\/div>\n\n\n\n<div class=\"wp-block-group alignfull has-global-padding is-layout-constrained wp-block-group-is-layout-constrained\" style=\"margin-top:var(--wp--preset--spacing--2-xl);margin-bottom:var(--wp--preset--spacing--2-xl);padding-top:0;padding-bottom:0\">\n<div style=\"--wp--style--block-gap: var(--wp--preset--spacing--md); padding-top: 0; padding-bottom: 0; margin-top: 0; margin-bottom: 0; padding-top:0;padding-bottom:0;margin-top:0;margin-bottom:0;\" class=\"alignwide skp-feed-page wp-block-query wp-block-skp-acf-feed-page is-layout-flex wp-container-skp-acf-feed-page-is-layout-a59d8411 wp-block-skp-acf-feed-page-is-layout-flex\" id=\"skp-feed-page-block_3d0de70c8746526d2cb68e3011e4b6f3\">\n\t\t\t<ul class=\"skp-feed-page-list wp-block-post-template\">\n\t\t\t\t\t\t\t\t\t\t\t\t<li class=\"skp-feed-page-item wp-block-post page type-page\">\n\t\t\t\t\t\t\n<article\n\tclass=\"post-card page-card wp-block-group has-no-image\">\n\t\n\t<div class=\"page-card__content wp-block-group\">\n\n\t\t<div class=\"page-card__main wp-block-group\">\n\t\t\t<h3 class=\"page-card__title wp-block-post-title\">\n\t\t\t\t<a href=\"https:\/\/www.ebma-europe.com\/es\/ebma\/asociacion\/\">Asociaci\u00f3n<\/a>\n\t\t\t<\/h3>\n\n\t\t\t\t\t\t\t<div class=\"page-card__excerpt wp-block-paragraph\">\n\t\t\t\t\tBI(G)MED Espa\u00f1a es la asociaci\u00f3n nacional de Medicina Bio-Inmuno(G)en\u00e9tica, integrada en la red europea EBMA. Su misi\u00f3n es impulsar la formaci\u00f3n, la investigaci\u00f3n y la aplicaci\u00f3n cl\u00ednica de la BI(G)MED entre m\u00e9dicos y profesionales sanitarios en Espa\u00f1a, Portugal y Latinoam\u00e9rica.\t\t\t\t<\/div>\n\t\t\t\t\t<\/div>\n\n\t\t<div class=\"wp-block-button is-style-btn-outline-secondary\">\n\t\t\t<a href=\"https:\/\/www.ebma-europe.com\/es\/ebma\/asociacion\/\" class=\"wp-block-button__link wp-element-button\">\n\t\t\t\tM\u00e1s informaci\u00f3n\t\t\t<\/a>\n\t\t<\/div>\n\n\t<\/div>\n<\/article>\t\t\t\t\t<\/li>\n\t\t\t\t\t\t\t\t\t\t\t\t\t\t\t\t<li class=\"skp-feed-page-item wp-block-post page type-page\">\n\t\t\t\t\t\t\n<article\n\tclass=\"post-card page-card wp-block-group has-no-image\">\n\t\n\t<div class=\"page-card__content wp-block-group\">\n\n\t\t<div class=\"page-card__main wp-block-group\">\n\t\t\t<h3 class=\"page-card__title wp-block-post-title\">\n\t\t\t\t<a href=\"https:\/\/www.ebma-europe.com\/es\/ebma\/investigacion\/\">Investigaci\u00f3n<\/a>\n\t\t\t<\/h3>\n\n\t\t\t\t\t\t\t<div class=\"page-card__excerpt wp-block-paragraph\">\n\t\t\t\t\tEl departamento de investigaci\u00f3n de EBMA, bajo la direcci\u00f3n de la Dra. Narges BAHI, lleva a cabo programas de evaluaci\u00f3n cient\u00edfica de la BI(G)MED.\t\t\t\t<\/div>\n\t\t\t\t\t<\/div>\n\n\t\t<div class=\"wp-block-button is-style-btn-outline-secondary\">\n\t\t\t<a href=\"https:\/\/www.ebma-europe.com\/es\/ebma\/investigacion\/\" class=\"wp-block-button__link wp-element-button\">\n\t\t\t\tM\u00e1s informaci\u00f3n\t\t\t<\/a>\n\t\t<\/div>\n\n\t<\/div>\n<\/article>\t\t\t\t\t<\/li>\n\t\t\t\t\t\t\t\t\t\t\t\t\t\t\t\t<li class=\"skp-feed-page-item wp-block-post page type-page\">\n\t\t\t\t\t\t\n<article\n\tclass=\"post-card page-card wp-block-group has-no-image\">\n\t\n\t<div class=\"page-card__content wp-block-group\">\n\n\t\t<div class=\"page-card__main wp-block-group\">\n\t\t\t<h3 class=\"page-card__title wp-block-post-title\">\n\t\t\t\t<a href=\"https:\/\/www.ebma-europe.com\/es\/ebma\/publicaciones\/\">Publicaciones<\/a>\n\t\t\t<\/h3>\n\n\t\t\t\t\t\t\t<div class=\"page-card__excerpt wp-block-paragraph\">\n\t\t\t\t\tEncuentre los enlaces a nuestras \u00faltimas publicaciones cient\u00edficas.\t\t\t\t<\/div>\n\t\t\t\t\t<\/div>\n\n\t\t<div class=\"wp-block-button is-style-btn-outline-secondary\">\n\t\t\t<a href=\"https:\/\/www.ebma-europe.com\/es\/ebma\/publicaciones\/\" class=\"wp-block-button__link wp-element-button\">\n\t\t\t\tM\u00e1s informaci\u00f3n\t\t\t<\/a>\n\t\t<\/div>\n\n\t<\/div>\n<\/article>\t\t\t\t\t<\/li>\n\t\t\t\t\t\t\t\t\t\t\t\t\t\t\t\t<li class=\"skp-feed-page-item wp-block-post page type-page\">\n\t\t\t\t\t\t\n<article\n\tclass=\"post-card page-card wp-block-group has-no-image\">\n\t\n\t<div class=\"page-card__content wp-block-group\">\n\n\t\t<div class=\"page-card__main wp-block-group\">\n\t\t\t<h3 class=\"page-card__title wp-block-post-title\">\n\t\t\t\t<a href=\"https:\/\/www.ebma-europe.com\/es\/ebma\/equipo\/\">Equipo<\/a>\n\t\t\t<\/h3>\n\n\t\t\t\t\t\t\t<div class=\"page-card__excerpt wp-block-paragraph\">\n\t\t\t\t\tConocer al Dr. Felipe Ramis Garc\u00eda, presidente de BI(G)MED Espa\u00f1a y su equipo.\t\t\t\t<\/div>\n\t\t\t\t\t<\/div>\n\n\t\t<div class=\"wp-block-button is-style-btn-outline-secondary\">\n\t\t\t<a href=\"https:\/\/www.ebma-europe.com\/es\/ebma\/equipo\/\" class=\"wp-block-button__link wp-element-button\">\n\t\t\t\tM\u00e1s informaci\u00f3n\t\t\t<\/a>\n\t\t<\/div>\n\n\t<\/div>\n<\/article>\t\t\t\t\t<\/li>\n\t\t\t\t\t\t\t\t\t<\/ul>\n\t<\/div>\n<\/div>\n","protected":false},"excerpt":{"rendered":"<p>Apoye la investigaci\u00f3n en Medicina Bio Inmuno(G)en\u00e9tica y \u00fanase a una comunidad din\u00e1mica.<\/p>\n","protected":false},"author":778,"featured_media":0,"parent":9897,"menu_order":25,"comment_status":"closed","ping_status":"closed","template":"","meta":{"_acf_changed":false,"footnotes":""},"class_list":["post-9850","page","type-page","status-publish","hentry"],"acf":[],"yoast_head":"<!-- This site is optimized with the Yoast SEO plugin v27.4 - https:\/\/yoast.com\/product\/yoast-seo-wordpress\/ -->\n<title>Adherirse | EBMA Europe<\/title>\n<meta name=\"robots\" content=\"index, follow, max-snippet:-1, max-image-preview:large, max-video-preview:-1\" \/>\n<link rel=\"canonical\" href=\"https:\/\/www.ebma-europe.com\/es\/ebma\/adherirse\/\" \/>\n<meta property=\"og:locale\" content=\"es_ES\" \/>\n<meta property=\"og:type\" content=\"article\" \/>\n<meta property=\"og:title\" content=\"Adherirse\" \/>\n<meta property=\"og:description\" content=\"Apoye la investigaci\u00f3n en Medicina Bio Inmuno(G)en\u00e9tica y \u00fanase a una comunidad din\u00e1mica.\" \/>\n<meta property=\"og:url\" content=\"https:\/\/www.ebma-europe.com\/es\/ebma\/adherirse\/\" \/>\n<meta property=\"og:site_name\" content=\"EBMA Europe\" \/>\n<meta property=\"article:modified_time\" content=\"2026-03-01T14:24:28+00:00\" \/>\n<meta property=\"og:image\" content=\"https:\/\/www.ebma-europe.com\/wp-inside\/uploads\/2026\/03\/og-ebma.jpg\" \/>\n\t<meta property=\"og:image:width\" content=\"1200\" \/>\n\t<meta property=\"og:image:height\" content=\"675\" \/>\n\t<meta property=\"og:image:type\" content=\"image\/jpeg\" \/>\n<meta name=\"twitter:card\" content=\"summary_large_image\" \/>\n<meta name=\"twitter:label1\" content=\"Tiempo de lectura\" \/>\n\t<meta name=\"twitter:data1\" content=\"1 minuto\" \/>\n<script type=\"application\/ld+json\" class=\"yoast-schema-graph\">{\"@context\":\"https:\\\/\\\/schema.org\",\"@graph\":[{\"@type\":\"WebPage\",\"@id\":\"https:\\\/\\\/www.ebma-europe.com\\\/es\\\/ebma\\\/adherirse\\\/\",\"url\":\"https:\\\/\\\/www.ebma-europe.com\\\/es\\\/ebma\\\/adherirse\\\/\",\"name\":\"Adherirse\",\"isPartOf\":{\"@id\":\"https:\\\/\\\/www.ebma-europe.com\\\/es\\\/#website\"},\"datePublished\":\"2025-09-17T09:54:24+00:00\",\"dateModified\":\"2026-03-01T14:24:28+00:00\",\"breadcrumb\":{\"@id\":\"https:\\\/\\\/www.ebma-europe.com\\\/es\\\/ebma\\\/adherirse\\\/#breadcrumb\"},\"inLanguage\":\"es\",\"potentialAction\":[{\"@type\":\"ReadAction\",\"target\":[\"https:\\\/\\\/www.ebma-europe.com\\\/es\\\/ebma\\\/adherirse\\\/\"]}]},{\"@type\":\"BreadcrumbList\",\"@id\":\"https:\\\/\\\/www.ebma-europe.com\\\/es\\\/ebma\\\/adherirse\\\/#breadcrumb\",\"itemListElement\":[{\"@type\":\"ListItem\",\"position\":1,\"name\":\"Inicio\",\"item\":\"https:\\\/\\\/www.ebma-europe.com\\\/es\\\/inicio\\\/\"},{\"@type\":\"ListItem\",\"position\":2,\"name\":\"EBMA\",\"item\":\"https:\\\/\\\/www.ebma-europe.com\\\/es\\\/ebma\\\/\"},{\"@type\":\"ListItem\",\"position\":3,\"name\":\"Adherirse\"}]},{\"@type\":\"WebSite\",\"@id\":\"https:\\\/\\\/www.ebma-europe.com\\\/es\\\/#website\",\"url\":\"https:\\\/\\\/www.ebma-europe.com\\\/es\\\/\",\"name\":\"EBMA Europe\",\"description\":\"European Bio Immune(G)ene Medicine Association\",\"publisher\":{\"@id\":\"https:\\\/\\\/www.ebma-europe.com\\\/es\\\/#organization\"},\"alternateName\":\"EBMA\",\"potentialAction\":[{\"@type\":\"SearchAction\",\"target\":{\"@type\":\"EntryPoint\",\"urlTemplate\":\"https:\\\/\\\/www.ebma-europe.com\\\/es\\\/?s={search_term_string}\"},\"query-input\":{\"@type\":\"PropertyValueSpecification\",\"valueRequired\":true,\"valueName\":\"search_term_string\"}}],\"inLanguage\":\"es\"},{\"@type\":\"Organization\",\"@id\":\"https:\\\/\\\/www.ebma-europe.com\\\/es\\\/#organization\",\"name\":\"EBMA Europe\",\"alternateName\":\"EBMA\",\"url\":\"https:\\\/\\\/www.ebma-europe.com\\\/es\\\/\",\"logo\":{\"@type\":\"ImageObject\",\"inLanguage\":\"es\",\"@id\":\"https:\\\/\\\/www.ebma-europe.com\\\/es\\\/#\\\/schema\\\/logo\\\/image\\\/\",\"url\":\"https:\\\/\\\/www.ebma-europe.com\\\/wp-inside\\\/uploads\\\/2026\\\/03\\\/enity-logo-ebma.png\",\"contentUrl\":\"https:\\\/\\\/www.ebma-europe.com\\\/wp-inside\\\/uploads\\\/2026\\\/03\\\/enity-logo-ebma.png\",\"width\":696,\"height\":696,\"caption\":\"EBMA Europe\"},\"image\":{\"@id\":\"https:\\\/\\\/www.ebma-europe.com\\\/es\\\/#\\\/schema\\\/logo\\\/image\\\/\"},\"sameAs\":[\"https:\\\/\\\/fr.linkedin.com\\\/company\\\/ebma-europe\"]}]}<\/script>\n<!-- \/ Yoast SEO plugin. -->","yoast_head_json":{"title":"Adherirse | EBMA Europe","robots":{"index":"index","follow":"follow","max-snippet":"max-snippet:-1","max-image-preview":"max-image-preview:large","max-video-preview":"max-video-preview:-1"},"canonical":"https:\/\/www.ebma-europe.com\/es\/ebma\/adherirse\/","og_locale":"es_ES","og_type":"article","og_title":"Adherirse","og_description":"Apoye la investigaci\u00f3n en Medicina Bio Inmuno(G)en\u00e9tica y \u00fanase a una comunidad din\u00e1mica.","og_url":"https:\/\/www.ebma-europe.com\/es\/ebma\/adherirse\/","og_site_name":"EBMA Europe","article_modified_time":"2026-03-01T14:24:28+00:00","og_image":[{"width":1200,"height":675,"url":"https:\/\/www.ebma-europe.com\/wp-inside\/uploads\/2026\/03\/og-ebma.jpg","type":"image\/jpeg"}],"twitter_card":"summary_large_image","twitter_misc":{"Tiempo de lectura":"1 minuto"},"schema":{"@context":"https:\/\/schema.org","@graph":[{"@type":"WebPage","@id":"https:\/\/www.ebma-europe.com\/es\/ebma\/adherirse\/","url":"https:\/\/www.ebma-europe.com\/es\/ebma\/adherirse\/","name":"Adherirse","isPartOf":{"@id":"https:\/\/www.ebma-europe.com\/es\/#website"},"datePublished":"2025-09-17T09:54:24+00:00","dateModified":"2026-03-01T14:24:28+00:00","breadcrumb":{"@id":"https:\/\/www.ebma-europe.com\/es\/ebma\/adherirse\/#breadcrumb"},"inLanguage":"es","potentialAction":[{"@type":"ReadAction","target":["https:\/\/www.ebma-europe.com\/es\/ebma\/adherirse\/"]}]},{"@type":"BreadcrumbList","@id":"https:\/\/www.ebma-europe.com\/es\/ebma\/adherirse\/#breadcrumb","itemListElement":[{"@type":"ListItem","position":1,"name":"Inicio","item":"https:\/\/www.ebma-europe.com\/es\/inicio\/"},{"@type":"ListItem","position":2,"name":"EBMA","item":"https:\/\/www.ebma-europe.com\/es\/ebma\/"},{"@type":"ListItem","position":3,"name":"Adherirse"}]},{"@type":"WebSite","@id":"https:\/\/www.ebma-europe.com\/es\/#website","url":"https:\/\/www.ebma-europe.com\/es\/","name":"EBMA Europe","description":"European Bio Immune(G)ene Medicine Association","publisher":{"@id":"https:\/\/www.ebma-europe.com\/es\/#organization"},"alternateName":"EBMA","potentialAction":[{"@type":"SearchAction","target":{"@type":"EntryPoint","urlTemplate":"https:\/\/www.ebma-europe.com\/es\/?s={search_term_string}"},"query-input":{"@type":"PropertyValueSpecification","valueRequired":true,"valueName":"search_term_string"}}],"inLanguage":"es"},{"@type":"Organization","@id":"https:\/\/www.ebma-europe.com\/es\/#organization","name":"EBMA Europe","alternateName":"EBMA","url":"https:\/\/www.ebma-europe.com\/es\/","logo":{"@type":"ImageObject","inLanguage":"es","@id":"https:\/\/www.ebma-europe.com\/es\/#\/schema\/logo\/image\/","url":"https:\/\/www.ebma-europe.com\/wp-inside\/uploads\/2026\/03\/enity-logo-ebma.png","contentUrl":"https:\/\/www.ebma-europe.com\/wp-inside\/uploads\/2026\/03\/enity-logo-ebma.png","width":696,"height":696,"caption":"EBMA Europe"},"image":{"@id":"https:\/\/www.ebma-europe.com\/es\/#\/schema\/logo\/image\/"},"sameAs":["https:\/\/fr.linkedin.com\/company\/ebma-europe"]}]}},"_links":{"self":[{"href":"https:\/\/www.ebma-europe.com\/es\/wp-json\/wp\/v2\/pages\/9850","targetHints":{"allow":["GET"]}}],"collection":[{"href":"https:\/\/www.ebma-europe.com\/es\/wp-json\/wp\/v2\/pages"}],"about":[{"href":"https:\/\/www.ebma-europe.com\/es\/wp-json\/wp\/v2\/types\/page"}],"author":[{"embeddable":true,"href":"https:\/\/www.ebma-europe.com\/es\/wp-json\/wp\/v2\/users\/778"}],"replies":[{"embeddable":true,"href":"https:\/\/www.ebma-europe.com\/es\/wp-json\/wp\/v2\/comments?post=9850"}],"version-history":[{"count":4,"href":"https:\/\/www.ebma-europe.com\/es\/wp-json\/wp\/v2\/pages\/9850\/revisions"}],"predecessor-version":[{"id":12282,"href":"https:\/\/www.ebma-europe.com\/es\/wp-json\/wp\/v2\/pages\/9850\/revisions\/12282"}],"up":[{"embeddable":true,"href":"https:\/\/www.ebma-europe.com\/es\/wp-json\/wp\/v2\/pages\/9897"}],"wp:attachment":[{"href":"https:\/\/www.ebma-europe.com\/es\/wp-json\/wp\/v2\/media?parent=9850"}],"curies":[{"name":"wp","href":"https:\/\/api.w.org\/{rel}","templated":true}]}}