{"id":9867,"date":"2025-09-17T11:38:34","date_gmt":"2025-09-17T09:38:34","guid":{"rendered":"https:\/\/www.ebma-europe.com\/bigmed\/"},"modified":"2026-03-11T10:11:18","modified_gmt":"2026-03-11T09:11:18","slug":"bigmed","status":"publish","type":"page","link":"https:\/\/www.ebma-europe.com\/es\/bigmed\/","title":{"rendered":"BI(G)MED"},"content":{"rendered":"\n<div class=\"wp-block-group alignfull is-style-default has-global-padding is-layout-constrained wp-block-group-is-layout-constrained\" style=\"padding-top:0;padding-bottom:0\">\n<div class=\"wp-block-cover alignfull is-light is-style-default\" style=\"margin-top:0;margin-bottom:0;padding-top:var(--wp--preset--spacing--xl);padding-bottom:var(--wp--preset--spacing--xl);min-height:50px;aspect-ratio:unset;\"><span aria-hidden=\"true\" class=\"wp-block-cover__background has-neutral-100-background-color has-background-dim-100 has-background-dim\"><\/span><div class=\"wp-block-cover__inner-container has-global-padding is-layout-constrained wp-container-core-cover-is-layout-f26b76e4 wp-block-cover-is-layout-constrained\">\n\t<div class=\"has-text-align-center skp-block-breadcrumb wp-block-skp-breadcrumb has-sm-font-size\" id=\"skp-block-breadcrumb-69e30740887cf8.80883684\">\n\t\t\n<nav\tclass=\"breadcrumb\"\n\taria-label=\"Breadcrumbs\">\n\t<ol class=\"breadcrumb__list\">\n\t\t\t\t\t<li class=\"breadcrumb__item\">\n\t\t\t\t\t\t\t\t\t<a href=\"https:\/\/www.ebma-europe.com\/es\/inicio\/\" class=\"breadcrumb__link\">\n\t\t\t\t\t\tInicio\t\t\t\t\t<\/a>\n\t\t\t\t\t\t\t\t\t\t\t\t<\/li>\n\t\t\t<\/ol>\n\n\t<\/nav>\t<\/div>\n\n\n<h1 style=\"text-align: center;\" class=\"has-text-align-center skp-block-primary-title wp-block-skp-primary-title\" id=\"skp-block-primary-title-69e307408a2ba0.05403446\">\n\tBI(G)MED<\/h1>\n\n\n\n<p class=\"has-text-align-center\"><\/p>\n<\/div><\/div>\n\n\n\n<p><\/p>\n<\/div>\n\n\n\n<div class=\"wp-block-group alignwide has-global-padding is-layout-constrained wp-block-group-is-layout-constrained\" style=\"margin-top:var(--wp--preset--spacing--md);margin-bottom:var(--wp--preset--spacing--md)\">\n<div data-wp-context=\"{}\" data-wp-interactive=\"core\/query\" data-wp-key=\"3\" data-wp-router-region=\"query-3\" class=\"wp-block-query alignwide has-global-padding is-layout-constrained wp-block-query-is-layout-constrained\"><ul class=\"alignwide wp-block-post-template is-layout-grid wp-container-core-post-template-is-layout-db4bfc87 wp-block-post-template-is-layout-grid is-content-justification-center post-template-1\"><li data-wp-key=\"post-template-item-9523\" class=\"wp-block-post post-9523 page type-page status-publish hentry\">\n<div class=\"skp-block-post-card wp-block-skp-post-card skp-no-results\" id=\"skp-block-post-card-69e307408d9d00.62951559\">\n<article\n\tclass=\"post-card page-card wp-block-group has-no-image\">\n\t\n\t<div class=\"page-card__content wp-block-group\">\n\n\t\t<div class=\"page-card__main wp-block-group\">\n\t\t\t<h3 class=\"page-card__title wp-block-post-title\">\n\t\t\t\t<a href=\"https:\/\/www.ebma-europe.com\/es\/bigmed\/que-es-la-medicina-bio-inmunogenetica\/\">\u00bfQu\u00e9 es la Medicina Bio Inmuno(G)en\u00e9tica?<\/a>\n\t\t\t<\/h3>\n\n\t\t\t\t\t\t\t<div class=\"page-card__excerpt wp-block-paragraph\">\n\t\t\t\t\tBI(G)MED significa Medicina Bio-Inmuno(G)en\u00e9tica. Este enfoque m\u00e9dico innovador tiene como objetivo restablecer la autorregulaci\u00f3n natural de las c\u00e9lulas.\t\t\t\t<\/div>\n\t\t\t\t\t<\/div>\n\n\t\t<div class=\"wp-block-button is-style-btn-outline-secondary\">\n\t\t\t<a href=\"https:\/\/www.ebma-europe.com\/es\/bigmed\/que-es-la-medicina-bio-inmunogenetica\/\" class=\"wp-block-button__link wp-element-button\">\n\t\t\t\tM\u00e1s informaci\u00f3n\t\t\t<\/a>\n\t\t<\/div>\n\n\t<\/div>\n<\/article><\/div>\n<\/li><li data-wp-key=\"post-template-item-9665\" class=\"wp-block-post post-9665 page type-page status-publish hentry\">\n<div class=\"skp-block-post-card wp-block-skp-post-card\" id=\"skp-block-post-card-69e307408f4bb1.14335847\">\n<article\n\tclass=\"post-card page-card wp-block-group has-no-image\">\n\t\n\t<div class=\"page-card__content wp-block-group\">\n\n\t\t<div class=\"page-card__main wp-block-group\">\n\t\t\t<h3 class=\"page-card__title wp-block-post-title\">\n\t\t\t\t<a href=\"https:\/\/www.ebma-europe.com\/es\/bigmed\/campos-terapeuticos\/\">Campos terap\u00e9uticos<\/a>\n\t\t\t<\/h3>\n\n\t\t\t\t\t\t\t<div class=\"page-card__excerpt wp-block-paragraph\">\n\t\t\t\t\tEs posible actuar a nivel celular para restablecer la homeostasis alterada en todo tipo de patolog\u00eda: enfermedades infecciosas, autoinmunes, cardiovasculares, metab\u00f3licas, neurodegenerativas, c\u00e1nceres&#8230;\t\t\t\t<\/div>\n\t\t\t\t\t<\/div>\n\n\t\t<div class=\"wp-block-button is-style-btn-outline-secondary\">\n\t\t\t<a href=\"https:\/\/www.ebma-europe.com\/es\/bigmed\/campos-terapeuticos\/\" class=\"wp-block-button__link wp-element-button\">\n\t\t\t\tM\u00e1s informaci\u00f3n\t\t\t<\/a>\n\t\t<\/div>\n\n\t<\/div>\n<\/article><\/div>\n<\/li><li data-wp-key=\"post-template-item-9669\" class=\"wp-block-post post-9669 page type-page status-publish hentry\">\n<div class=\"skp-block-post-card wp-block-skp-post-card\" id=\"skp-block-post-card-69e3074090ddf9.19816765\">\n<article\n\tclass=\"post-card page-card wp-block-group has-no-image\">\n\t\n\t<div class=\"page-card__content wp-block-group\">\n\n\t\t<div class=\"page-card__main wp-block-group\">\n\t\t\t<h3 class=\"page-card__title wp-block-post-title\">\n\t\t\t\t<a href=\"https:\/\/www.ebma-europe.com\/es\/bigmed\/directorio-de-terapeutas\/\">Directorio de terapeutas<\/a>\n\t\t\t<\/h3>\n\n\t\t\t\t\t<\/div>\n\n\t\t<div class=\"wp-block-button is-style-btn-outline-secondary\">\n\t\t\t<a href=\"https:\/\/www.ebma-europe.com\/es\/bigmed\/directorio-de-terapeutas\/\" class=\"wp-block-button__link wp-element-button\">\n\t\t\t\tM\u00e1s informaci\u00f3n\t\t\t<\/a>\n\t\t<\/div>\n\n\t<\/div>\n<\/article><\/div>\n<\/li><li data-wp-key=\"post-template-item-9635\" class=\"wp-block-post post-9635 page type-page status-publish hentry\">\n<div class=\"skp-block-post-card wp-block-skp-post-card\" id=\"skp-block-post-card-69e30740925609.85514799\">\n<article\n\tclass=\"post-card page-card wp-block-group has-no-image\">\n\t\n\t<div class=\"page-card__content wp-block-group\">\n\n\t\t<div class=\"page-card__main wp-block-group\">\n\t\t\t<h3 class=\"page-card__title wp-block-post-title\">\n\t\t\t\t<a href=\"https:\/\/www.ebma-europe.com\/es\/bigmed\/doctor-gilbert-glady\/\">Doctor Gilbert Glady<\/a>\n\t\t\t<\/h3>\n\n\t\t\t\t\t\t\t<div class=\"page-card__excerpt wp-block-paragraph\">\n\t\t\t\t\tEl Doctor Gilbert Glady es el creador de la Medicina Bio Inmuno(G)en\u00e9tica, fundador y presidente de la Asociaci\u00f3n Europea de Medicina Bio Inmuno(G)en\u00e9tica.\t\t\t\t<\/div>\n\t\t\t\t\t<\/div>\n\n\t\t<div class=\"wp-block-button is-style-btn-outline-secondary\">\n\t\t\t<a href=\"https:\/\/www.ebma-europe.com\/es\/bigmed\/doctor-gilbert-glady\/\" class=\"wp-block-button__link wp-element-button\">\n\t\t\t\tM\u00e1s informaci\u00f3n\t\t\t<\/a>\n\t\t<\/div>\n\n\t<\/div>\n<\/article><\/div>\n<\/li><li data-wp-key=\"post-template-item-9640\" class=\"wp-block-post post-9640 page type-page status-publish hentry\">\n<div class=\"skp-block-post-card wp-block-skp-post-card\" id=\"skp-block-post-card-69e3074093e438.66387040\">\n<article\n\tclass=\"post-card page-card wp-block-group has-no-image\">\n\t\n\t<div class=\"page-card__content wp-block-group\">\n\n\t\t<div class=\"page-card__main wp-block-group\">\n\t\t\t<h3 class=\"page-card__title wp-block-post-title\">\n\t\t\t\t<a href=\"https:\/\/www.ebma-europe.com\/es\/bigmed\/el-enfoque-bigmed\/\">El enfoque BI(G)MED<\/a>\n\t\t\t<\/h3>\n\n\t\t\t\t\t\t\t<div class=\"page-card__excerpt wp-block-paragraph\">\n\t\t\t\t\tLa BI(G)MED es un enfoque m\u00e9dico completo que articula de forma coherente un diagn\u00f3stico de precisi\u00f3n y una terap\u00e9utica personalizada.\t\t\t\t<\/div>\n\t\t\t\t\t<\/div>\n\n\t\t<div class=\"wp-block-button is-style-btn-outline-secondary\">\n\t\t\t<a href=\"https:\/\/www.ebma-europe.com\/es\/bigmed\/el-enfoque-bigmed\/\" class=\"wp-block-button__link wp-element-button\">\n\t\t\t\tM\u00e1s informaci\u00f3n\t\t\t<\/a>\n\t\t<\/div>\n\n\t<\/div>\n<\/article><\/div>\n<\/li><li data-wp-key=\"post-template-item-9626\" class=\"wp-block-post post-9626 page type-page status-publish hentry\">\n<div class=\"skp-block-post-card wp-block-skp-post-card\" id=\"skp-block-post-card-69e30740956457.14197762\">\n<article\n\tclass=\"post-card page-card wp-block-group has-no-image\">\n\t\n\t<div class=\"page-card__content wp-block-group\">\n\n\t\t<div class=\"page-card__main wp-block-group\">\n\t\t\t<h3 class=\"page-card__title wp-block-post-title\">\n\t\t\t\t<a href=\"https:\/\/www.ebma-europe.com\/es\/bigmed\/los-origenes-de-la-bigmed\/\">Los or\u00edgenes de la BI(G)MED<\/a>\n\t\t\t<\/h3>\n\n\t\t\t\t\t\t\t<div class=\"page-card__excerpt wp-block-paragraph\">\n\t\t\t\t\tEn 2010, el Dr. Glady crea la Medicina Bio Inmuno(G)en\u00e9tica (BI(G)MED), integrando estos descubrimientos en microinmunoterapia para modular mejor la expresi\u00f3n de los genes gracias a los microARNs.\t\t\t\t<\/div>\n\t\t\t\t\t<\/div>\n\n\t\t<div class=\"wp-block-button is-style-btn-outline-secondary\">\n\t\t\t<a href=\"https:\/\/www.ebma-europe.com\/es\/bigmed\/los-origenes-de-la-bigmed\/\" class=\"wp-block-button__link wp-element-button\">\n\t\t\t\tM\u00e1s informaci\u00f3n\t\t\t<\/a>\n\t\t<\/div>\n\n\t<\/div>\n<\/article><\/div>\n<\/li><li data-wp-key=\"post-template-item-9671\" class=\"wp-block-post post-9671 page type-page status-publish hentry\">\n<div class=\"skp-block-post-card wp-block-skp-post-card\" id=\"skp-block-post-card-69e3074098c781.14559731\">\n<article\n\tclass=\"post-card page-card wp-block-group has-no-image\">\n\t\n\t<div class=\"page-card__content wp-block-group\">\n\n\t\t<div class=\"page-card__main wp-block-group\">\n\t\t\t<h3 class=\"page-card__title wp-block-post-title\">\n\t\t\t\t<a href=\"https:\/\/www.ebma-europe.com\/es\/bigmed\/testimonios\/\">Testimonios<\/a>\n\t\t\t<\/h3>\n\n\t\t\t\t\t\t\t<div class=\"page-card__excerpt wp-block-paragraph\">\n\t\t\t\t\tDescubra los testimonios de m\u00e9dicos y pacientes que han adoptado el m\u00e9todo BI(G)MED. La BIGMED es una posibilidad realista y cient\u00edfica de tratar al paciente de manera global y con posibilidades de mejora, e incluso de curaci\u00f3n, de enfermedades cr\u00f3nicas o cronificadas por los tratamientos convencionales.Profesionalmente, estoy entusiasmada y completamente implicada en la BI(G)MED. Dra&#8230;.\t\t\t\t<\/div>\n\t\t\t\t\t<\/div>\n\n\t\t<div class=\"wp-block-button is-style-btn-outline-secondary\">\n\t\t\t<a href=\"https:\/\/www.ebma-europe.com\/es\/bigmed\/testimonios\/\" class=\"wp-block-button__link wp-element-button\">\n\t\t\t\tM\u00e1s informaci\u00f3n\t\t\t<\/a>\n\t\t<\/div>\n\n\t<\/div>\n<\/article><\/div>\n<\/li><\/ul><\/div>\n<\/div>\n","protected":false},"excerpt":{"rendered":"","protected":false},"author":778,"featured_media":0,"parent":0,"menu_order":5,"comment_status":"closed","ping_status":"closed","template":"","meta":{"_acf_changed":false,"footnotes":""},"class_list":["post-9867","page","type-page","status-publish","hentry"],"acf":[],"yoast_head":"<!-- This site is optimized with the Yoast SEO plugin v27.4 - https:\/\/yoast.com\/product\/yoast-seo-wordpress\/ -->\n<title>BI(G)MED | EBMA Europe<\/title>\n<meta name=\"robots\" content=\"index, follow, max-snippet:-1, max-image-preview:large, max-video-preview:-1\" \/>\n<link rel=\"canonical\" href=\"https:\/\/www.ebma-europe.com\/es\/bigmed\/\" \/>\n<meta property=\"og:locale\" content=\"es_ES\" \/>\n<meta property=\"og:type\" content=\"article\" \/>\n<meta property=\"og:title\" content=\"BI(G)MED\" \/>\n<meta property=\"og:url\" content=\"https:\/\/www.ebma-europe.com\/es\/bigmed\/\" \/>\n<meta property=\"og:site_name\" content=\"EBMA Europe\" \/>\n<meta property=\"article:modified_time\" content=\"2026-03-11T09:11:18+00:00\" \/>\n<meta property=\"og:image\" content=\"https:\/\/www.ebma-europe.com\/wp-inside\/uploads\/2026\/03\/og-ebma.jpg\" \/>\n\t<meta property=\"og:image:width\" content=\"1200\" \/>\n\t<meta property=\"og:image:height\" content=\"675\" \/>\n\t<meta property=\"og:image:type\" content=\"image\/jpeg\" \/>\n<meta name=\"twitter:card\" content=\"summary_large_image\" \/>\n<script type=\"application\/ld+json\" class=\"yoast-schema-graph\">{\"@context\":\"https:\\\/\\\/schema.org\",\"@graph\":[{\"@type\":\"WebPage\",\"@id\":\"https:\\\/\\\/www.ebma-europe.com\\\/es\\\/bigmed\\\/\",\"url\":\"https:\\\/\\\/www.ebma-europe.com\\\/es\\\/bigmed\\\/\",\"name\":\"BI(G)MED\",\"isPartOf\":{\"@id\":\"https:\\\/\\\/www.ebma-europe.com\\\/es\\\/#website\"},\"datePublished\":\"2025-09-17T09:38:34+00:00\",\"dateModified\":\"2026-03-11T09:11:18+00:00\",\"breadcrumb\":{\"@id\":\"https:\\\/\\\/www.ebma-europe.com\\\/es\\\/bigmed\\\/#breadcrumb\"},\"inLanguage\":\"es\",\"potentialAction\":[{\"@type\":\"ReadAction\",\"target\":[\"https:\\\/\\\/www.ebma-europe.com\\\/es\\\/bigmed\\\/\"]}]},{\"@type\":\"BreadcrumbList\",\"@id\":\"https:\\\/\\\/www.ebma-europe.com\\\/es\\\/bigmed\\\/#breadcrumb\",\"itemListElement\":[{\"@type\":\"ListItem\",\"position\":1,\"name\":\"Inicio\",\"item\":\"https:\\\/\\\/www.ebma-europe.com\\\/es\\\/inicio\\\/\"},{\"@type\":\"ListItem\",\"position\":2,\"name\":\"BI(G)MED\"}]},{\"@type\":\"WebSite\",\"@id\":\"https:\\\/\\\/www.ebma-europe.com\\\/es\\\/#website\",\"url\":\"https:\\\/\\\/www.ebma-europe.com\\\/es\\\/\",\"name\":\"EBMA Europe\",\"description\":\"European Bio Immune(G)ene Medicine Association\",\"publisher\":{\"@id\":\"https:\\\/\\\/www.ebma-europe.com\\\/es\\\/#organization\"},\"alternateName\":\"EBMA\",\"potentialAction\":[{\"@type\":\"SearchAction\",\"target\":{\"@type\":\"EntryPoint\",\"urlTemplate\":\"https:\\\/\\\/www.ebma-europe.com\\\/es\\\/?s={search_term_string}\"},\"query-input\":{\"@type\":\"PropertyValueSpecification\",\"valueRequired\":true,\"valueName\":\"search_term_string\"}}],\"inLanguage\":\"es\"},{\"@type\":\"Organization\",\"@id\":\"https:\\\/\\\/www.ebma-europe.com\\\/es\\\/#organization\",\"name\":\"EBMA Europe\",\"alternateName\":\"EBMA\",\"url\":\"https:\\\/\\\/www.ebma-europe.com\\\/es\\\/\",\"logo\":{\"@type\":\"ImageObject\",\"inLanguage\":\"es\",\"@id\":\"https:\\\/\\\/www.ebma-europe.com\\\/es\\\/#\\\/schema\\\/logo\\\/image\\\/\",\"url\":\"https:\\\/\\\/www.ebma-europe.com\\\/wp-inside\\\/uploads\\\/2026\\\/03\\\/enity-logo-ebma.png\",\"contentUrl\":\"https:\\\/\\\/www.ebma-europe.com\\\/wp-inside\\\/uploads\\\/2026\\\/03\\\/enity-logo-ebma.png\",\"width\":696,\"height\":696,\"caption\":\"EBMA Europe\"},\"image\":{\"@id\":\"https:\\\/\\\/www.ebma-europe.com\\\/es\\\/#\\\/schema\\\/logo\\\/image\\\/\"},\"sameAs\":[\"https:\\\/\\\/fr.linkedin.com\\\/company\\\/ebma-europe\"]}]}<\/script>\n<!-- \/ Yoast SEO plugin. -->","yoast_head_json":{"title":"BI(G)MED | EBMA Europe","robots":{"index":"index","follow":"follow","max-snippet":"max-snippet:-1","max-image-preview":"max-image-preview:large","max-video-preview":"max-video-preview:-1"},"canonical":"https:\/\/www.ebma-europe.com\/es\/bigmed\/","og_locale":"es_ES","og_type":"article","og_title":"BI(G)MED","og_url":"https:\/\/www.ebma-europe.com\/es\/bigmed\/","og_site_name":"EBMA Europe","article_modified_time":"2026-03-11T09:11:18+00:00","og_image":[{"width":1200,"height":675,"url":"https:\/\/www.ebma-europe.com\/wp-inside\/uploads\/2026\/03\/og-ebma.jpg","type":"image\/jpeg"}],"twitter_card":"summary_large_image","schema":{"@context":"https:\/\/schema.org","@graph":[{"@type":"WebPage","@id":"https:\/\/www.ebma-europe.com\/es\/bigmed\/","url":"https:\/\/www.ebma-europe.com\/es\/bigmed\/","name":"BI(G)MED","isPartOf":{"@id":"https:\/\/www.ebma-europe.com\/es\/#website"},"datePublished":"2025-09-17T09:38:34+00:00","dateModified":"2026-03-11T09:11:18+00:00","breadcrumb":{"@id":"https:\/\/www.ebma-europe.com\/es\/bigmed\/#breadcrumb"},"inLanguage":"es","potentialAction":[{"@type":"ReadAction","target":["https:\/\/www.ebma-europe.com\/es\/bigmed\/"]}]},{"@type":"BreadcrumbList","@id":"https:\/\/www.ebma-europe.com\/es\/bigmed\/#breadcrumb","itemListElement":[{"@type":"ListItem","position":1,"name":"Inicio","item":"https:\/\/www.ebma-europe.com\/es\/inicio\/"},{"@type":"ListItem","position":2,"name":"BI(G)MED"}]},{"@type":"WebSite","@id":"https:\/\/www.ebma-europe.com\/es\/#website","url":"https:\/\/www.ebma-europe.com\/es\/","name":"EBMA Europe","description":"European Bio Immune(G)ene Medicine Association","publisher":{"@id":"https:\/\/www.ebma-europe.com\/es\/#organization"},"alternateName":"EBMA","potentialAction":[{"@type":"SearchAction","target":{"@type":"EntryPoint","urlTemplate":"https:\/\/www.ebma-europe.com\/es\/?s={search_term_string}"},"query-input":{"@type":"PropertyValueSpecification","valueRequired":true,"valueName":"search_term_string"}}],"inLanguage":"es"},{"@type":"Organization","@id":"https:\/\/www.ebma-europe.com\/es\/#organization","name":"EBMA Europe","alternateName":"EBMA","url":"https:\/\/www.ebma-europe.com\/es\/","logo":{"@type":"ImageObject","inLanguage":"es","@id":"https:\/\/www.ebma-europe.com\/es\/#\/schema\/logo\/image\/","url":"https:\/\/www.ebma-europe.com\/wp-inside\/uploads\/2026\/03\/enity-logo-ebma.png","contentUrl":"https:\/\/www.ebma-europe.com\/wp-inside\/uploads\/2026\/03\/enity-logo-ebma.png","width":696,"height":696,"caption":"EBMA Europe"},"image":{"@id":"https:\/\/www.ebma-europe.com\/es\/#\/schema\/logo\/image\/"},"sameAs":["https:\/\/fr.linkedin.com\/company\/ebma-europe"]}]}},"_links":{"self":[{"href":"https:\/\/www.ebma-europe.com\/es\/wp-json\/wp\/v2\/pages\/9867","targetHints":{"allow":["GET"]}}],"collection":[{"href":"https:\/\/www.ebma-europe.com\/es\/wp-json\/wp\/v2\/pages"}],"about":[{"href":"https:\/\/www.ebma-europe.com\/es\/wp-json\/wp\/v2\/types\/page"}],"author":[{"embeddable":true,"href":"https:\/\/www.ebma-europe.com\/es\/wp-json\/wp\/v2\/users\/778"}],"replies":[{"embeddable":true,"href":"https:\/\/www.ebma-europe.com\/es\/wp-json\/wp\/v2\/comments?post=9867"}],"version-history":[{"count":3,"href":"https:\/\/www.ebma-europe.com\/es\/wp-json\/wp\/v2\/pages\/9867\/revisions"}],"predecessor-version":[{"id":13181,"href":"https:\/\/www.ebma-europe.com\/es\/wp-json\/wp\/v2\/pages\/9867\/revisions\/13181"}],"wp:attachment":[{"href":"https:\/\/www.ebma-europe.com\/es\/wp-json\/wp\/v2\/media?parent=9867"}],"curies":[{"name":"wp","href":"https:\/\/api.w.org\/{rel}","templated":true}]}}