{"id":10026,"date":"2026-01-09T12:31:41","date_gmt":"2026-01-09T11:31:41","guid":{"rendered":"https:\/\/www.ebma-europe.com\/formations\/masterclass\/"},"modified":"2026-03-05T22:31:47","modified_gmt":"2026-03-05T21:31:47","slug":"masterclass","status":"publish","type":"product","link":"https:\/\/www.ebma-europe.com\/es\/formaciones\/masterclass\/","title":{"rendered":"Masterclass"},"content":{"rendered":"\n<div class=\"wp-block-group has-neutral-200-background-color has-background has-global-padding is-layout-constrained wp-container-core-group-is-layout-9e4f769e wp-block-group-is-layout-constrained\" style=\"border-radius:2px;padding-top:var(--wp--preset--spacing--lg);padding-right:var(--wp--preset--spacing--2-xs);padding-bottom:var(--wp--preset--spacing--lg);padding-left:var(--wp--preset--spacing--2-xs)\">\n<div class=\"wp-block-group alignwide has-global-padding is-layout-constrained wp-block-group-is-layout-constrained\">\n<div class=\"wp-block-group is-nowrap is-layout-flex wp-container-core-group-is-layout-39ed155c wp-block-group-is-layout-flex\" style=\"margin-top:0;margin-bottom:var(--wp--preset--spacing--xs)\">\n<div class=\"wp-block-outermost-icon-block items-justified-center is-style-icon-deco-01\"><div class=\"icon-container has-icon-color has-no-icon-fill-color has-primary-700-color\" style=\"color:#0D3259;width:50px;transform:rotate(0deg) scaleX(1) scaleY(1)\"><svg class=\"skp-icon skp-icon-service\" aria-hidden=\"true\" role=\"img\" focusable=\"false\" xmlns=\"http:\/\/www.w3.org\/2000\/svg\" width=\"24\" height=\"24\" viewBox=\"0 0 24 24\" aria-label=\"service\"><g transform=\"scale(0.24, 0.24)\"><path d=\"M83.969,72.683c-0.666,-1.043 -2.032,-1.285 -3.223,-0.833c-6.89,2.615 -16.777,6.36 -28.893,6.381l-0.105,0c-3.539,0.02 -7.049,-0.395 -10.169,-1.215c-1.668,-0.438 -2.666,-2.149 -2.228,-3.817c0.438,-1.668 2.149,-2.666 3.817,-2.228c2.621,0.689 5.569,1.027 8.541,1.01l0.04,-0l0.054,-0c2.506,-0.021 4.953,-0.264 6.991,-1.01c2.104,-0.769 3.225,-2.564 2.446,-4.452c-0.379,-0.919 -1.147,-1.504 -2.045,-1.754c-0.667,-0.186 -1.395,-0.195 -2.126,-0.096c-12.486,1.698 -20.211,-2.337 -26.475,-5.886c-3.337,-1.89 -6.095,-3.752 -9.193,-3.752c-3.558,0 -5.513,0.679 -7.965,1.446c-1.646,0.515 -3.401,-0.403 -3.916,-2.049c-0.515,-1.646 0.403,-3.401 2.049,-3.916c3.024,-0.947 5.444,-1.732 9.832,-1.732c4.085,0 7.872,2.07 12.274,4.564c5.342,3.026 11.905,6.579 22.552,5.131c1.6,-0.218 3.189,-0.138 4.648,0.269c2.725,0.76 4.994,2.603 6.144,5.391c0.785,1.902 0.967,3.818 0.601,5.589c4.214,-1.159 7.875,-2.566 10.911,-3.718c4.252,-1.614 8.987,-0.066 11.087,3.968l0.029,0.056c0.064,0.13 0.079,0.152 0,0c2.193,4.213 0.59,9.409 -3.599,11.647c-7.143,3.816 -17.791,8.948 -33.802,8.948c-13.466,0 -25.808,-5.187 -33.49,-9.355c-3.021,-1.639 -5.132,-1.458 -5.531,-1.376c-0.241,0.057 -0.483,0.085 -0.721,0.085c-1.382,0 -2.647,-0.923 -3.02,-2.32c-0.444,-1.667 0.548,-3.38 2.215,-3.824c0,0 4.082,-1.289 10.038,1.942c7.003,3.8 18.234,8.598 30.51,8.598c14.621,0 24.334,-4.726 30.857,-8.21c1.168,-0.624 1.612,-2.074 1.001,-3.249c0.158,0.303 -0.03,-0.057 -0.03,-0.057c-0.032,-0.061 -0.066,-0.12 -0.102,-0.176Zm-40.003,-32.776l-2.875,1.683c-1.489,0.871 -3.404,0.37 -4.275,-1.119c-0.871,-1.489 -0.37,-3.404 1.119,-4.275l2.849,-1.667c-0.47,-1.432 -0.725,-2.961 -0.725,-4.55c0,-1.587 0.254,-3.114 0.723,-4.544l-2.852,-1.676c-1.487,-0.874 -1.984,-2.791 -1.11,-4.278c0.874,-1.487 2.791,-1.984 4.278,-1.11l2.865,1.684c1.982,-2.128 4.593,-3.662 7.537,-4.306l0,-3.249c0,-1.725 1.4,-3.125 3.125,-3.125c1.725,0 3.125,1.4 3.125,3.125l-0,3.249c2.883,0.63 5.447,2.114 7.412,4.174l2.64,-1.552c1.487,-0.874 3.404,-0.377 4.278,1.11c0.874,1.487 0.377,3.404 -1.11,4.278l-2.56,1.505c0.506,1.479 0.78,3.065 0.78,4.715c0,1.652 -0.275,3.24 -0.782,4.721l2.556,1.496c1.489,0.871 1.99,2.787 1.119,4.275c-0.871,1.489 -2.787,1.99 -4.275,1.119l-2.65,-1.551c-1.965,2.057 -4.527,3.54 -7.408,4.169l0,3.249c0,1.725 -1.4,3.125 -3.125,3.125c-1.725,0 -3.125,-1.4 -3.125,-3.125l0,-3.249c-2.942,-0.643 -5.552,-2.175 -7.533,-4.301Zm2.342,-9.929c0,4.593 3.723,8.316 8.316,8.316c4.593,0 8.316,-3.723 8.316,-8.316c0,-4.593 -3.723,-8.316 -8.316,-8.316c-4.593,0 -8.316,3.723 -8.316,8.316Z\" fill=\"currentColor\"><\/path><\/g><\/svg><\/div><\/div>\n\n\n\n<h2 class=\"wp-block-heading\" style=\"margin-top:0;margin-right:0;margin-bottom:0;margin-left:0\">Requisitos<\/h2>\n<\/div>\n\n\n\n<div class=\"wp-block-group is-vertical is-content-justification-stretch is-layout-flex wp-container-core-group-is-layout-69c550ab wp-block-group-is-layout-flex\">\n<p><strong>Requisitos previos<\/strong>: haber completado el ciclo de iniciaci\u00f3n<\/p>\n\n\n\n<p><strong>Moderador<\/strong>: equipo de formaciones BI(G)MED Espa\u00f1a<\/p>\n\n\n\n<p><strong>Modalidad<\/strong>: Zoom \u2013 1 h 00 min, de 19:300 a 20:30<\/p>\n<\/div>\n\n\n\n<h3 class=\"wp-block-heading\">Pr\u00f3ximas sesiones<\/h3>\n\n\n\n<div class=\"session-dates-table-block wp-block-skp-session-dates-table\">\n\t<figure class=\"wp-block-table\">\n\t\t<table class=\"session-dates-table\">\n\t\t\t<thead>\n\t\t\t\t<tr>\n\t\t\t\t\t<th class=\"session-name-header\"><\/th>\n\t\t\t\t\t\t\t\t\t\t\t<th class=\"module-header\">\n\t\t\t\t\t\t\tMasterclass\t\t\t\t\t\t<\/th>\n\t\t\t\t\t\t\t\t\t<\/tr>\n\t\t\t<\/thead>\n\t\t\t<tbody>\n\t\t\t\t\t\t\t\t\t<tr class=\"session-upcoming\">\n\t\t\t\t\t\t<td class=\"session-name\">\n\t\t\t\t\t\t\tSesi\u00f3n 4 (2026)\t\t\t\t\t\t<\/td>\n\t\t\t\t\t\t\t\t\t\t\t\t\t\t\t\t\t\t\t\t<td class=\"module-date \">\n\t\t\t\t\t\t\t\t28 abril\t\t\t\t\t\t\t<\/td>\n\t\t\t\t\t\t\t\t\t\t\t<\/tr>\n\t\t\t\t\t\t\t\t\t<tr class=\"session-upcoming\">\n\t\t\t\t\t\t<td class=\"session-name\">\n\t\t\t\t\t\t\tSesi\u00f3n 7 (2026)\t\t\t\t\t\t<\/td>\n\t\t\t\t\t\t\t\t\t\t\t\t\t\t\t\t\t\t\t\t<td class=\"module-date \">\n\t\t\t\t\t\t\t\t28 abril\t\t\t\t\t\t\t<\/td>\n\t\t\t\t\t\t\t\t\t\t\t<\/tr>\n\t\t\t\t\t\t\t\t\t<tr class=\"session-upcoming\">\n\t\t\t\t\t\t<td class=\"session-name\">\n\t\t\t\t\t\t\tSesi\u00f3n 5 (2026)\t\t\t\t\t\t<\/td>\n\t\t\t\t\t\t\t\t\t\t\t\t\t\t\t\t\t\t\t\t<td class=\"module-date \">\n\t\t\t\t\t\t\t\t26 mayo\t\t\t\t\t\t\t<\/td>\n\t\t\t\t\t\t\t\t\t\t\t<\/tr>\n\t\t\t\t\t\t\t\t\t<tr class=\"session-upcoming\">\n\t\t\t\t\t\t<td class=\"session-name\">\n\t\t\t\t\t\t\tSesi\u00f3n 6 (2026)\t\t\t\t\t\t<\/td>\n\t\t\t\t\t\t\t\t\t\t\t\t\t\t\t\t\t\t\t\t<td class=\"module-date \">\n\t\t\t\t\t\t\t\t30 junio\t\t\t\t\t\t\t<\/td>\n\t\t\t\t\t\t\t\t\t\t\t<\/tr>\n\t\t\t\t\t\t\t\t\t<tr class=\"session-upcoming\">\n\t\t\t\t\t\t<td class=\"session-name\">\n\t\t\t\t\t\t\tSesi\u00f3n 8 (2026)\t\t\t\t\t\t<\/td>\n\t\t\t\t\t\t\t\t\t\t\t\t\t\t\t\t\t\t\t\t<td class=\"module-date \">\n\t\t\t\t\t\t\t\t29 septiembre\t\t\t\t\t\t\t<\/td>\n\t\t\t\t\t\t\t\t\t\t\t<\/tr>\n\t\t\t\t\t\t\t\t\t<tr class=\"session-upcoming\">\n\t\t\t\t\t\t<td class=\"session-name\">\n\t\t\t\t\t\t\tSesi\u00f3n 9 (2026)\t\t\t\t\t\t<\/td>\n\t\t\t\t\t\t\t\t\t\t\t\t\t\t\t\t\t\t\t\t<td class=\"module-date \">\n\t\t\t\t\t\t\t\t27 octubre\t\t\t\t\t\t\t<\/td>\n\t\t\t\t\t\t\t\t\t\t\t<\/tr>\n\t\t\t\t\t\t\t\t\t<tr class=\"session-upcoming\">\n\t\t\t\t\t\t<td class=\"session-name\">\n\t\t\t\t\t\t\tSesi\u00f3n 10 (2026)\t\t\t\t\t\t<\/td>\n\t\t\t\t\t\t\t\t\t\t\t\t\t\t\t\t\t\t\t\t<td class=\"module-date \">\n\t\t\t\t\t\t\t\t24 noviembre\t\t\t\t\t\t\t<\/td>\n\t\t\t\t\t\t\t\t\t\t\t<\/tr>\n\t\t\t\t\t\t\t\t\t<tr class=\"session-upcoming\">\n\t\t\t\t\t\t<td class=\"session-name\">\n\t\t\t\t\t\t\tSesi\u00f3n 11 (2026)\t\t\t\t\t\t<\/td>\n\t\t\t\t\t\t\t\t\t\t\t\t\t\t\t\t\t\t\t\t<td class=\"module-date \">\n\t\t\t\t\t\t\t\t15 diciembre\t\t\t\t\t\t\t<\/td>\n\t\t\t\t\t\t\t\t\t\t\t<\/tr>\n\t\t\t\t\t\t\t<\/tbody>\n\t\t<\/table>\n\t<\/figure>\n<\/div>\n\n\n\n<div class=\"wp-block-group is-nowrap is-layout-flex wp-container-core-group-is-layout-325ab10d wp-block-group-is-layout-flex\" style=\"margin-top:var(--wp--preset--spacing--lg);margin-bottom:var(--wp--preset--spacing--xs)\">\n<div class=\"wp-block-outermost-icon-block items-justified-center is-style-icon-deco-01\"><div class=\"icon-container has-icon-color has-no-icon-fill-color has-primary-700-color\" style=\"color:#0D3259;width:50px\"><\/div><\/div>\n\n\n\n<h2 class=\"wp-block-heading\" style=\"margin-top:0;margin-right:0;margin-bottom:0;margin-left:0\">Contenido<\/h2>\n<\/div>\n\n\n\n<div class=\"wp-block-group is-vertical is-content-justification-stretch is-layout-flex wp-container-core-group-is-layout-f0c6f46d wp-block-group-is-layout-flex\" style=\"border-bottom-left-radius:16px;border-bottom-right-radius:16px;margin-top:var(--wp--preset--spacing--xs);margin-bottom:var(--wp--preset--spacing--xs)\">\n<p>Las Masterclass son momentos valiosos de intercambio dedicados a <strong>terapeutas BI(G)MED<\/strong> experimentados o en formaci\u00f3n.<\/p>\n\n\n\n<p>Estos encuentros son la oportunidad de explorar colectivamente casos cl\u00ednicos aportados por los participantes. El fruto de la inteligencia colectiva ofrece respuestas esclarecedoras a las cuestiones planteadas. <\/p>\n\n\n\n<p>La interpretaci\u00f3n colegiada de los balances, la elecci\u00f3n de las f\u00f3rmulas y sus posolog\u00edas es una forma de pasar de la teor\u00eda a la pr\u00e1ctica de manera concreta. Tambi\u00e9n es la ocasi\u00f3n de obtener informaci\u00f3n complementaria. <\/p>\n\n\n\n<p><\/p>\n<\/div>\n\n\n\n<div class=\"wp-block-group is-nowrap is-layout-flex wp-container-core-group-is-layout-e4da2c66 wp-block-group-is-layout-flex\" style=\"margin-top:var(--wp--preset--spacing--lg);margin-bottom:var(--wp--preset--spacing--xs)\">\n<div class=\"wp-block-outermost-icon-block items-justified-center is-style-icon-deco-01\"><div class=\"icon-container has-icon-color has-no-icon-fill-color has-primary-700-color\" style=\"color:#0D3259;width:50px\"><\/div><\/div>\n\n\n\n<h2 class=\"wp-block-heading\" style=\"margin-top:0;margin-right:0;margin-bottom:0;margin-left:0\"><\/h2>\n<\/div>\n<\/div>\n<\/div>\n","protected":false},"excerpt":{"rendered":"<p data-start=\"614\" data-end=\"796\"><strong data-start=\"614\" data-end=\"643\">Cada \u00faltimo martes de mes<\/strong>, se organiza una mesa redonda de una hora de duraci\u00f3n en la que los profesionales de BI(G)MED analizan casos cl\u00ednicos presentados por los participantes.<\/p>\n<p data-start=\"798\" data-end=\"984\">Estas sesiones est\u00e1n orientadas al intercambio estructurado de conocimientos, la discusi\u00f3n cl\u00ednica multidisciplinar y la consolidaci\u00f3n de la pr\u00e1ctica basada en la experiencia compartida.<\/p>\n<p>Antes de a\u00f1adir esta formaci\u00f3n a su carrito, recuerde especificar la fecha de la sesi\u00f3n que ha elegido. La tabla con todas las fechas de las pr\u00f3ximas sesiones est\u00e1 disponible en <a href=\"https:\/\/www.ebma-europe.com\/es\/producto\/masterclass\/#description\">la descripci\u00f3n de la formaci\u00f3n<\/a>.<\/p>\n","protected":false},"featured_media":10025,"template":"","meta":{"_acf_changed":false,"footnotes":""},"product_brand":[],"product_cat":[1193,1203],"product_tag":[],"class_list":{"0":"post-10026","1":"product","2":"type-product","3":"status-publish","4":"has-post-thumbnail","6":"product_cat-formaciones","7":"product_cat-otras-formaciones-y-talleres","8":"membership-content","9":"access-restricted","10":"member-discount","11":"discount-restricted","13":"first","14":"instock","15":"shipping-taxable","16":"product-type-variable"},"acf":[],"yoast_head":"<!-- This site is optimized with the Yoast SEO plugin v27.4 - https:\/\/yoast.com\/product\/yoast-seo-wordpress\/ -->\n<title>Masterclass | EBMA Europe<\/title>\n<meta name=\"robots\" content=\"index, follow, max-snippet:-1, max-image-preview:large, max-video-preview:-1\" \/>\n<link rel=\"canonical\" href=\"https:\/\/www.ebma-europe.com\/es\/formaciones\/masterclass\/\" \/>\n<meta property=\"og:locale\" content=\"es_ES\" \/>\n<meta property=\"og:type\" content=\"article\" \/>\n<meta property=\"og:title\" content=\"Masterclass\" \/>\n<meta property=\"og:description\" content=\"Cada \u00faltimo martes de mes, se organiza una mesa redonda de una hora de duraci\u00f3n en la que los profesionales de BI(G)MED analizan casos cl\u00ednicos presentados por los participantes. Estas sesiones est\u00e1n orientadas al intercambio estructurado de conocimientos, la discusi\u00f3n cl\u00ednica multidisciplinar y la consolidaci\u00f3n de la pr\u00e1ctica basada en la experiencia compartida. Antes de a\u00f1adir esta formaci\u00f3n a su carrito, recuerde especificar la fecha de la sesi\u00f3n que ha elegido. La tabla con todas las fechas de las pr\u00f3ximas sesiones est\u00e1 disponible en la descripci\u00f3n de la formaci\u00f3n.\" \/>\n<meta property=\"og:url\" content=\"https:\/\/www.ebma-europe.com\/es\/formaciones\/masterclass\/\" \/>\n<meta property=\"og:site_name\" content=\"EBMA Europe\" \/>\n<meta property=\"article:modified_time\" content=\"2026-03-05T21:31:47+00:00\" \/>\n<meta property=\"og:image\" content=\"https:\/\/www.ebma-europe.com\/wp-inside\/uploads\/2026\/02\/masterclass.png\" \/>\n\t<meta property=\"og:image:width\" content=\"1024\" \/>\n\t<meta property=\"og:image:height\" content=\"1024\" \/>\n\t<meta property=\"og:image:type\" content=\"image\/png\" \/>\n<meta name=\"twitter:card\" content=\"summary_large_image\" \/>\n<meta name=\"twitter:label1\" content=\"Tiempo de lectura\" \/>\n\t<meta name=\"twitter:data1\" content=\"2 minuto\" \/>\n<script type=\"application\/ld+json\" class=\"yoast-schema-graph\">{\"@context\":\"https:\\\/\\\/schema.org\",\"@graph\":[{\"@type\":\"WebPage\",\"@id\":\"https:\\\/\\\/www.ebma-europe.com\\\/es\\\/formaciones\\\/masterclass\\\/\",\"url\":\"https:\\\/\\\/www.ebma-europe.com\\\/es\\\/formaciones\\\/masterclass\\\/\",\"name\":\"Masterclass\",\"isPartOf\":{\"@id\":\"https:\\\/\\\/www.ebma-europe.com\\\/es\\\/#website\"},\"primaryImageOfPage\":{\"@id\":\"https:\\\/\\\/www.ebma-europe.com\\\/es\\\/formaciones\\\/masterclass\\\/#primaryimage\"},\"image\":{\"@id\":\"https:\\\/\\\/www.ebma-europe.com\\\/es\\\/formaciones\\\/masterclass\\\/#primaryimage\"},\"thumbnailUrl\":\"https:\\\/\\\/www.ebma-europe.com\\\/wp-inside\\\/uploads\\\/2026\\\/02\\\/masterclass.png\",\"datePublished\":\"2026-01-09T11:31:41+00:00\",\"dateModified\":\"2026-03-05T21:31:47+00:00\",\"breadcrumb\":{\"@id\":\"https:\\\/\\\/www.ebma-europe.com\\\/es\\\/formaciones\\\/masterclass\\\/#breadcrumb\"},\"inLanguage\":\"es\",\"potentialAction\":[{\"@type\":\"ReadAction\",\"target\":[\"https:\\\/\\\/www.ebma-europe.com\\\/es\\\/formaciones\\\/masterclass\\\/\"]}]},{\"@type\":\"ImageObject\",\"inLanguage\":\"es\",\"@id\":\"https:\\\/\\\/www.ebma-europe.com\\\/es\\\/formaciones\\\/masterclass\\\/#primaryimage\",\"url\":\"https:\\\/\\\/www.ebma-europe.com\\\/wp-inside\\\/uploads\\\/2026\\\/02\\\/masterclass.png\",\"contentUrl\":\"https:\\\/\\\/www.ebma-europe.com\\\/wp-inside\\\/uploads\\\/2026\\\/02\\\/masterclass.png\",\"width\":1024,\"height\":1024,\"caption\":\"masterclass formation m\u00e9decin\"},{\"@type\":\"BreadcrumbList\",\"@id\":\"https:\\\/\\\/www.ebma-europe.com\\\/es\\\/formaciones\\\/masterclass\\\/#breadcrumb\",\"itemListElement\":[{\"@type\":\"ListItem\",\"position\":1,\"name\":\"Inicio\",\"item\":\"https:\\\/\\\/www.ebma-europe.com\\\/es\\\/inicio\\\/\"},{\"@type\":\"ListItem\",\"position\":2,\"name\":\"Cat\u00e1logo de formaciones\",\"item\":\"https:\\\/\\\/www.ebma-europe.com\\\/es\\\/tienda\\\/\"},{\"@type\":\"ListItem\",\"position\":3,\"name\":\"Formaciones\",\"item\":\"https:\\\/\\\/www.ebma-europe.com\\\/es\\\/categor\u00eda-producto\\\/formaciones\\\/\"},{\"@type\":\"ListItem\",\"position\":4,\"name\":\"Masterclass\"}]},{\"@type\":\"WebSite\",\"@id\":\"https:\\\/\\\/www.ebma-europe.com\\\/es\\\/#website\",\"url\":\"https:\\\/\\\/www.ebma-europe.com\\\/es\\\/\",\"name\":\"EBMA Europe\",\"description\":\"European Bio Immune(G)ene Medicine Association\",\"publisher\":{\"@id\":\"https:\\\/\\\/www.ebma-europe.com\\\/es\\\/#organization\"},\"alternateName\":\"EBMA\",\"potentialAction\":[{\"@type\":\"SearchAction\",\"target\":{\"@type\":\"EntryPoint\",\"urlTemplate\":\"https:\\\/\\\/www.ebma-europe.com\\\/es\\\/?s={search_term_string}\"},\"query-input\":{\"@type\":\"PropertyValueSpecification\",\"valueRequired\":true,\"valueName\":\"search_term_string\"}}],\"inLanguage\":\"es\"},{\"@type\":\"Organization\",\"@id\":\"https:\\\/\\\/www.ebma-europe.com\\\/es\\\/#organization\",\"name\":\"EBMA Europe\",\"alternateName\":\"EBMA\",\"url\":\"https:\\\/\\\/www.ebma-europe.com\\\/es\\\/\",\"logo\":{\"@type\":\"ImageObject\",\"inLanguage\":\"es\",\"@id\":\"https:\\\/\\\/www.ebma-europe.com\\\/es\\\/#\\\/schema\\\/logo\\\/image\\\/\",\"url\":\"https:\\\/\\\/www.ebma-europe.com\\\/wp-inside\\\/uploads\\\/2026\\\/03\\\/enity-logo-ebma.png\",\"contentUrl\":\"https:\\\/\\\/www.ebma-europe.com\\\/wp-inside\\\/uploads\\\/2026\\\/03\\\/enity-logo-ebma.png\",\"width\":696,\"height\":696,\"caption\":\"EBMA Europe\"},\"image\":{\"@id\":\"https:\\\/\\\/www.ebma-europe.com\\\/es\\\/#\\\/schema\\\/logo\\\/image\\\/\"},\"sameAs\":[\"https:\\\/\\\/fr.linkedin.com\\\/company\\\/ebma-europe\"]}]}<\/script>\n<!-- \/ Yoast SEO plugin. -->","yoast_head_json":{"title":"Masterclass | EBMA Europe","robots":{"index":"index","follow":"follow","max-snippet":"max-snippet:-1","max-image-preview":"max-image-preview:large","max-video-preview":"max-video-preview:-1"},"canonical":"https:\/\/www.ebma-europe.com\/es\/formaciones\/masterclass\/","og_locale":"es_ES","og_type":"article","og_title":"Masterclass","og_description":"Cada \u00faltimo martes de mes, se organiza una mesa redonda de una hora de duraci\u00f3n en la que los profesionales de BI(G)MED analizan casos cl\u00ednicos presentados por los participantes. Estas sesiones est\u00e1n orientadas al intercambio estructurado de conocimientos, la discusi\u00f3n cl\u00ednica multidisciplinar y la consolidaci\u00f3n de la pr\u00e1ctica basada en la experiencia compartida. Antes de a\u00f1adir esta formaci\u00f3n a su carrito, recuerde especificar la fecha de la sesi\u00f3n que ha elegido. La tabla con todas las fechas de las pr\u00f3ximas sesiones est\u00e1 disponible en la descripci\u00f3n de la formaci\u00f3n.","og_url":"https:\/\/www.ebma-europe.com\/es\/formaciones\/masterclass\/","og_site_name":"EBMA Europe","article_modified_time":"2026-03-05T21:31:47+00:00","og_image":[{"width":1024,"height":1024,"url":"https:\/\/www.ebma-europe.com\/wp-inside\/uploads\/2026\/02\/masterclass.png","type":"image\/png"}],"twitter_card":"summary_large_image","twitter_misc":{"Tiempo de lectura":"2 minuto"},"schema":{"@context":"https:\/\/schema.org","@graph":[{"@type":"WebPage","@id":"https:\/\/www.ebma-europe.com\/es\/formaciones\/masterclass\/","url":"https:\/\/www.ebma-europe.com\/es\/formaciones\/masterclass\/","name":"Masterclass","isPartOf":{"@id":"https:\/\/www.ebma-europe.com\/es\/#website"},"primaryImageOfPage":{"@id":"https:\/\/www.ebma-europe.com\/es\/formaciones\/masterclass\/#primaryimage"},"image":{"@id":"https:\/\/www.ebma-europe.com\/es\/formaciones\/masterclass\/#primaryimage"},"thumbnailUrl":"https:\/\/www.ebma-europe.com\/wp-inside\/uploads\/2026\/02\/masterclass.png","datePublished":"2026-01-09T11:31:41+00:00","dateModified":"2026-03-05T21:31:47+00:00","breadcrumb":{"@id":"https:\/\/www.ebma-europe.com\/es\/formaciones\/masterclass\/#breadcrumb"},"inLanguage":"es","potentialAction":[{"@type":"ReadAction","target":["https:\/\/www.ebma-europe.com\/es\/formaciones\/masterclass\/"]}]},{"@type":"ImageObject","inLanguage":"es","@id":"https:\/\/www.ebma-europe.com\/es\/formaciones\/masterclass\/#primaryimage","url":"https:\/\/www.ebma-europe.com\/wp-inside\/uploads\/2026\/02\/masterclass.png","contentUrl":"https:\/\/www.ebma-europe.com\/wp-inside\/uploads\/2026\/02\/masterclass.png","width":1024,"height":1024,"caption":"masterclass formation m\u00e9decin"},{"@type":"BreadcrumbList","@id":"https:\/\/www.ebma-europe.com\/es\/formaciones\/masterclass\/#breadcrumb","itemListElement":[{"@type":"ListItem","position":1,"name":"Inicio","item":"https:\/\/www.ebma-europe.com\/es\/inicio\/"},{"@type":"ListItem","position":2,"name":"Cat\u00e1logo de formaciones","item":"https:\/\/www.ebma-europe.com\/es\/tienda\/"},{"@type":"ListItem","position":3,"name":"Formaciones","item":"https:\/\/www.ebma-europe.com\/es\/categor\u00eda-producto\/formaciones\/"},{"@type":"ListItem","position":4,"name":"Masterclass"}]},{"@type":"WebSite","@id":"https:\/\/www.ebma-europe.com\/es\/#website","url":"https:\/\/www.ebma-europe.com\/es\/","name":"EBMA Europe","description":"European Bio Immune(G)ene Medicine Association","publisher":{"@id":"https:\/\/www.ebma-europe.com\/es\/#organization"},"alternateName":"EBMA","potentialAction":[{"@type":"SearchAction","target":{"@type":"EntryPoint","urlTemplate":"https:\/\/www.ebma-europe.com\/es\/?s={search_term_string}"},"query-input":{"@type":"PropertyValueSpecification","valueRequired":true,"valueName":"search_term_string"}}],"inLanguage":"es"},{"@type":"Organization","@id":"https:\/\/www.ebma-europe.com\/es\/#organization","name":"EBMA Europe","alternateName":"EBMA","url":"https:\/\/www.ebma-europe.com\/es\/","logo":{"@type":"ImageObject","inLanguage":"es","@id":"https:\/\/www.ebma-europe.com\/es\/#\/schema\/logo\/image\/","url":"https:\/\/www.ebma-europe.com\/wp-inside\/uploads\/2026\/03\/enity-logo-ebma.png","contentUrl":"https:\/\/www.ebma-europe.com\/wp-inside\/uploads\/2026\/03\/enity-logo-ebma.png","width":696,"height":696,"caption":"EBMA Europe"},"image":{"@id":"https:\/\/www.ebma-europe.com\/es\/#\/schema\/logo\/image\/"},"sameAs":["https:\/\/fr.linkedin.com\/company\/ebma-europe"]}]}},"_links":{"self":[{"href":"https:\/\/www.ebma-europe.com\/es\/wp-json\/wp\/v2\/product\/10026","targetHints":{"allow":["GET"]}}],"collection":[{"href":"https:\/\/www.ebma-europe.com\/es\/wp-json\/wp\/v2\/product"}],"about":[{"href":"https:\/\/www.ebma-europe.com\/es\/wp-json\/wp\/v2\/types\/product"}],"version-history":[{"count":0,"href":"https:\/\/www.ebma-europe.com\/es\/wp-json\/wp\/v2\/product\/10026\/revisions"}],"wp:featuredmedia":[{"embeddable":true,"href":"https:\/\/www.ebma-europe.com\/es\/wp-json\/wp\/v2\/media\/10025"}],"wp:attachment":[{"href":"https:\/\/www.ebma-europe.com\/es\/wp-json\/wp\/v2\/media?parent=10026"}],"wp:term":[{"taxonomy":"product_brand","embeddable":true,"href":"https:\/\/www.ebma-europe.com\/es\/wp-json\/wp\/v2\/product_brand?post=10026"},{"taxonomy":"product_cat","embeddable":true,"href":"https:\/\/www.ebma-europe.com\/es\/wp-json\/wp\/v2\/product_cat?post=10026"},{"taxonomy":"product_tag","embeddable":true,"href":"https:\/\/www.ebma-europe.com\/es\/wp-json\/wp\/v2\/product_tag?post=10026"}],"curies":[{"name":"wp","href":"https:\/\/api.w.org\/{rel}","templated":true}]}}