{"id":12455,"date":"2025-11-06T08:03:28","date_gmt":"2025-11-06T07:03:28","guid":{"rendered":"https:\/\/www.ebma-europe.com\/formations\/abonnement-pro\/"},"modified":"2026-03-19T18:26:11","modified_gmt":"2026-03-19T17:26:11","slug":"suscripcion-pro","status":"publish","type":"product","link":"https:\/\/www.ebma-europe.com\/es\/formaciones\/suscripcion-pro\/","title":{"rendered":"Asociarse a BI(G)MED Espa\u00f1a"},"content":{"rendered":"","protected":false},"excerpt":{"rendered":"<p>Una vez validado el registro de sus datos profesionales, podr\u00e1 formalizar su adhesi\u00f3n como miembro de la Asociaci\u00f3n BI(G)MED Espa\u00f1a y acceder al conjunto completo de contenidos disponibles.<\/p>\n","protected":false},"featured_media":9952,"template":"","meta":{"_acf_changed":false,"footnotes":""},"product_brand":[],"product_cat":[2260],"product_tag":[],"class_list":{"0":"post-12455","1":"product","2":"type-product","3":"status-publish","4":"has-post-thumbnail","6":"product_cat-planes-de-suscripcion","7":"membership-content","8":"access-restricted","10":"first","11":"instock","12":"shipping-taxable","13":"product-type-simple"},"acf":[],"yoast_head":"<!-- This site is optimized with the Yoast SEO plugin v27.4 - https:\/\/yoast.com\/product\/yoast-seo-wordpress\/ -->\n<title>Asociarse a BI(G)MED Espa\u00f1a | EBMA Europe<\/title>\n<meta name=\"robots\" content=\"index, follow, max-snippet:-1, max-image-preview:large, max-video-preview:-1\" \/>\n<link rel=\"canonical\" href=\"https:\/\/www.ebma-europe.com\/es\/formaciones\/suscripcion-pro\/\" \/>\n<meta property=\"og:locale\" content=\"es_ES\" \/>\n<meta property=\"og:type\" content=\"article\" \/>\n<meta property=\"og:title\" content=\"Asociarse a BI(G)MED Espa\u00f1a\" \/>\n<meta property=\"og:description\" content=\"Una vez validado el registro de sus datos profesionales, podr\u00e1 formalizar su adhesi\u00f3n como miembro de la Asociaci\u00f3n BI(G)MED Espa\u00f1a y acceder al conjunto completo de contenidos disponibles.\" \/>\n<meta property=\"og:url\" content=\"https:\/\/www.ebma-europe.com\/es\/formaciones\/suscripcion-pro\/\" \/>\n<meta property=\"og:site_name\" content=\"EBMA Europe\" \/>\n<meta property=\"article:modified_time\" content=\"2026-03-19T17:26:11+00:00\" \/>\n<meta property=\"og:image\" content=\"https:\/\/www.ebma-europe.com\/wp-inside\/uploads\/2025\/09\/goutte1.webp\" \/>\n\t<meta property=\"og:image:width\" content=\"1024\" \/>\n\t<meta property=\"og:image:height\" content=\"1024\" \/>\n\t<meta property=\"og:image:type\" content=\"image\/webp\" \/>\n<meta name=\"twitter:card\" content=\"summary_large_image\" \/>\n<meta name=\"twitter:label1\" content=\"Tiempo de lectura\" \/>\n\t<meta name=\"twitter:data1\" content=\"2 minuto\" \/>\n<script type=\"application\/ld+json\" class=\"yoast-schema-graph\">{\"@context\":\"https:\\\/\\\/schema.org\",\"@graph\":[{\"@type\":\"WebPage\",\"@id\":\"https:\\\/\\\/www.ebma-europe.com\\\/es\\\/formaciones\\\/suscripcion-pro\\\/\",\"url\":\"https:\\\/\\\/www.ebma-europe.com\\\/es\\\/formaciones\\\/suscripcion-pro\\\/\",\"name\":\"Asociarse a BI(G)MED Espa\u00f1a\",\"isPartOf\":{\"@id\":\"https:\\\/\\\/www.ebma-europe.com\\\/es\\\/#website\"},\"primaryImageOfPage\":{\"@id\":\"https:\\\/\\\/www.ebma-europe.com\\\/es\\\/formaciones\\\/suscripcion-pro\\\/#primaryimage\"},\"image\":{\"@id\":\"https:\\\/\\\/www.ebma-europe.com\\\/es\\\/formaciones\\\/suscripcion-pro\\\/#primaryimage\"},\"thumbnailUrl\":\"https:\\\/\\\/www.ebma-europe.com\\\/wp-inside\\\/uploads\\\/2025\\\/09\\\/goutte1.webp\",\"datePublished\":\"2025-11-06T07:03:28+00:00\",\"dateModified\":\"2026-03-19T17:26:11+00:00\",\"breadcrumb\":{\"@id\":\"https:\\\/\\\/www.ebma-europe.com\\\/es\\\/formaciones\\\/suscripcion-pro\\\/#breadcrumb\"},\"inLanguage\":\"es\",\"potentialAction\":[{\"@type\":\"ReadAction\",\"target\":[\"https:\\\/\\\/www.ebma-europe.com\\\/es\\\/formaciones\\\/suscripcion-pro\\\/\"]}]},{\"@type\":\"ImageObject\",\"inLanguage\":\"es\",\"@id\":\"https:\\\/\\\/www.ebma-europe.com\\\/es\\\/formaciones\\\/suscripcion-pro\\\/#primaryimage\",\"url\":\"https:\\\/\\\/www.ebma-europe.com\\\/wp-inside\\\/uploads\\\/2025\\\/09\\\/goutte1.webp\",\"contentUrl\":\"https:\\\/\\\/www.ebma-europe.com\\\/wp-inside\\\/uploads\\\/2025\\\/09\\\/goutte1.webp\",\"width\":1024,\"height\":1024,\"caption\":\"enfoque BI(G)MED\"},{\"@type\":\"BreadcrumbList\",\"@id\":\"https:\\\/\\\/www.ebma-europe.com\\\/es\\\/formaciones\\\/suscripcion-pro\\\/#breadcrumb\",\"itemListElement\":[{\"@type\":\"ListItem\",\"position\":1,\"name\":\"Inicio\",\"item\":\"https:\\\/\\\/www.ebma-europe.com\\\/es\\\/inicio\\\/\"},{\"@type\":\"ListItem\",\"position\":2,\"name\":\"Cat\u00e1logo de formaciones\",\"item\":\"https:\\\/\\\/www.ebma-europe.com\\\/es\\\/tienda\\\/\"},{\"@type\":\"ListItem\",\"position\":3,\"name\":\"Planes de suscripci\u00f3n\",\"item\":\"https:\\\/\\\/www.ebma-europe.com\\\/es\\\/categor\u00eda-producto\\\/planes-de-suscripcion\\\/\"},{\"@type\":\"ListItem\",\"position\":4,\"name\":\"Asociarse a BI(G)MED Espa\u00f1a\"}]},{\"@type\":\"WebSite\",\"@id\":\"https:\\\/\\\/www.ebma-europe.com\\\/es\\\/#website\",\"url\":\"https:\\\/\\\/www.ebma-europe.com\\\/es\\\/\",\"name\":\"EBMA Europe\",\"description\":\"European Bio Immune(G)ene Medicine Association\",\"publisher\":{\"@id\":\"https:\\\/\\\/www.ebma-europe.com\\\/es\\\/#organization\"},\"alternateName\":\"EBMA\",\"potentialAction\":[{\"@type\":\"SearchAction\",\"target\":{\"@type\":\"EntryPoint\",\"urlTemplate\":\"https:\\\/\\\/www.ebma-europe.com\\\/es\\\/?s={search_term_string}\"},\"query-input\":{\"@type\":\"PropertyValueSpecification\",\"valueRequired\":true,\"valueName\":\"search_term_string\"}}],\"inLanguage\":\"es\"},{\"@type\":\"Organization\",\"@id\":\"https:\\\/\\\/www.ebma-europe.com\\\/es\\\/#organization\",\"name\":\"EBMA Europe\",\"alternateName\":\"EBMA\",\"url\":\"https:\\\/\\\/www.ebma-europe.com\\\/es\\\/\",\"logo\":{\"@type\":\"ImageObject\",\"inLanguage\":\"es\",\"@id\":\"https:\\\/\\\/www.ebma-europe.com\\\/es\\\/#\\\/schema\\\/logo\\\/image\\\/\",\"url\":\"https:\\\/\\\/www.ebma-europe.com\\\/wp-inside\\\/uploads\\\/2026\\\/03\\\/enity-logo-ebma.png\",\"contentUrl\":\"https:\\\/\\\/www.ebma-europe.com\\\/wp-inside\\\/uploads\\\/2026\\\/03\\\/enity-logo-ebma.png\",\"width\":696,\"height\":696,\"caption\":\"EBMA Europe\"},\"image\":{\"@id\":\"https:\\\/\\\/www.ebma-europe.com\\\/es\\\/#\\\/schema\\\/logo\\\/image\\\/\"},\"sameAs\":[\"https:\\\/\\\/fr.linkedin.com\\\/company\\\/ebma-europe\"]}]}<\/script>\n<!-- \/ Yoast SEO plugin. -->","yoast_head_json":{"title":"Asociarse a BI(G)MED Espa\u00f1a | EBMA Europe","robots":{"index":"index","follow":"follow","max-snippet":"max-snippet:-1","max-image-preview":"max-image-preview:large","max-video-preview":"max-video-preview:-1"},"canonical":"https:\/\/www.ebma-europe.com\/es\/formaciones\/suscripcion-pro\/","og_locale":"es_ES","og_type":"article","og_title":"Asociarse a BI(G)MED Espa\u00f1a","og_description":"Una vez validado el registro de sus datos profesionales, podr\u00e1 formalizar su adhesi\u00f3n como miembro de la Asociaci\u00f3n BI(G)MED Espa\u00f1a y acceder al conjunto completo de contenidos disponibles.","og_url":"https:\/\/www.ebma-europe.com\/es\/formaciones\/suscripcion-pro\/","og_site_name":"EBMA Europe","article_modified_time":"2026-03-19T17:26:11+00:00","og_image":[{"width":1024,"height":1024,"url":"https:\/\/www.ebma-europe.com\/wp-inside\/uploads\/2025\/09\/goutte1.webp","type":"image\/webp"}],"twitter_card":"summary_large_image","twitter_misc":{"Tiempo de lectura":"2 minuto"},"schema":{"@context":"https:\/\/schema.org","@graph":[{"@type":"WebPage","@id":"https:\/\/www.ebma-europe.com\/es\/formaciones\/suscripcion-pro\/","url":"https:\/\/www.ebma-europe.com\/es\/formaciones\/suscripcion-pro\/","name":"Asociarse a BI(G)MED Espa\u00f1a","isPartOf":{"@id":"https:\/\/www.ebma-europe.com\/es\/#website"},"primaryImageOfPage":{"@id":"https:\/\/www.ebma-europe.com\/es\/formaciones\/suscripcion-pro\/#primaryimage"},"image":{"@id":"https:\/\/www.ebma-europe.com\/es\/formaciones\/suscripcion-pro\/#primaryimage"},"thumbnailUrl":"https:\/\/www.ebma-europe.com\/wp-inside\/uploads\/2025\/09\/goutte1.webp","datePublished":"2025-11-06T07:03:28+00:00","dateModified":"2026-03-19T17:26:11+00:00","breadcrumb":{"@id":"https:\/\/www.ebma-europe.com\/es\/formaciones\/suscripcion-pro\/#breadcrumb"},"inLanguage":"es","potentialAction":[{"@type":"ReadAction","target":["https:\/\/www.ebma-europe.com\/es\/formaciones\/suscripcion-pro\/"]}]},{"@type":"ImageObject","inLanguage":"es","@id":"https:\/\/www.ebma-europe.com\/es\/formaciones\/suscripcion-pro\/#primaryimage","url":"https:\/\/www.ebma-europe.com\/wp-inside\/uploads\/2025\/09\/goutte1.webp","contentUrl":"https:\/\/www.ebma-europe.com\/wp-inside\/uploads\/2025\/09\/goutte1.webp","width":1024,"height":1024,"caption":"enfoque BI(G)MED"},{"@type":"BreadcrumbList","@id":"https:\/\/www.ebma-europe.com\/es\/formaciones\/suscripcion-pro\/#breadcrumb","itemListElement":[{"@type":"ListItem","position":1,"name":"Inicio","item":"https:\/\/www.ebma-europe.com\/es\/inicio\/"},{"@type":"ListItem","position":2,"name":"Cat\u00e1logo de formaciones","item":"https:\/\/www.ebma-europe.com\/es\/tienda\/"},{"@type":"ListItem","position":3,"name":"Planes de suscripci\u00f3n","item":"https:\/\/www.ebma-europe.com\/es\/categor\u00eda-producto\/planes-de-suscripcion\/"},{"@type":"ListItem","position":4,"name":"Asociarse a BI(G)MED Espa\u00f1a"}]},{"@type":"WebSite","@id":"https:\/\/www.ebma-europe.com\/es\/#website","url":"https:\/\/www.ebma-europe.com\/es\/","name":"EBMA Europe","description":"European Bio Immune(G)ene Medicine Association","publisher":{"@id":"https:\/\/www.ebma-europe.com\/es\/#organization"},"alternateName":"EBMA","potentialAction":[{"@type":"SearchAction","target":{"@type":"EntryPoint","urlTemplate":"https:\/\/www.ebma-europe.com\/es\/?s={search_term_string}"},"query-input":{"@type":"PropertyValueSpecification","valueRequired":true,"valueName":"search_term_string"}}],"inLanguage":"es"},{"@type":"Organization","@id":"https:\/\/www.ebma-europe.com\/es\/#organization","name":"EBMA Europe","alternateName":"EBMA","url":"https:\/\/www.ebma-europe.com\/es\/","logo":{"@type":"ImageObject","inLanguage":"es","@id":"https:\/\/www.ebma-europe.com\/es\/#\/schema\/logo\/image\/","url":"https:\/\/www.ebma-europe.com\/wp-inside\/uploads\/2026\/03\/enity-logo-ebma.png","contentUrl":"https:\/\/www.ebma-europe.com\/wp-inside\/uploads\/2026\/03\/enity-logo-ebma.png","width":696,"height":696,"caption":"EBMA Europe"},"image":{"@id":"https:\/\/www.ebma-europe.com\/es\/#\/schema\/logo\/image\/"},"sameAs":["https:\/\/fr.linkedin.com\/company\/ebma-europe"]}]}},"_links":{"self":[{"href":"https:\/\/www.ebma-europe.com\/es\/wp-json\/wp\/v2\/product\/12455","targetHints":{"allow":["GET"]}}],"collection":[{"href":"https:\/\/www.ebma-europe.com\/es\/wp-json\/wp\/v2\/product"}],"about":[{"href":"https:\/\/www.ebma-europe.com\/es\/wp-json\/wp\/v2\/types\/product"}],"version-history":[{"count":0,"href":"https:\/\/www.ebma-europe.com\/es\/wp-json\/wp\/v2\/product\/12455\/revisions"}],"wp:featuredmedia":[{"embeddable":true,"href":"https:\/\/www.ebma-europe.com\/es\/wp-json\/wp\/v2\/media\/9952"}],"wp:attachment":[{"href":"https:\/\/www.ebma-europe.com\/es\/wp-json\/wp\/v2\/media?parent=12455"}],"wp:term":[{"taxonomy":"product_brand","embeddable":true,"href":"https:\/\/www.ebma-europe.com\/es\/wp-json\/wp\/v2\/product_brand?post=12455"},{"taxonomy":"product_cat","embeddable":true,"href":"https:\/\/www.ebma-europe.com\/es\/wp-json\/wp\/v2\/product_cat?post=12455"},{"taxonomy":"product_tag","embeddable":true,"href":"https:\/\/www.ebma-europe.com\/es\/wp-json\/wp\/v2\/product_tag?post=12455"}],"curies":[{"name":"wp","href":"https:\/\/api.w.org\/{rel}","templated":true}]}}